{"id":1012,"date":"2018-04-27T13:09:37","date_gmt":"2018-04-27T11:09:37","guid":{"rendered":"http:\/\/www.netz-barrierefrei.de\/wordpress\/?page_id=1012"},"modified":"2023-08-11T15:52:44","modified_gmt":"2023-08-11T13:52:44","slug":"der-menschliche-faktor-in-der-barrierefreiheit","status":"publish","type":"page","link":"https:\/\/www.netz-barrierefrei.de\/wordpress\/der-menschliche-faktor-in-der-barrierefreiheit\/","title":{"rendered":"Der menschliche Faktor in der Barrierefreiheit"},"content":{"rendered":"<p>Ich denke allerdings, dass er hier aus zwei Gr\u00fcnden zu kurz greift (@Heiko: Du nimmst mir hoffentlich nicht \u00fcbel, dass ich deinen Beitrag als Aufh\u00e4nger nehme;-)): <\/p>\n<ol>\n<li>Zum Einen hat Google viele zug\u00e4ngliche Dienste, die ein deutscher Webservice-Anbieter in 3000 Jahren nicht f\u00fcr Blinde zug\u00e4nglich machen w\u00fcrde. Maps zum Beispiel bietet eine recht gute, zug\u00e4ngliche Wegbeschreibung f\u00fcr Fu\u00dfg\u00e4nger an. Es gibt derzeit keinen tauglichen Weg, die normalen Maps mit allen Infos f\u00fcr Blinde zu \u00f6ffnen. Vielleicht \u00e4ndert sich das ja mit der Massenverbreitung von <span class=\"removed_link\" title=\"http:\/\/www.robertlender.info\/blog\/archives\/3226-A-Tag-2010-ein-persoenlicher-Rueckblick\">Touchscreens<\/span>.<\/li>\n<li>Zum Anderen sind viele von Googles Angeboten nur Versuchsballons. Man hat an Wave gesehen, dass die Halbwertszeit mancher gehypter Dienste recht kurz sein kann. Das sind quasi Programme im Dauer-Beta-Status. Sie lassen sich auch mit WCAG-1.0-Methoden nicht zug\u00e4nglich machen. Und selbst wenn, wird es immer noch ein paar Jahre dauern, bis die Hersteller von screenreadern nachgezogen haben, schauen wir mal von NVDA ab, die haben hier oft die Nase vorn. Mit anderen Worten, viele Dienste lassen sich mit g\u00e4ngiger Accessibility-Software nicht zug\u00e4nglich machen, sogar einige moderne Browser wie Opera werden teilweise ausgeschlossen.<\/li>\n<\/ol>\n<div id=\"ez-toc-container\" class=\"ez-toc-v2_0_82_2 counter-hierarchy ez-toc-counter ez-toc-white ez-toc-container-direction\">\n<div class=\"ez-toc-title-container\">\n<p class=\"ez-toc-title\" style=\"cursor:inherit\">Inhalt<\/p>\n<span class=\"ez-toc-title-toggle\"><a href=\"#\" class=\"ez-toc-pull-right ez-toc-btn ez-toc-btn-xs ez-toc-btn-default ez-toc-toggle\" aria-label=\"Toggle Table of Content\"><span class=\"ez-toc-js-icon-con\"><span class=\"\"><span class=\"eztoc-hide\" style=\"display:none;\">Toggle<\/span><span class=\"ez-toc-icon-toggle-span\"><svg style=\"fill: #999;color:#999\" xmlns=\"http:\/\/www.w3.org\/2000\/svg\" class=\"list-377408\" width=\"20px\" height=\"20px\" viewBox=\"0 0 24 24\" fill=\"none\"><path d=\"M6 6H4v2h2V6zm14 0H8v2h12V6zM4 11h2v2H4v-2zm16 0H8v2h12v-2zM4 16h2v2H4v-2zm16 0H8v2h12v-2z\" fill=\"currentColor\"><\/path><\/svg><svg style=\"fill: #999;color:#999\" class=\"arrow-unsorted-368013\" xmlns=\"http:\/\/www.w3.org\/2000\/svg\" width=\"10px\" height=\"10px\" viewBox=\"0 0 24 24\" version=\"1.2\" baseProfile=\"tiny\"><path d=\"M18.2 9.3l-6.2-6.3-6.2 6.3c-.2.2-.3.4-.3.7s.1.5.3.7c.2.2.4.3.7.3h11c.3 0 .5-.1.7-.3.2-.2.3-.5.3-.7s-.1-.5-.3-.7zM5.8 14.7l6.2 6.3 6.2-6.3c.2-.2.3-.5.3-.7s-.1-.5-.3-.7c-.2-.2-.4-.3-.7-.3h-11c-.3 0-.5.1-.7.3-.2.2-.3.5-.3.7s.1.5.3.7z\"\/><\/svg><\/span><\/span><\/span><\/a><\/span><\/div>\n<nav><ul class='ez-toc-list ez-toc-list-level-1 ' ><li class='ez-toc-page-1 ez-toc-heading-level-2'><a class=\"ez-toc-link ez-toc-heading-1\" href=\"https:\/\/www.netz-barrierefrei.de\/wordpress\/der-menschliche-faktor-in-der-barrierefreiheit\/#Viele_Wege_fuehren_nach_Rom\" >Viele Wege f\u00fchren nach Rom<\/a><\/li><li class='ez-toc-page-1 ez-toc-heading-level-2'><a class=\"ez-toc-link ez-toc-heading-2\" href=\"https:\/\/www.netz-barrierefrei.de\/wordpress\/der-menschliche-faktor-in-der-barrierefreiheit\/#Jeden_Tag_was_Neues\" >Jeden Tag was Neues<\/a><\/li><\/ul><\/nav><\/div>\n<h2><span class=\"ez-toc-section\" id=\"Viele_Wege_fuehren_nach_Rom\"><\/span>Viele Wege f\u00fchren nach Rom<span class=\"ez-toc-section-end\"><\/span><\/h2>\n<p>Gewu\u00dft wie: Ein Leser meines Weblogs fragte mich per Mail, ob Google Books per Screenreader zug\u00e4nglich sein k\u00f6nne. Im Prinzip nein, aber durch die Hintert\u00fcr doch, denn die Variante f\u00fcr mobile Endger\u00e4te verzichtet auf Flash und JavaScript und ist somit zug\u00e4nglich. Die Deutsche Bahn hat sich <span class=\"removed_link\" title=\"http:\/\/mobile.bahn.de\/bin\/mobil\/detect.exe\">mtt ihrer mobilen Reiseauskunft<\/span> selbst \u00fcbertroffen, so viel schlichte Einfachheit w\u00fcrden wir uns auch bei der normalen Reiseauskunft w\u00fcnschen. Und viele Blinde ziehen es tats\u00e4chlich vor, die mobile Auskunft zu nutzen.<br \/>\nDie \u00fcberwigende Zahl der Blinden werden beide Dienste aber nicht kennen, womit ich zur Ausgangsfrage komme. Wenn wir jetzt fragen, ob die Reiseauskunft, Google Books und Maps f\u00fcr Blinde zug\u00e4nglich sind, werden die meisten Blinden Nein sagen, was teilweise richtig ist und teilweise auf Unwissenheit \u00fcber &#8222;Schleichwege&#8220; beruht.<br \/>\nDas ist aber nicht alles: Hinzu kommen mangelnde Computerkenntnisse, veraltete Software, Uralt-Browser, veraltete Hilfssoftware und mangelnder Forscherdrang.<br \/>\nUm herauszufinden, ob Google Books prinzipiell f\u00fcr Blinde nutzbar ist, musste ich f\u00fcnf Minuten in englischen Foren st\u00f6bern, Blinde in Deutschland stellen diese Frage offenbar gar nicht. <\/p>\n<h2><span class=\"ez-toc-section\" id=\"Jeden_Tag_was_Neues\"><\/span>Jeden Tag was Neues<span class=\"ez-toc-section-end\"><\/span><\/h2>\n<p>Auch wenn man wie ich mehr als zehn jahre mit einem Screenreader arbeitet, stolpert man gelegentlich \u00fcber neue Funktionen, die einem das Arbeiten echt erleichtern k\u00f6nnen. Ich denke deshalb, dass viele Blinde, die nicht mehrere hundert Stunden mit ihrem Computer verbringen wollen oder m\u00fcssen, generell gro\u00dfe Probleme bei der Bedienung komplexer Programme und des WWWs haben. Der Augenschein tr\u00fcgt: 80 Prozent von dem, was ich bei meiner Screenreader-Schulung gelernt habe, habe ich nach einer Woche wieder vergessen.<br \/>\nDas hei\u00dft aber auch, dass wir gezwungen sind, uns st\u00e4rker mit dem Computer, dem Web und der Hilfssoftware zu besch\u00e4ftigen, als wir das bisher getan haben. WAI ARIA mag das Rich Internet zug\u00e4nglich machen, es wird aber auch die Bedienung des Screenreaders komplizierter machen.<br \/>\nGehen wir ruhig mal davon aus, dass die Zahl der Internet-Laien unter Blinden ebenso hoch ist wie <span class=\"removed_link\" title=\"http:\/\/t3n.de\/news\/digitale-aussenseiter-deutschland-288027\/\">Durchschnittsbev\u00f6lkerung<\/span>, dann sind das rund zwei Drittel &#8211; darunter vor allem \u00c4ltere &#8211; die mit dem Web nicht umgehen k\u00f6nnen, unabh\u00e4ngig davon, ob die Website barrierefrei ist oder nicht.<br \/>\nAlles Auszeichnen, alle Semantik und alle ARIAs sind vergebliche Liebesm\u00fche, wenn der Blinde nicht wei\u00df, wie er damit umgehen soll. Ich sehe da die Blinden st\u00e4rker in der Pflicht, sich in die Technik einzuarbeiten. Es ist also nicht damit getan, ein barrierefreies Web zu fordern.<br \/>\nNoch kurz zu Google, sie besch\u00e4ftigen mindestens einen blinden Entwickler &#8211; T. V. Raman &#8211; der sich mit Zug\u00e4nglichkeit besch\u00e4ftigt. Yahoo \u00fcbrigens auch, den Namen liefere ich mal nach. Wir haben ihnen sicher daf\u00fcr zu danken, dass viele Services der beiden relativ barrierefrei zug\u00e4nglich sind. <\/p>\n","protected":false},"excerpt":{"rendered":"<p>Ich denke allerdings, dass er hier aus zwei Gr\u00fcnden zu kurz greift (@Heiko: Du nimmst mir hoffentlich nicht \u00fcbel, dass ich deinen Beitrag als Aufh\u00e4nger&#8230;<\/p>\n<div class=\"more-link-wrapper\"><a class=\"more-link\" href=\"https:\/\/www.netz-barrierefrei.de\/wordpress\/der-menschliche-faktor-in-der-barrierefreiheit\/\">Weiterlesen<span class=\"screen-reader-text\">Der menschliche Faktor in der Barrierefreiheit<\/span><\/a><\/div>\n","protected":false},"author":1,"featured_media":0,"parent":0,"menu_order":0,"comment_status":"closed","ping_status":"closed","template":"","meta":{"footnotes":""},"class_list":["post-1012","page","type-page","status-publish","hentry","entry"],"_links":{"self":[{"href":"https:\/\/www.netz-barrierefrei.de\/wordpress\/wp-json\/wp\/v2\/pages\/1012","targetHints":{"allow":["GET"]}}],"collection":[{"href":"https:\/\/www.netz-barrierefrei.de\/wordpress\/wp-json\/wp\/v2\/pages"}],"about":[{"href":"https:\/\/www.netz-barrierefrei.de\/wordpress\/wp-json\/wp\/v2\/types\/page"}],"author":[{"embeddable":true,"href":"https:\/\/www.netz-barrierefrei.de\/wordpress\/wp-json\/wp\/v2\/users\/1"}],"replies":[{"embeddable":true,"href":"https:\/\/www.netz-barrierefrei.de\/wordpress\/wp-json\/wp\/v2\/comments?post=1012"}],"version-history":[{"count":8,"href":"https:\/\/www.netz-barrierefrei.de\/wordpress\/wp-json\/wp\/v2\/pages\/1012\/revisions"}],"predecessor-version":[{"id":9183,"href":"https:\/\/www.netz-barrierefrei.de\/wordpress\/wp-json\/wp\/v2\/pages\/1012\/revisions\/9183"}],"wp:attachment":[{"href":"https:\/\/www.netz-barrierefrei.de\/wordpress\/wp-json\/wp\/v2\/media?parent=1012"}],"curies":[{"name":"wp","href":"https:\/\/api.w.org\/{rel}","templated":true}]}}