{"id":10200,"date":"2025-09-01T16:17:46","date_gmt":"2025-09-01T14:17:46","guid":{"rendered":"https:\/\/www.netz-barrierefrei.de\/wordpress\/?page_id=10200"},"modified":"2025-09-12T13:58:21","modified_gmt":"2025-09-12T11:58:21","slug":"exclusivity-club-statt-accessibility-club","status":"publish","type":"page","link":"https:\/\/www.netz-barrierefrei.de\/wordpress\/gesellschaft\/exclusivity-club-statt-accessibility-club\/","title":{"rendered":"Exklusion im Accessibility Club"},"content":{"rendered":"<p>Vor allem in Deutschland ist man der Meinung, man k\u00f6nne Barrierefreiheit ohne behinderte Menschen umsetzen. Ein trauriges Beispiel ist der Accessibility Club von Joschi Kuphal. Kuphal inszeniert sich gerne als Wegbereiter der digitalen Barrierefreiheit. Doch eigentlich ist er Teil der Diskriminierungswirtschaft.<br \/>\nF\u00fcr Leute wie Kuphal sind behinderte Menschen blo\u00df Stichwortgeber oder Betroffenheits-Apostel. Sie d\u00fcrfen keine Epxertinnen zur digitalen Barrierefreiheit sein. Anders ist nicht erkl\u00e4rbar, warum er seine Vortr\u00e4ge, egal ob vor Ort oder remote, \u00fcberwiegend mit nichtbehinderten Personen besetzt.<br \/>\nEr reiht sich damit ein in den Club alter wei\u00dfer M\u00e4nner, die Integration behinderter Menschen verhindern statt voranzutreiben obwohl sie etwas anders vorgeben. Ein weiteres Beispiel ist Detlef Fischer und seine DIAS GmbH. Fischer und Kuphal sind Br\u00fcder im Geiste. Sie treiben Barrierefreiheit und die Marginalisierung behinderter Menschen voran. Es fehlt ja auf, dass im DIAS Club aka BIK, die den BITV-Test fabrizieren vor allem alte wei\u00dfe M\u00e4nner vertreten sind und so gut wie keine Person mit Behinderung.<br \/>\nLeider muss man sagen, dass die Szene in Deutschland generell eine geschlossene Gesellschaft ist. Kaum Behinderte, kaum Personen aus marginalisierten Gruppen. Und Leute wie Kuphal geben sich nicht mal M\u00fche, das zu kaschieren. <\/p>\n","protected":false},"excerpt":{"rendered":"<p>Vor allem in Deutschland ist man der Meinung, man k\u00f6nne Barrierefreiheit ohne behinderte Menschen umsetzen. Ein trauriges Beispiel ist der Accessibility Club von Joschi Kuphal.&#8230;<\/p>\n<div class=\"more-link-wrapper\"><a class=\"more-link\" href=\"https:\/\/www.netz-barrierefrei.de\/wordpress\/gesellschaft\/exclusivity-club-statt-accessibility-club\/\">Weiterlesen<span class=\"screen-reader-text\">Exklusion im Accessibility Club<\/span><\/a><\/div>\n","protected":false},"author":1,"featured_media":0,"parent":778,"menu_order":0,"comment_status":"closed","ping_status":"closed","template":"","meta":{"footnotes":""},"class_list":["post-10200","page","type-page","status-publish","hentry","entry"],"_links":{"self":[{"href":"https:\/\/www.netz-barrierefrei.de\/wordpress\/wp-json\/wp\/v2\/pages\/10200","targetHints":{"allow":["GET"]}}],"collection":[{"href":"https:\/\/www.netz-barrierefrei.de\/wordpress\/wp-json\/wp\/v2\/pages"}],"about":[{"href":"https:\/\/www.netz-barrierefrei.de\/wordpress\/wp-json\/wp\/v2\/types\/page"}],"author":[{"embeddable":true,"href":"https:\/\/www.netz-barrierefrei.de\/wordpress\/wp-json\/wp\/v2\/users\/1"}],"replies":[{"embeddable":true,"href":"https:\/\/www.netz-barrierefrei.de\/wordpress\/wp-json\/wp\/v2\/comments?post=10200"}],"version-history":[{"count":2,"href":"https:\/\/www.netz-barrierefrei.de\/wordpress\/wp-json\/wp\/v2\/pages\/10200\/revisions"}],"predecessor-version":[{"id":10248,"href":"https:\/\/www.netz-barrierefrei.de\/wordpress\/wp-json\/wp\/v2\/pages\/10200\/revisions\/10248"}],"up":[{"embeddable":true,"href":"https:\/\/www.netz-barrierefrei.de\/wordpress\/wp-json\/wp\/v2\/pages\/778"}],"wp:attachment":[{"href":"https:\/\/www.netz-barrierefrei.de\/wordpress\/wp-json\/wp\/v2\/media?parent=10200"}],"curies":[{"name":"wp","href":"https:\/\/api.w.org\/{rel}","templated":true}]}}