{"id":1025,"date":"2018-04-27T13:35:31","date_gmt":"2018-04-27T11:35:31","guid":{"rendered":"http:\/\/www.netz-barrierefrei.de\/wordpress\/?page_id=1025"},"modified":"2023-07-26T11:44:10","modified_gmt":"2023-07-26T09:44:10","slug":"wie-implantate-prothesen-und-enhancers-behinderte-veraendern","status":"publish","type":"page","link":"https:\/\/www.netz-barrierefrei.de\/wordpress\/wie-implantate-prothesen-und-enhancers-behinderte-veraendern\/","title":{"rendered":"Wie Implantate, Prothesen und Enhancers Behinderte ver\u00e4ndern"},"content":{"rendered":"<p><iframe loading=\"lazy\" src=\"https:\/\/digitale-barrierefreiheit.podigee.io\/35-enhancement\/embed?context=external&#038;theme=default\" style=\"border: 0\" border=\"0\" height=\"100\" width=\"100%\"><\/iframe>Die Kinder der 70er Jahre erinnern sich sicher noch an so gro\u00dfartige Serien wie den Sechs-Millionen-Dollar-Mann und die Sieben-Millionen-Dollar-Frau. Das sind sicher keine Highlights der Fernsehgeschichte, aber immerhin zeigen sie eine optimistische Zukunftsvision, in der Menschen mit eingebauter Technik zu Superleistungen f\u00e4hig sind.<br \/>\nSo weit sind wir von diesen Serien gar nicht mehr entfernt und sechs Millionen Dollar m\u00fcssen wir auch nicht mehr daf\u00fcr ausgeben. Das &#8211; <span class=\"removed_link\" title=\"http:\/\/www.ennomane.de\/2013\/06\/30\/gehorlose-das-cochlea-implantat-und-ein-genozid\/\">teilweise umstrittene<\/span> &#8211; Cochlea-Implantat geh\u00f6rt heute durchaus zu den Standards bei der Behandlung geh\u00f6rloser Kinder und Jugendlicher. Aber fangen wir von vorne an.<\/p>\n<div id=\"ez-toc-container\" class=\"ez-toc-v2_0_83 counter-hierarchy ez-toc-counter ez-toc-white ez-toc-container-direction\">\n<div class=\"ez-toc-title-container\">\n<p class=\"ez-toc-title\" style=\"cursor:inherit\">Inhalt<\/p>\n<span class=\"ez-toc-title-toggle\"><a href=\"#\" class=\"ez-toc-pull-right ez-toc-btn ez-toc-btn-xs ez-toc-btn-default ez-toc-toggle\" aria-label=\"Toggle Table of Content\"><span class=\"ez-toc-js-icon-con\"><span class=\"\"><span class=\"eztoc-hide\" style=\"display:none;\">Toggle<\/span><span class=\"ez-toc-icon-toggle-span\"><svg style=\"fill: #999;color:#999\" xmlns=\"http:\/\/www.w3.org\/2000\/svg\" class=\"list-377408\" width=\"20px\" height=\"20px\" viewBox=\"0 0 24 24\" fill=\"none\"><path d=\"M6 6H4v2h2V6zm14 0H8v2h12V6zM4 11h2v2H4v-2zm16 0H8v2h12v-2zM4 16h2v2H4v-2zm16 0H8v2h12v-2z\" fill=\"currentColor\"><\/path><\/svg><svg style=\"fill: #999;color:#999\" class=\"arrow-unsorted-368013\" xmlns=\"http:\/\/www.w3.org\/2000\/svg\" width=\"10px\" height=\"10px\" viewBox=\"0 0 24 24\" version=\"1.2\" baseProfile=\"tiny\"><path d=\"M18.2 9.3l-6.2-6.3-6.2 6.3c-.2.2-.3.4-.3.7s.1.5.3.7c.2.2.4.3.7.3h11c.3 0 .5-.1.7-.3.2-.2.3-.5.3-.7s-.1-.5-.3-.7zM5.8 14.7l6.2 6.3 6.2-6.3c.2-.2.3-.5.3-.7s-.1-.5-.3-.7c-.2-.2-.4-.3-.7-.3h-11c-.3 0-.5.1-.7.3-.2.2-.3.5-.3.7s.1.5.3.7z\"\/><\/svg><\/span><\/span><\/span><\/a><\/span><\/div>\n<nav><ul class='ez-toc-list ez-toc-list-level-1 ' ><li class='ez-toc-page-1 ez-toc-heading-level-2'><a class=\"ez-toc-link ez-toc-heading-1\" href=\"https:\/\/www.netz-barrierefrei.de\/wordpress\/wie-implantate-prothesen-und-enhancers-behinderte-veraendern\/#Eine_sehr_kurze_Geschichte_der_Hilfsmittel\" >Eine sehr kurze Geschichte der Hilfsmittel<\/a><\/li><li class='ez-toc-page-1 ez-toc-heading-level-2'><a class=\"ez-toc-link ez-toc-heading-2\" href=\"https:\/\/www.netz-barrierefrei.de\/wordpress\/wie-implantate-prothesen-und-enhancers-behinderte-veraendern\/#Der_erweiterte_Mensch\" >Der erweiterte Mensch<\/a><\/li><li class='ez-toc-page-1 ez-toc-heading-level-2'><a class=\"ez-toc-link ez-toc-heading-3\" href=\"https:\/\/www.netz-barrierefrei.de\/wordpress\/wie-implantate-prothesen-und-enhancers-behinderte-veraendern\/#Die_Zukunft_der_Implantate\" >Die Zukunft der Implantate<\/a><\/li><\/ul><\/nav><\/div>\n<h2><span class=\"ez-toc-section\" id=\"Eine_sehr_kurze_Geschichte_der_Hilfsmittel\"><\/span>Eine sehr kurze Geschichte der Hilfsmittel<span class=\"ez-toc-section-end\"><\/span><\/h2>\n<p>Die Geschichte der menschlichen Erweiterung ist so alt wie der Mensch selbst. Kaum ein Wesen hat so viele Werkzeuge und andere Hilfsmittel entwickelt, um sich zu w\u00e4rmen, Essen zuzubereiten, zu jagen oder h\u00fcbsche Dinge zu basteln.<br \/>\nAuch die ersten Hilfen f\u00fcr Behinderte d\u00fcrften schon betagt sein. Blindheit, Geh\u00f6rlosigkeit oder Gehbehinderungen sind durchaus kein modernes Ph\u00e4nomen. Auch wenn wir wenig dar\u00fcber wissen, wie die alten Gesellschaften mit diesen Gebrechen umgegangen sind k\u00f6nnen wir doch vermuten, dass sie schon damals zum Alltag geh\u00f6rten. Ein zurecht ges\u00e4gter Ast konnte zum Beispiel als einfache Gehhilfe oder Blindenstock dienen.<br \/>\nLinsen als einfache Sehhilfe sind ebenfalls schon fr\u00fch entwickelt worden. William von Baskerville nutzt in Umberto Ecos &#8222;Der Name der Rose&#8220; eine Vergr\u00f6\u00dferungshilfe, um sich verd\u00e4chtige Objekte anzusehen.<br \/>\nMit den technischen Hilfsmitteln und der Wissenschaft wurden immer bessere Hilfsmittel geschaffen. Wikipedia <a href=\"https:\/\/de.wikipedia.org\/wiki\/H%C3%B6rger%C3%A4t\">verortet die Entwicklung<\/a> von Trichtern bzw. Rohren als H\u00f6rhilfe im 17. Jahrhundert, aber ich vermute, sie d\u00fcrften schon weit fr\u00fcher zum Einsatz gekommen sein. Schlie\u00dflich lernt man schon als Kind, sich mit Jogurtbechern und Bindfaden ein einfaches Telefon zu basteln. Wie in den meisten Bereichen der Technik haben die Hilfsmittel eine stetige Entwicklung durchgemacht: sie wurden in der Regel leistungsf\u00e4higer und praktikabler. Gro\u00dfe Innovationsschw\u00fcnge brachten die Elektrisierung sowie die Entwicklung der Mikroelektronik. <\/p>\n<h2><span class=\"ez-toc-section\" id=\"Der_erweiterte_Mensch\"><\/span>Der erweiterte Mensch<span class=\"ez-toc-section-end\"><\/span><\/h2>\n<p>Alles Schnee von gestern. Durch die stetige Verbesserung, Verkleinerung und Verbilligung der Hilfsmittel werden sie nicht mehr offen getragen. Schon lange wird dem Herzen auf die sprichw\u00f6rtlichen Beine geholfen, wenn es schlapp zu machen droht. Oskar Pistorios und mein Namensvetter Alan Oliveira traten mit k\u00fcnstlichen Beinprothesen bei Olympia an und erreichten Top-Leistungen.<br \/>\nAuch f\u00fcrs auge gibt es schon Ans\u00e4tze f\u00fcr eingebaute Sehprothesen. Ein Beispiel daf\u00fcr ist der <a href=\"https:\/\/www.sciencedaily.com\/releases\/2013\/06\/130629164628.htm\">Argus II<\/a>. Wir haben also alle Bauteile zusammen, um uns einen 13-Millionen-Dollar-Menschen zu bauen. Fehlt nur nochh jemand, der eine schlechte Fernsehserie dar\u00fcber macht.<br \/>\nNachdem die Leute ihre f\u00e4higkeiten dank Smartphone erweitern konnte, folgt der n\u00e4chste logische Schritt: Man baut sich das Zeug direkt in den K\u00f6rper ein. Der Unterschied ist &#8211; man kann es nicht anders beschreiben, riesengro\u00df. Nat\u00fcrlich ist es toll, seine M\u00f6glichkeiten mit dem Smartphone zu erweitern. Aber die direkte Stimulation von Nerven durch eingebaute Implantate ist etwas vollkommen anderes. Um ein triviales Beispiel zu nehmen: Ich kann den Geruch, den Geschmack und die Konsistenz von Schokolade beschreiben, aber das ist etwas vollkommen anderes, als Schokolade zu essen.<br \/>\nOder praktischer: Das Smartphone kann mir eine gewaltige Orientierungshilfe sein, aber mein Augenlicht ersetzen kann es nicht. Es ist etwas vollkommen anderes, etwas beschrieben zu bekommen oder es tats\u00e4chlich zu sehen. Die unmittelbare Erfahrung l\u00e4sst sich leider durch \u00fcberhaupt nichts ersetzen.<br \/>\nEntspringend aus der Quantified Self-Bewegung fangen die ersten Leute an, sich Implantate einsetzen zu lassen. In Deutschland bekannt ist zum Beispiel Enno Park, der selbst als Cyborg bezeichnet.<br \/>\nDas Ganze l\u00e4uft nat\u00fcrlich nicht ohne Geburtswehen ab. Menschen, die blind oder geh\u00f6rlos zur Welt kommen und erst im reiferen Alter Seh- oder H\u00f6rverm\u00f6gen zur\u00fcckgewinnen sind mit dem Umstand konfrontiert, dass ihr Gehirn mit den visuellen und akkustischen Signalen zun\u00e4chst gar nichts anfangen kann. Sehen und H\u00f6ren sind sehr komplexe Abl\u00e4ufe, das f\u00e4llt uns nur nicht auf, weil wir das von unserer Geburt an gelernt haben. Niemand wei\u00df, was im Kopf eines S\u00e4uglings vorgeht, wenn er das erste Mal in seinem Leben Tageslicht sieht und andere Ger\u00e4usche als die seiner Mutter h\u00f6rt.<br \/>\nAllerdings scheint der K\u00f6rper sehr gut in der Lage zu sein, neue Signale zu verarbeiten. Selbst im reiferen Alter k\u00f6nnen die Menschen durchaus beachtliche Leistungen mit Geist und K\u00f6rper vollbringen, wenn sie nur wollen. <\/p>\n<h2><span class=\"ez-toc-section\" id=\"Die_Zukunft_der_Implantate\"><\/span>Die Zukunft der Implantate<span class=\"ez-toc-section-end\"><\/span><\/h2>\n<p>Heute ist schwer vorauszusagen, wie es mit Implantaten weiter gehen wird. Die meisten sinnvollen Erweiterungen f\u00fcr Behinderte ben\u00f6tigen einen operativen Eingriff und eine mehr oder weniger aufwendige Nachversorgung, so dass sie sich kurzfristig kaum durchsetzen werden. Richtet man sich nach dem Science-Fiction-Genre, wird es irgendwann einen Schwarzmarkt mit entsprechenden Gadgets und Behandlungen geben.<br \/>\nEs wird sicher Leute geben, die sich entsprechendes Zeug einpflanzen lassen, wenn man sich vor Augen h\u00e4lt, dass die Krankenkasse heute schon bei vermeintlichen Standardeingriffen rumzickt, wird dieser Markt sogar gro\u00dfes Potential haben. Die Bio-Hacker werden gro\u00dfen Spa\u00df daran haben, selbst Ger\u00e4tschaften und Verfahren zu entwickeln und sie k\u00f6nnten durchaus gro\u00dfe Fortschritte machen, da sie weder medizinische Bedenken noch Ethik-Kommissionen davon abhalten k\u00f6nnen, mit ihren eigenen K\u00f6rpern zu experimentieren. Ob die Behinderten auch davon profitiere werden, k\u00f6nnen wir heute noch nicht sagen.<br \/>\nEine weitere M\u00f6glichkeit wird heute schon diskutiert: k\u00f6nnen Behinderte irgendwann besser sein als Nicht-Behinderte? Die Diskussion brach anl\u00e4sslich der olympischen Spiele aus. Damals wurde diskutiert, ob Oskar Pistorios sich mit seiner Beinprothese einen Vorteil gegen\u00fcber seinen nicht-behinderten Wettbewerbern verschafft hat. Wir k\u00f6nnen noch weiter gehen: Warum sollte eine Prothese nicht besser sein als das durchschnittliche menschliche Auge oder Ohr? W\u00e4re es nicht nett, einen Restlichtverst\u00e4rker im Auge und einen Lautst\u00e4rkeregler im Ohr zu haben? Diese Diskussion wird fr\u00fcher oder sp\u00e4ter auf uns zukommen, vermutlich eher fr\u00fcher.<br \/>\nK\u00f6rper 2.0 &#8211; pdf<br \/>\n<a href=\"https:\/\/netz-barrierefrei.de\/en\/implants.html\">The impact of implants and prosthetics  on disabled people<\/a><\/p>\n","protected":false},"excerpt":{"rendered":"<p>Die Kinder der 70er Jahre erinnern sich sicher noch an so gro\u00dfartige Serien wie den Sechs-Millionen-Dollar-Mann und die Sieben-Millionen-Dollar-Frau. Das sind sicher keine Highlights der&#8230;<\/p>\n<div class=\"more-link-wrapper\"><a class=\"more-link\" href=\"https:\/\/www.netz-barrierefrei.de\/wordpress\/wie-implantate-prothesen-und-enhancers-behinderte-veraendern\/\">Weiterlesen<span class=\"screen-reader-text\">Wie Implantate, Prothesen und Enhancers Behinderte ver\u00e4ndern<\/span><\/a><\/div>\n","protected":false},"author":1,"featured_media":0,"parent":0,"menu_order":0,"comment_status":"closed","ping_status":"closed","template":"","meta":{"footnotes":""},"class_list":["post-1025","page","type-page","status-publish","hentry","entry"],"_links":{"self":[{"href":"https:\/\/www.netz-barrierefrei.de\/wordpress\/wp-json\/wp\/v2\/pages\/1025","targetHints":{"allow":["GET"]}}],"collection":[{"href":"https:\/\/www.netz-barrierefrei.de\/wordpress\/wp-json\/wp\/v2\/pages"}],"about":[{"href":"https:\/\/www.netz-barrierefrei.de\/wordpress\/wp-json\/wp\/v2\/types\/page"}],"author":[{"embeddable":true,"href":"https:\/\/www.netz-barrierefrei.de\/wordpress\/wp-json\/wp\/v2\/users\/1"}],"replies":[{"embeddable":true,"href":"https:\/\/www.netz-barrierefrei.de\/wordpress\/wp-json\/wp\/v2\/comments?post=1025"}],"version-history":[{"count":7,"href":"https:\/\/www.netz-barrierefrei.de\/wordpress\/wp-json\/wp\/v2\/pages\/1025\/revisions"}],"predecessor-version":[{"id":8158,"href":"https:\/\/www.netz-barrierefrei.de\/wordpress\/wp-json\/wp\/v2\/pages\/1025\/revisions\/8158"}],"wp:attachment":[{"href":"https:\/\/www.netz-barrierefrei.de\/wordpress\/wp-json\/wp\/v2\/media?parent=1025"}],"curies":[{"name":"wp","href":"https:\/\/api.w.org\/{rel}","templated":true}]}}