{"id":10628,"date":"2026-02-28T13:49:44","date_gmt":"2026-02-28T11:49:44","guid":{"rendered":"https:\/\/www.netz-barrierefrei.de\/wordpress\/?page_id=10628"},"modified":"2026-02-28T13:49:44","modified_gmt":"2026-02-28T11:49:44","slug":"verdraengen-loest-keine-barrieren-03-2026","status":"publish","type":"page","link":"https:\/\/www.netz-barrierefrei.de\/wordpress\/newsletter-digitale-barrierefreiheit\/verdraengen-loest-keine-barrieren-03-2026\/","title":{"rendered":"Verdr\u00e4ngen l\u00f6st keine Barrieren &#8211; 03-2026"},"content":{"rendered":"<p><img loading=\"lazy\" decoding=\"async\" src=\"https:\/\/www.netz-barrierefrei.de\/wordpress\/wp-content\/uploads\/acc-news-march.jpg\" alt=\"Text: Barrierefreiheits-News im M\u00e4rz 2026\" width=\"1024\" height=\"559\" class=\"alignleft size-full wp-image-10629\" srcset=\"https:\/\/www.netz-barrierefrei.de\/wordpress\/wp-content\/uploads\/acc-news-march.jpg 1024w, https:\/\/www.netz-barrierefrei.de\/wordpress\/wp-content\/uploads\/acc-news-march-300x164.jpg 300w, https:\/\/www.netz-barrierefrei.de\/wordpress\/wp-content\/uploads\/acc-news-march-768x419.jpg 768w\" sizes=\"auto, (max-width: 1024px) 100vw, 1024px\" \/><\/p>\n<p>Der Verdr\u00e4ngungs-Bias beschreibt die Tendenz, unangenehme oder langfristige Herausforderungen gedanklich aufzuschieben. Im Kontext der Barrierefreiheit bedeutet das: H\u00fcrden werden oft erst dann als dringend wahrgenommen, wenn sie einen selbst oder das direkte Umfeld betreffen. Dabei profitieren von barrierefreien L\u00f6sungen weit mehr Menschen als h\u00e4ufig angenommen \u2013 etwa Familien mit Kinderwagen, Personen mit tempor\u00e4ren Verletzungen oder \u00e4ltere Menschen. Ein bewusster Umgang mit diesem Bias hilft, Barrierefreiheit fr\u00fchzeitig mitzudenken und nachhaltige, inklusive Strukturen zu schaffen.<\/p>\n<div id=\"ez-toc-container\" class=\"ez-toc-v2_0_82_2 counter-hierarchy ez-toc-counter ez-toc-white ez-toc-container-direction\">\n<div class=\"ez-toc-title-container\">\n<p class=\"ez-toc-title\" style=\"cursor:inherit\">Inhalt<\/p>\n<span class=\"ez-toc-title-toggle\"><a href=\"#\" class=\"ez-toc-pull-right ez-toc-btn ez-toc-btn-xs ez-toc-btn-default ez-toc-toggle\" aria-label=\"Toggle Table of Content\"><span class=\"ez-toc-js-icon-con\"><span class=\"\"><span class=\"eztoc-hide\" style=\"display:none;\">Toggle<\/span><span class=\"ez-toc-icon-toggle-span\"><svg style=\"fill: #999;color:#999\" xmlns=\"http:\/\/www.w3.org\/2000\/svg\" class=\"list-377408\" width=\"20px\" height=\"20px\" viewBox=\"0 0 24 24\" fill=\"none\"><path d=\"M6 6H4v2h2V6zm14 0H8v2h12V6zM4 11h2v2H4v-2zm16 0H8v2h12v-2zM4 16h2v2H4v-2zm16 0H8v2h12v-2z\" fill=\"currentColor\"><\/path><\/svg><svg style=\"fill: #999;color:#999\" class=\"arrow-unsorted-368013\" xmlns=\"http:\/\/www.w3.org\/2000\/svg\" width=\"10px\" height=\"10px\" viewBox=\"0 0 24 24\" version=\"1.2\" baseProfile=\"tiny\"><path d=\"M18.2 9.3l-6.2-6.3-6.2 6.3c-.2.2-.3.4-.3.7s.1.5.3.7c.2.2.4.3.7.3h11c.3 0 .5-.1.7-.3.2-.2.3-.5.3-.7s-.1-.5-.3-.7zM5.8 14.7l6.2 6.3 6.2-6.3c.2-.2.3-.5.3-.7s-.1-.5-.3-.7c-.2-.2-.4-.3-.7-.3h-11c-.3 0-.5.1-.7.3-.2.2-.3.5-.3.7s.1.5.3.7z\"\/><\/svg><\/span><\/span><\/span><\/a><\/span><\/div>\n<nav><ul class='ez-toc-list ez-toc-list-level-1 ' ><li class='ez-toc-page-1 ez-toc-heading-level-2'><a class=\"ez-toc-link ez-toc-heading-1\" href=\"https:\/\/www.netz-barrierefrei.de\/wordpress\/newsletter-digitale-barrierefreiheit\/verdraengen-loest-keine-barrieren-03-2026\/#Interessante_Beitraege\" >Interessante Beitr\u00e4ge<\/a><\/li><li class='ez-toc-page-1 ez-toc-heading-level-2'><a class=\"ez-toc-link ez-toc-heading-2\" href=\"https:\/\/www.netz-barrierefrei.de\/wordpress\/newsletter-digitale-barrierefreiheit\/verdraengen-loest-keine-barrieren-03-2026\/#Gute_Nachrichten_des_Monats\" >Gute Nachrichten des Monats<\/a><\/li><li class='ez-toc-page-1 ez-toc-heading-level-2'><a class=\"ez-toc-link ez-toc-heading-3\" href=\"https:\/\/www.netz-barrierefrei.de\/wordpress\/newsletter-digitale-barrierefreiheit\/verdraengen-loest-keine-barrieren-03-2026\/#Weitere_Beitraege\" >Weitere Beitr\u00e4ge<\/a><\/li><\/ul><\/nav><\/div>\n<h2><span class=\"ez-toc-section\" id=\"Interessante_Beitraege\"><\/span>Interessante Beitr\u00e4ge<span class=\"ez-toc-section-end\"><\/span><\/h2>\n<p>In diesem Interview berichtet Clara Henning \u00fcber ihre Erfahrungen bei User-Tests mit Menschen mit Behinderungen und zeigt, wie diese Tests digitale Produkte verbessern k\u00f6nnen. Der Fokus liegt darauf, Barrieren fr\u00fchzeitig zu erkennen und die Nutzerfreundlichkeit zu erh\u00f6hen.<\/p>\n<p><a href=\"https:\/\/www.netz-barrierefrei.de\/wordpress\/newsletter-digitale-barrierefreiheit\/podcast-videocast-digitale-barrierefreiheit\/interview-mit-clara-henning-zu-user-tests-mit-menschen-mit-behinderung\/\">Interview mit Clara Henning zu User-Tests mit Menschen mit Behinderung<\/a><\/p>\n<p>Der Artikel erkl\u00e4rt, wie Unternehmen Feedback zur Barrierefreiheit nutzen k\u00f6nnen, um nicht nur gesetzliche Vorgaben zu erf\u00fcllen, sondern echte Servicequalit\u00e4t zu bieten. Praxisnahe Tipps zeigen, wie Barrierefreiheit zu einem strategischen Vorteil wird.<\/p>\n<p><a href=\"https:\/\/www.netz-barrierefrei.de\/wordpress\/feedback-zur-barrierefreiheit-von-der-compliance-zum-service\/\">Feedback zur Barrierefreiheit \u2013 von der Compliance zum Service<\/a><\/p>\n<p>Der Beitrag beleuchtet, warum viele Menschen Barrieren im digitalen Raum hinnehmen, ohne zu reklamieren, und welche Auswirkungen dies auf Unternehmen hat. Er zeigt auf, wie Sensibilisierung und einfache Meldem\u00f6glichkeiten die Situation verbessern k\u00f6nnen.<\/p>\n<p><a href=\"https:\/\/www.netz-barrierefrei.de\/wordpress\/warum-sich-wenige-ueber-mangelnde-barrierefreiheit-beschweren\/\">Warum sich wenige \u00fcber mangelnde Barrierefreiheit beschweren<\/a><\/p>\n<p>Dieser Blogartikel betont, dass Barrierefreiheit mehr als gesetzliche Pflicht ist und Unternehmen damit die Qualit\u00e4t und Nutzerfreundlichkeit ihrer digitalen Angebote steigern k\u00f6nnen. Strategische Integration wird als langfristiger Vorteil dargestellt.<\/p>\n<p><a href=\"https:\/\/www.adesso.de\/de\/news\/blog\/barrierefreiheit-als-qualitaetsmerkmal-nicht-als-pflichtuebung.jsp\">Barrierefreiheit als Qualit\u00e4tsmerkmal, nicht als Pflicht\u00fcbung<\/a><\/p>\n<p>Die Podcast\u2011Reihe \u201edistriko Perspektiven\u201c beleuchtet digitale Zukunftsthemen, Strategien und Praxisbeispiele rund um Barrierefreiheit, Effizienz und Digitalisierung in Unternehmen. Jede Folge bietet praxisnahe Einblicke, etwa zur Barrierefreiheit im Web oder zu relevanten rechtlichen Rahmenbedingungen. <\/p>\n<p><a href=\"https:\/\/distriko.de\/podcast\/\">distriko Perspektiven \u2013 Podcast<\/a><\/p>\n<p>Der Beitrag untersucht die Rolle menschlicher Kontrolle bei KI-Systemen, insbesondere wie Entscheidungen von Algorithmen \u00fcberwacht und verantwortungsbewusst eingesetzt werden k\u00f6nnen. Ziel ist es, Vertrauen und Transparenz in KI-Anwendungen zu st\u00e4rken.<\/p>\n<p><a href=\"https:\/\/distriko.de\/blog\/kuenstliche-intelligenz-menschliche-kontrolle\/\">K\u00fcnstliche Intelligenz und menschliche Kontrolle<\/a><\/p>\n<p>Der Beitrag schl\u00e4gt ein Konzept vor, wie Meldungen zur Barrierefreiheit besser gesammelt werden k\u00f6nnen.<\/p>\n<p><a href=\"https:\/\/www.digitalzentrum-fokus-mensch.de\/kos\/WNetz?art=News.show&#038;id=2851\">Digitalzentrum Fokus Mensch \u2013 News<\/a><\/p>\n<p>Der Norm\u2011Entwurf DIN\u00a0ISO\u00a024495\u20112 definiert Leitlinien f\u00fcr juristische Kommunikation in einfacher Sprache, um rechtliche Inhalte verst\u00e4ndlicher und zug\u00e4nglicher zu machen. Ziel ist es, dass Menschen mit unterschiedlichen Vorwissen und kognitiven F\u00e4higkeiten Rechtsanspr\u00fcche und Pflichten besser nachvollziehen k\u00f6nnen.<\/p>\n<p><a href=\"https:\/\/www.npridik.de\/din-iso-24495-2\/\">DIN ISO\u00a024495\u20112: Einfache Sprache \u2013 Juristische Kommunikation<\/a><\/p>\n<p>Die Universit\u00e4t Marburg stellt praxisnahe Hilfsmittel und Dokumentvorlagen f\u00fcr barrierefreie Office\u2011Dateien bereit, die dabei helfen, Dokumente f\u00fcr alle Nutzer*innen zug\u00e4nglich zu gestalten. Dies umfasst Tipps zu Struktur, Formatierung und assistiven Funktionen.<\/p>\n<p><a href=\"https:\/\/www.uni-marburg.de\/de\/studium\/service\/sbs\/digitale-barrierefreiheit\/inhalte\/dokumente\/office\/libre-office\">LibreOffice \u2013 Anleitung zur Barrierefreiheit in Office\u2011Dokumenten<\/a><\/p>\n<p>Weiter gehts auf Englisch: Diese Anleitung erkl\u00e4rt Schritt f\u00fcr Schritt, wie man mit LibreOffice barrierefreie Dateien erstellt, etwa durch richtige \u00dcberschriften, Alternativtexte und Tabellenstruktur. Sie richtet sich an alle, die barrierefreie Office\u2011Inhalte produzieren wollen.<\/p>\n<p><a href=\"https:\/\/wiki.documentfoundation.org\/Accessibility\/Creating_Accessible_LibreOffice_Files\">Creating Accessible LibreOffice Files (Document Foundation Wiki)<\/a><\/p>\n<p>Der Artikel untersucht systematisch Barrieren im Web\u2011Zugriff f\u00fcr Menschen mit Behinderungen und zeigt auf, wie diese H\u00fcrden die Nutzung digitaler Systeme erschweren. Er stellt ein Rahmenwerk vor, um Barrieren \u00fcber unterschiedliche Behinderungsgruppen hinweg zu erfassen und zu bewerten. <\/p>\n<p><a href=\"https:\/\/www.sciencedirect.com\/science\/article\/pii\/S0920548925000844\">Wissenschaftlicher Artikel zu Web\u2011Barrierefreiheitsproblemen<\/a><\/p>\n<p>Der Beitrag beschreib die Problematik von KI-erzeugtem Code in der Barrierefreiheit.<\/p>\n<p><a href=\"https:\/\/conesible.de\/wab\/\">AI is locking people out. At Scale.<\/a><\/p>\n<p>Die Publikationsseite von CogAUX sammelt Arbeiten, Artikel und Ressourcen rund um cognitive accessibility, also die Gestaltung digitaler Systeme f\u00fcr Menschen mit kognitiven Anforderungen. Der Fokus liegt auf Forschung, Governance und praktischen Studien, die helfen, digitale Produkte inklusiver zu entwickeln. <\/p>\n<p><a href=\"https:\/\/cogaux.com\/publications\">Publications \u2013 CogAUX<\/a><\/p>\n<p>Dieser umfassende Leitfaden listet eine Vielzahl an Ressourcen, Tutorials und Tools, mit denen Entwickler*innen mobile Apps (iOS und Android) barrierefrei gestalten und testen k\u00f6nnen. Er bietet Einstiegspunkte, Standards, Werkzeuge und Best\u2011Practice\u2011Links f\u00fcr barrierefreie mobile Entwicklung. <\/p>\n<p><a href=\"https:\/\/dev.to\/steady5063\/the-ultimate-mobile-accessibility-resource-guide-53gh\">The Ultimate Mobile Accessibility Resource Guide<\/a><\/p>\n<h2><span class=\"ez-toc-section\" id=\"Gute_Nachrichten_des_Monats\"><\/span>Gute Nachrichten des Monats<span class=\"ez-toc-section-end\"><\/span><\/h2>\n<p>Auf Rehadat wird ein Urteil dargestellt, wonach Personen mit Behinderung ein Recht auf Remote Work haben k\u00f6nnen. <\/p>\n<p><a href=\"https:\/\/www.rehadat-recht.de\/rechtsprechung\/arbeit-beschaeftigung\/rechte-pflichten\/direktions-weisungsrecht\/index.html?filter=%28themen_rec%3A%22Arbeitshilfen+%2F+Arbeitsplatzgestaltung%22%29&#038;reloaded&#038;sort=datum_rec+desc&#038;page=1&#038;query=%22Arbeitshilfen+%2F+Arbeitsplatzgestaltung%22&#038;mode=detail&#038;listtitle=Arbeitshilfen%20%2F%20Arbeitsplatzgestaltung\">Rehadat Recht \u2013 Entscheidung zu 3\u202fCa\u202f216\/22<\/a><\/p>\n<p>Mattel k\u00fcndigt die erste Barbie-Puppe mit Autismus an, ein sichtbares Zeichen f\u00fcr mehr Repr\u00e4sentation und Inklusion im Spielzeugbereich. Sie hat kontroverse Diskussionen in der Community ausgel\u00f6st.<\/p>\n<p><a href=\"https:\/\/news.mattel.de\/pressreleases\/barbie-r-praesentiert-die-erste-barbie-puppe-mit-autismus-ein-starkes-zeichen-fuer-repraesentation-und-inklusion-im-spiel-3424261\">Barbie pr\u00e4sentiert erste Barbie\u2011Puppe mit Autismus<\/a><\/p>\n<p>Android verbessert die Tastatur-Bedienung f\u00fcr verschiedene Gruppen.<\/p>\n<p><a href=\"https:\/\/support.google.com\/accessibility\/android\/answer\/16318538?hl=en\">Android\u2011Barrierefreiheitsfunktionen \u2013 Google Support<\/a><\/p>\n<p>Der Artikel im Weser\u2011Kurier thematisiert stille Stunden in Bremen, w\u00e4hrend der Musik in bestimmten Gesch\u00e4ften wie IKEA und EDEKA aus R\u00fccksicht auf sensible Menschen reduziert oder abgeschaltet wird. Es geht um Inklusion, R\u00fccksichtnahme und den Umgang mit sensorischen Barrieren im \u00f6ffentlichen Raum.<\/p>\n<p><a href=\"https:\/\/www.weser-kurier.de\/bremen\/wirtschaft\/stille-stunde-in-bremen-wenn-ikea-und-edeka-die-musik-abdrehen-doc84k1kz5rfee1mkkynoph\">Stille Stunde in Bremen \u2013 wenn IKEA und EDEKA die Musik abdrehen<\/a><\/p>\n<p>Einige Telekom\u2011Shops bieten k\u00fcnftig eine \u201eMagenta Stille Stunde\u201c f\u00fcr Beratung in ruhiger Atmosph\u00e4re an, um Menschen mit sensorischen Empfindlichkeiten einen angenehmeren Service zu erm\u00f6glichen. Diese Initiative soll den Zugang zur Beratung f\u00fcr Personen mit Autismus, H\u00f6rsensitivit\u00e4t oder \u00e4hnlichen Bed\u00fcrfnissen erleichtern.<\/p>\n<p>Telekom Shops f\u00fchren \u201eMagenta Stille Stunde\u201c ein<\/p>\n<p>Der Artikel untersucht Herausforderungen und Strategien zur barrierefreien Kommunikation im Gesundheitswesen, insbesondere f\u00fcr Menschen mit Behinderungen. Er zeigt auf, wie digitale und physische Kommunikationsprozesse inklusiv gestaltet werden k\u00f6nnen.<\/p>\n<p><a href=\"https:\/\/www.sciencedirect.com\/science\/article\/pii\/S2405844024057098\">Wissenschaftlicher Artikel zu barrierefreier Gesundheitskommunikation<\/a><\/p>\n<p>Kobinet-Nachrichten berichtet, dass das Nieders\u00e4chsische Behindertengleichstellungsgesetz (BGG) in Leichter Sprache ver\u00f6ffentlicht wurde, um Verst\u00e4ndlichkeit und Zugang f\u00fcr alle Menschen zu verbessern. Dies unterst\u00fctzt die politische Teilhabe und das Verst\u00e4ndnis rechtlicher Regelungen.<\/p>\n<p><a href=\"https:\/\/kobinet-nachrichten.org\/2026\/02\/19\/niedersaechsisches-bgg-in-leichter-sprache\/\">Nieders\u00e4chsisches BGG in Leichter Sprache<\/a><\/p>\n<p>Die KVN\u2011Publikation informiert \u00fcber einen erweiterten Kriterienkatalog zur Barrierefreiheit in Arztpraxen, der physische, kommunikative und organisatorische Zugangsbarrieren adressiert. Ziel ist es, medizinische Versorgung inklusiver und zug\u00e4nglicher f\u00fcr alle Patient*innen zu gestalten.<\/p>\n<p><a href=\"https:\/\/www.kvn.de\/Mitglieder\/Publikationen\/KVNachrichten+Februar+2026\/Barrierefreiheit+in+Praxen_+Kriterienkatalog+erweitert.html\">Barrierefreiheit in Praxen \u2013 Kriterienkatalog erweitert<\/a><\/p>\n<h2><span class=\"ez-toc-section\" id=\"Weitere_Beitraege\"><\/span>Weitere Beitr\u00e4ge<span class=\"ez-toc-section-end\"><\/span><\/h2>\n<ul>\n<li><a href=\"https:\/\/www.barrierbreak.com\/a11yinspect-vs-code-extension\/\">A11yInspect VS Code Extension<\/a> \u2013 Vorstellung der VS Code-Erweiterung A11yInspect, die Entwickler*innen beim Auffinden und Beheben von Barrierefreiheitsproblemen direkt im Editor unterst\u00fctzt.<\/li>\n<li><a href=\"https:\/\/brian.teeman.net\/joomla\/971-mastering-the-popover-html-attribute\">Mastering the popover HTML attribute<\/a> \u2013 Eine detaillierte Erkl\u00e4rung des <code>popover<\/code>-Attributs in HTML, wie es korrekt eingesetzt wird und Barrierefreiheit ber\u00fccksichtigt.<\/li>\n<li><a href=\"https:\/\/dev.to\/cameron-accesslint\/accessibility-tooling-for-agentic-coding-loops-5b1h\">Accessibility Tooling for Agentic Coding Loops<\/a> \u2013 Analyse, welche Tools Entwickler*innen im Coding-Prozess einsetzen k\u00f6nnen, um Barrierefreiheit systematisch zu pr\u00fcfen und zu verbessern.<\/li>\n<li><a href=\"https:\/\/tetralogical.com\/blog\/2026\/01\/07\/common-misconceptions-about-testing-accessibility\/\">Common Misconceptions About Testing Accessibility<\/a> \u2013 Aufkl\u00e4rung \u00fcber h\u00e4ufige Missverst\u00e4ndnisse beim Testen von Barrierefreiheit und Best Practices f\u00fcr aussagekr\u00e4ftige Tests.<\/li>\n<li><a href=\"https:\/\/www.bbc.co.uk\/opensource\/projects\/project\/ttml-validator\">TTML Validator \u2013 BBC Open Source<\/a> \u2013 BBC-Projekt zur Validierung von TTML-Dateien f\u00fcr Untertitel, um barrierefreie Medieninhalte sicherzustellen.<\/li>\n<li><a href=\"https:\/\/www.barrierbreak.com\/comparitive-study-a11yinspect-other-accessibility-testing-tools\/\">Comparative Study: A11yInspect &#038; Other Accessibility Testing Tools<\/a> \u2013 Vergleich verschiedener Accessibility-Testtools, inklusive Vor- und Nachteilen von A11yInspect.<\/li>\n<li><a href=\"https:\/\/www.accessibilitycloud.com\/acai\/\">Accessibility Cloud \u2013 ACAI<\/a> \u2013 die L\u00f6sung Accessiblity Cloud pr\u00fcft gro\u00dfe Websites auf Barrierefreiheit mit einem neuen technischen Ansatz.<\/li>\n<li><a href=\"https:\/\/www.bbeb.com\/post\/102mihe\/ai-is-writing-more-of-the-web-so-it-needs-to-be-accessible\">AI Is Writing More of the Web \u2013 It Needs to Be Accessible<\/a> \u2013 Diskussion \u00fcber die Verantwortung von KI-generierten Inhalten, Barrierefreiheit von Webseiten sicherzustellen.<\/li>\n<li><a href=\"https:\/\/buttondown.com\/access-ability\/archive\/sometimes-the-best-accessibility-fix-is-a\/\">Sometimes the Best Accessibility Fix Is a \u2026<\/a> \u2013 Kurzer Beitrag dar\u00fcber, dass manchmal einfache L\u00f6sungen effektiver sind als komplexe Barrierefreiheitsma\u00dfnahmen.<\/li>\n<li><a href=\"https:\/\/gerardkcohen.me\/writing\/2025\/robust-accessibility-ai.html\">Robust Accessibility AI<\/a> \u2013 Analyse, wie KI genutzt werden kann, um Barrierefreiheit robuster und konsistenter umzusetzen.<\/li>\n<li><a href=\"https:\/\/www.w3.org\/news\/2026\/group-note-drafts-cognitive-accessibility-research-modules\/\">Cognitive Accessibility Research Modules \u2013 W3C<\/a> \u2013 Ver\u00f6ffentlichung von Entw\u00fcrfen f\u00fcr Module zur kognitiven Barrierefreiheit, die neue Forschungsans\u00e4tze dokumentieren.<\/li>\n<li><a href=\"https:\/\/donnajodhan.com\/rwc-02-12-2026\/\">RWC 02\/12\/2026 \u2013 Donna Jodhan<\/a> \u2013 Bericht und Reflexionen zu aktuellen Entwicklungen im Bereich digitale Barrierefreiheit.<\/li>\n<li><a href=\"https:\/\/www.edutopia.org\/article\/do-dyslexia-fonts-actually-work\/\">Do Dyslexia Fonts Actually Work?<\/a> \u2013 Untersuchung der Wirksamkeit spezieller Schriftarten f\u00fcr Menschen mit Dyslexie im Unterricht und digitalen Medien.<\/li>\n<li><a href=\"https:\/\/abra.ai\/blog\/beyond-success-criteria-in-en-301-549-v4-1-0\">Beyond Success Criteria in EN 301 549 v4.1.0 \u2013 Abra.ai<\/a> \u2013 Analyse der Norm EN 301 549 \u00fcber die reinen Erfolgskriterien hinaus und deren praktische Umsetzung.<\/li>\n<li><a href=\"https:\/\/cssence.com\/2025\/accessibility-is-personal\/\">Accessibility Is Personal<\/a> \u2013 Beitrag \u00fcber die pers\u00f6nliche Perspektive auf Barrierefreiheit und wie individuelle Erfahrungen die Gestaltung beeinflussen.<\/li>\n<li><a href=\"https:\/\/survey.rigourresearch.co.uk\/wix\/0\/p329368716610.aspx?src=2\">Rigour Research Survey<\/a> \u2013 Online-Umfrage zur Nutzererfahrung und Wahrnehmung digitaler Barrierefreiheit.<\/li>\n<li><a href=\"https:\/\/link.springer.com\/article\/10.1007\/s10209-025-01226-2?error=cookies_not_supported&amp;code=ae591668-f15e-4623-8e72-4c5c52f0ffd9\">Springer: Accessibility Research Article<\/a> \u2013 Wissenschaftlicher Artikel \u00fcber neue Methoden zur Bewertung und Umsetzung von Barrierefreiheit in digitalen Systemen.<\/li>\n<li><a href=\"https:\/\/americanhealth.jhu.edu\/\">American Health \u2013 Johns Hopkins<\/a> \u2013 Ressourcen und Artikel \u00fcber Barrierefreiheit im Gesundheitswesen, inkl. Forschung und Praxisbeispiele.<\/li>\n<li><a href=\"https:\/\/andrewhick.com\/accessibility\/wcag-map\/\">WCAG Map \u2013 Andrew Hick<\/a> \u2013 Visualisierung der WCAG-Richtlinien, um ihre Anwendung in Projekten besser nachvollziehen zu k\u00f6nnen.<\/li>\n<li><a href=\"https:\/\/chromewebstore.google.com\/detail\/a11y-agent\/dlfhldnfebkdpfiadgfbbokhkilkcldi\">A11y Agent \u2013 Chrome Web Store<\/a> \u2013 Chrome-Erweiterung zur schnellen \u00dcberpr\u00fcfung von Webseiten auf Barrierefreiheitsprobleme.<\/li>\n<li><a href=\"https:\/\/buttondown.com\/access-ability\/archive\/ai-will-eliminate-the-need-for-accessibility\/\">AI Will Eliminate the Need for Accessibility?<\/a> \u2013 Kritische Auseinandersetzung mit der Idee, dass KI Barrierefreiheit automatisch ersetzen k\u00f6nnte.<\/li>\n<li><a href=\"https:\/\/hidde.blog\/wcag-em-apps\/\">WCAG EM Apps \u2013 Hidde de Vries<\/a> \u2013 Leitfaden zur Anwendung der WCAG auf mobile Apps und erweiterte Medienformate.<\/li>\n<li><a href=\"https:\/\/www.npmjs.com\/package\/@barrierbreak\/eslint-plugin-a11yinspect\">ESLint Plugin A11yInspect \u2013 BarrierBreak<\/a> \u2013 NPM-Paket zur Integration von A11yInspect in den Entwicklungsworkflow mit ESLint.<\/li>\n<li><a href=\"https:\/\/medium.com\/@happy202426\/accessibility-testing-as-developers-actually-experience-it-d58fad070790\">Accessibility Testing As Developers Actually Experience It<\/a> \u2013 Erfahrungsbericht eines Entwicklers, wie Accessibility-Tests im Alltag umgesetzt werden.<\/li>\n<li><a href=\"https:\/\/www.maxdesign.com.au\/articles\/editable-tables.html\">Editable Tables \u2013 Max Design<\/a> \u2013 Anleitung, wie editierbare Tabellen erstellt werden, die gleichzeitig barrierefrei bleiben.<\/li>\n<li><a href=\"https:\/\/netz-barrierefrei.de\/en\/am.html\">How the Aktion Mensch is harming digital Accessibility<\/a><\/li>\n<\/ul>\n","protected":false},"excerpt":{"rendered":"<p>Der Verdr\u00e4ngungs-Bias beschreibt die Tendenz, unangenehme oder langfristige Herausforderungen gedanklich aufzuschieben. Im Kontext der Barrierefreiheit bedeutet das: H\u00fcrden werden oft erst dann als dringend wahrgenommen,&#8230;<\/p>\n<div class=\"more-link-wrapper\"><a class=\"more-link\" href=\"https:\/\/www.netz-barrierefrei.de\/wordpress\/newsletter-digitale-barrierefreiheit\/verdraengen-loest-keine-barrieren-03-2026\/\">Weiterlesen<span class=\"screen-reader-text\">Verdr\u00e4ngen l\u00f6st keine Barrieren &#8211; 03-2026<\/span><\/a><\/div>\n","protected":false},"author":1,"featured_media":0,"parent":1450,"menu_order":0,"comment_status":"closed","ping_status":"closed","template":"","meta":{"footnotes":""},"class_list":["post-10628","page","type-page","status-publish","hentry","entry"],"_links":{"self":[{"href":"https:\/\/www.netz-barrierefrei.de\/wordpress\/wp-json\/wp\/v2\/pages\/10628","targetHints":{"allow":["GET"]}}],"collection":[{"href":"https:\/\/www.netz-barrierefrei.de\/wordpress\/wp-json\/wp\/v2\/pages"}],"about":[{"href":"https:\/\/www.netz-barrierefrei.de\/wordpress\/wp-json\/wp\/v2\/types\/page"}],"author":[{"embeddable":true,"href":"https:\/\/www.netz-barrierefrei.de\/wordpress\/wp-json\/wp\/v2\/users\/1"}],"replies":[{"embeddable":true,"href":"https:\/\/www.netz-barrierefrei.de\/wordpress\/wp-json\/wp\/v2\/comments?post=10628"}],"version-history":[{"count":4,"href":"https:\/\/www.netz-barrierefrei.de\/wordpress\/wp-json\/wp\/v2\/pages\/10628\/revisions"}],"predecessor-version":[{"id":10669,"href":"https:\/\/www.netz-barrierefrei.de\/wordpress\/wp-json\/wp\/v2\/pages\/10628\/revisions\/10669"}],"up":[{"embeddable":true,"href":"https:\/\/www.netz-barrierefrei.de\/wordpress\/wp-json\/wp\/v2\/pages\/1450"}],"wp:attachment":[{"href":"https:\/\/www.netz-barrierefrei.de\/wordpress\/wp-json\/wp\/v2\/media?parent=10628"}],"curies":[{"name":"wp","href":"https:\/\/api.w.org\/{rel}","templated":true}]}}