{"id":1096,"date":"2018-05-25T13:02:34","date_gmt":"2018-05-25T11:02:34","guid":{"rendered":"http:\/\/www.netz-barrierefrei.de\/wordpress\/?page_id=1096"},"modified":"2024-08-24T15:50:39","modified_gmt":"2024-08-24T13:50:39","slug":"barrierefreie-website-mit-wordpress","status":"publish","type":"page","link":"https:\/\/www.netz-barrierefrei.de\/wordpress\/barrierefreie-redaktionssysteme-und-content-management-systeme-cms\/barrierefreie-website-mit-wordpress\/","title":{"rendered":"Barrierefreie Website mit WordPress umsetzen"},"content":{"rendered":"<p><img loading=\"lazy\" decoding=\"async\" src=\"https:\/\/www.netz-barrierefrei.de\/wordpress\/wp-content\/uploads\/wordpress.jpg\" alt=\"\" width=\"960\" height=\"640\" class=\"alignleft size-full wp-image-3056\" srcset=\"https:\/\/www.netz-barrierefrei.de\/wordpress\/wp-content\/uploads\/wordpress.jpg 960w, https:\/\/www.netz-barrierefrei.de\/wordpress\/wp-content\/uploads\/wordpress-300x200.jpg 300w, https:\/\/www.netz-barrierefrei.de\/wordpress\/wp-content\/uploads\/wordpress-768x512.jpg 768w\" sizes=\"auto, (max-width: 960px) 100vw, 960px\" \/>WordPress ist sicherlich das beliebteste Blogging-System \u00fcberhaupt. Ganz nebenbei hat es sich auch f\u00fcr viele Website-Anbieter zum bevorzugten Redaktionssystem entwickelt. In diesem Artikel erkl\u00e4re ich, wie man mit WordPress barrierefreier werden kann. Mein Kooperations-Partner Silta setzt keine WordPress-Websites barrierefrei um, bietet aber <a href=\"https:\/\/www.silta.ai\/barrierefreie-website\">Beratung und Begleitung f\u00fcr barrierefreie Websites<\/a>.<br \/>\nVorneweg sei gesagt, dass die Barrierefreiheit einer Website und das eingesetzte Redaktionssystem nicht unbedingt in einem Zusammenhang stehen. Ein CMS kann die n\u00f6tigen Werkzeuge und Erweiterungen bereitstellen, muss es aber nicht. Der gro\u00dfe Vorteil von WordPress und vieler anderer Open&#8211;Source-Systeme wie Drupal, Contao oder Joomla ist 1. dass das Backend der Systeme relativ barrierefrei ist und 2. die gro\u00dfe Menge an Erweiterungen und Designs. Die meisten kommerziellen Systeme sind nicht imAnsatz dazu geeignet, von behinderten Menschen bedienbar zu sein.<br \/>\nF\u00fcr Blinde und andere behinderte Menschen sollte die Bedienung des WordPress-Backends generell m\u00f6glich sein. Es ist neben Drupal eines der barrierefreiesten Backends, die ich bisher gesehen habe. Es ist also die ideale Grundlage f\u00fcr ein divers aufgestelltes  Online-Redaktionsteam. <\/p>\n<div id=\"ez-toc-container\" class=\"ez-toc-v2_0_82_2 counter-hierarchy ez-toc-counter ez-toc-white ez-toc-container-direction\">\n<div class=\"ez-toc-title-container\">\n<p class=\"ez-toc-title\" style=\"cursor:inherit\">Inhalt<\/p>\n<span class=\"ez-toc-title-toggle\"><a href=\"#\" class=\"ez-toc-pull-right ez-toc-btn ez-toc-btn-xs ez-toc-btn-default ez-toc-toggle\" aria-label=\"Toggle Table of Content\"><span class=\"ez-toc-js-icon-con\"><span class=\"\"><span class=\"eztoc-hide\" style=\"display:none;\">Toggle<\/span><span class=\"ez-toc-icon-toggle-span\"><svg style=\"fill: #999;color:#999\" xmlns=\"http:\/\/www.w3.org\/2000\/svg\" class=\"list-377408\" width=\"20px\" height=\"20px\" viewBox=\"0 0 24 24\" fill=\"none\"><path d=\"M6 6H4v2h2V6zm14 0H8v2h12V6zM4 11h2v2H4v-2zm16 0H8v2h12v-2zM4 16h2v2H4v-2zm16 0H8v2h12v-2z\" fill=\"currentColor\"><\/path><\/svg><svg style=\"fill: #999;color:#999\" class=\"arrow-unsorted-368013\" xmlns=\"http:\/\/www.w3.org\/2000\/svg\" width=\"10px\" height=\"10px\" viewBox=\"0 0 24 24\" version=\"1.2\" baseProfile=\"tiny\"><path d=\"M18.2 9.3l-6.2-6.3-6.2 6.3c-.2.2-.3.4-.3.7s.1.5.3.7c.2.2.4.3.7.3h11c.3 0 .5-.1.7-.3.2-.2.3-.5.3-.7s-.1-.5-.3-.7zM5.8 14.7l6.2 6.3 6.2-6.3c.2-.2.3-.5.3-.7s-.1-.5-.3-.7c-.2-.2-.4-.3-.7-.3h-11c-.3 0-.5.1-.7.3-.2.2-.3.5-.3.7s.1.5.3.7z\"\/><\/svg><\/span><\/span><\/span><\/a><\/span><\/div>\n<nav><ul class='ez-toc-list ez-toc-list-level-1 ' ><li class='ez-toc-page-1 ez-toc-heading-level-2'><a class=\"ez-toc-link ez-toc-heading-1\" href=\"https:\/\/www.netz-barrierefrei.de\/wordpress\/barrierefreie-redaktionssysteme-und-content-management-systeme-cms\/barrierefreie-website-mit-wordpress\/#Die_Wahl_des_Themes\" >Die Wahl des Themes<\/a><\/li><li class='ez-toc-page-1 ez-toc-heading-level-2'><a class=\"ez-toc-link ez-toc-heading-2\" href=\"https:\/\/www.netz-barrierefrei.de\/wordpress\/barrierefreie-redaktionssysteme-und-content-management-systeme-cms\/barrierefreie-website-mit-wordpress\/#Texte\" >Texte<\/a><\/li><li class='ez-toc-page-1 ez-toc-heading-level-2'><a class=\"ez-toc-link ez-toc-heading-3\" href=\"https:\/\/www.netz-barrierefrei.de\/wordpress\/barrierefreie-redaktionssysteme-und-content-management-systeme-cms\/barrierefreie-website-mit-wordpress\/#Bilder\" >Bilder<\/a><\/li><li class='ez-toc-page-1 ez-toc-heading-level-2'><a class=\"ez-toc-link ez-toc-heading-4\" href=\"https:\/\/www.netz-barrierefrei.de\/wordpress\/barrierefreie-redaktionssysteme-und-content-management-systeme-cms\/barrierefreie-website-mit-wordpress\/#Page_Builder\" >Page Builder<\/a><\/li><li class='ez-toc-page-1 ez-toc-heading-level-2'><a class=\"ez-toc-link ez-toc-heading-5\" href=\"https:\/\/www.netz-barrierefrei.de\/wordpress\/barrierefreie-redaktionssysteme-und-content-management-systeme-cms\/barrierefreie-website-mit-wordpress\/#Formulare\" >Formulare<\/a><\/li><li class='ez-toc-page-1 ez-toc-heading-level-2'><a class=\"ez-toc-link ez-toc-heading-6\" href=\"https:\/\/www.netz-barrierefrei.de\/wordpress\/barrierefreie-redaktionssysteme-und-content-management-systeme-cms\/barrierefreie-website-mit-wordpress\/#Plugins\" >Plugins<\/a><\/li><li class='ez-toc-page-1 ez-toc-heading-level-2'><a class=\"ez-toc-link ez-toc-heading-7\" href=\"https:\/\/www.netz-barrierefrei.de\/wordpress\/barrierefreie-redaktionssysteme-und-content-management-systeme-cms\/barrierefreie-website-mit-wordpress\/#Zum_Weiterlesen\" >Zum Weiterlesen<\/a><\/li><\/ul><\/nav><\/div>\n<h2><span class=\"ez-toc-section\" id=\"Die_Wahl_des_Themes\"><\/span>Die Wahl des Themes<span class=\"ez-toc-section-end\"><\/span><\/h2>\n<p>WordPress l\u00e4sst sich als Framework betrachten, das sich an unterschiedliche Anspr\u00fcche anpassen l\u00e4sst. Das gilt insbesondere f\u00fcr das Layout. Die Wenigsten werden sich mit den Standard-Themes von WordPress begn\u00fcgen.  Sie sind allerdings relativ barrierefrei. Nat\u00fcrlich sollte das Theme mobile-freundlich sein. Das erleichtert die Vergr\u00f6\u00dferbarkeit f\u00fcr sehbehinderte Nutzer. Bei WordPress selbst <a href=\"https:\/\/wordpress.org\/themes\/tags\/accessibility-ready\/\">kann nach barrierefreien Themes gefiltert werden<\/a>. Unabh\u00e4ngig davon solltet ihr allerdings selbst pr\u00fcfen, ob die Selbsteinstufung der Eintragenden stimmt.<br \/>\nBei Themes von Dritt-Anbietern m\u00fcsst ihr selbst pr\u00fcfen, ob sie barrierefrei sind. Ist euch eine Website bekannt, die das Theme bereits einsetzt, k\u00f6nnt ihr diese automatisch mit einem Tool wie WAVE oder manuell mit einem Pr\u00fcfverfahren wie dem BITV-Test pr\u00fcfen. Fragt ruhig auch bei der Entwickler:In nach, ob das Theme barrierefrei ist. Vor allem, wenn das Theme kostenpflichtig ist, sollte der Entwickler:Innen solche Anforderungen ber\u00fccksichtigen. Au\u00dferdem schafft ihr so ein Bewusstsein daf\u00fcr, dass eine Nachfrage nach barrierefreien Themes besteht.<br \/>\nEntwickelt ihr selber ein Theme, bietet WordPress selbst Infos zur Barrierefreiheit. Den Link findet ihr am Ende des Artikels. <\/p>\n<h2><span class=\"ez-toc-section\" id=\"Texte\"><\/span>Texte<span class=\"ez-toc-section-end\"><\/span><\/h2>\n<p>Der WordPress-Texteditor TinyMCE &#8211; heute Classic Editor &#8211; und der Gutenberg-Editor bringt leider nicht alle n\u00f6tigen Funktionen zur barrierefreien Texterstellung mit. Es fehlen zum Beispiel Befehle f\u00fcr Zwischen\u00fcberschriften oder Abk\u00fcrzungen. Die Auszeichnung von Zwischen\u00fcberschriften, Listen und weiteren Elementen erleichtert es Blinden zu erkennen, welche Aufgabe das Element hat. Ihr seht einen fett gedruckten und abgesetzten Text und wisst, dass das eine Zwischen\u00fcberschrift ist. Blinde nehmen das nicht wahr. F\u00fcr ihre Hilfssoftware wird die Information, welche Aufgabe ein St\u00fcck Text hat, \u00fcber HTML-Auszeichnungen vermittelt. Au\u00dfer Zwischen\u00fcberschriften k\u00f6nnen auch Listen, Zitate sowie Abk\u00fcrzungen ausgezeichnet werden.<br \/>\nUm diese Auszeichnungen mit einem grafischen Editor zu erstellen, ben\u00f6tigt ihr das <a href=\"https:\/\/wordpress.org\/plugins\/tinymce-advanced\/\">Plugin TinyMCE Advanced<\/a>.<br \/>\nWenn ihr ein wenig HTML oder Markdown beherrscht, ben\u00f6tigt ihr keinen weiteren Editor. Schaltet den Texteditor auf HTML um und gebt die entsprechenden Auszeichnungen h\u00e4ndisch ein. Die wenigen Auszeichnungsbefehle sind schnell erlernt. <\/p>\n<h2><span class=\"ez-toc-section\" id=\"Bilder\"><\/span>Bilder<span class=\"ez-toc-section-end\"><\/span><\/h2>\n<p>WordPress bietet gute M\u00f6glichkeiten, Bilder mit alternativen Beschreibungen zu versehen. Das ist wichtig f\u00fcr Blinde oder Sehbehinderte, die das Bild nicht sehen oder nicht erkennen k\u00f6nnen.<br \/>\nDie Optionen zur Bildbeschreibung werden in der Mediathek in der rechten Spalte angezeigt. Ist das Bild ausgew\u00e4hlt, k\u00f6nnt ihr Alternativtext oder Titel festlegen.<br \/>\nDer Alternativtext wird Blinden vorgelesen. Der Titel wird angezeigt, wenn ihr mit dem Mauscursor \u00fcber das Bild fahrt. Er richtet sich also eher an Sehbehinderte. Alternativtext und Titel sollten nicht identisch sein, da die Hilfssoftware von Blinden beides vorliest. Allerdings schlagen Plugins wie Access Monitor an, wenn die beiden Texte gleich sind. Das Tool geht in solchen F\u00e4llen davon aus, dass die Felder automatisch bef\u00fcllt wurden.<br \/>\nAls Faustregel gilt: Blinde k\u00f6nnen das Bild nicht sehen und ben\u00f6tigen grundlegende Infos: Was ist \u00fcberhaupt auf dem Bild zu sehen. Zum Beispiel \u201eDas Diagramm zeigt die Gesch\u00e4ftsentwicklung 2015\u201c. Die Werte dazu sollten nat\u00fcrlich in einer Tabelle oder im Flie\u00dftext stehen. Sehbehinderte haben eventuell Probleme, den Bild-Inhalt zu erkennen, ihnen hilft daher eine allgemeinere Beschreibung des Bildaufbaus. Zum Beispiel: \u201eDas S\u00e4ulendiagramm zeigt die Gesch\u00e4ftsentwicklung des Jahres 2015, die einzelnen S\u00e4ulen bilden die Monate ab\u201c. .<br \/>\nAu\u00dferdem k\u00f6nnen Bildunterschriften hinzugef\u00fcgt werden. Sie werden allen Nutzern angezeigt und k\u00f6nnen alternativ zum Titel verwendet werden, da sie f\u00fcr alle Nutzer sichtbar sind. <\/p>\n<h2><span class=\"ez-toc-section\" id=\"Page_Builder\"><\/span>Page Builder<span class=\"ez-toc-section-end\"><\/span><\/h2>\n<p>Leider muss ich einigen Leuten den Tag vermiesen: Page Builder wie Divi oder elementor k\u00f6nnen nicht automatisch barrierefreie Websites erzeugen, selbst wenn sie etwas Anderes behaupten. \u00dcbrigens kann das auch kein anderer Page Builder. Das Problem ist, dass diese Tools generischen Code, also div und span, erzeugen, weil die Bausteine an jeder Stelle verwendbar sein sollen. Der Builder m\u00fcsste selbst\u00e4ndig erkennen, dass Block X in der Seitenleiste verwendet wird und eine andere Semantik erfordert als wenn der gleiche Block im Footer verwendet wird.<br \/>\nM\u00f6glicherweise kann man hier mit eigenem HTML nachhelfen, aber wer das kann, wird vermutlich keinen Builder verwenden.<br \/>\n<a href=\"https:\/\/equalizedigital.com\/wordpress-page-builder-accessibility\/\">Hier gibt es einen Vergleich der Builder bez\u00fcglich Barrierefreiheit<\/a><\/p>\n<h2><span class=\"ez-toc-section\" id=\"Formulare\"><\/span>Formulare<span class=\"ez-toc-section-end\"><\/span><\/h2>\n<p>Gleiches gilt aus anderen Gr\u00fcnden f\u00fcr Formulare. Meine Recherche hat mich bisher zu keinem Formular-Plugin gef\u00fchrt, welches out of the box barrierefreie Formulare erzeugen kann. Technisch w\u00e4re es kein Problem, Labels maschinen-lesbar zu verwenden, das h\u00e4tte kaum einen Einfluss auf das visuelle Layout. Warum die Tools das nicht machen, bleibt ihr Geheimnis.<br \/>\nAuch hier kann man nat\u00fcrlich manuell eingreifen, aber das \u00fcbersteigt die F\u00e4higkeiten der meisten Leute. Schaut euch an, ob es Dokus zur Barrierefrei-Machung zu eurem bevorzugtem Formular-Plugin gibt. H\u00e4ufig empfohlen werden Gravity Forms und Contact Form 7.<\/p>\n<h2><span class=\"ez-toc-section\" id=\"Plugins\"><\/span>Plugins<span class=\"ez-toc-section-end\"><\/span><\/h2>\n<p>Zuletzt m\u00f6chte ich noch auf ein paar Plugins hinweisen, die eventuell hilfreich sind. Wer diese Plugins installiert, ist sicher nicht barrierefrei, umgekehrt muss man diese Plugins nicht installieren, um barrierefrei zu werden. Ich zeige lediglich, welche M\u00f6glichkeiten es gibt. Von allen genannten Plugins gibt es kostenlose Varianten.<br \/>\nHurraki ist ein W\u00f6rterbuch, das Alltagsbegriffe in einfacher Sprache erl\u00e4utert. Das <a href=\"https:\/\/de.wordpress.org\/plugins\/hurrakify\/\">Plugin hurrakify<\/a> erm\u00f6glicht es, sich zu einzelnen Begriffen aus einem Text Erl\u00e4uterungen aus Hurraki anzeigen zu lassen. ,<br \/>\nDer <a href=\"https:\/\/de.wordpress.org\/plugins\/access-monitor\/\">Access Monitor<\/a> pr\u00fcft eure WordPress-Inhalte auf Barrierefreiheit. Wie alle automatischen Testtools ben\u00f6tigt man Erfahrung mit digitaler Barrierefreiheit oder viel Zeit, um die einzelnen Fehlermeldungen nachvollziehen zu k\u00f6nnen. Das Tool kann euch auch nicht sagen, ob Bilder einen sinnvollen Alternativtext haben, das m\u00fcsst ihr selbst entscheiden. Hierbei handelt es sich um ein Freemium-Modell. Es gibt eine kostenlose sowie eine kostenpflichtige Variante.<br \/>\n<a href=\"https:\/\/wordpress.org\/plugins\/wp-accessibility\/\">WP Accessibility<\/a> r\u00fcstet eine Textvergr\u00f6\u00dferungsfunktion sowie eine Kontrastansicht f\u00fcr WordPress nach. Solche Funktionen waren fr\u00fcher der letzte Schrei in Barrierefreiheits-Kreisen, gelten aber seit einigen Jahren als unerw\u00fcnscht. Es wird argumentiert, dass die Betriebssysteme, die Browser und die Hilfstechnik  diese Aufgaben besser l\u00f6sen als die fehleranf\u00e4lligen Webseiten-Funktionen. Das ist sicherlich korrekt, aber es gibt tats\u00e4chlich noch Menschen, die nicht wissen, wie sie Text vergr\u00f6\u00dfern oder eine kontrastreiche Ansicht aktivieren und sie sind dankbar f\u00fcr diese kleinen Hilfen. Und die Anderen nehmen auch keinen Schaden, solange die Regeln der Barrierefreiheit bei der Theme-Gestaltung ber\u00fccksichtigt wurden. Es gibt mittlerweile einige Plugins dieser Art, allerdings hat WP Accessibility die meisten Bewertungen.<br \/>\nDas Plugin <a href=\"https:\/\/de.wordpress.org\/plugins\/content-author-accessibility-preview\/\">Content Author Accessibility Preview<\/a> zeigt Inhalte-Erstellern eventuelle Probleme mit der Barrierefreiheit, bevor der Beitrag ver\u00f6ffentlicht wird.<br \/>\nAn dieser Stelle eine kleine Warnung vor dem Plugin von ReadSpeaker zum Vorlesen von Texten: Das Plugin erh\u00f6ht die Ladezeit der Website signifikant, es dauert mehrere Sekunden l\u00e4nger, bevor die Seite tats\u00e4chlich angezeigt wird. Gerade auf mobilen Ger\u00e4ten d\u00fcrften viele Nutzer abspringen, weil sie die Website f\u00fcr nicht erreichbar halten. <a href=\"https:\/\/www.netz-barrierefrei.de\/wordpress\/hilfstechnik-und-mensch-maschine-interaktion\/assistive-technologien-und-barrierefreiheit\/brauche-ich-eine-vorlese-funktion-fuer-meine-webseite\/\">Abgesehen davon sind Vorlesefunktionen g\u00e4nzlich \u00fcberfl\u00fcssig<\/a>, f\u00fcr so ein Plugin gibt es keine Empfehlung.<br \/>\nEbenso solltet ihr Abstand halten von sogenannten <a href=\"https:\/\/www.netz-barrierefrei.de\/wordpress\/automatisch-barrierefrei-gegen-accessibility-overlays-vorgehen\/\">Barrierefreiheits-Overlays<\/a>. Sie hei\u00dfen AudioEye, Accessibe oder EyeAble &#8211; diese Tools versprechen, die Website mit ein paar Zeilen Code barrierefrei zu machen. In Wahrheit f\u00fcgen sie ein paar in der Regel unbrauchbare Funktionen hinzu, bringen aber keinen Nutzen f\u00fcr die Barrierefreiheit. Das ist rausgeworfenes Geld. Ich w\u00fcrde diese Tools nicht einmal dann einsetzen, wenn mich jemand daf\u00fcr bezahlen w\u00fcrde. <\/p>\n<h2><span class=\"ez-toc-section\" id=\"Zum_Weiterlesen\"><\/span>Zum Weiterlesen<span class=\"ez-toc-section-end\"><\/span><\/h2>\n<ul>\n<li><a href=\"https:\/\/codex.wordpress.org\/Accessibility\">Informationen von WordPress zur Barrierefreiheit<\/a><\/li>\n<li><a href=\"https:\/\/make.wordpress.org\/accessibility\/\">Offizielles Blog des WordPress-Accessibility-Teams<\/a><\/li>\n<li><a href=\"https:\/\/make.wordpress.org\/accessibility\/\">WordPress Accessibility Handbook<\/a><\/li>\n<li><a href=\"https:\/\/equalizedigital.com\/wordpress-accessibility-meetup\/\">Englischsprachiges regelm\u00e4\u00dfiges Meetup zu WordPress-Barrierefreiheit<\/a><\/li>\n<li><a href=\"https:\/\/netz-barrierefrei.de\/en\/wordpress.html\">Building an accessible website with WordPress<\/a><\/li>\n<\/ul>\n","protected":false},"excerpt":{"rendered":"<p>WordPress ist sicherlich das beliebteste Blogging-System \u00fcberhaupt. Ganz nebenbei hat es sich auch f\u00fcr viele Website-Anbieter zum bevorzugten Redaktionssystem entwickelt. In diesem Artikel erkl\u00e4re ich,&#8230;<\/p>\n<div class=\"more-link-wrapper\"><a class=\"more-link\" href=\"https:\/\/www.netz-barrierefrei.de\/wordpress\/barrierefreie-redaktionssysteme-und-content-management-systeme-cms\/barrierefreie-website-mit-wordpress\/\">Weiterlesen<span class=\"screen-reader-text\">Barrierefreie Website mit WordPress umsetzen<\/span><\/a><\/div>\n","protected":false},"author":1,"featured_media":0,"parent":1102,"menu_order":0,"comment_status":"closed","ping_status":"closed","template":"","meta":{"footnotes":""},"class_list":["post-1096","page","type-page","status-publish","hentry","entry"],"_links":{"self":[{"href":"https:\/\/www.netz-barrierefrei.de\/wordpress\/wp-json\/wp\/v2\/pages\/1096","targetHints":{"allow":["GET"]}}],"collection":[{"href":"https:\/\/www.netz-barrierefrei.de\/wordpress\/wp-json\/wp\/v2\/pages"}],"about":[{"href":"https:\/\/www.netz-barrierefrei.de\/wordpress\/wp-json\/wp\/v2\/types\/page"}],"author":[{"embeddable":true,"href":"https:\/\/www.netz-barrierefrei.de\/wordpress\/wp-json\/wp\/v2\/users\/1"}],"replies":[{"embeddable":true,"href":"https:\/\/www.netz-barrierefrei.de\/wordpress\/wp-json\/wp\/v2\/comments?post=1096"}],"version-history":[{"count":31,"href":"https:\/\/www.netz-barrierefrei.de\/wordpress\/wp-json\/wp\/v2\/pages\/1096\/revisions"}],"predecessor-version":[{"id":10672,"href":"https:\/\/www.netz-barrierefrei.de\/wordpress\/wp-json\/wp\/v2\/pages\/1096\/revisions\/10672"}],"up":[{"embeddable":true,"href":"https:\/\/www.netz-barrierefrei.de\/wordpress\/wp-json\/wp\/v2\/pages\/1102"}],"wp:attachment":[{"href":"https:\/\/www.netz-barrierefrei.de\/wordpress\/wp-json\/wp\/v2\/media?parent=1096"}],"curies":[{"name":"wp","href":"https:\/\/api.w.org\/{rel}","templated":true}]}}