{"id":1100,"date":"2018-05-25T13:27:26","date_gmt":"2018-05-25T11:27:26","guid":{"rendered":"http:\/\/www.netz-barrierefrei.de\/wordpress\/?page_id=1100"},"modified":"2019-09-21T06:59:52","modified_gmt":"2019-09-21T04:59:52","slug":"barrierefreiheit-in-drupal","status":"publish","type":"page","link":"https:\/\/www.netz-barrierefrei.de\/wordpress\/barrierefreie-redaktionssysteme-und-content-management-systeme-cms\/barrierefreiheit-in-drupal\/","title":{"rendered":"Barrierefreiheit in Drupal"},"content":{"rendered":"<p>Ein sehr barrierefreies System sowohl f\u00fcr den Output im Frontend als auch f\u00fcr die Redaktion im Backend ist Drupal. In diesem System sind fast alle Bereiche per Tastatur und f\u00fcr Blinde zug\u00e4nglich. F\u00fcr eine klassische barrierefreie Website w\u00e4re Drupal daher die erste Wahl. <\/p>\n<div id=\"ez-toc-container\" class=\"ez-toc-v2_0_82_2 counter-hierarchy ez-toc-counter ez-toc-white ez-toc-container-direction\">\n<div class=\"ez-toc-title-container\">\n<p class=\"ez-toc-title\" style=\"cursor:inherit\">Inhalt<\/p>\n<span class=\"ez-toc-title-toggle\"><a href=\"#\" class=\"ez-toc-pull-right ez-toc-btn ez-toc-btn-xs ez-toc-btn-default ez-toc-toggle\" aria-label=\"Toggle Table of Content\"><span class=\"ez-toc-js-icon-con\"><span class=\"\"><span class=\"eztoc-hide\" style=\"display:none;\">Toggle<\/span><span class=\"ez-toc-icon-toggle-span\"><svg style=\"fill: #999;color:#999\" xmlns=\"http:\/\/www.w3.org\/2000\/svg\" class=\"list-377408\" width=\"20px\" height=\"20px\" viewBox=\"0 0 24 24\" fill=\"none\"><path d=\"M6 6H4v2h2V6zm14 0H8v2h12V6zM4 11h2v2H4v-2zm16 0H8v2h12v-2zM4 16h2v2H4v-2zm16 0H8v2h12v-2z\" fill=\"currentColor\"><\/path><\/svg><svg style=\"fill: #999;color:#999\" class=\"arrow-unsorted-368013\" xmlns=\"http:\/\/www.w3.org\/2000\/svg\" width=\"10px\" height=\"10px\" viewBox=\"0 0 24 24\" version=\"1.2\" baseProfile=\"tiny\"><path d=\"M18.2 9.3l-6.2-6.3-6.2 6.3c-.2.2-.3.4-.3.7s.1.5.3.7c.2.2.4.3.7.3h11c.3 0 .5-.1.7-.3.2-.2.3-.5.3-.7s-.1-.5-.3-.7zM5.8 14.7l6.2 6.3 6.2-6.3c.2-.2.3-.5.3-.7s-.1-.5-.3-.7c-.2-.2-.4-.3-.7-.3h-11c-.3 0-.5.1-.7.3-.2.2-.3.5-.3.7s.1.5.3.7z\"\/><\/svg><\/span><\/span><\/span><\/a><\/span><\/div>\n<nav><ul class='ez-toc-list ez-toc-list-level-1 ' ><li class='ez-toc-page-1 ez-toc-heading-level-2'><a class=\"ez-toc-link ez-toc-heading-1\" href=\"https:\/\/www.netz-barrierefrei.de\/wordpress\/barrierefreie-redaktionssysteme-und-content-management-systeme-cms\/barrierefreiheit-in-drupal\/#Texte_und_Bilder\" >Texte und Bilder<\/a><\/li><li class='ez-toc-page-1 ez-toc-heading-level-2'><a class=\"ez-toc-link ez-toc-heading-2\" href=\"https:\/\/www.netz-barrierefrei.de\/wordpress\/barrierefreie-redaktionssysteme-und-content-management-systeme-cms\/barrierefreiheit-in-drupal\/#Module\" >Module<\/a><\/li><li class='ez-toc-page-1 ez-toc-heading-level-2'><a class=\"ez-toc-link ez-toc-heading-3\" href=\"https:\/\/www.netz-barrierefrei.de\/wordpress\/barrierefreie-redaktionssysteme-und-content-management-systeme-cms\/barrierefreiheit-in-drupal\/#Themes\" >Themes<\/a><\/li><li class='ez-toc-page-1 ez-toc-heading-level-2'><a class=\"ez-toc-link ez-toc-heading-4\" href=\"https:\/\/www.netz-barrierefrei.de\/wordpress\/barrierefreie-redaktionssysteme-und-content-management-systeme-cms\/barrierefreiheit-in-drupal\/#Weiterfuehrende_Infos\" >Weiterf\u00fchrende Infos<\/a><\/li><\/ul><\/nav><\/div>\n<h2><span class=\"ez-toc-section\" id=\"Texte_und_Bilder\"><\/span>Texte und Bilder<span class=\"ez-toc-section-end\"><\/span><\/h2>\n<p>Im Modus &#8222;Full HTML&#8220; sowie &#8222;Filtered HTML&#8220; lassen sich HTML-Tags direkt zur Textbearbeitung oder zum Einf\u00fcgen von Links einf\u00fcgen.<br \/>\nBilder k\u00f6nnen nach dem Hochladen verschoben sowie mit Beschreibungen versehen werden. Auch dies kann nach Wunsch mit dem Modul der Wahl oder direkt in HTML geschehen. <\/p>\n<h2><span class=\"ez-toc-section\" id=\"Module\"><\/span>Module<span class=\"ez-toc-section-end\"><\/span><\/h2>\n<p>Auch die Module, die ich bisher gesehen habe waren alle barrierefrei nutzbar.<\/p>\n<h2><span class=\"ez-toc-section\" id=\"Themes\"><\/span>Themes<span class=\"ez-toc-section-end\"><\/span><\/h2>\n<p>Die Drupal-eigenen Themes sind generell barrierefrei. Bei den Themes Dritter muss man selber pr\u00fcfen, ob sie zug\u00e4nglich sind oder nicht. Drupal stellt Informationen zur Verf\u00fcgung, was bei der Erstellung barrierefreier Themes beachtet werden sollte. <\/p>\n<h2><span class=\"ez-toc-section\" id=\"Weiterfuehrende_Infos\"><\/span>Weiterf\u00fchrende Infos<span class=\"ez-toc-section-end\"><\/span><\/h2>\n<ul>\n<li><a href=\"https:\/\/web.archive.org\/web\/20190805062921\/https:\/\/www.drupal.org\/about\/features\/accessibility\">Drupals Accessibility-Info-Seite<\/a><\/li>\n<li><a href=\"https:\/\/www.drupal.org\/project\/a11y\">Das Accessibility Toolkit bietet zus\u00e4tzliche Barrierefreiheits-Funktionen<\/a><\/li>\n<li><a href=\"https:\/\/www.drupal.org\/docs\/7\/theming\/creating-accessible-themes\">Creating accessible themes<\/a><\/li>\n<\/ul>\n","protected":false},"excerpt":{"rendered":"<p>Ein sehr barrierefreies System sowohl f\u00fcr den Output im Frontend als auch f\u00fcr die Redaktion im Backend ist Drupal. In diesem System sind fast alle&#8230;<\/p>\n<div class=\"more-link-wrapper\"><a class=\"more-link\" href=\"https:\/\/www.netz-barrierefrei.de\/wordpress\/barrierefreie-redaktionssysteme-und-content-management-systeme-cms\/barrierefreiheit-in-drupal\/\">Weiterlesen<span class=\"screen-reader-text\">Barrierefreiheit in Drupal<\/span><\/a><\/div>\n","protected":false},"author":1,"featured_media":0,"parent":1102,"menu_order":0,"comment_status":"closed","ping_status":"closed","template":"","meta":{"footnotes":""},"class_list":["post-1100","page","type-page","status-publish","hentry","entry"],"_links":{"self":[{"href":"https:\/\/www.netz-barrierefrei.de\/wordpress\/wp-json\/wp\/v2\/pages\/1100","targetHints":{"allow":["GET"]}}],"collection":[{"href":"https:\/\/www.netz-barrierefrei.de\/wordpress\/wp-json\/wp\/v2\/pages"}],"about":[{"href":"https:\/\/www.netz-barrierefrei.de\/wordpress\/wp-json\/wp\/v2\/types\/page"}],"author":[{"embeddable":true,"href":"https:\/\/www.netz-barrierefrei.de\/wordpress\/wp-json\/wp\/v2\/users\/1"}],"replies":[{"embeddable":true,"href":"https:\/\/www.netz-barrierefrei.de\/wordpress\/wp-json\/wp\/v2\/comments?post=1100"}],"version-history":[{"count":3,"href":"https:\/\/www.netz-barrierefrei.de\/wordpress\/wp-json\/wp\/v2\/pages\/1100\/revisions"}],"predecessor-version":[{"id":3310,"href":"https:\/\/www.netz-barrierefrei.de\/wordpress\/wp-json\/wp\/v2\/pages\/1100\/revisions\/3310"}],"up":[{"embeddable":true,"href":"https:\/\/www.netz-barrierefrei.de\/wordpress\/wp-json\/wp\/v2\/pages\/1102"}],"wp:attachment":[{"href":"https:\/\/www.netz-barrierefrei.de\/wordpress\/wp-json\/wp\/v2\/media?parent=1100"}],"curies":[{"name":"wp","href":"https:\/\/api.w.org\/{rel}","templated":true}]}}