{"id":1102,"date":"2018-05-25T13:32:31","date_gmt":"2018-05-25T11:32:31","guid":{"rendered":"http:\/\/www.netz-barrierefrei.de\/wordpress\/?page_id=1102"},"modified":"2019-05-27T17:05:23","modified_gmt":"2019-05-27T15:05:23","slug":"barrierefreie-redaktionssysteme-und-content-management-systeme-cms","status":"publish","type":"page","link":"https:\/\/www.netz-barrierefrei.de\/wordpress\/barrierefreie-redaktionssysteme-und-content-management-systeme-cms\/","title":{"rendered":"Barrierefreie Redaktionssysteme und Content Management Systeme (CMS)"},"content":{"rendered":"<p>Gr\u00f6\u00dfere Websites kommen heute kaum noch ohne ein professionelles Redaktionssystem aus. Dabei ist auch die Barrierefreiheit ein wichtiges Thema. Da behinderte Menschen nicht nur Inhalte ansehen, sondern auch bearbeiten wollen, sollten sowohl Frontend, also Output als auch Backend, also Input barrierefrei sein. In diesem Abschnitt gibt es einen kurzen \u00dcberblick zu barrierefreien Content Management Systemen. Ich bleibe dabei bei Open Source Systemen, da diese weiter verbreitet sind und zumindest die gro\u00dfen Systeme dynamisch weiter entwickelt werden. Mit ein paar wenigen Ausnahmen sind alle kommerziellen Redaktionssysteme nicht barrierefrei. Erfahrungsgem\u00e4\u00df wird bei CMS-Systemen besonders schlampig bez\u00fcglich der Barrierefreiheit gearbeitet. Ob es der Faulheit der Entwickler geschuldet ist, schli\u00dflich fallen hier schlampige Arbeitsweisen weniger auf als im Web oder ob es einfach Absicht ist, bleibt ein Geheimnis der Anbieter. Sind die Systeme nicht gezielt auf Barrierefreiheit hin entwickelt worden, sind sie sehr wahrscheinlich nicht f\u00fcr behinderte Menschen nutzbar und nur mit erheblichem Aufwand barrierefrei zu machen. Wir raten von solchen Systemen also generell ab. <\/p>\n","protected":false},"excerpt":{"rendered":"<p>Gr\u00f6\u00dfere Websites kommen heute kaum noch ohne ein professionelles Redaktionssystem aus. Dabei ist auch die Barrierefreiheit ein wichtiges Thema. Da behinderte Menschen nicht nur Inhalte&#8230;<\/p>\n<div class=\"more-link-wrapper\"><a class=\"more-link\" href=\"https:\/\/www.netz-barrierefrei.de\/wordpress\/barrierefreie-redaktionssysteme-und-content-management-systeme-cms\/\">Weiterlesen<span class=\"screen-reader-text\">Barrierefreie Redaktionssysteme und Content Management Systeme (CMS)<\/span><\/a><\/div>\n","protected":false},"author":1,"featured_media":0,"parent":0,"menu_order":0,"comment_status":"closed","ping_status":"closed","template":"","meta":{"footnotes":""},"class_list":["post-1102","page","type-page","status-publish","hentry","entry"],"_links":{"self":[{"href":"https:\/\/www.netz-barrierefrei.de\/wordpress\/wp-json\/wp\/v2\/pages\/1102","targetHints":{"allow":["GET"]}}],"collection":[{"href":"https:\/\/www.netz-barrierefrei.de\/wordpress\/wp-json\/wp\/v2\/pages"}],"about":[{"href":"https:\/\/www.netz-barrierefrei.de\/wordpress\/wp-json\/wp\/v2\/types\/page"}],"author":[{"embeddable":true,"href":"https:\/\/www.netz-barrierefrei.de\/wordpress\/wp-json\/wp\/v2\/users\/1"}],"replies":[{"embeddable":true,"href":"https:\/\/www.netz-barrierefrei.de\/wordpress\/wp-json\/wp\/v2\/comments?post=1102"}],"version-history":[{"count":3,"href":"https:\/\/www.netz-barrierefrei.de\/wordpress\/wp-json\/wp\/v2\/pages\/1102\/revisions"}],"predecessor-version":[{"id":1977,"href":"https:\/\/www.netz-barrierefrei.de\/wordpress\/wp-json\/wp\/v2\/pages\/1102\/revisions\/1977"}],"wp:attachment":[{"href":"https:\/\/www.netz-barrierefrei.de\/wordpress\/wp-json\/wp\/v2\/media?parent=1102"}],"curies":[{"name":"wp","href":"https:\/\/api.w.org\/{rel}","templated":true}]}}