{"id":1132,"date":"2018-06-06T13:11:20","date_gmt":"2018-06-06T11:11:20","guid":{"rendered":"http:\/\/www.netz-barrierefrei.de\/wordpress\/?page_id=1132"},"modified":"2024-02-15T18:29:09","modified_gmt":"2024-02-15T16:29:09","slug":"buch-einfuehrung-in-die-barrierefreiheit","status":"publish","type":"page","link":"https:\/\/www.netz-barrierefrei.de\/wordpress\/buch-einfuehrung-in-die-barrierefreiheit\/","title":{"rendered":"Buch: Barrierefreiheit einf\u00fchren und umsetzen"},"content":{"rendered":"<p><img loading=\"lazy\" decoding=\"async\" src=\"https:\/\/www.netz-barrierefrei.de\/wordpress\/wp-content\/uploads\/barrierefreiheit-umsetzen-188x300.jpg\" alt=\"Cover des Buches Barrierefreiheit umsetzen\" width=\"188\" height=\"300\" class=\"alignleft size-medium wp-image-1118\" srcset=\"https:\/\/www.netz-barrierefrei.de\/wordpress\/wp-content\/uploads\/barrierefreiheit-umsetzen-188x300.jpg 188w, https:\/\/www.netz-barrierefrei.de\/wordpress\/wp-content\/uploads\/barrierefreiheit-umsetzen.jpg 314w\" sizes=\"auto, (max-width: 188px) 100vw, 188px\" \/>Barrierefreiheit ist ein komplexes und anspruchsvolles Thema. Deswegen ist es wichtig, strategisch vorzugehen und die Projekte gut zu planen. Um Ihnen den Einstieg in die Barrierefreiheit und das Durchf\u00fchren von Barrierefreiheits-Projekten zu erleichtern, habe ich das Buch &#8222;Barrierefreiheit umsetzen&#8220; geschrieben. Es ist eine allgemeine Einf\u00fchrung in die Barrierefreiheit, unabh\u00e4ngig von bestimmten Bereichen. Wenn Sie sich also mit Barrierefreiheit allgemein besch\u00e4ftigen wollen und nicht mit speziellen Themen wie dem barrierefreien Internet oder dem barrierefreien Bauen, sollten Sie einen Blick in dieses Buch werfen. <a href=\"https:\/\/www.netz-barrierefrei.de\/wordpress\/qualifikationen\/buch-barrierefreies-internet\/\">Zum Buch zur digitalen Barrierefreiheit im Internet<\/a>.<br \/>\nNeben allgemeinen Informationen zur Barrierefreiheit finden Sie auch Argumentationshilfen, um Vorgesetzte und Kollegen von Barrierefreiheit zu \u00fcberzeugen.<br \/>\nAutor: Domingos de Oliveira<br \/>\nTitel: Barrierefreiheit umsetzen: Ein Leitfaden f\u00fcr Beh\u00f6rden, Unternehmen und NGOs<br \/>\nErschienen bei: Books on Demand 2018<br \/>\nUmfang: 112 Seiten<br \/>\nISBN: 978-3752834598<br \/>\nPreis: 19,99 Euro<br \/>\neBook: 9,99 Euro<br \/>\nErh\u00e4ltlich im Buchhandel<br \/>\n<a href=\"https:\/\/www.netz-barrierefrei.de\/wordpress\/wp-content\/uploads\/leseprobe-einfuerhung-barrierefreiheit.pdf\">Leseprobe zum Buch zur Einf\u00fchrung in die Barrierefreiheit als PDF<\/a><br \/>\n<a href=\"https:\/\/www.netz-barrierefrei.de\/wordpress\/barrierefreiheit-strategisch-umsetzen\/\">Linkliste zum Buch<\/a><\/p>\n","protected":false},"excerpt":{"rendered":"<p>Barrierefreiheit ist ein komplexes und anspruchsvolles Thema. Deswegen ist es wichtig, strategisch vorzugehen und die Projekte gut zu planen. Um Ihnen den Einstieg in die&#8230;<\/p>\n<div class=\"more-link-wrapper\"><a class=\"more-link\" href=\"https:\/\/www.netz-barrierefrei.de\/wordpress\/buch-einfuehrung-in-die-barrierefreiheit\/\">Weiterlesen<span class=\"screen-reader-text\">Buch: Barrierefreiheit einf\u00fchren und umsetzen<\/span><\/a><\/div>\n","protected":false},"author":1,"featured_media":0,"parent":0,"menu_order":0,"comment_status":"closed","ping_status":"closed","template":"","meta":{"footnotes":""},"class_list":["post-1132","page","type-page","status-publish","hentry","entry"],"_links":{"self":[{"href":"https:\/\/www.netz-barrierefrei.de\/wordpress\/wp-json\/wp\/v2\/pages\/1132","targetHints":{"allow":["GET"]}}],"collection":[{"href":"https:\/\/www.netz-barrierefrei.de\/wordpress\/wp-json\/wp\/v2\/pages"}],"about":[{"href":"https:\/\/www.netz-barrierefrei.de\/wordpress\/wp-json\/wp\/v2\/types\/page"}],"author":[{"embeddable":true,"href":"https:\/\/www.netz-barrierefrei.de\/wordpress\/wp-json\/wp\/v2\/users\/1"}],"replies":[{"embeddable":true,"href":"https:\/\/www.netz-barrierefrei.de\/wordpress\/wp-json\/wp\/v2\/comments?post=1132"}],"version-history":[{"count":19,"href":"https:\/\/www.netz-barrierefrei.de\/wordpress\/wp-json\/wp\/v2\/pages\/1132\/revisions"}],"predecessor-version":[{"id":8911,"href":"https:\/\/www.netz-barrierefrei.de\/wordpress\/wp-json\/wp\/v2\/pages\/1132\/revisions\/8911"}],"wp:attachment":[{"href":"https:\/\/www.netz-barrierefrei.de\/wordpress\/wp-json\/wp\/v2\/media?parent=1132"}],"curies":[{"name":"wp","href":"https:\/\/api.w.org\/{rel}","templated":true}]}}