{"id":1177,"date":"2018-07-09T18:00:40","date_gmt":"2018-07-09T16:00:40","guid":{"rendered":"http:\/\/www.netz-barrierefrei.de\/wordpress\/?page_id=1177"},"modified":"2021-06-12T19:51:20","modified_gmt":"2021-06-12T17:51:20","slug":"1177-2","status":"publish","type":"page","link":"https:\/\/www.netz-barrierefrei.de\/wordpress\/schulung-und-beratung\/1177-2\/","title":{"rendered":"Schulungen zur Barrierefreiheit"},"content":{"rendered":"<p><img loading=\"lazy\" decoding=\"async\" src=\"https:\/\/www.netz-barrierefrei.de\/wordpress\/wp-content\/uploads\/Schulung-300x266.jpg\" alt=\"Vier Figuren betrachten eine Tafel\" width=\"300\" height=\"266\" class=\"alignleft size-medium wp-image-348\" srcset=\"https:\/\/www.netz-barrierefrei.de\/wordpress\/wp-content\/uploads\/Schulung-300x266.jpg 300w, https:\/\/www.netz-barrierefrei.de\/wordpress\/wp-content\/uploads\/Schulung-768x681.jpg 768w, https:\/\/www.netz-barrierefrei.de\/wordpress\/wp-content\/uploads\/Schulung-1024x908.jpg 1024w, https:\/\/www.netz-barrierefrei.de\/wordpress\/wp-content\/uploads\/Schulung.jpg 1464w\" sizes=\"auto, (max-width: 300px) 100vw, 300px\" \/>Auf dieser Seite finden Sie alle Workshops, die ich aktuell anbiete. Alle Workshops k\u00f6nnen auch als Vortrag gebucht werden. Ein Vortrag dauert deutlich k\u00fcrzer, enth\u00e4lt aber weniger interaktive Elemente. Bei Vortr\u00e4gen ist die Zahl der TeilnehmerInnen nicht begrenzt.<br \/>\nSie wurden nicht f\u00fcndig? Fragen Sie mich gerne an, ich mache Ihnen ein auf Ihre Bed\u00fcrfnisse passendes Angebot aus diesem Themenspektrum. <\/p>\n<div id=\"ez-toc-container\" class=\"ez-toc-v2_0_82_2 counter-hierarchy ez-toc-counter ez-toc-white ez-toc-container-direction\">\n<div class=\"ez-toc-title-container\">\n<p class=\"ez-toc-title\" style=\"cursor:inherit\">Inhalt<\/p>\n<span class=\"ez-toc-title-toggle\"><a href=\"#\" class=\"ez-toc-pull-right ez-toc-btn ez-toc-btn-xs ez-toc-btn-default ez-toc-toggle\" aria-label=\"Toggle Table of Content\"><span class=\"ez-toc-js-icon-con\"><span class=\"\"><span class=\"eztoc-hide\" style=\"display:none;\">Toggle<\/span><span class=\"ez-toc-icon-toggle-span\"><svg style=\"fill: #999;color:#999\" xmlns=\"http:\/\/www.w3.org\/2000\/svg\" class=\"list-377408\" width=\"20px\" height=\"20px\" viewBox=\"0 0 24 24\" fill=\"none\"><path d=\"M6 6H4v2h2V6zm14 0H8v2h12V6zM4 11h2v2H4v-2zm16 0H8v2h12v-2zM4 16h2v2H4v-2zm16 0H8v2h12v-2z\" fill=\"currentColor\"><\/path><\/svg><svg style=\"fill: #999;color:#999\" class=\"arrow-unsorted-368013\" xmlns=\"http:\/\/www.w3.org\/2000\/svg\" width=\"10px\" height=\"10px\" viewBox=\"0 0 24 24\" version=\"1.2\" baseProfile=\"tiny\"><path d=\"M18.2 9.3l-6.2-6.3-6.2 6.3c-.2.2-.3.4-.3.7s.1.5.3.7c.2.2.4.3.7.3h11c.3 0 .5-.1.7-.3.2-.2.3-.5.3-.7s-.1-.5-.3-.7zM5.8 14.7l6.2 6.3 6.2-6.3c.2-.2.3-.5.3-.7s-.1-.5-.3-.7c-.2-.2-.4-.3-.7-.3h-11c-.3 0-.5.1-.7.3-.2.2-.3.5-.3.7s.1.5.3.7z\"\/><\/svg><\/span><\/span><\/span><\/a><\/span><\/div>\n<nav><ul class='ez-toc-list ez-toc-list-level-1 ' ><li class='ez-toc-page-1 ez-toc-heading-level-2'><a class=\"ez-toc-link ez-toc-heading-1\" href=\"https:\/\/www.netz-barrierefrei.de\/wordpress\/schulung-und-beratung\/1177-2\/#Barrierefreiheit_im_Internet_fuer_Redakteure\" >Barrierefreiheit im Internet f\u00fcr Redakteure<\/a><\/li><li class='ez-toc-page-1 ez-toc-heading-level-2'><a class=\"ez-toc-link ez-toc-heading-2\" href=\"https:\/\/www.netz-barrierefrei.de\/wordpress\/schulung-und-beratung\/1177-2\/#Barrierefreiheit_einfuehren_und_umsetzen\" >Barrierefreiheit einf\u00fchren und umsetzen<\/a><\/li><li class='ez-toc-page-1 ez-toc-heading-level-2'><a class=\"ez-toc-link ez-toc-heading-3\" href=\"https:\/\/www.netz-barrierefrei.de\/wordpress\/schulung-und-beratung\/1177-2\/#Barrierefreie_Webseiten_entwickeln\" >Barrierefreie Webseiten entwickeln<\/a><\/li><li class='ez-toc-page-1 ez-toc-heading-level-2'><a class=\"ez-toc-link ez-toc-heading-4\" href=\"https:\/\/www.netz-barrierefrei.de\/wordpress\/schulung-und-beratung\/1177-2\/#Barrierefreie_DokumentePDFs\" >Barrierefreie Dokumente\/PDFs<\/a><ul class='ez-toc-list-level-3' ><li class='ez-toc-heading-level-3'><a class=\"ez-toc-link ez-toc-heading-5\" href=\"https:\/\/www.netz-barrierefrei.de\/wordpress\/schulung-und-beratung\/1177-2\/#Erstellung_barrierefreier_Dokumente_mit_Microsoft_Office\" >Erstellung barrierefreier Dokumente mit Microsoft Office<\/a><\/li><li class='ez-toc-page-1 ez-toc-heading-level-3'><a class=\"ez-toc-link ez-toc-heading-6\" href=\"https:\/\/www.netz-barrierefrei.de\/wordpress\/schulung-und-beratung\/1177-2\/#Barrierefreie_Dokumente_mit_Word_und_Acrobat\" >Barrierefreie Dokumente mit Word und Acrobat<\/a><\/li><\/ul><\/li><li class='ez-toc-page-1 ez-toc-heading-level-2'><a class=\"ez-toc-link ez-toc-heading-7\" href=\"https:\/\/www.netz-barrierefrei.de\/wordpress\/schulung-und-beratung\/1177-2\/#Workshop_Einfuehrung_in_die_einfache_Sprache\" >Workshop Einf\u00fchrung in die einfache Sprache<\/a><\/li><\/ul><\/nav><\/div>\n<h2><span class=\"ez-toc-section\" id=\"Barrierefreiheit_im_Internet_fuer_Redakteure\"><\/span>Barrierefreiheit im Internet f\u00fcr Redakteure<span class=\"ez-toc-section-end\"><\/span><\/h2>\n<p>In diesem Workshop geht es darum, Inhalte wie Texte, Bilder oder Multimedia barrierefrei im Internet bereit zu stellen. Dabei geht es um Internet, Intranet und Social Media. Zielgruppe sind Web-Redakteure sowie Personen, die einen allgemeinen Einstieg in das Thema barrierefreies Internet suchen. Es sind keine Vorkenntnisse zur Teilnahme erforderlich.<br \/>\nDauer. 4 Stunden<br \/>\nTeilnehmerzahl: Maximal 12 Personen<\/p>\n<h2><span class=\"ez-toc-section\" id=\"Barrierefreiheit_einfuehren_und_umsetzen\"><\/span>Barrierefreiheit einf\u00fchren und umsetzen<span class=\"ez-toc-section-end\"><\/span><\/h2>\n<p>Dieser Workshop f\u00fchrt generell in die Barrierefreiheit ein. Es geht zun\u00e4chst darum, ein Verst\u00e4ndnis f\u00fcr die Barrierefreiheit zu entwickeln. Es wird au\u00dferdem gezeigt, wie Probleme bei der praktischen Umsetzung von Barrierefreiheit umgangen werden k\u00f6nnen.<br \/>\nDer Workshop ist geeignet f\u00fcr eine gemischte Teilnehmergruppe zum Beispiel mit Entscheidungstr\u00e4gern, Entwicklern, Redakteuren und anderen Interessenten. Es werden keine Grundkenntnisse der Barrierefreiheit voraus gesetzt.<br \/>\nDauer 4 Stunden<br \/>\nTeilnehmerzahl: Maximal 8 Personen<\/p>\n<h2><span class=\"ez-toc-section\" id=\"Barrierefreie_Webseiten_entwickeln\"><\/span>Barrierefreie Webseiten entwickeln<span class=\"ez-toc-section-end\"><\/span><\/h2>\n<p>Dieser Workshop richtet sich an Personen in der Web-Entwicklung, Konzeption und Design, die sich in die barrierefreie Webgestaltung einarbeiten m\u00f6chten. Themen sind zum Beispiel Web-Formulare, Seitenstrukturierung, aber auch Testing und Projektmanagement. Im Vordergrund steht dabei die Arbeit mit Code.<br \/>\nDer Workshop kann nicht alle Informationen zur barrierefreien Web-Entwicklung vermitteln. Vielmehr geht es darum, ein Basis-Wissen zu erlangen. Die TeilnehmerInnen sollen in die Lage versetzt werden, Probleme der Barrierefreiheit zu erkennen, zu verstehen und wenn n\u00f6tig selbst L\u00f6sungen zu recherchieren.<br \/>\nDie TeilnehmerInnen sollten \u00fcber solide Kenntnisse in HTML und CSS verf\u00fcgen.<br \/>\nJede\/r Teilnehmer\/in ben\u00f6tigt einen PC oder ein Notebook. Ein Zugang zum Internet ist sinnvoll, aber nicht erforderlich.<br \/>\nDauer: 7 Stunden inklusive Pausen<br \/>\nTeilnehmer: Maximal 8 Personen<\/p>\n<h2><span class=\"ez-toc-section\" id=\"Barrierefreie_DokumentePDFs\"><\/span>Barrierefreie Dokumente\/PDFs<span class=\"ez-toc-section-end\"><\/span><\/h2>\n<p>Diesen Workshop gibt es in zwei Ausf\u00fchrungen:<\/p>\n<h3><span class=\"ez-toc-section\" id=\"Erstellung_barrierefreier_Dokumente_mit_Microsoft_Office\"><\/span>Erstellung barrierefreier Dokumente mit Microsoft Office <span class=\"ez-toc-section-end\"><\/span><\/h3>\n<p>Der Schwerpunkt dieses Workshops liegt auf Word. Aber auch PowerPoint und Excel k\u00f6nnen behandelt werden.<br \/>\nAu\u00dferdem wird gezeigt, wie PDFs auf Barrierefreiheit gepr\u00fcft werden k\u00f6nnen.<br \/>\nF\u00fcr diesen Workshop sind keine Vorkenntnisse erforderlich.<br \/>\nDauer: 4 Stunden<br \/>\nTeilnehmer: Maximal 12 Personen<\/p>\n<h3><span class=\"ez-toc-section\" id=\"Barrierefreie_Dokumente_mit_Word_und_Acrobat\"><\/span>Barrierefreie Dokumente mit Word und Acrobat<span class=\"ez-toc-section-end\"><\/span><\/h3>\n<p>Dieser Workshop umfasst die Erstellung barrierefreier Dokumente mit Word und deren Nachbearbeitung mit Adobe Acrobat Professional. Auf Wunsch schulen wir auch in der Erstellung komplexer barrierefreier PDF-Brosch\u00fcren oder barrierefreier PDF-Formulare.<br \/>\nF\u00fcr diesen Workshop sind Vorkenntnisse mit barrierefreien Dokumenten oder im Umgang mit Adobe Acrobat Proffessional von Vorteil.<br \/>\nTeilnehmerzahl: Maximal 8 Personen<br \/>\nDauer: 7 Stunden inklusive Pausen<br \/>\nJeder\/r TeilnehmerIn ben\u00f6tigt in beiden Workshop-Typen einen PC oder ein Notebook mit den oben genannten Programmen. <\/p>\n<h2><span class=\"ez-toc-section\" id=\"Workshop_Einfuehrung_in_die_einfache_Sprache\"><\/span>Workshop Einf\u00fchrung in die einfache Sprache<span class=\"ez-toc-section-end\"><\/span><\/h2>\n<p>Die einfache Sprache soll Personen erreichen, die selten oder wenig lesen sowie Personen mit Lese-Rechtschreib-Schw\u00e4che oder anderen Lernst\u00f6rungen. Sie ist von der Leichten Sprache zu unterscheiden, die sich an Menschen mit Lernschwierigkeiten wendet.<br \/>\nDieser Workshop richtet sich an Verfasser von Texten: Redakteure, PR-Kr\u00e4fte und Text-Verantwortliche. Es sind keine Vorkenntnisse notwendig.<br \/>\nTeilnehmer: Maximal 8 Personen<br \/>\nDauer: 7 Stunden<\/p>\n","protected":false},"excerpt":{"rendered":"<p>Auf dieser Seite finden Sie alle Workshops, die ich aktuell anbiete. Alle Workshops k\u00f6nnen auch als Vortrag gebucht werden. Ein Vortrag dauert deutlich k\u00fcrzer, enth\u00e4lt&#8230;<\/p>\n<div class=\"more-link-wrapper\"><a class=\"more-link\" href=\"https:\/\/www.netz-barrierefrei.de\/wordpress\/schulung-und-beratung\/1177-2\/\">Weiterlesen<span class=\"screen-reader-text\">Schulungen zur Barrierefreiheit<\/span><\/a><\/div>\n","protected":false},"author":1,"featured_media":0,"parent":363,"menu_order":0,"comment_status":"closed","ping_status":"closed","template":"","meta":{"footnotes":""},"class_list":["post-1177","page","type-page","status-publish","hentry","entry"],"_links":{"self":[{"href":"https:\/\/www.netz-barrierefrei.de\/wordpress\/wp-json\/wp\/v2\/pages\/1177","targetHints":{"allow":["GET"]}}],"collection":[{"href":"https:\/\/www.netz-barrierefrei.de\/wordpress\/wp-json\/wp\/v2\/pages"}],"about":[{"href":"https:\/\/www.netz-barrierefrei.de\/wordpress\/wp-json\/wp\/v2\/types\/page"}],"author":[{"embeddable":true,"href":"https:\/\/www.netz-barrierefrei.de\/wordpress\/wp-json\/wp\/v2\/users\/1"}],"replies":[{"embeddable":true,"href":"https:\/\/www.netz-barrierefrei.de\/wordpress\/wp-json\/wp\/v2\/comments?post=1177"}],"version-history":[{"count":7,"href":"https:\/\/www.netz-barrierefrei.de\/wordpress\/wp-json\/wp\/v2\/pages\/1177\/revisions"}],"predecessor-version":[{"id":5587,"href":"https:\/\/www.netz-barrierefrei.de\/wordpress\/wp-json\/wp\/v2\/pages\/1177\/revisions\/5587"}],"up":[{"embeddable":true,"href":"https:\/\/www.netz-barrierefrei.de\/wordpress\/wp-json\/wp\/v2\/pages\/363"}],"wp:attachment":[{"href":"https:\/\/www.netz-barrierefrei.de\/wordpress\/wp-json\/wp\/v2\/media?parent=1177"}],"curies":[{"name":"wp","href":"https:\/\/api.w.org\/{rel}","templated":true}]}}