{"id":1330,"date":"2018-10-04T09:28:56","date_gmt":"2018-10-04T07:28:56","guid":{"rendered":"http:\/\/www.netz-barrierefrei.de\/wordpress\/?page_id=1330"},"modified":"2025-07-16T18:45:37","modified_gmt":"2025-07-16T16:45:37","slug":"welche-screenreader-blinde-verwenden","status":"publish","type":"page","link":"https:\/\/www.netz-barrierefrei.de\/wordpress\/hilfstechnik-und-mensch-maschine-interaktion\/screenreader-anleitung-nvda-fuer-sehende-und-entwickler\/welche-screenreader-blinde-verwenden\/","title":{"rendered":"Welche Screenreader verwenden Blinde?"},"content":{"rendered":"<p><iframe loading=\"lazy\" style=\"border: 0;\" src=\"https:\/\/digitale-barrierefreiheit.podigee.io\/61-neue-episode\/embed?context=external&amp;theme=default\" width=\"100%\" height=\"100\" frameborder=\"0\"><\/iframe><br \/>\nDa ich h\u00e4ufiger gefragt werde, welcher Screenreader unter Blinden am meisten verwendet wird, gehe ich an dieser Stelle auf diese Frage ein. Lesen Sie bitte auch meinen Beitrag: <a href=\"https:\/\/www.netz-barrierefrei.de\/wordpress\/warum-sie-als-sehender-nicht-mit-screenreadern-testen-sollten\/\">Warum Sehende nicht mit Screenreadern testen sollten<\/a>.Stand des Artikels ist Juli 2025.<br \/>\nValide offizielle Statistiken gibt es keine. Die einzige mir bekannte Erhebung ist jene <a href=\"https:\/\/webaim.org\/projects\/screenreadersurvey7\/\">von WebAIM<\/a>. Sie ist aber nicht repr\u00e4sentativ, weil sie vor allem den anglo-amerikanischen Sprachraum erreicht. Au\u00dferdem werden die Nutzerinnen eines bestimmten Screenreaders von dessen Anbieter gezielt aufgefordert, an der Umfrage teilzunehmen. Bei wenigen hundert Antworten verzerrt das die Ergebnisse deutlich. Meines Erachtens ist die Zahl der Jaws-Nutzerinnen im Verh\u00e4ltnis zu NVDA verzerrt. Jaws ist au\u00dferhalb Nordamerikas sehr teuer und f\u00fcr die meisten Blinden nicht bezahlbar. Jaws wird au\u00dferdem wegen seiner Preispolitik au\u00dferhalb der USA kritisiert. Es bittet f\u00fcr jedes gr\u00f6\u00dfere Update, also auch f\u00fcr Bugfixes, zur Kasse.<br \/>\nIn Deutschland gibt es aktuell drei gro\u00dfe Systeme unter Windows: Jaws, NVDA und den Narrator, der aber erst seit Windows 10 mehr als rudiment\u00e4r ist.<br \/>\nDaneben gibt es VoiceOver auf dem Mac, der unter Blinden wie es scheint \u00e4hnlich verbreitet ist wie unter Sehenden. Der Marktanteil liegt bei Blinden bei ca. 10 Prozent.<br \/>\nUnter Linux gibt es verschiedene Hilfstechnologien. Orca ist sicherlich der wichtigste, aber nicht der einzige Screenreader. Auch hier ist der Anteil der blinden Nutzerinnen \u00e4hnlich wie unter Sehenden, also sehr gering. Anders als Sehende m\u00fcssen sich Blinde nicht nur mit der grafischen Bedien-Oberfl\u00e4che, sondern auch mit den Eigenheiten der Screenreader-Bedienung besch\u00e4ftigen, was den Ein- oder Umstieg teils schwierig macht.<br \/>\n\u00dcbersichtlicher ist die Situation unter mobilen Betriebssystemen. Auf iOS gibt es nur VoiceOver. Auf Android gibt es TalkBack, Voiceview auf Amazon-Ger\u00e4ten sowie den Samsung-Screenreader auf Samsung-Ger\u00e4ten. TalkBack ist hier das einzige System, was konsequent weiter entwickelt umd am meisten genutzt wird. Tats\u00e4chlich sind VoiceView und der Samsung Screenreader Forks von Talkback. Der Samsung Screenreader wird nicht mehr weiterentwickelt, Samsung setzt stattdessen auf Talkback. Samsungs Talkback ist ein wenig anders implementiert, da Samsung seine eigene Strategie f\u00e4hrt. Es gibt noch zumindest einen Screenreader aus China, der zwar auch auf Deutsch verf\u00fcgbar ist, aber zumindest global keine Rolle spielt. Wenn Sie mit Talkback testen m\u00f6chten, sind die Ger\u00e4te mit m\u00f6glichst nacktem Android, etwa von Google zu empfehlen.<br \/>\nBlinde in Deutschland und weiteren wohlhabenden L\u00e4ndern sind \u00fcberwiegen iOS-Nutzer. Die Zahl Blinder, die TalkBack parallel mit iOS oder als einziges System verwenden, w\u00fcrde ich auf ein paar tausend in Deutschland und ein paar 10.000 weltweit sch\u00e4tzen, ein Bruchteil der blinden iOS-Nutzerinnen. Weil Apple-Ger\u00e4te au\u00dferhalb des Westens kaum erschwinglich sind und Apple eine eigenwillige Politik f\u00e4hrt, was die Unterst\u00fctzung weniger weit verbreiteter Sprachen angeht, mag es in L\u00e4ndern mit geringerem Einkommen anders aussehen.<br \/>\nAuf dem Desktop hat es in den letzten Jahren f\u00fcnf gr\u00f6\u00dfere Umw\u00e4lzungen gegeben:<\/p>\n<ul>\n<li>Der Eintritt des Open-Source-Screenreaders NVDA auf der Windows-Plattform.<\/li>\n<li>Das Aufkommen des Screenreaders VoiceOver auf dem Mac.<\/li>\n<li>Das Kostenlos-Werden und anschlie\u00dfende Verschwinden von Window Eyes. Window Eyes wurde vom Jaws-Mutterkonzern aufgekauft, der es dann vom Markt genommen hat.<\/li>\n<li>Die Insolvenz der Firma Baum und das damit verbundene Ende des Screenreaders Cobra. Cobra hatte einen gewissen Marktanteil in Deutschland, wurde aber ausschlie\u00dflich von der Firma Baum entwickelt.<\/li>\n<li>Die stetige Weiterentwicklung des Screenreader Narrator unter Windows 10 und 11.<\/li>\n<\/ul>\n<p>Das Ende von Window Eyes und Cobra hat dem ansonsten schw\u00e4chelden Jaws vor allem im Bereich Arbeit wieder erhebliche Marktanteile gebracht. Bei vielen Organisationen ist es nicht erlaub, Open-Source-Systeme wie NVDA zu nutzen. Blinde sind oft auch technik-Konservativ und bevorzugen die vermeintlich sicherere Variante mit Jaws.<br \/>\nIm angloamerikanischen Bereich sind die Screenreader System Access und Dolhin von gewisser Bedeutung, spielen aber in Deutschland keine Rolle. Viele Blinde arbeiten im \u00f6ffentlichen Dienst, also sehr wahrscheinlich mit Windows, daher spielt auch Mac VoiceOver kaum eine Rolle.<br \/>\nIm privaten Bereich d\u00fcrfte die Sache differenzierter aussehen: Jaws durch die Krankenkasse finanziert zu bekommen ist nach wie vor schwierig. Deshalb spielt NVDA hier eine gr\u00f6\u00dfere Rolle.<br \/>\nViele typische Aufgaben, die fr\u00fcher am PC erledigt worden w\u00e4ren k\u00f6nnen heute mit einem Smartphone oder Tablet oft einfacher gemacht werden. iPads und iPhones d\u00fcrften also dem klassischen Notebook oder Desktop-PC im privaten Bereich den Rang abgelaufen haben.<br \/>\nIch kenne bisher keinen Blinden, der Narrator als ersten oder einzigen Screenreader unter Windows 10 oder 11 verwendet.<br \/>\nIn absoluten Zahlen und system-unabh\u00e4ngig betrachtet d\u00fcrfte VoiceOver auf iOS der eindeutige Marktf\u00fchrer unter den Screenreadern im Westen sein. F\u00fcr viele Blinde sind iPhone und iPad das first und oft auch only device, Bei Smartphones und Tablets dominiert iOS VoiceOver den Markt f\u00fcr Blinde.<br \/>\nAuf dem Desktop d\u00fcrften sich Jaws und NVDA ungef\u00e4hr die Waage halten. Jaws ist dominant im Bereich Arbeit, NVDA im Privat-Bereich.<br \/>\nDer Mac hat einen gewissen Marktanteil, spielt aber meines Erachtens keine Schl\u00fcsselrolle. Der Narrator ist wegen mangelnder Entwicklung ein absolutes Nischen-Produkt.<br \/>\nJaws-Nutzer sind oft mit veralteten Systemen unterwegs. Die Update-Politik von Jaws ist \u00e4u\u00dferst fragw\u00fcrdig und f\u00fcr die Nutzer recht kostspielig &#8211; zumindest au\u00dferhalb der USA, siehe auch <a href=\"https:\/\/www.netz-barrierefrei.de\/wordpress\/ist-jaws-besser-als-nvda-screenreader-wars\/\">Ist Jaws besser als NVDA<\/a>.<br \/>\nWer also mit Screenreadern testen will, sollte VoiceOver auf iOS und NVDA unter Windows verwenden. Eine Jaws-Lizenz f\u00fcr Testzwecke zu kaufen halte ich f\u00fcr sinnfrei. Allerdings gibt es auch eine Jaws-Demo, die jeweils 30 Minuten lauff\u00e4hig ist. Danach muss der PC neu gestartet werden, um die Demo ererneut zu verwenden.<br \/>\nGenerell nehmen die Unterschiede zwischen den einzelnen Screenreadern ab, was den Support von Web- und PDF-Strukturen angeht. Der gro\u00dfe Vorteil von Jaws ist bzw. war der relativ gute Support f\u00fcr Desktop-Anwendungen: Wenn Anwendungen nicht barrierefrei programmiert sind, k\u00f6nnen Skripte helfen und Jaws hat eine ganze Menge davon an Bord. Diese spielen aber f\u00fcr Web-Anwendungen keine so gro\u00dfe Rolle. Deswegen hat Jaws an Relevvanz verloren. NVDA dagegen bringt zahlreiche kostenlose nachinstallierbare Anpassungen mit, die es f\u00fcr viele Aufgaben optimiert.<br \/>\nDurch die neue Browser-Vielfalt wird es jedoch schwieriger, da es h\u00e4ufig auf die <a href=\"https:\/\/www.netz-barrierefrei.de\/wordpress\/barrierefreies-internet\/formen-von-einschraenkungen\/welche-browser-blinde-nutzen\/\">Kombination Browser und Screenreader ankommt<\/a>, ob etwas funktioniert oder nicht. Deswegen lautet die Empfehlung, sich an g\u00e4ngige Standards bei der Web-entwicklung zu halten. NVDA h\u00e4lt sich eher an die Standards als Jaws.<br \/>\nWenn Sie eine <a href=\"https:\/\/www.silta.ai\/NVDA-in-der-Praxis\">Screenreader-Schulung f\u00fcr Sehende und Entwickler ben\u00f6tigen, nehmen Sie gerne Kontakt mit Silta<\/a> auf.<\/p>\n<h2>Weiterlesen<\/h2>\n<ul>\n<li><a href=\"https:\/\/www.netz-barrierefrei.de\/wordpress\/barrierefreies-internet\/entwicklung-und-design\/wird-hilfstechnik-eingesetzt\/\">Kann ich erkennen, ob ein Website-Besucher einen Screenreader nutzt?<\/a><\/li>\n<li><a href=\"https:\/\/www.netz-barrierefrei.de\/wordpress\/screenreader-microsoft-narrator-eine-anleitung-fuer-sehende\/\">Anleitung f\u00fcr Windows Narrator<\/a><\/li>\n<li><a href=\"https:\/\/www.netz-barrierefrei.de\/wordpress\/barrierefreies-internet\/barrierefreiheit-von-webseiten-testen\/webseiten-mit-android-talkback-auf-barrierefreiheit-testen\/\">Talkback auf Android f\u00fcr Sehende<\/a><\/li>\n<li><a href=\"https:\/\/www.netz-barrierefrei.de\/wordpress\/webseiten-und-apps-mit-voiceover-auf-ios-testen\/\">VoiceOver auf iOS f\u00fcr Sehende<\/a><\/li>\n<li><a href=\"https:\/\/netz-barrierefrei.de\/en\/sr.html\">Should sighted persons test with screenreaders<\/a><\/li>\n<li><a href=\"https:\/\/netz-barrierefrei.de\/en\/screenreader-in-use.html\">Which screen readers do blind people use?<\/a><\/li>\n<\/ul>\n","protected":false},"excerpt":{"rendered":"<p>Da ich h\u00e4ufiger gefragt werde, welcher Screenreader unter Blinden am meisten verwendet wird, gehe ich an dieser Stelle auf diese Frage ein. Lesen Sie bitte&#8230;<\/p>\n<div class=\"more-link-wrapper\"><a class=\"more-link\" href=\"https:\/\/www.netz-barrierefrei.de\/wordpress\/hilfstechnik-und-mensch-maschine-interaktion\/screenreader-anleitung-nvda-fuer-sehende-und-entwickler\/welche-screenreader-blinde-verwenden\/\">Weiterlesen<span class=\"screen-reader-text\">Welche Screenreader verwenden Blinde?<\/span><\/a><\/div>\n","protected":false},"author":1,"featured_media":0,"parent":917,"menu_order":0,"comment_status":"closed","ping_status":"closed","template":"","meta":{"footnotes":""},"class_list":["post-1330","page","type-page","status-publish","hentry","entry"],"_links":{"self":[{"href":"https:\/\/www.netz-barrierefrei.de\/wordpress\/wp-json\/wp\/v2\/pages\/1330","targetHints":{"allow":["GET"]}}],"collection":[{"href":"https:\/\/www.netz-barrierefrei.de\/wordpress\/wp-json\/wp\/v2\/pages"}],"about":[{"href":"https:\/\/www.netz-barrierefrei.de\/wordpress\/wp-json\/wp\/v2\/types\/page"}],"author":[{"embeddable":true,"href":"https:\/\/www.netz-barrierefrei.de\/wordpress\/wp-json\/wp\/v2\/users\/1"}],"replies":[{"embeddable":true,"href":"https:\/\/www.netz-barrierefrei.de\/wordpress\/wp-json\/wp\/v2\/comments?post=1330"}],"version-history":[{"count":35,"href":"https:\/\/www.netz-barrierefrei.de\/wordpress\/wp-json\/wp\/v2\/pages\/1330\/revisions"}],"predecessor-version":[{"id":10139,"href":"https:\/\/www.netz-barrierefrei.de\/wordpress\/wp-json\/wp\/v2\/pages\/1330\/revisions\/10139"}],"up":[{"embeddable":true,"href":"https:\/\/www.netz-barrierefrei.de\/wordpress\/wp-json\/wp\/v2\/pages\/917"}],"wp:attachment":[{"href":"https:\/\/www.netz-barrierefrei.de\/wordpress\/wp-json\/wp\/v2\/media?parent=1330"}],"curies":[{"name":"wp","href":"https:\/\/api.w.org\/{rel}","templated":true}]}}