{"id":1651,"date":"2019-03-13T11:40:06","date_gmt":"2019-03-13T09:40:06","guid":{"rendered":"http:\/\/www.netz-barrierefrei.de\/wordpress\/?page_id=1651"},"modified":"2023-06-10T17:59:00","modified_gmt":"2023-06-10T15:59:00","slug":"emojis","status":"publish","type":"page","link":"https:\/\/www.netz-barrierefrei.de\/wordpress\/barrierefreies-web-2-0-ein-leitfaden-zu-social-media-und-behinderung\/emojis\/","title":{"rendered":"Barrierefreiheit von Emojis"},"content":{"rendered":"<p><iframe loading=\"lazy\" src=\"https:\/\/digitale-barrierefreiheit.podigee.io\/79-wie-barrierefrei-sind-emojis\/embed?context=external&#038;theme=default\" style=\"border: 0\" frameBorder=\"0\" height=\"100\" width=\"100%\"><\/iframe><br \/>\nEmojis und andere bunte Bildchen sind aus der digitalen Kommunikation kaum wegzudenken. Im Folgenden wollen wir uns damit besch\u00e4ftigen, wie barrierefrei sie sind.<\/p>\n<div id=\"ez-toc-container\" class=\"ez-toc-v2_0_82_2 counter-hierarchy ez-toc-counter ez-toc-white ez-toc-container-direction\">\n<div class=\"ez-toc-title-container\">\n<p class=\"ez-toc-title\" style=\"cursor:inherit\">Inhalt<\/p>\n<span class=\"ez-toc-title-toggle\"><a href=\"#\" class=\"ez-toc-pull-right ez-toc-btn ez-toc-btn-xs ez-toc-btn-default ez-toc-toggle\" aria-label=\"Toggle Table of Content\"><span class=\"ez-toc-js-icon-con\"><span class=\"\"><span class=\"eztoc-hide\" style=\"display:none;\">Toggle<\/span><span class=\"ez-toc-icon-toggle-span\"><svg style=\"fill: #999;color:#999\" xmlns=\"http:\/\/www.w3.org\/2000\/svg\" class=\"list-377408\" width=\"20px\" height=\"20px\" viewBox=\"0 0 24 24\" fill=\"none\"><path d=\"M6 6H4v2h2V6zm14 0H8v2h12V6zM4 11h2v2H4v-2zm16 0H8v2h12v-2zM4 16h2v2H4v-2zm16 0H8v2h12v-2z\" fill=\"currentColor\"><\/path><\/svg><svg style=\"fill: #999;color:#999\" class=\"arrow-unsorted-368013\" xmlns=\"http:\/\/www.w3.org\/2000\/svg\" width=\"10px\" height=\"10px\" viewBox=\"0 0 24 24\" version=\"1.2\" baseProfile=\"tiny\"><path d=\"M18.2 9.3l-6.2-6.3-6.2 6.3c-.2.2-.3.4-.3.7s.1.5.3.7c.2.2.4.3.7.3h11c.3 0 .5-.1.7-.3.2-.2.3-.5.3-.7s-.1-.5-.3-.7zM5.8 14.7l6.2 6.3 6.2-6.3c.2-.2.3-.5.3-.7s-.1-.5-.3-.7c-.2-.2-.4-.3-.7-.3h-11c-.3 0-.5.1-.7.3-.2.2-.3.5-.3.7s.1.5.3.7z\"\/><\/svg><\/span><\/span><\/span><\/a><\/span><\/div>\n<nav><ul class='ez-toc-list ez-toc-list-level-1 ' ><li class='ez-toc-page-1 ez-toc-heading-level-2'><a class=\"ez-toc-link ez-toc-heading-1\" href=\"https:\/\/www.netz-barrierefrei.de\/wordpress\/barrierefreies-web-2-0-ein-leitfaden-zu-social-media-und-behinderung\/emojis\/#Generelle_Hinweise\" >Generelle Hinweise<\/a><\/li><li class='ez-toc-page-1 ez-toc-heading-level-2'><a class=\"ez-toc-link ez-toc-heading-2\" href=\"https:\/\/www.netz-barrierefrei.de\/wordpress\/barrierefreies-web-2-0-ein-leitfaden-zu-social-media-und-behinderung\/emojis\/#Blinde\" >Blinde<\/a><ul class='ez-toc-list-level-3' ><li class='ez-toc-heading-level-3'><a class=\"ez-toc-link ez-toc-heading-3\" href=\"https:\/\/www.netz-barrierefrei.de\/wordpress\/barrierefreies-web-2-0-ein-leitfaden-zu-social-media-und-behinderung\/emojis\/#Wo_kommen_die_Beschreibungen_her\" >Wo kommen die Beschreibungen her?<\/a><\/li><li class='ez-toc-page-1 ez-toc-heading-level-3'><a class=\"ez-toc-link ez-toc-heading-4\" href=\"https:\/\/www.netz-barrierefrei.de\/wordpress\/barrierefreies-web-2-0-ein-leitfaden-zu-social-media-und-behinderung\/emojis\/#Tipps\" >Tipps<\/a><\/li><\/ul><\/li><li class='ez-toc-page-1 ez-toc-heading-level-2'><a class=\"ez-toc-link ez-toc-heading-5\" href=\"https:\/\/www.netz-barrierefrei.de\/wordpress\/barrierefreies-web-2-0-ein-leitfaden-zu-social-media-und-behinderung\/emojis\/#Sehbehinderte\" >Sehbehinderte<\/a><\/li><li class='ez-toc-page-1 ez-toc-heading-level-2'><a class=\"ez-toc-link ez-toc-heading-6\" href=\"https:\/\/www.netz-barrierefrei.de\/wordpress\/barrierefreies-web-2-0-ein-leitfaden-zu-social-media-und-behinderung\/emojis\/#Emojis_fuer_Menschen_mit_Lernstoerung\" >Emojis f\u00fcr Menschen mit Lernst\u00f6rung<\/a><\/li><li class='ez-toc-page-1 ez-toc-heading-level-2'><a class=\"ez-toc-link ez-toc-heading-7\" href=\"https:\/\/www.netz-barrierefrei.de\/wordpress\/barrierefreies-web-2-0-ein-leitfaden-zu-social-media-und-behinderung\/emojis\/#Lernbehinderungengeistige_Behinderungen\" >Lernbehinderungen\/geistige Behinderungen<\/a><\/li><li class='ez-toc-page-1 ez-toc-heading-level-2'><a class=\"ez-toc-link ez-toc-heading-8\" href=\"https:\/\/www.netz-barrierefrei.de\/wordpress\/barrierefreies-web-2-0-ein-leitfaden-zu-social-media-und-behinderung\/emojis\/#Autisten_und_Asperger\" >Autisten und Asperger<\/a><\/li><li class='ez-toc-page-1 ez-toc-heading-level-2'><a class=\"ez-toc-link ez-toc-heading-9\" href=\"https:\/\/www.netz-barrierefrei.de\/wordpress\/barrierefreies-web-2-0-ein-leitfaden-zu-social-media-und-behinderung\/emojis\/#Gehoerlose\" >Geh\u00f6rlose<\/a><\/li><li class='ez-toc-page-1 ez-toc-heading-level-2'><a class=\"ez-toc-link ez-toc-heading-10\" href=\"https:\/\/www.netz-barrierefrei.de\/wordpress\/barrierefreies-web-2-0-ein-leitfaden-zu-social-media-und-behinderung\/emojis\/#Emojis_und_die_unterschiedlichen_Plattformen\" >Emojis und die unterschiedlichen Plattformen<\/a><\/li><\/ul><\/nav><\/div>\n<h2><span class=\"ez-toc-section\" id=\"Generelle_Hinweise\"><\/span>Generelle Hinweise<span class=\"ez-toc-section-end\"><\/span><\/h2>\n<p>Kommunizieren Sie mit einem Individuum, deren Behinderung Ihnen bekannt ist oder in einer \u00fcberschaubaren Gruppe, dann fragen Sie einfach die pers\u00f6nlichen Pr\u00e4ferenzen ab. Die Vorlieben bei Autisten, Blinden oder Sehbehinderten sind von Person zu Person unterschiedlich und k\u00f6nnen hier nur allgemein abgehandelt werden.<br \/>\nEin Grundsatz gilt allerdings ausnahmslos: Verzichten Sie am besten ganz auf Ironie, diese wird innerhalb einer Gruppe fast immer von einer Person nicht verstanden, insbesondere, wenn die Ironie durch ein Emoji oder \u00e4hnliches angedeutet wird. Daher auch der Hinweis, auf Emoji-Ketten zu verzichten, die sich gegenseitig widersprechen. Was soll es mir sagen, wenn jemand ein lachendes und ein trauriges Gesicht hintereinander postet? Ist er fr\u00f6hlich, traurig, war seine Aussage lustig oder negativ gemeint?<br \/>\nGenerell raten wir von der Verwendung geh\u00e4ufter und sich gegenseitig widersprechender Emojis ab. Bedenken Sie auch, dass Inhalte bevorzugt auf mobilen Ger\u00e4ten genutzt und dort eventuell schon wegen ihrer geringen Gr\u00f6\u00dfe nicht erkannt werden. <\/p>\n<h2><span class=\"ez-toc-section\" id=\"Blinde\"><\/span>Blinde<span class=\"ez-toc-section-end\"><\/span><\/h2>\n<p>Blinde verwenden nat\u00fcrlich Emojis. Emojis dominieren vor allem in sozialen Netzwerken und in Chat-Apps wie WhatsApp. Dort werden sie auch von Blinden eingesetzt. Das ginge nat\u00fcrlich nicht, wenn sie nicht auch vorgelesen w\u00fcrden.<br \/>\nDie Emojis werden teils exzessiv beschrieben:<br \/>\n\u201eKlatschende Hand mit heller Hautfarbe\u201c<br \/>\n\u201eGesicht mit Brille und Hasenz\u00e4hnen\u201c<br \/>\n\u201eL\u00e4chelndes Gesicht mit zusammengekniffenen Augen\u201c<br \/>\nBei den in iOS und Android integrierten Emoji-Tastaturen werden zu den einzelnen Emojis vorgelesen. Bei Emojis, die von anderen Tastaturen stammen, kann es sein, dass sie nicht vorgelesen werden.<br \/>\nAuf dem Desktop-PC werden Emojis standardm\u00e4\u00dfig vorgelesen. Dies l\u00e4sst sich jedoch im Screenreader abschalten. Das Schreiben von Emojis ist auf dem PC mit Bordmitteln jedoch bisher kompliziert und wird von Blinden meistens unterlassen. <\/p>\n<h3><span class=\"ez-toc-section\" id=\"Wo_kommen_die_Beschreibungen_her\"><\/span>Wo kommen die Beschreibungen her? <span class=\"ez-toc-section-end\"><\/span><\/h3>\n<p>Wichtig zu wissen ist, dass die Beschreibungen <a href=http:\/\/www.typografie.info\/3\/artikel.htm\/wissen\/unicode-emoji-deutsch\/\">vom Unicode-Konsortium stammen<\/a> und damit quasi allgemeinen Charakter haben. Theoretisch k\u00f6nnen die Hersteller der Tastaturen allerdings auch eigene Beschreibungen integrieren. Sie w\u00fcrden allerdings nur innerhalb des eigenen \u00d6kosystems funktionieren. Schreibe ich von einem Apple-Ger\u00e4t an einen blinden Android-Nutzer, kommt bei ihm eventuell eine andere Beschreibung an.<br \/>\nDas hei\u00dft aber auch, dass Emojis, die nicht Teil des Unicode-Standards sind auch nicht beschrieben werden. Man kann zwar in den Tastaturen Beschreibungen hinterlegen. Diese werden aber nicht vorgelesen, wenn die Emojis ins Textfeld eingef\u00fcgt werden. Der Empf\u00e4nger kriegt sie schon gar nicht vorgelesen, selbst wenn er die gleiche Tastatur wie der Absender installiert hat. So etwas wie einen Alternativtext f\u00fcr Emojis gibt es nicht. <\/p>\n<h3><span class=\"ez-toc-section\" id=\"Tipps\"><\/span>Tipps<span class=\"ez-toc-section-end\"><\/span><\/h3>\n<p>Wenn ihr mit Blinden kommuniziert, solltet ihr vor allem die H\u00e4ufung von Emojis vermeiden. Ihr habt die Beschreibungen oben gesehen. Stellt euch vor, ihr kriegt so etwas zehn oder 20 Mal innerhalb einer Nachricht vorgelesen. Die Nachricht wird k\u00fcnstlich aufgebl\u00e4ht und f\u00fcr uns ist es schwierig, solche Texte zu \u00fcberspringen. Generell spricht aber nichts gegen deren Einsatz in der privaten Kommunikation. <\/p>\n<h2><span class=\"ez-toc-section\" id=\"Sehbehinderte\"><\/span>Sehbehinderte<span class=\"ez-toc-section-end\"><\/span><\/h2>\n<p>Je nach Sehkraft werden Emojis ganz unterschiedlich genutzt. Da sie prim\u00e4r auf den Smartphones verwendet werden, ist die Sehkraft entscheidend daf\u00fcr, dass Emojis richtig erkannt werden. Es dominieren wenige bekannte Emojis sowohl bei der Nutzung als auch bei dem, was die Sehbehinderten erkennen k\u00f6nnen.<br \/>\nJe exotischer oder komplexer ein Emoji ist, desto wahrscheinlicher ist es, dass ein Sehbehinderter es nicht erkennen wird. Gerade die Details wie Mimik oder verdrehte Augen sind schwierig zu erkennen. Wie Sehende auch werden Sehbehinderte auch nicht mehr Zeit als n\u00f6tig verbringen, die Emojis zu entschl\u00fcsseln. Deshalb auch hier die Empfehlung, eher auf bekannte, auf wenige und gut erkennbare Emojis zu setzen. <\/p>\n<h2><span class=\"ez-toc-section\" id=\"Emojis_fuer_Menschen_mit_Lernstoerung\"><\/span>Emojis f\u00fcr Menschen mit Lernst\u00f6rung<span class=\"ez-toc-section-end\"><\/span><\/h2>\n<p>F\u00fcr Menschen mit Lernst\u00f6rung k\u00f6nnen Emojis Texte verst\u00e4ndlicher machen. Sie k\u00f6nnen leichter und intuitiver erkannt werden als umf\u00e4ngliche Texte. Wichtig ist allerdings, dass sie zweckm\u00e4\u00dfig eingesetzt werden. Es kann passieren, dass nur die Emojis und nicht der umgebende Text wahrgenommen werden. Eine H\u00e4ufung von Emojis wie in der privaten Kommunikation \u00fcblich kann dann eher verwirren als helfen. Au\u00dferdem sollten sich die Emojis bzw. deren Aussagen nicht gegenseitig widersprechen. <\/p>\n<h2><span class=\"ez-toc-section\" id=\"Lernbehinderungengeistige_Behinderungen\"><\/span>Lernbehinderungen\/geistige Behinderungen<span class=\"ez-toc-section-end\"><\/span><\/h2>\n<p>Bei Personen mit geistiger Behinderung ist eine generelle Aussage zur Zug\u00e4nglichkeit von Emojis schwierig. Zwar sind sie mit der Informationsaufnahme aus Grafiken vertraut. Andererseits gibt es mittlerweile mehrere tausend Emojis, die teils komplex oder nicht eindeutig sind. Die g\u00e4ngigen Emojis, wie sie t\u00e4glich \u00fcberall zu finden sind sowie Emojis, die keine Interpretation erfordern sollten aber verstanden werden.<\/p>\n<h2><span class=\"ez-toc-section\" id=\"Autisten_und_Asperger\"><\/span>Autisten und Asperger<span class=\"ez-toc-section-end\"><\/span><\/h2>\n<p>Zum Thema Autismus muss man wissen, dass jede Form von Ablenkung als st\u00f6rend empfunden werden kann. Dazu geh\u00f6ren in einem Flie\u00dftext leider auch Emojis. M\u00f6chten Sie speziell Menschen mit Autismus erreichen, w\u00fcrde ich generell vom Einsatz von Emojis abraten. Gerade in ihrer H\u00e4ufung und Farbigkeit sind sie ein Element der St\u00f6rung.<br \/>\nUnd wie oben beschrieben sind sie vor allem dann problematisch, wenn sie widerspr\u00fcchlich sind. Ironie und Sarkasmus sind im Internet generell zu vermeiden. <\/p>\n<h2><span class=\"ez-toc-section\" id=\"Gehoerlose\"><\/span>Geh\u00f6rlose<span class=\"ez-toc-section-end\"><\/span><\/h2>\n<p>Da Geh\u00f6rlose in der Regel eine visuelle Kommunikation bevorzugen, sollten ihnen die Emojis grunds\u00e4tzlich zugute kommen. Wie immer gilt aber, dass sie kommunikativ eindeutig sein sollten. Und wenn sie einen ohnehin schwerverst\u00e4ndlichen Text begleiten, helfen sie tats\u00e4chlich nicht weiter. <\/p>\n<h2><span class=\"ez-toc-section\" id=\"Emojis_und_die_unterschiedlichen_Plattformen\"><\/span>Emojis und die unterschiedlichen Plattformen<span class=\"ez-toc-section-end\"><\/span><\/h2>\n<p>Auf den ersten Blick einfach, sind Emojis in der Praxis recht kompliziert. Alle offiziellen Emojis werden durch einen eindeutigen Code identifiziert. Dadurch k\u00f6nnen Sie auf jedem Betriebssystem dargestellt werden, welches diese Code-Tabelle enth\u00e4lt, das d\u00fcrften zumindest alle Mainstream-Systeme sein. Aber zumindest die gro\u00dfen Anbieter wie Apple, Google, Microsoft, Twitter und wahrscheinlich noch einige Andere haben jeweils eigene Darstellungen g\u00e4ngiger Emojis. Das Emoji &#8222;grinsender Hundehaufen&#8220; sieht also unter Windows eventuell anders aus als unter iOS. F\u00fcr einen Sehenden d\u00fcrfte das kein Problem sein, f\u00fcr eine seh- oder kognitiv behinderte Person k\u00f6nnte die Erkennung dadurch aber erschwert werden. Problematisch k\u00f6nnte auch sein, wenn die Darstellung irgendwann von der Plattform selber abge\u00e4ndert wird. Apple verbessert st\u00e4ndig die Qualit\u00e4t seiner Displays. Dadurch sieht ein Emoji von vor zehn Jahren auf einem aktuellen Ger\u00e4t eventuell nicht mehr so sch\u00f6n aus. Also passt man es an, zeigt zum Beispiel mehr Details. Dann sieht es auf einem alten Display aber eventuell nicht mehr so aus wie vom Nutzer erwartet. <\/p>\n<ul>\n<li><a href=\"https:\/\/wiki.selfhtml.org\/wiki\/Barrierefreiheit\/zug%C3%A4ngliche_Emoticons\">Artikel bei Self HTML zu barrierefreien Emoticons<\/a><\/li>\n<li><a href=\"https:\/\/uxcontent.com\/accessible-content-design-for-emojis\/\">Accessibility for Emojis<\/a><\/li>\n<\/ul>\n","protected":false},"excerpt":{"rendered":"<p>Emojis und andere bunte Bildchen sind aus der digitalen Kommunikation kaum wegzudenken. Im Folgenden wollen wir uns damit besch\u00e4ftigen, wie barrierefrei sie sind. Generelle Hinweise&#8230;<\/p>\n<div class=\"more-link-wrapper\"><a class=\"more-link\" href=\"https:\/\/www.netz-barrierefrei.de\/wordpress\/barrierefreies-web-2-0-ein-leitfaden-zu-social-media-und-behinderung\/emojis\/\">Weiterlesen<span class=\"screen-reader-text\">Barrierefreiheit von Emojis<\/span><\/a><\/div>\n","protected":false},"author":1,"featured_media":0,"parent":531,"menu_order":0,"comment_status":"closed","ping_status":"closed","template":"","meta":{"footnotes":""},"class_list":["post-1651","page","type-page","status-publish","hentry","entry"],"_links":{"self":[{"href":"https:\/\/www.netz-barrierefrei.de\/wordpress\/wp-json\/wp\/v2\/pages\/1651","targetHints":{"allow":["GET"]}}],"collection":[{"href":"https:\/\/www.netz-barrierefrei.de\/wordpress\/wp-json\/wp\/v2\/pages"}],"about":[{"href":"https:\/\/www.netz-barrierefrei.de\/wordpress\/wp-json\/wp\/v2\/types\/page"}],"author":[{"embeddable":true,"href":"https:\/\/www.netz-barrierefrei.de\/wordpress\/wp-json\/wp\/v2\/users\/1"}],"replies":[{"embeddable":true,"href":"https:\/\/www.netz-barrierefrei.de\/wordpress\/wp-json\/wp\/v2\/comments?post=1651"}],"version-history":[{"count":14,"href":"https:\/\/www.netz-barrierefrei.de\/wordpress\/wp-json\/wp\/v2\/pages\/1651\/revisions"}],"predecessor-version":[{"id":7834,"href":"https:\/\/www.netz-barrierefrei.de\/wordpress\/wp-json\/wp\/v2\/pages\/1651\/revisions\/7834"}],"up":[{"embeddable":true,"href":"https:\/\/www.netz-barrierefrei.de\/wordpress\/wp-json\/wp\/v2\/pages\/531"}],"wp:attachment":[{"href":"https:\/\/www.netz-barrierefrei.de\/wordpress\/wp-json\/wp\/v2\/media?parent=1651"}],"curies":[{"name":"wp","href":"https:\/\/api.w.org\/{rel}","templated":true}]}}