{"id":1794,"date":"2019-04-01T15:48:19","date_gmt":"2019-04-01T13:48:19","guid":{"rendered":"http:\/\/www.netz-barrierefrei.de\/wordpress\/?page_id=1794"},"modified":"2020-10-23T09:46:40","modified_gmt":"2020-10-23T07:46:40","slug":"neues-zur-barrierefreiheit-im-maerz-2019","status":"publish","type":"page","link":"https:\/\/www.netz-barrierefrei.de\/wordpress\/newsletter-digitale-barrierefreiheit\/neues-zur-barrierefreiheit-im-maerz-2019\/","title":{"rendered":"Neues zur Barrierefreiheit im M\u00e4rz 2019"},"content":{"rendered":"<p><img loading=\"lazy\" decoding=\"async\" src=\"https:\/\/www.netz-barrierefrei.de\/wordpress\/wp-content\/uploads\/ipad-iphone.png\" alt=\"Verschiedene mobile Ger\u00e4te\" width=\"1280\" height=\"698\" class=\"alignleft size-full wp-image-1798\" srcset=\"https:\/\/www.netz-barrierefrei.de\/wordpress\/wp-content\/uploads\/ipad-iphone.png 1280w, https:\/\/www.netz-barrierefrei.de\/wordpress\/wp-content\/uploads\/ipad-iphone-300x164.png 300w, https:\/\/www.netz-barrierefrei.de\/wordpress\/wp-content\/uploads\/ipad-iphone-768x419.png 768w, https:\/\/www.netz-barrierefrei.de\/wordpress\/wp-content\/uploads\/ipad-iphone-1024x558.png 1024w\" sizes=\"auto, (max-width: 1280px) 100vw, 1280px\" \/>Aufreger des Monats war ein Ereignis, dass man wohl als Apple-Gate bezeichnen k\u00f6nnte. Apple schaltete mit einem iOS-Update eine Funktion frei, mit der Webseiten die Information erhalten, dass der Nutzer Hilfstechnologien auf seinem Ger\u00e4t aktiviert hat. \u00dcber Sinn und Unsinn einer solchen Funktion ist viel gestritten worden. Dass Apple diese Funktion per Standard-Einstellung aktiviert hat, ist auch deshalb \u00e4u\u00dferst fragw\u00fcrdig. Das Unternehmen h\u00e4lt immerhin viel auf den eigenen Datenschutz. Dazu passt der Umgang mit so einer Funktion nicht.<br \/>\nUpdate: Apple hat dar\u00fcber aufgekl\u00e4rt, dass die Funktion zwar vorhanden war, aber die Daten nicht an den Browser weitergegeben wurden. In Zukunft sollte Apple solche Funktionen transparenter einf\u00fchren und schneller auf Kritik reagieren.<br \/>\nDer lang erwartete European Accessibility Act hat am 13.3. eine weitere H\u00fcrde genommen. Er ist nun vom EU-Parlament abgesegnet worden. Der EAA soll einen einheitlichen Markt f\u00fcr barrierefreie Produkte in der EU schaffen und schreibt zum beispiel Barrierefreiheit bei Bankgesch\u00e4ften und Kommunikationsger\u00e4ten vor. Das European Disability Forum <a href=\"https:\/\/www.edf-feph.org\/\">hat zurecht kritisiert<\/a>, dass der Rechtsakt weit hinter den Anforderungen behinderter Menschen zur\u00fcckbleibt. Das Ganze muss nat\u00fcrlich noch in nationales Recht umgesetzt werden, hinzu kommen die \u00dcbergangsfristen &#8211; es wird also noch einige Jahre dauern, bis der Rechtsakt eine sp\u00fcrbare Wirkung hat.<br \/>\nDie Studie einer Wirtschafts-Psychologin befasst sich mit der Bedeutung der Haptik bei Produkten. <\/p>\n<div id=\"ez-toc-container\" class=\"ez-toc-v2_0_82_2 counter-hierarchy ez-toc-counter ez-toc-white ez-toc-container-direction\">\n<div class=\"ez-toc-title-container\">\n<p class=\"ez-toc-title\" style=\"cursor:inherit\">Inhalt<\/p>\n<span class=\"ez-toc-title-toggle\"><a href=\"#\" class=\"ez-toc-pull-right ez-toc-btn ez-toc-btn-xs ez-toc-btn-default ez-toc-toggle\" aria-label=\"Toggle Table of Content\"><span class=\"ez-toc-js-icon-con\"><span class=\"\"><span class=\"eztoc-hide\" style=\"display:none;\">Toggle<\/span><span class=\"ez-toc-icon-toggle-span\"><svg style=\"fill: #999;color:#999\" xmlns=\"http:\/\/www.w3.org\/2000\/svg\" class=\"list-377408\" width=\"20px\" height=\"20px\" viewBox=\"0 0 24 24\" fill=\"none\"><path d=\"M6 6H4v2h2V6zm14 0H8v2h12V6zM4 11h2v2H4v-2zm16 0H8v2h12v-2zM4 16h2v2H4v-2zm16 0H8v2h12v-2z\" fill=\"currentColor\"><\/path><\/svg><svg style=\"fill: #999;color:#999\" class=\"arrow-unsorted-368013\" xmlns=\"http:\/\/www.w3.org\/2000\/svg\" width=\"10px\" height=\"10px\" viewBox=\"0 0 24 24\" version=\"1.2\" baseProfile=\"tiny\"><path d=\"M18.2 9.3l-6.2-6.3-6.2 6.3c-.2.2-.3.4-.3.7s.1.5.3.7c.2.2.4.3.7.3h11c.3 0 .5-.1.7-.3.2-.2.3-.5.3-.7s-.1-.5-.3-.7zM5.8 14.7l6.2 6.3 6.2-6.3c.2-.2.3-.5.3-.7s-.1-.5-.3-.7c-.2-.2-.4-.3-.7-.3h-11c-.3 0-.5.1-.7.3-.2.2-.3.5-.3.7s.1.5.3.7z\"\/><\/svg><\/span><\/span><\/span><\/a><\/span><\/div>\n<nav><ul class='ez-toc-list ez-toc-list-level-1 ' ><li class='ez-toc-page-1 ez-toc-heading-level-2'><a class=\"ez-toc-link ez-toc-heading-1\" href=\"https:\/\/www.netz-barrierefrei.de\/wordpress\/newsletter-digitale-barrierefreiheit\/neues-zur-barrierefreiheit-im-maerz-2019\/#Was_gabs_noch\" >Was gabs noch?<\/a><\/li><li class='ez-toc-page-1 ez-toc-heading-level-2'><a class=\"ez-toc-link ez-toc-heading-2\" href=\"https:\/\/www.netz-barrierefrei.de\/wordpress\/newsletter-digitale-barrierefreiheit\/neues-zur-barrierefreiheit-im-maerz-2019\/#Tools\" >Tools<\/a><\/li><\/ul><\/nav><\/div>\n<h2><span class=\"ez-toc-section\" id=\"Was_gabs_noch\"><\/span>Was gabs noch?<span class=\"ez-toc-section-end\"><\/span><\/h2>\n<p>Der M\u00e4rz war insgesamt eher ruhiger. Alle folgenden Artikel gibts nur auf Englisch.<br \/>\nDas Projekt WebAXE hat eine Liste <a href=\"https:\/\/www.webaxe.org\/digital-accessibility-newsletters\/\">englischsprachiger Newsletter zur digitalen Barrierefreiheit ver\u00f6ffentlicht<\/a>.<br \/>\nDesign Thinking ist der letzte Schrei in der Kreativ-Szene. Es gibt nun ein Framework, um diese Methode inklusiver zu gestalten, so dass auch behinderte Menschen mitmachen k\u00f6nnen.<br \/>\nEin <a href=\"https:\/\/digital.gov\/guides\/accessibility-for-teams\/\">weiterer Leitfaden zeigt<\/a>, wie die Prinzipien von Inklusion und Barrierefreiheit in Design-Teams st\u00e4rker ber\u00fccksichtigt werden k\u00f6nnen.<br \/>\nLevel Access hat Experten gefragt, was 2019 und die nahe Zukunft in Sachen digitale Barrierefreiheit bringen. Das Ergebnis wurde in einem kostenlosen Whitepaper zusammengefast . <\/p>\n<h2><span class=\"ez-toc-section\" id=\"Tools\"><\/span>Tools<span class=\"ez-toc-section-end\"><\/span><\/h2>\n<p>Die Technische Hochschule K\u00f6ln hat eine Liste von Programmen ver\u00f6ffentlicht, welche die Lehre inklusiver bzw. barrierefreier gestalten sollen.<br \/>\nMicrosoft hat sein Tool Accessibility Insights Open Source gemacht. Das Tool ist dazu gedacht, g\u00e4ngige Probleme der Barrierefreiheit bei Webseiten und Anwendungen aufzusp\u00fcren.<br \/>\nIronischerweise hat Google ein kostenloses Tool ver\u00f6ffentlich, um Apps auf iOS barrierefreier zu machen. Vielleicht sollten sie es einmal auf ihre eigenen Tools und Android-Apps ansetzen, dort sind deutlich mehr Probleme zu finden: Wie barrierefrei ist Google?.<br \/>\n<a href=\"https:\/\/www.netz-barrierefrei.de\/wordpress\/newsletter-digitale-barrierefreiheit\/\">Abonnieren Sie den Newsletter<\/a>. <\/p>\n","protected":false},"excerpt":{"rendered":"<p>Aufreger des Monats war ein Ereignis, dass man wohl als Apple-Gate bezeichnen k\u00f6nnte. Apple schaltete mit einem iOS-Update eine Funktion frei, mit der Webseiten die&#8230;<\/p>\n<div class=\"more-link-wrapper\"><a class=\"more-link\" href=\"https:\/\/www.netz-barrierefrei.de\/wordpress\/newsletter-digitale-barrierefreiheit\/neues-zur-barrierefreiheit-im-maerz-2019\/\">Weiterlesen<span class=\"screen-reader-text\">Neues zur Barrierefreiheit im M\u00e4rz 2019<\/span><\/a><\/div>\n","protected":false},"author":1,"featured_media":0,"parent":1450,"menu_order":0,"comment_status":"closed","ping_status":"closed","template":"","meta":{"footnotes":""},"class_list":["post-1794","page","type-page","status-publish","hentry","entry"],"_links":{"self":[{"href":"https:\/\/www.netz-barrierefrei.de\/wordpress\/wp-json\/wp\/v2\/pages\/1794","targetHints":{"allow":["GET"]}}],"collection":[{"href":"https:\/\/www.netz-barrierefrei.de\/wordpress\/wp-json\/wp\/v2\/pages"}],"about":[{"href":"https:\/\/www.netz-barrierefrei.de\/wordpress\/wp-json\/wp\/v2\/types\/page"}],"author":[{"embeddable":true,"href":"https:\/\/www.netz-barrierefrei.de\/wordpress\/wp-json\/wp\/v2\/users\/1"}],"replies":[{"embeddable":true,"href":"https:\/\/www.netz-barrierefrei.de\/wordpress\/wp-json\/wp\/v2\/comments?post=1794"}],"version-history":[{"count":31,"href":"https:\/\/www.netz-barrierefrei.de\/wordpress\/wp-json\/wp\/v2\/pages\/1794\/revisions"}],"predecessor-version":[{"id":10415,"href":"https:\/\/www.netz-barrierefrei.de\/wordpress\/wp-json\/wp\/v2\/pages\/1794\/revisions\/10415"}],"up":[{"embeddable":true,"href":"https:\/\/www.netz-barrierefrei.de\/wordpress\/wp-json\/wp\/v2\/pages\/1450"}],"wp:attachment":[{"href":"https:\/\/www.netz-barrierefrei.de\/wordpress\/wp-json\/wp\/v2\/media?parent=1794"}],"curies":[{"name":"wp","href":"https:\/\/api.w.org\/{rel}","templated":true}]}}