{"id":1813,"date":"2019-04-03T12:28:42","date_gmt":"2019-04-03T10:28:42","guid":{"rendered":"http:\/\/www.netz-barrierefrei.de\/wordpress\/?page_id=1813"},"modified":"2025-05-16T18:14:06","modified_gmt":"2025-05-16T16:14:06","slug":"welche-browser-blinde-nutzen","status":"publish","type":"page","link":"https:\/\/www.netz-barrierefrei.de\/wordpress\/barrierefreies-internet\/formen-von-einschraenkungen\/welche-browser-blinde-nutzen\/","title":{"rendered":"Welche Browser Blinde nutzen"},"content":{"rendered":"<p><iframe loading=\"lazy\" src=\"https:\/\/digitale-barrierefreiheit.podigee.io\/306-wie-browser-screenreader-kombinationen-sich-auf-barrierefreiheit-auswirken\/embed?context=external&#038;theme=default\" style=\"border: 0\" frameBorder=\"0\" height=\"100\" width=\"100%\"><\/iframe><br \/>\nUm die Antwort abzuk\u00fcrzen: Blinde verwenden laut dem aktuellen Screenreader-Survey von WebAIM haupts\u00e4chlich Google Chrome, etwa ein Viertel nutzt Firefox, weiterhin spielt der Internet Explorer sowie Safari auf dem Mac eine gewisse Rolle. Mobil wird haupts\u00e4chlich Safari unter iOS genutzt.<br \/>\nEs ist gar nicht so lange her, dass Blinde im Grunde nur einen Browser auf dem Desktop benutzen konnte. Die Frage hie\u00df Jaws\/Internet Explorer oder NVDA\/Firefox. Heute hat sich die Situation stark ver\u00e4ndert. Da ich mich mit Jaws seit der Version 11 nicht mehr auskenne, beziehen sich alle folgenden Aussagen nur auf NVDA. <a href=\"https:\/\/www.netz-barrierefrei.de\/wordpress\/hilfstechnik-und-mensch-maschine-interaktion\/screenreader-anleitung-nvda-fuer-sehende-und-entwickler\/welche-screenreader-blinde-verwenden\/\">Welche Screenreader Blinde haupts\u00e4chlich nutzen<\/a>. <\/p>\n<div id=\"ez-toc-container\" class=\"ez-toc-v2_0_82_2 counter-hierarchy ez-toc-counter ez-toc-white ez-toc-container-direction\">\n<div class=\"ez-toc-title-container\">\n<p class=\"ez-toc-title\" style=\"cursor:inherit\">Inhalt<\/p>\n<span class=\"ez-toc-title-toggle\"><a href=\"#\" class=\"ez-toc-pull-right ez-toc-btn ez-toc-btn-xs ez-toc-btn-default ez-toc-toggle\" aria-label=\"Toggle Table of Content\"><span class=\"ez-toc-js-icon-con\"><span class=\"\"><span class=\"eztoc-hide\" style=\"display:none;\">Toggle<\/span><span class=\"ez-toc-icon-toggle-span\"><svg style=\"fill: #999;color:#999\" xmlns=\"http:\/\/www.w3.org\/2000\/svg\" class=\"list-377408\" width=\"20px\" height=\"20px\" viewBox=\"0 0 24 24\" fill=\"none\"><path d=\"M6 6H4v2h2V6zm14 0H8v2h12V6zM4 11h2v2H4v-2zm16 0H8v2h12v-2zM4 16h2v2H4v-2zm16 0H8v2h12v-2z\" fill=\"currentColor\"><\/path><\/svg><svg style=\"fill: #999;color:#999\" class=\"arrow-unsorted-368013\" xmlns=\"http:\/\/www.w3.org\/2000\/svg\" width=\"10px\" height=\"10px\" viewBox=\"0 0 24 24\" version=\"1.2\" baseProfile=\"tiny\"><path d=\"M18.2 9.3l-6.2-6.3-6.2 6.3c-.2.2-.3.4-.3.7s.1.5.3.7c.2.2.4.3.7.3h11c.3 0 .5-.1.7-.3.2-.2.3-.5.3-.7s-.1-.5-.3-.7zM5.8 14.7l6.2 6.3 6.2-6.3c.2-.2.3-.5.3-.7s-.1-.5-.3-.7c-.2-.2-.4-.3-.7-.3h-11c-.3 0-.5.1-.7.3-.2.2-.3.5-.3.7s.1.5.3.7z\"\/><\/svg><\/span><\/span><\/span><\/a><\/span><\/div>\n<nav><ul class='ez-toc-list ez-toc-list-level-1 ' ><li class='ez-toc-page-1 ez-toc-heading-level-2'><a class=\"ez-toc-link ez-toc-heading-1\" href=\"https:\/\/www.netz-barrierefrei.de\/wordpress\/barrierefreies-internet\/formen-von-einschraenkungen\/welche-browser-blinde-nutzen\/#Die_neue_Browser-Vielfalt\" >Die neue Browser-Vielfalt<\/a><\/li><li class='ez-toc-page-1 ez-toc-heading-level-2'><a class=\"ez-toc-link ez-toc-heading-2\" href=\"https:\/\/www.netz-barrierefrei.de\/wordpress\/barrierefreies-internet\/formen-von-einschraenkungen\/welche-browser-blinde-nutzen\/#meistgenutzte_Browser_unter_Blinden\" >meistgenutzte Browser unter Blinden<\/a><\/li><li class='ez-toc-page-1 ez-toc-heading-level-2'><a class=\"ez-toc-link ez-toc-heading-3\" href=\"https:\/\/www.netz-barrierefrei.de\/wordpress\/barrierefreies-internet\/formen-von-einschraenkungen\/welche-browser-blinde-nutzen\/#Fazit_Mehrere_Browser\" >Fazit: Mehrere Browser<\/a><\/li><\/ul><\/nav><\/div>\n<h2><span class=\"ez-toc-section\" id=\"Die_neue_Browser-Vielfalt\"><\/span>Die neue Browser-Vielfalt<span class=\"ez-toc-section-end\"><\/span><\/h2>\n<p>NVDA kann schon seit l\u00e4ngerem mit anderen Browsern zusammenarbeiten: Internet Explorer funktioniert prinzipiell, ist aber nicht wirklich komfortabel. Nach der Ver\u00f6ffentlichung von Firefox Quantum haben sich viele Blinde nach Alternativen umgesehen. Quantum machte in der Anfangsphase im Zusammenspiel mit NVDA Probleme.<br \/>\nDabei machen sowohl Edge in der aktuellen Version, Google Chrome als auch Opera eine recht gute Figur. Beide funktionieren zumindest was das Surfen angeht recht gut. Die Interaktion mit komplexen Inhalten wie Formularen habe ich bisher nicht intensiv getestet.<br \/>\nIch bin aber deshalb neugierig geworden und habe alternative Browser auf iPhone und Android ausprobiert. Und was soll ich sagen? Auf dem iPhone funktionieren Firefox, Chrome und Opera Mini sehr gut und sind teils schneller als Safari. Nicht falsch verstehen, alle Browser haben ihre Macken, etwa unbeschriftete Buttons und nervige Meldunge. Doch im gro\u00dfen und Ganzen funktionieren sie gut. Safari ist gerade bei komplexen Websites f\u00fcr meinen Geschmack zu langsam.<br \/>\nAuf Android habe ich nicht so intensiv getestet, aber auch hier funktionieren Firefox und Opera prinzipiell mit TalkBack. <\/p>\n<h2><span class=\"ez-toc-section\" id=\"meistgenutzte_Browser_unter_Blinden\"><\/span>meistgenutzte Browser unter Blinden<span class=\"ez-toc-section-end\"><\/span><\/h2>\n<p>Der meistgenutzte Browser unter Blinden d\u00fcrfte der Safari auf dem iPhone oder iPad sein. Die Zahl blinder iPhone-Nutzer ist recht hoch und die meisten bevorzugen den integrierten Browser.<br \/>\nAuf dem Desktop dominieren Firefox und Internet Explorer im beruflichen Kontext. Privat d\u00fcrften Chrome und Firefox noch die wichtigsten Browser sein. Meiner Wahrnehmung nach ist der Firefox in Europa wichtiger als in den USA.<br \/>\nAuf dem Mac d\u00fcrfte der Safari \u00fcberwiegend genutzt werden. <\/p>\n<h2><span class=\"ez-toc-section\" id=\"Fazit_Mehrere_Browser\"><\/span>Fazit: Mehrere Browser<span class=\"ez-toc-section-end\"><\/span><\/h2>\n<p>Das ist eine gute Nachricht f\u00fcr uns, nicht f\u00fcr Entwickler. Niemand k\u00f6nnte heute eine Website mit allen denkbaren Kombinationen aus Betriebssystem, Screenreader und Browser mit ihren unterschiedlichen Versionen testen. Aber daf\u00fcr gibts ja die Webstandards.<br \/>\nF\u00fcr uns ist es gut, dass wir jetzt die Wahlfreiheit haben. Der Trend geht meines Erachtens dahin, dass wir uns jeweils den besten &#8211; sprich schnellsten oder am besten bedienbaren &#8211; Browser f\u00fcr die jeweilige Anwendung suchen. Umfangreiche Websites mit Opera, Formulare ausf\u00fcllen mit Firefox und so weiter. Ich kann die Blinden nur ermutigen, auch andere Browser intensiv zu testen.<br \/>\nInteressant ist in diesem Zusammenhang auch, dass manche Dinge in einer bestimmten technischen Kombination, also Browser X und Screenreader Y funktionieren und in anderen nicht. Das liegt ein St\u00fcck weit am unterschiedlichen Umgang mit Webtechniken. Es lohnt sich also auch deshalb, unterschiedliche Browser auszuprobieren, wenn etwas nicht funktioniert.<br \/>\nIm Mainstream gibt es tats\u00e4chlich nur noch zwei gro\u00dfe Browser-Engines: Der Markt wird stark von Webkit dominiert. Webkit wird von Chrome, Safari, Edge Opera und zahlreichen weiteren kleineren Browsern genutzt. Auch wenn da noch eigene Erweiterungen draufgesetzt werden, d\u00fcrfte also die Unterst\u00fctzung von Techniken wie ARIA in Webkit-basierten Browsern im Wesentlichen gleich sein. Daneben gibt es noch den Firefox, der seine eigene Engine hat. Auch Firefox d\u00fcrfte aber recht schnell sein, was die Adaption etablierter Webtechniken angeht. <\/p>\n","protected":false},"excerpt":{"rendered":"<p>Um die Antwort abzuk\u00fcrzen: Blinde verwenden laut dem aktuellen Screenreader-Survey von WebAIM haupts\u00e4chlich Google Chrome, etwa ein Viertel nutzt Firefox, weiterhin spielt der Internet Explorer&#8230;<\/p>\n<div class=\"more-link-wrapper\"><a class=\"more-link\" href=\"https:\/\/www.netz-barrierefrei.de\/wordpress\/barrierefreies-internet\/formen-von-einschraenkungen\/welche-browser-blinde-nutzen\/\">Weiterlesen<span class=\"screen-reader-text\">Welche Browser Blinde nutzen<\/span><\/a><\/div>\n","protected":false},"author":1,"featured_media":0,"parent":558,"menu_order":0,"comment_status":"closed","ping_status":"closed","template":"","meta":{"footnotes":""},"class_list":["post-1813","page","type-page","status-publish","hentry","entry"],"_links":{"self":[{"href":"https:\/\/www.netz-barrierefrei.de\/wordpress\/wp-json\/wp\/v2\/pages\/1813","targetHints":{"allow":["GET"]}}],"collection":[{"href":"https:\/\/www.netz-barrierefrei.de\/wordpress\/wp-json\/wp\/v2\/pages"}],"about":[{"href":"https:\/\/www.netz-barrierefrei.de\/wordpress\/wp-json\/wp\/v2\/types\/page"}],"author":[{"embeddable":true,"href":"https:\/\/www.netz-barrierefrei.de\/wordpress\/wp-json\/wp\/v2\/users\/1"}],"replies":[{"embeddable":true,"href":"https:\/\/www.netz-barrierefrei.de\/wordpress\/wp-json\/wp\/v2\/comments?post=1813"}],"version-history":[{"count":13,"href":"https:\/\/www.netz-barrierefrei.de\/wordpress\/wp-json\/wp\/v2\/pages\/1813\/revisions"}],"predecessor-version":[{"id":10043,"href":"https:\/\/www.netz-barrierefrei.de\/wordpress\/wp-json\/wp\/v2\/pages\/1813\/revisions\/10043"}],"up":[{"embeddable":true,"href":"https:\/\/www.netz-barrierefrei.de\/wordpress\/wp-json\/wp\/v2\/pages\/558"}],"wp:attachment":[{"href":"https:\/\/www.netz-barrierefrei.de\/wordpress\/wp-json\/wp\/v2\/media?parent=1813"}],"curies":[{"name":"wp","href":"https:\/\/api.w.org\/{rel}","templated":true}]}}