{"id":2954,"date":"2019-07-25T11:06:56","date_gmt":"2019-07-25T09:06:56","guid":{"rendered":"https:\/\/www.netz-barrierefrei.de\/wordpress\/?page_id=2954"},"modified":"2023-08-06T15:45:42","modified_gmt":"2023-08-06T13:45:42","slug":"wie-barrierefrei-sind-pdfs","status":"publish","type":"page","link":"https:\/\/www.netz-barrierefrei.de\/wordpress\/barrierefreies-publizieren\/barrierefreie-pdfs\/wie-barrierefrei-sind-pdfs\/","title":{"rendered":"Wie barrierefrei sind PDFs"},"content":{"rendered":"<p><img loading=\"lazy\" decoding=\"async\" src=\"https:\/\/www.netz-barrierefrei.de\/wordpress\/wp-content\/uploads\/pdf.png\" alt=\"Logo von PDF \" width=\"720\" height=\"720\" class=\"alignleft size-full wp-image-1947\" srcset=\"https:\/\/www.netz-barrierefrei.de\/wordpress\/wp-content\/uploads\/pdf.png 720w, https:\/\/www.netz-barrierefrei.de\/wordpress\/wp-content\/uploads\/pdf-150x150.png 150w, https:\/\/www.netz-barrierefrei.de\/wordpress\/wp-content\/uploads\/pdf-300x300.png 300w\" sizes=\"auto, (max-width: 720px) 100vw, 720px\" \/>Eine ketzerische Frage und meine Freunde aus dem Desktop-Publishing w\u00fcrden mir ihre teuren Macs um die Ohren hauen. Doch ist die Frage meiner Einsch\u00e4tzung nach berechtigt. <\/p>\n<ul>\n<li><a href=\"https:\/\/www.netz-barrierefrei.de\/wordpress\/leistungen\/schulungen-zu-barrierefreien-pdfs-adobe-acrobat-microsoft-und-libreoffice\/\">Schulung: Barrierefreie PDFs mit InDesign und Acrobat erstellen<\/a><\/li>\n<li><a href=\"https:\/\/www.netz-barrierefrei.de\/wordpress\/leistungen\/barrierefreies-pdf-erstellung-pruefung-beratung-und-qualitaetssicherung\/\">Erstellung barrierefreier PDFs als Dienstleistung<\/a><\/li>\n<\/ul>\n<div id=\"ez-toc-container\" class=\"ez-toc-v2_0_82_2 counter-hierarchy ez-toc-counter ez-toc-white ez-toc-container-direction\">\n<div class=\"ez-toc-title-container\">\n<p class=\"ez-toc-title\" style=\"cursor:inherit\">Inhalt<\/p>\n<span class=\"ez-toc-title-toggle\"><a href=\"#\" class=\"ez-toc-pull-right ez-toc-btn ez-toc-btn-xs ez-toc-btn-default ez-toc-toggle\" aria-label=\"Toggle Table of Content\"><span class=\"ez-toc-js-icon-con\"><span class=\"\"><span class=\"eztoc-hide\" style=\"display:none;\">Toggle<\/span><span class=\"ez-toc-icon-toggle-span\"><svg style=\"fill: #999;color:#999\" xmlns=\"http:\/\/www.w3.org\/2000\/svg\" class=\"list-377408\" width=\"20px\" height=\"20px\" viewBox=\"0 0 24 24\" fill=\"none\"><path d=\"M6 6H4v2h2V6zm14 0H8v2h12V6zM4 11h2v2H4v-2zm16 0H8v2h12v-2zM4 16h2v2H4v-2zm16 0H8v2h12v-2z\" fill=\"currentColor\"><\/path><\/svg><svg style=\"fill: #999;color:#999\" class=\"arrow-unsorted-368013\" xmlns=\"http:\/\/www.w3.org\/2000\/svg\" width=\"10px\" height=\"10px\" viewBox=\"0 0 24 24\" version=\"1.2\" baseProfile=\"tiny\"><path d=\"M18.2 9.3l-6.2-6.3-6.2 6.3c-.2.2-.3.4-.3.7s.1.5.3.7c.2.2.4.3.7.3h11c.3 0 .5-.1.7-.3.2-.2.3-.5.3-.7s-.1-.5-.3-.7zM5.8 14.7l6.2 6.3 6.2-6.3c.2-.2.3-.5.3-.7s-.1-.5-.3-.7c-.2-.2-.4-.3-.7-.3h-11c-.3 0-.5.1-.7.3-.2.2-.3.5-.3.7s.1.5.3.7z\"\/><\/svg><\/span><\/span><\/span><\/a><\/span><\/div>\n<nav><ul class='ez-toc-list ez-toc-list-level-1 ' ><li class='ez-toc-page-1 ez-toc-heading-level-2'><a class=\"ez-toc-link ez-toc-heading-1\" href=\"https:\/\/www.netz-barrierefrei.de\/wordpress\/barrierefreies-publizieren\/barrierefreie-pdfs\/wie-barrierefrei-sind-pdfs\/#PDF_ist_nicht_fuer_Barrierefreiheit_angelegt\" >PDF ist nicht f\u00fcr Barrierefreiheit angelegt<\/a><\/li><li class='ez-toc-page-1 ez-toc-heading-level-2'><a class=\"ez-toc-link ez-toc-heading-2\" href=\"https:\/\/www.netz-barrierefrei.de\/wordpress\/barrierefreies-publizieren\/barrierefreie-pdfs\/wie-barrierefrei-sind-pdfs\/#Semantik_muss_aufgepropft_werden\" >Semantik muss aufgepropft werden<\/a><\/li><li class='ez-toc-page-1 ez-toc-heading-level-2'><a class=\"ez-toc-link ez-toc-heading-3\" href=\"https:\/\/www.netz-barrierefrei.de\/wordpress\/barrierefreies-publizieren\/barrierefreie-pdfs\/wie-barrierefrei-sind-pdfs\/#Zu_teuer_zu_kompliziert_zu_verschlossen\" >Zu teuer, zu kompliziert,  zu verschlossen<\/a><\/li><li class='ez-toc-page-1 ez-toc-heading-level-2'><a class=\"ez-toc-link ez-toc-heading-4\" href=\"https:\/\/www.netz-barrierefrei.de\/wordpress\/barrierefreies-publizieren\/barrierefreie-pdfs\/wie-barrierefrei-sind-pdfs\/#Barrierefreies_PDF_ist_eine_Geldverbrennungsmaschine\" >Barrierefreies PDF ist eine Geldverbrennungsmaschine<\/a><\/li><li class='ez-toc-page-1 ez-toc-heading-level-2'><a class=\"ez-toc-link ez-toc-heading-5\" href=\"https:\/\/www.netz-barrierefrei.de\/wordpress\/barrierefreies-publizieren\/barrierefreie-pdfs\/wie-barrierefrei-sind-pdfs\/#Adobe_hat_zu_wenig_getan\" >Adobe hat zu wenig getan<\/a><\/li><li class='ez-toc-page-1 ez-toc-heading-level-2'><a class=\"ez-toc-link ez-toc-heading-6\" href=\"https:\/\/www.netz-barrierefrei.de\/wordpress\/barrierefreies-publizieren\/barrierefreie-pdfs\/wie-barrierefrei-sind-pdfs\/#PDF-UA_%E2%80%93_eine_geschlossene_Gesellschaft\" >PDF-UA &#8211; eine geschlossene Gesellschaft<\/a><\/li><li class='ez-toc-page-1 ez-toc-heading-level-2'><a class=\"ez-toc-link ez-toc-heading-7\" href=\"https:\/\/www.netz-barrierefrei.de\/wordpress\/barrierefreies-publizieren\/barrierefreie-pdfs\/wie-barrierefrei-sind-pdfs\/#Adobe_ist_schuld\" >Adobe ist schuld<\/a><\/li><li class='ez-toc-page-1 ez-toc-heading-level-2'><a class=\"ez-toc-link ez-toc-heading-8\" href=\"https:\/\/www.netz-barrierefrei.de\/wordpress\/barrierefreies-publizieren\/barrierefreie-pdfs\/wie-barrierefrei-sind-pdfs\/#Das_Versagen_der_PDF_Association\" >Das Versagen der PDF Association<\/a><\/li><li class='ez-toc-page-1 ez-toc-heading-level-2'><a class=\"ez-toc-link ez-toc-heading-9\" href=\"https:\/\/www.netz-barrierefrei.de\/wordpress\/barrierefreies-publizieren\/barrierefreie-pdfs\/wie-barrierefrei-sind-pdfs\/#PDF_ist_ein_historischer_Fehlgriff\" >PDF ist ein historischer Fehlgriff<\/a><\/li><\/ul><\/nav><\/div>\n<h2><span class=\"ez-toc-section\" id=\"PDF_ist_nicht_fuer_Barrierefreiheit_angelegt\"><\/span>PDF ist nicht f\u00fcr Barrierefreiheit angelegt<span class=\"ez-toc-section-end\"><\/span><\/h2>\n<p>Das Web ist von seinem Fundament her so angelegt, dass es barrierefrei ist. Das dies nicht immer umgesetzt wird, steht auf einem anderen Blatt. Hat man nicht gerade die rechte Maustaste gesperrt, kann jeder in den Quellcode einer Website reinschauen, den Code seinen Anforderungen anpassen und so viele Fehler beheben, welche die Barrierefreiheit st\u00f6ren. Und es kann sein, dass man, wenn man die entsprechenden Redaktionssysteme oder Bibliotheken anwendet, quasi aus Versehen ohne Absicht eine barrierefreie Website erstellt.<br \/>\nPDF ist genau das Gegenteil: Ohne Spezialtools kann man den Code nicht sehen. Es ist von seinem Grundprinzip her nicht barrierefrei. Und es ist nicht m\u00f6glich, nebenbei barrierefreie PDFs zu erzeugen. Wenn niemand sich die Arbeit macht oder sich der Notwendigkeit bewusst ist, wird das resultierende PDF nicht barrierefrei sein. <\/p>\n<h2><span class=\"ez-toc-section\" id=\"Semantik_muss_aufgepropft_werden\"><\/span>Semantik muss aufgepropft werden<span class=\"ez-toc-section-end\"><\/span><\/h2>\n<p>Historisch gesehen ist eine Semantik in PDF nicht vorgesehen: Text-Strukturen, Bild-Beschreibungen, maschinen-lesbare Formatierungen gibt es in PDF und folglich in den meisten Autoren-Tools nicht. Das erschwert es auch, barrierefreie PDFs in den Publikationsprozess zu integrieren. Bis heute sind die Barrierefreiheits-Funktionen in InDesign oder Acrobat Professional von den eigentlichen Bearbeitungs-Tools separiert. Wer ein ePub mit InDesign erstellt und keine Ahnung von Barrierefreiheit hat wird ein nicht-barrierefreies Dokument bekommen. <\/p>\n<h2><span class=\"ez-toc-section\" id=\"Zu_teuer_zu_kompliziert_zu_verschlossen\"><\/span>Zu teuer, zu kompliziert,  zu verschlossen<span class=\"ez-toc-section-end\"><\/span><\/h2>\n<p>Es ist vergleichsweise teuer, zeitaufwendig und anspruchsvoll, barrierefreie PDFs zu erzeugen. Vergleichen wir die Prozedur einfach mit einem vergleichbaren Format: ePub.<br \/>\nePub kann mit jedem Text-Editor barrierefrei gemacht werden. Wer es grafischer mag, arbeitet mit Calibre oder Sigil. Adobe Acrobat Pro kostet rund 600 \u20ac, die ePub-Programme kosten gar nichts.<br \/>\nAdobe Acrobat erfordert von Desktop-Publishern einen erheblichen Einarbeitungsaufwand. Wir reden von Leuten, die mit diesen Tools vertraut sind. F\u00fcr Leute, die keine DTP-ler sind, ist der Aufwand deutlich h\u00f6her. Und das, damit sie etwas machen, was die textverarbeitung oder ePub-Editoren fast nebenbei machen: Texte strukturieren, Bildbeschreibungen, einen vern\u00fcnftigen Textfluss&#8230; Ich k\u00f6nnte jeden Menschen in die Erstellung barrierefreier ePub-Dateien einarbeiten &#8211; nur interessiert sich keiner daf\u00fcr.<br \/>\nDazu kommt, dass der Prozess der Erstellung vor allem mit Adobe Acrobat selbst sehr fehleranf\u00e4llig ist. So viel Mist, wie ich in barrierefreien PDFs von Profis gesehen habe, kriege ich selbst auf schlecht programmierten Webseiten nicht zu Gesicht: Da sind Leerzeichen mitten in Worten, Tabellen sind ein reiner Wust, grafische Elemente sind nicht ausreichend vor Screenreadern versteckt und so weiter.<br \/>\nNebenbei bemerkt gibt es ein Kuriosom: PDF erlaubt es ausdr\u00fccklich, den Zugang von Hilfstechnologien zu den Inhalten zu sperren. Schauen Sie einmal im Adobe Reader unter Datei &#8211; Eigenschaften- im Reiter Sicherheit. Das hat sicherlich mit irgendeinem DRM-K\u00e4se zu tun. Aber Adobe bzw. die PDF Association sollte sich eine Runde daf\u00fcr sch\u00e4men, dass sie so einen Mist zulassen.<br \/>\nZwar ist PDF mittlerweile ein ISO-Standard. Es ist aber schon deshalb nicht offen, weil es ein Bin\u00e4rformat ist. Dagegen sind sogar die Microsoft-Formate ein Muster Beispiel an Offenheit. ePub ist vollkommen offen und vielleicht gerade deshalb untersch\u00e4tzt. Ich bezweifle, dass man eine PDF-A-Datei in ferner Zukunft noch \u00f6ffnen k\u00f6nnen wird. <\/p>\n<h2><span class=\"ez-toc-section\" id=\"Barrierefreies_PDF_ist_eine_Geldverbrennungsmaschine\"><\/span>Barrierefreies PDF ist eine Geldverbrennungsmaschine<span class=\"ez-toc-section-end\"><\/span><\/h2>\n<p>Betrachtet man die Woman-Power, den Zeitaufwand und das Geld, das in barrierefreie PDFs gesteckt wird, muss man zu einem Schluss kommen: Barrierefreie PDFs sind eine gewaltige Ressourcenverschleuderung. Das w\u00e4re gerechtfertigt, wenn damit ein erheblicher Mehrwert verbunden w\u00e4re. Ist es aber in der Regel nicht.<br \/>\nDieses Geld steht dann f\u00fcr andere Ma\u00dfnahmen wie Geb\u00e4rdensprache und Leichte Sprache nicht mehr zur Verf\u00fcgung. In einer optimalen Welt h\u00e4tten wir gen\u00fcgend Ressourcen f\u00fcr alle. In unserer unperfekten Welt sind die Ressourcen so endlich wie meine Geduld. <\/p>\n<h2><span class=\"ez-toc-section\" id=\"Adobe_hat_zu_wenig_getan\"><\/span>Adobe hat zu wenig getan<span class=\"ez-toc-section-end\"><\/span><\/h2>\n<p>Adobe verdient kr\u00e4ftig mit am Boom barrierefreier PDFs. Doch hat es selbst nichts getan, um dem Thema mehr Schub zu verleihen.<br \/>\nSo gibt es bislang keine kosteng\u00fcnstige L\u00f6sung, um PDFs in automatische Dokumenten-Workflows zu integrieren. Eine Bibliothek, die in technische Prozesse integriert werden k\u00f6nnte, w\u00fcrde den Prozess tats\u00e4chlich erleichtern. Oder server-basierte Routinen, die Webseiten automatisch in barrierefreie PDFs umwandeln. Oder ein Plugin f\u00fcr das g\u00e4ngigste Redaktionssystem WordPress. Oder eine KI, die das Erzeugen barrierefreier PDFs mit dem Acrobat erleichtert. Von Adobe kommt absolut nichts, warum auch, sie verdienen ja kr\u00e4ftig am Acrobat und den Lizenzen. <\/p>\n<h2><span class=\"ez-toc-section\" id=\"PDF-UA_%E2%80%93_eine_geschlossene_Gesellschaft\"><\/span>PDF-UA &#8211; eine geschlossene Gesellschaft<span class=\"ez-toc-section-end\"><\/span><\/h2>\n<p>So gro\u00dfartig die Barrierefreie-Web-Szene ist, so unangenehm ist die Barrierefreie-PDF-Community. Das beginnt schon damit, dass man im eigentlichen Sinne nicht von einer Community, sondern von Dutzenden Einzelk\u00e4mpfern sprechen kannn.<br \/>\nDaran liegt es, dass wenig bis kein Know-How zu barrierefreien PDFs im Internet frei und kostenlos verf\u00fcgbar ist. Daran erkennt man auch den Geist der PDF-Community: Wer eine gute L\u00f6sung gefunden hat, beh\u00e4lt diese f\u00fcr sich. Das macht Einsteigern sowohl die Einarbeitung als auch die Fehler-Suche schwierig. <\/p>\n<h2><span class=\"ez-toc-section\" id=\"Adobe_ist_schuld\"><\/span>Adobe ist schuld<span class=\"ez-toc-section-end\"><\/span><\/h2>\n<p>Ausnahmsweise l\u00e4sst sich der Schuldige f\u00fcr diese Situation eindeutig ausmachen: Er hei\u00dft Adobe.<br \/>\nDie Firma Adobe hat das Thema barrierefreie PDFs jahrelang verschlafen, zu sp\u00e4t aufgegriffen, halbherzig und miseralbe umgesetzt. Selbst Profis nutzen nicht Adobes pure Funktionen, sondern verwenden zus\u00e4tzliche Tools und Erweiterungen. Man darf getrost alles, was Adobe zu Barrierefreiheit und Inklusion von sich gibt als Werbe-Geschw\u00e4tz abtun. Was digitale Barrierefreiheit und barrierefreie Dokumente angeht ist Adobe der Bremsklotz schlechthin und wir w\u00e4ren ohne diese Firma besser dran. <\/p>\n<h2><span class=\"ez-toc-section\" id=\"Das_Versagen_der_PDF_Association\"><\/span>Das Versagen der PDF Association<span class=\"ez-toc-section-end\"><\/span><\/h2>\n<p>Die PDF-Association scheint ein Anh\u00e4ngsel von Adobe zu sein. Die Informationen, die von ihnen zu barrierefreien PDFs ausgegeben werden sind verwirrend und eigentlich f\u00fcr die Praxis irrelevant.<br \/>\nEin Beispiel ist die Firma PDFlib. Sie lobt sich selbst f\u00fcr ihr Tool, das angelich barrierefreie PDFs produziert. Dabei ist weder das Whitepaper zu PDF UA noch die Dokumentation f\u00fcr das eigene Tool barrierefrei. So toll kann also das Tool nicht sein. <\/p>\n<h2><span class=\"ez-toc-section\" id=\"PDF_ist_ein_historischer_Fehlgriff\"><\/span>PDF ist ein historischer Fehlgriff<span class=\"ez-toc-section-end\"><\/span><\/h2>\n<p>PDF hat seine Existenzberechtigung vor allem dem Umstand zu verdanken, dass es plattformunabh\u00e4ngig ist. Als Vorlage f\u00fcr Printprodukte hat es durchaus seine Vorz\u00fcge.<br \/>\nF\u00fcr andere Zwecke ist es zweifellos in Ordnung. Office-Dokumente bergen ein Sicherheitsrisiko, ePub-Betrachter sind nicht in allen Systemen integriert. Und viele Dokumente werden tats\u00e4chlich ausgedruckt und nur zu diesem Zweck kurz am Bildschirm betrachtet.<br \/>\nF\u00fcrs Internet sind PDFs aber nicht geeignet. Brosch\u00fcren werden als PDF online gestellt, weil sie als Abfallprodukt des Printprozesses ohnehin da sind. Nur wenige Apps und Programme k\u00f6nnen mehrspaltige Dokumente so optimieren, dass sie auf einem Smartphone vern\u00fcnftig dargestellt werden und gut aussehen. Ich selber habe es noch nicht hinbekommen, ein barrierefreies PDF auf einem Smartphone lesen zu k\u00f6nnen. Aber das sind die Ger\u00e4te, die heute prim\u00e4r im privaten und auch im beruflichen Bereich eingesetzt werden.<br \/>\nNebenbei bleibt es mir ein R\u00e4tsel, warum man die Unsitte nach wie vor beibeh\u00e4lt. Die f\u00fcr gro\u00dfformatigen Brosch\u00fcren typische Mehrspaltigkeit mag im Printbereich ihre Vorz\u00fcge haben. Auf digitalen Ger\u00e4ten bietet Mehrspaltigkeit selbst bei gro\u00dfen Bildschirmen keinen Vorteil. Wie breit eine Textspalte angezeigt wird, l\u00e4sst sich von der Breite des Programmfensters oder mit dem Leseprogramm einstellen. Der schlagende Vorteil des digitalen Lesens ist ja eigentlich, dass man alle Faktoren wie Schriftart, Gr\u00f6\u00dfe, Kontrast und so weiterseinen Vorlieben anpassen kann. Genau diese Vorz\u00fcge sollen von PDF im Sinne des Erfinders ausgehebelt werden. Umgekehrt k\u00e4me niemand auf die Idee, einen langen Text auf einer DIN-A-4-Seite auszudrucken und dabei immer nur die linke H\u00e4lfte dees Papiers zu bedrucken.<br \/>\nPDF ist also fast so tot wie Flash oder sollte es zumindest in Bezug auf das Internet sein. <\/p>\n<ul>\n<li><a href=\"https:\/\/www.netz-barrierefrei.de\/wordpress\/pdf-ua-wcag-oder-bitv-fuer-barrierefreie-pdf-entscheidungshilfe\/\">Entscheidungshilfe: Welcher Standard f\u00fcr barrierefreie PDFs<\/a><\/li>\n<li><a href=\"https:\/\/www.netz-barrierefrei.de\/wordpress\/leistungen\/schulungen-zu-barrierefreien-pdfs-adobe-acrobat-microsoft-und-libreoffice\/\">Schulung: Barrierefreie PDFs mit Indesign\/Acrobat erstellen<\/a><\/li>\n<li><a href=\"https:\/\/www.netz-barrierefrei.de\/wordpress\/leistungen\/barrierefreies-pdf-erstellung-pruefung-beratung-und-qualitaetssicherung\/\">Erstellung barrierefreier PDFs als Dienstleistung<\/a><\/li>\n<li><a href=\"https:\/\/www.silta.ai\/barrierefreie-pdf-mit-indesign\">Schulung: Barrierefreie PDF mit InDesign erstellen<\/a><\/li>\n<li><a href=\"https:\/\/www.silta.ai\/barrierefreie-dokumente-mit-word#search-container\">Schulung: Barrierefreie PDF mit Word erstellen<\/a><\/li>\n<li><a href=\"https:\/\/www.netz-barrierefrei.de\/wordpress\/barrierefreies-publizieren\/barrierefreie-pdfs\/barrierefreie-pdf-und-dokumente-mit-microsoft-office-das-praxis-buch\/\">Praxis-Buch: Barrierefreie PDF und Dokumente<\/a><\/li>\n<li><a href=\"https:\/\/netz-barrierefrei.de\/en\/preparing-pdf.html\">Preparing PDF and Documents for Accessibility<\/a><\/li>\n<li><a href=\"https:\/\/netz-barrierefrei.de\/en\/awful-pdf.html\">The awful Accessibility of PDF Documents<\/a><\/li>\n<\/ul>\n","protected":false},"excerpt":{"rendered":"<p>Eine ketzerische Frage und meine Freunde aus dem Desktop-Publishing w\u00fcrden mir ihre teuren Macs um die Ohren hauen. Doch ist die Frage meiner Einsch\u00e4tzung nach&#8230;<\/p>\n<div class=\"more-link-wrapper\"><a class=\"more-link\" href=\"https:\/\/www.netz-barrierefrei.de\/wordpress\/barrierefreies-publizieren\/barrierefreie-pdfs\/wie-barrierefrei-sind-pdfs\/\">Weiterlesen<span class=\"screen-reader-text\">Wie barrierefrei sind PDFs<\/span><\/a><\/div>\n","protected":false},"author":1,"featured_media":0,"parent":459,"menu_order":0,"comment_status":"closed","ping_status":"closed","template":"","meta":{"footnotes":""},"class_list":["post-2954","page","type-page","status-publish","hentry","entry"],"_links":{"self":[{"href":"https:\/\/www.netz-barrierefrei.de\/wordpress\/wp-json\/wp\/v2\/pages\/2954","targetHints":{"allow":["GET"]}}],"collection":[{"href":"https:\/\/www.netz-barrierefrei.de\/wordpress\/wp-json\/wp\/v2\/pages"}],"about":[{"href":"https:\/\/www.netz-barrierefrei.de\/wordpress\/wp-json\/wp\/v2\/types\/page"}],"author":[{"embeddable":true,"href":"https:\/\/www.netz-barrierefrei.de\/wordpress\/wp-json\/wp\/v2\/users\/1"}],"replies":[{"embeddable":true,"href":"https:\/\/www.netz-barrierefrei.de\/wordpress\/wp-json\/wp\/v2\/comments?post=2954"}],"version-history":[{"count":19,"href":"https:\/\/www.netz-barrierefrei.de\/wordpress\/wp-json\/wp\/v2\/pages\/2954\/revisions"}],"predecessor-version":[{"id":10411,"href":"https:\/\/www.netz-barrierefrei.de\/wordpress\/wp-json\/wp\/v2\/pages\/2954\/revisions\/10411"}],"up":[{"embeddable":true,"href":"https:\/\/www.netz-barrierefrei.de\/wordpress\/wp-json\/wp\/v2\/pages\/459"}],"wp:attachment":[{"href":"https:\/\/www.netz-barrierefrei.de\/wordpress\/wp-json\/wp\/v2\/media?parent=2954"}],"curies":[{"name":"wp","href":"https:\/\/api.w.org\/{rel}","templated":true}]}}