{"id":2983,"date":"2019-07-26T18:09:59","date_gmt":"2019-07-26T16:09:59","guid":{"rendered":"https:\/\/www.netz-barrierefrei.de\/wordpress\/?page_id=2983"},"modified":"2025-04-02T12:46:45","modified_gmt":"2025-04-02T10:46:45","slug":"schulung-barrierefreie-webseiten-entwickeln","status":"publish","type":"page","link":"https:\/\/www.netz-barrierefrei.de\/wordpress\/barrierefreiheits-workshops\/schulung-barrierefreie-webseiten-entwickeln\/","title":{"rendered":"Online-Schulung: Barrierefreie Webseiten konzipieren und entwickeln"},"content":{"rendered":"<p><img loading=\"lazy\" decoding=\"async\" src=\"https:\/\/www.netz-barrierefrei.de\/wordpress\/wp-content\/uploads\/webdesign.jpg\" alt=\"\" width=\"960\" height=\"640\" class=\"alignleft size-full wp-image-2985\" srcset=\"https:\/\/www.netz-barrierefrei.de\/wordpress\/wp-content\/uploads\/webdesign.jpg 960w, https:\/\/www.netz-barrierefrei.de\/wordpress\/wp-content\/uploads\/webdesign-300x200.jpg 300w, https:\/\/www.netz-barrierefrei.de\/wordpress\/wp-content\/uploads\/webdesign-768x512.jpg 768w\" sizes=\"auto, (max-width: 960px) 100vw, 960px\" \/>Viele Millionen Menschen haben eine Behinderung. Daneben gibt es viele andere Menschen, die Probleme bei der Nutzung von Webseiten haben k\u00f6nnen: Dazu geh\u00f6ren etwa Senioren, Personen mit Lernst\u00f6rungen wie der Legasthenie und viele andere Menschen. Sie m\u00f6chten lernen, wie Sie barrierefreie Webseiten f\u00fcr diese und andere Betroffene konzipieren und entwickeln? Dann buchen Sie diese Online-Schulung. Diese Schulung wird nur auf Anfrage von der Firma Silta angeboten. <\/p>\n<div id=\"ez-toc-container\" class=\"ez-toc-v2_0_82_2 counter-hierarchy ez-toc-counter ez-toc-white ez-toc-container-direction\">\n<div class=\"ez-toc-title-container\">\n<p class=\"ez-toc-title\" style=\"cursor:inherit\">Inhalt<\/p>\n<span class=\"ez-toc-title-toggle\"><a href=\"#\" class=\"ez-toc-pull-right ez-toc-btn ez-toc-btn-xs ez-toc-btn-default ez-toc-toggle\" aria-label=\"Toggle Table of Content\"><span class=\"ez-toc-js-icon-con\"><span class=\"\"><span class=\"eztoc-hide\" style=\"display:none;\">Toggle<\/span><span class=\"ez-toc-icon-toggle-span\"><svg style=\"fill: #999;color:#999\" xmlns=\"http:\/\/www.w3.org\/2000\/svg\" class=\"list-377408\" width=\"20px\" height=\"20px\" viewBox=\"0 0 24 24\" fill=\"none\"><path d=\"M6 6H4v2h2V6zm14 0H8v2h12V6zM4 11h2v2H4v-2zm16 0H8v2h12v-2zM4 16h2v2H4v-2zm16 0H8v2h12v-2z\" fill=\"currentColor\"><\/path><\/svg><svg style=\"fill: #999;color:#999\" class=\"arrow-unsorted-368013\" xmlns=\"http:\/\/www.w3.org\/2000\/svg\" width=\"10px\" height=\"10px\" viewBox=\"0 0 24 24\" version=\"1.2\" baseProfile=\"tiny\"><path d=\"M18.2 9.3l-6.2-6.3-6.2 6.3c-.2.2-.3.4-.3.7s.1.5.3.7c.2.2.4.3.7.3h11c.3 0 .5-.1.7-.3.2-.2.3-.5.3-.7s-.1-.5-.3-.7zM5.8 14.7l6.2 6.3 6.2-6.3c.2-.2.3-.5.3-.7s-.1-.5-.3-.7c-.2-.2-.4-.3-.7-.3h-11c-.3 0-.5.1-.7.3-.2.2-.3.5-.3.7s.1.5.3.7z\"\/><\/svg><\/span><\/span><\/span><\/a><\/span><\/div>\n<nav><ul class='ez-toc-list ez-toc-list-level-1 ' ><li class='ez-toc-page-1 ez-toc-heading-level-2'><a class=\"ez-toc-link ez-toc-heading-1\" href=\"https:\/\/www.netz-barrierefrei.de\/wordpress\/barrierefreiheits-workshops\/schulung-barrierefreie-webseiten-entwickeln\/#Aufbau_des_Workshops\" >Aufbau des Workshops<\/a><\/li><li class='ez-toc-page-1 ez-toc-heading-level-2'><a class=\"ez-toc-link ez-toc-heading-2\" href=\"https:\/\/www.netz-barrierefrei.de\/wordpress\/barrierefreiheits-workshops\/schulung-barrierefreie-webseiten-entwickeln\/#Zielgruppen_des_Workshops\" >Zielgruppen des Workshops<\/a><\/li><li class='ez-toc-page-1 ez-toc-heading-level-2'><a class=\"ez-toc-link ez-toc-heading-3\" href=\"https:\/\/www.netz-barrierefrei.de\/wordpress\/barrierefreiheits-workshops\/schulung-barrierefreie-webseiten-entwickeln\/#Technische_Voraussetzungen\" >Technische Voraussetzungen<\/a><\/li><li class='ez-toc-page-1 ez-toc-heading-level-2'><a class=\"ez-toc-link ez-toc-heading-4\" href=\"https:\/\/www.netz-barrierefrei.de\/wordpress\/barrierefreiheits-workshops\/schulung-barrierefreie-webseiten-entwickeln\/#Die_Dozentin\" >Die Dozentin<\/a><\/li><\/ul><\/nav><\/div>\n<h2><span class=\"ez-toc-section\" id=\"Aufbau_des_Workshops\"><\/span>Aufbau des Workshops<span class=\"ez-toc-section-end\"><\/span><\/h2>\n<p>Im Rahmen des Workshops werden Sie in die barrierefreie Konzeption und Web-Entwicklung eingef\u00fchrt. Sie erfahren etwa, was Sie bei ARIA, dynamischen Webseiten, Web-Formularen oder der visuellen Gestaltung beachten sollten. Wir f\u00fchren Sie au\u00dferdem in die unterschiedlichen Dokumente der Web Accessibility Initiative ein, welche Ihnen die Entwicklung barrierefreier Webseiten erleichtern.<br \/>\nDer Workshop basiert auf Kurz-Vortr\u00e4gen und Demonstrationen von Hilfstechnik. Vor allem steht aber die Arbeit mit Beispielen und Code im Vordergrund. Themen sind semantisches HTML, ARIA, AJAX und Dynamik, Web-Formulare, Beschriftungen f\u00fcr Elemente und vieles mehr.<br \/>\nEs k\u00f6nnen nicht alle Aspekte der barrierefreien Web-Konzeption in einem Workshop abgehandelt werden. Sie erhalten aber gen\u00fcgend Basis-Wissen, um Barrierefreiheits-Probleme zu erkennen, zu vermeiden und selbst nach L\u00f6sungen zu suchen. ARIA etwa funktioniert nach bestimmten Regeln, die Sie nach dem Workshop verstanden haben und anwenden k\u00f6nnen.<br \/>\nGerne k\u00f6nnen Sie uns auch Ihre speziellen Fragen zukommen lassen. Aus zeitlichen und fachlichen Gr\u00fcnden k\u00f6nnen wir nicht auf bestimmte Frameworks oder Content-Management-Systeme eingehen. Frameworks wie Bootstrap oder JQuery erfordern h\u00e4ufig komplexe Work-Arounds , um Barrierefreiheit mit ihnen umzusetzen. Mit den entsprechenden Kenntnissen k\u00f6nnen Sie auch mit den Frameworks bzw. CMS barrierefrei arbeiten.<br \/>\nSie erhalten ein Skript, in welchem Sie viele Informationen nachschlagen k\u00f6nnen. <\/p>\n<h2><span class=\"ez-toc-section\" id=\"Zielgruppen_des_Workshops\"><\/span>Zielgruppen des Workshops<span class=\"ez-toc-section-end\"><\/span><\/h2>\n<p>Der Workshop richtet sich an Personen, die in die barrierefreie Konzeption und Webentwicklung einsteigen wollen. Solide Kenntnisse in HTML, CSS und Javascript sind zur Teilnahme notwendig. Es sind Mitarbeitende aus Beh\u00f6rden, aber auch aus Unternehmen oder Webagenturen herzlich willkommen. <\/p>\n<h2><span class=\"ez-toc-section\" id=\"Technische_Voraussetzungen\"><\/span>Technische Voraussetzungen<span class=\"ez-toc-section-end\"><\/span><\/h2>\n<p>In der Schulung arbeiten wir mit den Browsern Mozilla Firefox oder Google Chrome und deren Web-Entwicklerinnen-Tools, dem Color Contrast Analyzer sowie mit der Web Developer Toolbar. Diese sollten Sie nach M\u00f6glichkeit installieren, um aktiv teilnehmen zu k\u00f6nnen. <\/p>\n<h2><span class=\"ez-toc-section\" id=\"Die_Dozentin\"><\/span>Die Dozentin<span class=\"ez-toc-section-end\"><\/span><\/h2>\n<p>Die Firma Silta unterst\u00fctzt Web-Agenturen und Entwickler:Innen zur Barrierefreiheit. <a href=\"https:\/\/www.silta.ai\/barrierefreie-website\">Schulungen und Begleitungen zur Barrierefreiheit<\/a> k\u00f6nnen Sie gerne direkt bei der Firma Silta anfragen.<\/p>\n","protected":false},"excerpt":{"rendered":"<p>Viele Millionen Menschen haben eine Behinderung. Daneben gibt es viele andere Menschen, die Probleme bei der Nutzung von Webseiten haben k\u00f6nnen: Dazu geh\u00f6ren etwa Senioren,&#8230;<\/p>\n<div class=\"more-link-wrapper\"><a class=\"more-link\" href=\"https:\/\/www.netz-barrierefrei.de\/wordpress\/barrierefreiheits-workshops\/schulung-barrierefreie-webseiten-entwickeln\/\">Weiterlesen<span class=\"screen-reader-text\">Online-Schulung: Barrierefreie Webseiten konzipieren und entwickeln<\/span><\/a><\/div>\n","protected":false},"author":1,"featured_media":0,"parent":352,"menu_order":0,"comment_status":"closed","ping_status":"closed","template":"","meta":{"footnotes":""},"class_list":["post-2983","page","type-page","status-publish","hentry","entry"],"_links":{"self":[{"href":"https:\/\/www.netz-barrierefrei.de\/wordpress\/wp-json\/wp\/v2\/pages\/2983","targetHints":{"allow":["GET"]}}],"collection":[{"href":"https:\/\/www.netz-barrierefrei.de\/wordpress\/wp-json\/wp\/v2\/pages"}],"about":[{"href":"https:\/\/www.netz-barrierefrei.de\/wordpress\/wp-json\/wp\/v2\/types\/page"}],"author":[{"embeddable":true,"href":"https:\/\/www.netz-barrierefrei.de\/wordpress\/wp-json\/wp\/v2\/users\/1"}],"replies":[{"embeddable":true,"href":"https:\/\/www.netz-barrierefrei.de\/wordpress\/wp-json\/wp\/v2\/comments?post=2983"}],"version-history":[{"count":30,"href":"https:\/\/www.netz-barrierefrei.de\/wordpress\/wp-json\/wp\/v2\/pages\/2983\/revisions"}],"predecessor-version":[{"id":9981,"href":"https:\/\/www.netz-barrierefrei.de\/wordpress\/wp-json\/wp\/v2\/pages\/2983\/revisions\/9981"}],"up":[{"embeddable":true,"href":"https:\/\/www.netz-barrierefrei.de\/wordpress\/wp-json\/wp\/v2\/pages\/352"}],"wp:attachment":[{"href":"https:\/\/www.netz-barrierefrei.de\/wordpress\/wp-json\/wp\/v2\/media?parent=2983"}],"curies":[{"name":"wp","href":"https:\/\/api.w.org\/{rel}","templated":true}]}}