{"id":3188,"date":"2019-08-21T18:06:58","date_gmt":"2019-08-21T16:06:58","guid":{"rendered":"https:\/\/www.netz-barrierefrei.de\/wordpress\/?page_id=3188"},"modified":"2024-09-07T15:25:44","modified_gmt":"2024-09-07T13:25:44","slug":"was-bringen-bild-beschreibungen-fuer-blinde-und-sehbehinderte","status":"publish","type":"page","link":"https:\/\/www.netz-barrierefrei.de\/wordpress\/was-bringen-bild-beschreibungen-fuer-blinde-und-sehbehinderte\/","title":{"rendered":"Was k\u00f6nnen Blinde mit Bild-Beschreibungen anfangen, wenn sie nie gesehen haben?"},"content":{"rendered":"<p><iframe loading=\"lazy\" src=\"https:\/\/digitale-barrierefreiheit.podigee.io\/267-was-konnen-blinde-mit-bild-beschreibungen-anfangen\/embed?context=external&#038;theme=default\" style=\"border: 0\" frameBorder=\"0\" height=\"100\" width=\"100%\"><\/iframe><br \/>\nIn meinen <a href=\"https:\/\/www.silta.ai\/schulungen\">Workshops zum barrierefreien Internet<\/a> habe ich einen Extra-Abschnitt zum Thema Bildbeschreibungen f\u00fcr blinde und sehbehinderte Menschen. Fast immer werde ich gefragt, ob f\u00fcr Blinde die Inhalte von Bildern \u00fcberhaupt interessant sind. Die Frage ist berechtigt. Wie soll ein Blinder zum Beispiel wissen, wie ein Vulkan, eine Herde Elefanten oder der Sternenhimmel aussehen? Hier kommt die Antwort.<\/p>\n<div id=\"ez-toc-container\" class=\"ez-toc-v2_0_82_2 counter-hierarchy ez-toc-counter ez-toc-white ez-toc-container-direction\">\n<div class=\"ez-toc-title-container\">\n<p class=\"ez-toc-title\" style=\"cursor:inherit\">Inhalt<\/p>\n<span class=\"ez-toc-title-toggle\"><a href=\"#\" class=\"ez-toc-pull-right ez-toc-btn ez-toc-btn-xs ez-toc-btn-default ez-toc-toggle\" aria-label=\"Toggle Table of Content\"><span class=\"ez-toc-js-icon-con\"><span class=\"\"><span class=\"eztoc-hide\" style=\"display:none;\">Toggle<\/span><span class=\"ez-toc-icon-toggle-span\"><svg style=\"fill: #999;color:#999\" xmlns=\"http:\/\/www.w3.org\/2000\/svg\" class=\"list-377408\" width=\"20px\" height=\"20px\" viewBox=\"0 0 24 24\" fill=\"none\"><path d=\"M6 6H4v2h2V6zm14 0H8v2h12V6zM4 11h2v2H4v-2zm16 0H8v2h12v-2zM4 16h2v2H4v-2zm16 0H8v2h12v-2z\" fill=\"currentColor\"><\/path><\/svg><svg style=\"fill: #999;color:#999\" class=\"arrow-unsorted-368013\" xmlns=\"http:\/\/www.w3.org\/2000\/svg\" width=\"10px\" height=\"10px\" viewBox=\"0 0 24 24\" version=\"1.2\" baseProfile=\"tiny\"><path d=\"M18.2 9.3l-6.2-6.3-6.2 6.3c-.2.2-.3.4-.3.7s.1.5.3.7c.2.2.4.3.7.3h11c.3 0 .5-.1.7-.3.2-.2.3-.5.3-.7s-.1-.5-.3-.7zM5.8 14.7l6.2 6.3 6.2-6.3c.2-.2.3-.5.3-.7s-.1-.5-.3-.7c-.2-.2-.4-.3-.7-.3h-11c-.3 0-.5.1-.7.3-.2.2-.3.5-.3.7s.1.5.3.7z\"\/><\/svg><\/span><\/span><\/span><\/a><\/span><\/div>\n<nav><ul class='ez-toc-list ez-toc-list-level-1 ' ><li class='ez-toc-page-1 ez-toc-heading-level-2'><a class=\"ez-toc-link ez-toc-heading-1\" href=\"https:\/\/www.netz-barrierefrei.de\/wordpress\/was-bringen-bild-beschreibungen-fuer-blinde-und-sehbehinderte\/#Arten_von_Blindheit\" >Arten von Blindheit<\/a><\/li><li class='ez-toc-page-1 ez-toc-heading-level-2'><a class=\"ez-toc-link ez-toc-heading-2\" href=\"https:\/\/www.netz-barrierefrei.de\/wordpress\/was-bringen-bild-beschreibungen-fuer-blinde-und-sehbehinderte\/#Die_Welt_zum_Anfassen\" >Die Welt zum Anfassen<\/a><\/li><li class='ez-toc-page-1 ez-toc-heading-level-2'><a class=\"ez-toc-link ez-toc-heading-3\" href=\"https:\/\/www.netz-barrierefrei.de\/wordpress\/was-bringen-bild-beschreibungen-fuer-blinde-und-sehbehinderte\/#Die_erlesene_Welt\" >Die erlesene Welt<\/a><\/li><\/ul><\/nav><\/div>\n<h2><span class=\"ez-toc-section\" id=\"Arten_von_Blindheit\"><\/span>Arten von Blindheit<span class=\"ez-toc-section-end\"><\/span><\/h2>\n<p>Generell k\u00f6nnen wir f\u00fcr unsere Zwecke drei Gruppen von Blinden unterscheiden:<\/p>\n<ul>\n<li>die Blinden mit Sehrest<\/li>\n<li>die Vollblinden, die noch visuelle Erinnerungen haben<\/li>\n<li>die Vollblinden, die keine visuellen Erinnerungen haben<\/li>\n<\/ul>\n<p>Bei den Sehrestlern ist der Sehrest sehr unterschiedlich ausgepr\u00e4gt. Ich setze einmal voraus, dass noch einzelne Objekte unterschieden werden k\u00f6nnen. In diesem Fall haben sie zumindest von lebensnahen Objekten wie etwa Autos, B\u00e4umen oder Elefanten eine klare visuelle Vorstellung. Das sind alles Objekte, die man nicht ohne Weiteres durch Abtasten in ihrer Gesamtheit erfassen kann. Schwierig kann es bei nicht-lebensnahen Objekten oder Verh\u00e4ltnissen kommen, da diese visuell komplexer sind: Vulkanausbr\u00fcche, eine elefantenherde oder die Mondlandung zum Beispiel.<br \/>\n\u00c4hnliches gilt f\u00fcr die Vollblinden, die sich ihre visuellen Erinnerungen erhalten haben. Die Zahl der visuellen Eindr\u00fccke h\u00e4ngt ein wenig vom Alter ab. Doch im Allgemeinen kann man sagen, dass ein Jugendlicher in Natura, \u00fcber B\u00fccher, Illustrierte oder \u00fcber das Fernsehen das Meiste gesehen hat, was es f\u00fcr einen Menschen aus seinem Kulturkreis zu sehen gibt. Auch wenn es Blinde wie John Hull gibt, die ihre visuellen Eindr\u00fccke komplett vergessen haben, ist das eher die Ausnahme. Es gibt auch Blinde, die sich ihr visuelles Vorstellungsverm\u00f6gen vollst\u00e4ndig erhalten haben wie etwa Zoltan Torey. Der Neurologe Oliver Sacks hat das in einem Essay sehr sch\u00f6n zusammengefasst.<br \/>\nKommen wir also zur dritten Gruppe, den Vollblinden, die nie visuelle Eindr\u00fccke sammeln konnten. <\/p>\n<h2><span class=\"ez-toc-section\" id=\"Die_Welt_zum_Anfassen\"><\/span>Die Welt zum Anfassen<span class=\"ez-toc-section-end\"><\/span><\/h2>\n<p>Die Sache ist wiederum recht einfach, wenn es um lebensnahe Objekte geht. Zum einen gibt es nat\u00fcrlich von fast allem eine Spielzeug-Version, die im Prinzip wie das Original aussieht: Es gibt Mini-B\u00e4ume, Mini-Hubschrauber, Mini-Autos und Mini-H\u00e4user. Das ist also einfach.<br \/>\nWeiterhin gibt es Tastb\u00fccher. Sie enthalten f\u00fchlbare Modelle von Tieren oder Landschaften. Die gibt es meines Wissens auch f\u00fcr sehende Kinder.<br \/>\nMittlerweile haben sich auch Tastmodelle etabliert. Sie sind wesentlich g\u00fcnstiger geworden, etwa durch die M\u00f6glichkeiten des 3D-Drucks. Im Unterricht f\u00fcr blinde Kinder sind sie fest etabliert. Das erinnert mich an meinen alten Chemielehrer von der Blindenschule in Marburg. Er hat sich unglaublich viel M\u00fche gegeben, tastbare Modelle von Atomen und deren Bestandteilen herzustellen, zu einer Zeit, wo diese Modelle noch wesentlich schwieriger in der Anfertigung waren.<\/p>\n<h2><span class=\"ez-toc-section\" id=\"Die_erlesene_Welt\"><\/span>Die erlesene Welt<span class=\"ez-toc-section-end\"><\/span><\/h2>\n<p>Nun gibt es aber Dinge, die sich wesentlich schwieriger tastbar machen lassen. Kommen wir zum Vulkanausbruch zur\u00fcck. Der l\u00e4sst sich sicher irgendwie nachstellen. Aber ein entsprechendes Modell w\u00e4re dann doch wesentlich aufwendiger in der Herstellung.<br \/>\nDoch wof\u00fcr gibt es die Literatur? Ich nenne Geschichten gerne das inklusivste Medium. Sie m\u00fcssen in der Regel ohne Bilder auskommen. deshalb muss alles, was in einer Geschichte vorkommt mit Worten beschrieben werden. &#8222;Der Vulkan brach aus&#8220; wird dabei niemandes Phantasie anstacheln. Die gl\u00fchende Lava, die sich \u00fcber die Bergh\u00e4nge ergie\u00dft hingegen schon.<br \/>\nDa wir alle mehr oder weniger mit Geschichten aufwachsen, geh\u00f6ren solche Ereignisse, auch wenn wir sie nie selbst erlebt haben also zu unserem kollektiven Erfahrungsschatz. Die meisten Vollblinden d\u00fcrften deshalb eine recht lebendige Vorstellung davon haben, wie ein Vulkanausbruch aussieht. Wir k\u00f6nnen uns sogar Sachen vorstellen, die es nicht gibt wie Drachen, Trolle und den Weltfrieden.<br \/>\nGleiches gilt f\u00fcr eher abstrakte Sachverhalte: Niemand wird literarisch die Form eines Ferraris beschreiben, der Autor kann davon ausgehen, dass die meisten Leser wissen, wie so ein Sportwagen aussieht. Doch steht der Ferrari nicht nur f\u00fcr eine teure Automarke. Er ist ein Symbol f\u00fcr Reichtum, Sportlichkeit, Schnelligkeit und was auch immer man noch damit assoziiert. Und diese Assoziationen sind den Blinden nat\u00fcrlich auch aus Geschichten bekannt. Ich k\u00f6nnte eine Harley Davidson nicht vom n\u00e4chstbesten Elektroroller unterscheiden. Ich wei\u00df aber, welchen Kult manche Leute um die Harley machen. Und woher? Nat\u00fcrlich aus unz\u00e4hligen Filem, B\u00fcchern und Geschichten. Und deshalb macht es nat\u00fcrlich einen Unterschied, ob auf dem Bild einfach nur ein Motorad oder eine Harley zu sehen ist.<br \/>\n<a href=\"https:\/\/netz-barrierefrei.de\/en\/desc-value.html\">Do blind Persons understand Descriptions of things they never have seen?<\/a><\/p>\n","protected":false},"excerpt":{"rendered":"<p>In meinen Workshops zum barrierefreien Internet habe ich einen Extra-Abschnitt zum Thema Bildbeschreibungen f\u00fcr blinde und sehbehinderte Menschen. Fast immer werde ich gefragt, ob f\u00fcr&#8230;<\/p>\n<div class=\"more-link-wrapper\"><a class=\"more-link\" href=\"https:\/\/www.netz-barrierefrei.de\/wordpress\/was-bringen-bild-beschreibungen-fuer-blinde-und-sehbehinderte\/\">Weiterlesen<span class=\"screen-reader-text\">Was k\u00f6nnen Blinde mit Bild-Beschreibungen anfangen, wenn sie nie gesehen haben?<\/span><\/a><\/div>\n","protected":false},"author":1,"featured_media":0,"parent":0,"menu_order":0,"comment_status":"closed","ping_status":"closed","template":"","meta":{"footnotes":""},"class_list":["post-3188","page","type-page","status-publish","hentry","entry"],"_links":{"self":[{"href":"https:\/\/www.netz-barrierefrei.de\/wordpress\/wp-json\/wp\/v2\/pages\/3188","targetHints":{"allow":["GET"]}}],"collection":[{"href":"https:\/\/www.netz-barrierefrei.de\/wordpress\/wp-json\/wp\/v2\/pages"}],"about":[{"href":"https:\/\/www.netz-barrierefrei.de\/wordpress\/wp-json\/wp\/v2\/types\/page"}],"author":[{"embeddable":true,"href":"https:\/\/www.netz-barrierefrei.de\/wordpress\/wp-json\/wp\/v2\/users\/1"}],"replies":[{"embeddable":true,"href":"https:\/\/www.netz-barrierefrei.de\/wordpress\/wp-json\/wp\/v2\/comments?post=3188"}],"version-history":[{"count":6,"href":"https:\/\/www.netz-barrierefrei.de\/wordpress\/wp-json\/wp\/v2\/pages\/3188\/revisions"}],"predecessor-version":[{"id":9456,"href":"https:\/\/www.netz-barrierefrei.de\/wordpress\/wp-json\/wp\/v2\/pages\/3188\/revisions\/9456"}],"wp:attachment":[{"href":"https:\/\/www.netz-barrierefrei.de\/wordpress\/wp-json\/wp\/v2\/media?parent=3188"}],"curies":[{"name":"wp","href":"https:\/\/api.w.org\/{rel}","templated":true}]}}