{"id":3365,"date":"2019-09-30T14:18:05","date_gmt":"2019-09-30T12:18:05","guid":{"rendered":"https:\/\/www.netz-barrierefrei.de\/wordpress\/?page_id=3365"},"modified":"2025-03-31T13:30:06","modified_gmt":"2025-03-31T11:30:06","slug":"barrierefreies-pdf-erstellung-pruefung-beratung-und-qualitaetssicherung","status":"publish","type":"page","link":"https:\/\/www.netz-barrierefrei.de\/wordpress\/leistungen\/barrierefreies-pdf-erstellung-pruefung-beratung-und-qualitaetssicherung\/","title":{"rendered":"Design\/Erstellung Barrierefreier PDF-Dokumente, PDF-Formulare und Word-Vorlagen"},"content":{"rendered":"<p><img loading=\"lazy\" decoding=\"async\" src=\"https:\/\/www.netz-barrierefrei.de\/wordpress\/wp-content\/uploads\/pdf.png\" alt=\"Logo von PDF\" width=\"720\" height=\"720\" class=\"alignleft size-full wp-image-1947\" srcset=\"https:\/\/www.netz-barrierefrei.de\/wordpress\/wp-content\/uploads\/pdf.png 720w, https:\/\/www.netz-barrierefrei.de\/wordpress\/wp-content\/uploads\/pdf-150x150.png 150w, https:\/\/www.netz-barrierefrei.de\/wordpress\/wp-content\/uploads\/pdf-300x300.png 300w\" sizes=\"auto, (max-width: 720px) 100vw, 720px\" \/>Nach den aktuellen Gesetzen m\u00fcssen PDF-Dokumente f\u00fcr die interne und externe Kommunikation barrierefrei sein. Das kann die Firma Silta f\u00fcr Sie \u00fcbernehmen. <\/p>\n<div id=\"ez-toc-container\" class=\"ez-toc-v2_0_82_2 counter-hierarchy ez-toc-counter ez-toc-white ez-toc-container-direction\">\n<div class=\"ez-toc-title-container\">\n<p class=\"ez-toc-title\" style=\"cursor:inherit\">Inhalt<\/p>\n<span class=\"ez-toc-title-toggle\"><a href=\"#\" class=\"ez-toc-pull-right ez-toc-btn ez-toc-btn-xs ez-toc-btn-default ez-toc-toggle\" aria-label=\"Toggle Table of Content\"><span class=\"ez-toc-js-icon-con\"><span class=\"\"><span class=\"eztoc-hide\" style=\"display:none;\">Toggle<\/span><span class=\"ez-toc-icon-toggle-span\"><svg style=\"fill: #999;color:#999\" xmlns=\"http:\/\/www.w3.org\/2000\/svg\" class=\"list-377408\" width=\"20px\" height=\"20px\" viewBox=\"0 0 24 24\" fill=\"none\"><path d=\"M6 6H4v2h2V6zm14 0H8v2h12V6zM4 11h2v2H4v-2zm16 0H8v2h12v-2zM4 16h2v2H4v-2zm16 0H8v2h12v-2z\" fill=\"currentColor\"><\/path><\/svg><svg style=\"fill: #999;color:#999\" class=\"arrow-unsorted-368013\" xmlns=\"http:\/\/www.w3.org\/2000\/svg\" width=\"10px\" height=\"10px\" viewBox=\"0 0 24 24\" version=\"1.2\" baseProfile=\"tiny\"><path d=\"M18.2 9.3l-6.2-6.3-6.2 6.3c-.2.2-.3.4-.3.7s.1.5.3.7c.2.2.4.3.7.3h11c.3 0 .5-.1.7-.3.2-.2.3-.5.3-.7s-.1-.5-.3-.7zM5.8 14.7l6.2 6.3 6.2-6.3c.2-.2.3-.5.3-.7s-.1-.5-.3-.7c-.2-.2-.4-.3-.7-.3h-11c-.3 0-.5.1-.7.3-.2.2-.3.5-.3.7s.1.5.3.7z\"\/><\/svg><\/span><\/span><\/span><\/a><\/span><\/div>\n<nav><ul class='ez-toc-list ez-toc-list-level-1 ' ><li class='ez-toc-page-1 ez-toc-heading-level-2'><a class=\"ez-toc-link ez-toc-heading-1\" href=\"https:\/\/www.netz-barrierefrei.de\/wordpress\/leistungen\/barrierefreies-pdf-erstellung-pruefung-beratung-und-qualitaetssicherung\/#Erstellung_barrierefreier_PDF-Dokumente_und_PDF-Formulare\" >Erstellung barrierefreier PDF-Dokumente und PDF-Formulare<\/a><\/li><li class='ez-toc-page-1 ez-toc-heading-level-2'><a class=\"ez-toc-link ez-toc-heading-2\" href=\"https:\/\/www.netz-barrierefrei.de\/wordpress\/leistungen\/barrierefreies-pdf-erstellung-pruefung-beratung-und-qualitaetssicherung\/#Dienstleister_fuer_Behoerden_und_Agenturen\" >Dienstleister f\u00fcr Beh\u00f6rden und Agenturen<\/a><\/li><li class='ez-toc-page-1 ez-toc-heading-level-2'><a class=\"ez-toc-link ez-toc-heading-3\" href=\"https:\/\/www.netz-barrierefrei.de\/wordpress\/leistungen\/barrierefreies-pdf-erstellung-pruefung-beratung-und-qualitaetssicherung\/#Barrierefreie_Aufbereitung_einer_grossen_Zahl_von_PDF-Dokumenten\" >Barrierefreie Aufbereitung einer gro\u00dfen Zahl von PDF-Dokumenten<\/a><\/li><li class='ez-toc-page-1 ez-toc-heading-level-2'><a class=\"ez-toc-link ez-toc-heading-4\" href=\"https:\/\/www.netz-barrierefrei.de\/wordpress\/leistungen\/barrierefreies-pdf-erstellung-pruefung-beratung-und-qualitaetssicherung\/#Erstellung_Barrierefreie_PDF-Formulare\" >Erstellung Barrierefreie PDF-Formulare<\/a><\/li><li class='ez-toc-page-1 ez-toc-heading-level-2'><a class=\"ez-toc-link ez-toc-heading-5\" href=\"https:\/\/www.netz-barrierefrei.de\/wordpress\/leistungen\/barrierefreies-pdf-erstellung-pruefung-beratung-und-qualitaetssicherung\/#Barrierefreie_Vorlagen_fuer_Word_und_PowerPoint\" >Barrierefreie Vorlagen f\u00fcr Word und PowerPoint<\/a><\/li><li class='ez-toc-page-1 ez-toc-heading-level-2'><a class=\"ez-toc-link ez-toc-heading-6\" href=\"https:\/\/www.netz-barrierefrei.de\/wordpress\/leistungen\/barrierefreies-pdf-erstellung-pruefung-beratung-und-qualitaetssicherung\/#Beratung_zu_barrierefreien_PDFs_und_Publikationen\" >Beratung zu barrierefreien PDFs und Publikationen<\/a><\/li><li class='ez-toc-page-1 ez-toc-heading-level-2'><a class=\"ez-toc-link ez-toc-heading-7\" href=\"https:\/\/www.netz-barrierefrei.de\/wordpress\/leistungen\/barrierefreies-pdf-erstellung-pruefung-beratung-und-qualitaetssicherung\/#Unsere_Referenzen\" >Unsere Referenzen<\/a><\/li><\/ul><\/nav><\/div>\n<h2><span class=\"ez-toc-section\" id=\"Erstellung_barrierefreier_PDF-Dokumente_und_PDF-Formulare\"><\/span>Erstellung barrierefreier PDF-Dokumente und PDF-Formulare<span class=\"ez-toc-section-end\"><\/span><\/h2>\n<p>Wir bieten die Erstellung und Qualit\u00e4tssicherung barrierefreier PDF-Dokumente nach dem technischen Standard PDF Universal Accessibility (PDF UA), dem deutschen Standard BITV 2.0, EN 301549 und WCAG 2.1 AA. Die Dokumente werden mit Adobe Acrobat Professional oder InDesign erstellt und auf Barrierefreiheit gepr\u00fcft. Zus\u00e4tzlich pr\u00fcfen wir die PDFs mit dem PDF Accessibility Checker. Auf Wunsch f\u00fchren wir auch Pr\u00fcfungen mit verschiedenen Screenreadern und Vergr\u00f6\u00dferungs-Software durch.<br \/>\nWir empfehlen Ihnen, uns schon vor dem Layouten des PDFs zu konsultieren. Viele Anforderungen der WCAG 2.1 (dem Standard f\u00fcr barrierefreie Inhalte) lassen sich nach der Fertigstellung des Layouts nicht mehr vollst\u00e4ndig umsetzen. Eine fr\u00fche Kontaktaufnahme kann den Prozess der Barrierefrei-Machung im Endeffekt drastisch verg\u00fcnstigen und beschleunigen. Auf Wunsch \u00fcbernehmen wir auch das Design der Dokumente, dadurch k\u00f6nnen wir den gesamten Prozess der Barrierefrei-Machung aus einer Hand anbieten und die Barrierefreiheit von Anfang an sicherstellen.<br \/>\nSie ben\u00f6tigen eine <a href=\"https:\/\/www.netz-barrierefrei.de\/wordpress\/leistungen\/schulungen-zu-barrierefreien-pdfs-adobe-acrobat-microsoft-und-libreoffice\/\">Schulung zu barrierefreien PDFs mit Adobe Acrobat oder InDesign<\/a>? Dann melden Sie sich gerne bei uns. Sie m\u00f6chten selbst Ihre PDFs pr\u00fcfen und die Qualit\u00e4t gew\u00e4hrleisten? Dann besuchen Sie unsere <a href=\"https:\/\/www.netz-barrierefrei.de\/wordpress\/barrierefreiheits-workshops\/schulung-barrierefreie-pdf-basis-wissen-pruefung-und-qualitaetssicherung\/\">Schulung zu Pr\u00fcfung und Qualit\u00e4ts-Sicherung barrierefreier PDFs<\/a>. <\/p>\n<h2><span class=\"ez-toc-section\" id=\"Dienstleister_fuer_Behoerden_und_Agenturen\"><\/span>Dienstleister f\u00fcr Beh\u00f6rden und Agenturen<span class=\"ez-toc-section-end\"><\/span><\/h2>\n<p>Wir erstellen sowohl f\u00fcr Beh\u00f6rden als auch f\u00fcr Grafik-Agenturen barrierefreie PDFs &#8211; wir sind der Dienstleister des Dienstleisters. Wir arbeiten bereits mit vielen zufriedenen Agenturen vertrauensvoll zusammen. <\/p>\n<h2><span class=\"ez-toc-section\" id=\"Barrierefreie_Aufbereitung_einer_grossen_Zahl_von_PDF-Dokumenten\"><\/span>Barrierefreie Aufbereitung einer gro\u00dfen Zahl von PDF-Dokumenten<span class=\"ez-toc-section-end\"><\/span><\/h2>\n<p>Mit unserem Team k\u00f6nnen wir auch gr\u00f6\u00dfere Mengen an vorliegenden Dokumenten barrierefrei gestalten. Dauer und Kosten h\u00e4ngen in erster Linie von der Qualit\u00e4t und Komplexit\u00e4t der PDF-Dateien ab. Senden Sie uns gerne exemplarische Dokumente zu. Beim Thema <a href=\"https:\/\/www.silta.ai\/barrierefreie-dokumente\">barrierefreie PDF arbeiten wir mit der Firma Silta.ai zusammen<\/a>. Senden Sie Ihre Anfrage bitte direkt an Silta. <\/p>\n<h2><span class=\"ez-toc-section\" id=\"Erstellung_Barrierefreie_PDF-Formulare\"><\/span>Erstellung Barrierefreie PDF-Formulare<span class=\"ez-toc-section-end\"><\/span><\/h2>\n<p>F\u00fcr Formulare im PDF-Format m\u00fcssen besondere Voraussetzungen erf\u00fcllt sein, damit sie barrierefrei sind: Sie m\u00fcssen zum Beispiel ohne weitere Hilfsmittel am Bildschirm ausgef\u00fcllt werden k\u00f6nnen und vollst\u00e4ndig per Tastatur bedienbar sein. Au\u00dferdem sollten die Eingabefelder f\u00fcr Menschen mit einer Sehbehinderung gut erkennbar sein. Gerne bereiten wir Ihr PDF-Formular barrierefrei auf. Sie m\u00f6chten Ihre PDF-Formulare selbst barrierefrei machen? Dann besuchen Sie unsere <a href=\"https:\/\/www.netz-barrierefrei.de\/wordpress\/schulung-und-beratung\/#Barrierefreie_PDF-Formulare\">Schulung zur Erstellung barrierefreier PDF-Formulare<\/a>. <\/p>\n<h2><span class=\"ez-toc-section\" id=\"Barrierefreie_Vorlagen_fuer_Word_und_PowerPoint\"><\/span>Barrierefreie Vorlagen f\u00fcr Word und PowerPoint<span class=\"ez-toc-section-end\"><\/span><\/h2>\n<p>Sie ben\u00f6tigen barrierefreie Vorlagen f\u00fcr Word oder PowerPoint? Gerne erstellen wir barrierefreie Vorlagen nach Ihren Vorstellungen und Ihrem Design. <\/p>\n<h2><span class=\"ez-toc-section\" id=\"Beratung_zu_barrierefreien_PDFs_und_Publikationen\"><\/span>Beratung zu barrierefreien PDFs und Publikationen<span class=\"ez-toc-section-end\"><\/span><\/h2>\n<p>Gerne beraten wir sie auch zur barrierefreien Gestaltung bestehender Dokumente. Wir geben etwa Hinweise auf zu geringe Kontraste bei Texten und Bildern, schlecht lesbare Schrift-Typen oder zu weiteren m\u00f6glichen Problemen. In diesem Fall konsultieren Sie uns bitte schon vor der Konzeption des Dokuments.<br \/>\nAuch wenn Sie einen Publikations-Prozess im Hinblick auf Barrierefreiheit optimieren wollen, sind wir ihre Ansprechpartnerinnen. <\/p>\n<h2><span class=\"ez-toc-section\" id=\"Unsere_Referenzen\"><\/span>Unsere Referenzen<span class=\"ez-toc-section-end\"><\/span><\/h2>\n<p>Durch unsere jahrelange Erfahrung in Schulungen und durch Erstellung neuer und Pr\u00fcfungen bestehender PDFs konnten wir umfangreiche Erfahrung mit barrierefreien PDFs und Office-Dokumenten sammeln. Wir wissen deshalb, welche Probleme in der Praxis entstehen und vor allem, wie man sie vermeidet oder behebt.<br \/>\nBarrierefreie PDF erstellen wir zumeist im Auftrag von Design-Agenturen. Daneben haben wir PDF des Bundessozialministeriums, des Medizinischen Dienstes der Krankenkassen oder der Uni Hamburg barrierefrei gemacht. Wir haben PDF aller Art vom Buch \u00fcber die Brosch\u00fcre bis hin zum Formular barrierefrei gestaltet. Zudem verf\u00fcgen wir &#8211; anders als die meisten Desktop-Publisher:Innen &#8211; \u00fcber Entwicklungs-Know-How und k\u00f6nnen weitere Funktionen in die PDF programmieren bzw. auf Barrierefreiheit pr\u00fcfen.<br \/>\nUm ein Angebot zu erstellen, ben\u00f6tigen wir das fertig gelayoutete Dokument im Office-,PDF- oder InDesign-Format. Das Dokument k\u00f6nnen Sie uns per Mail oder falls es f\u00fcr den Versand zu gro\u00df ist per Download bereit stellen.<br \/>\nDiese Dienstleistungen werden von meinem Kooperationspartner,  <a href=\"https:\/\/www.silta.ai\/barrierefreie-dokumente\">der Firma Silta \u00fcbernommen. Gerne k\u00f6nnen Sie direkt dort anfragen<\/a>. F\u00fcr ein Angebot senden Sie bitte das PDF, gerne auch als Link.<\/p>\n","protected":false},"excerpt":{"rendered":"<p>Nach den aktuellen Gesetzen m\u00fcssen PDF-Dokumente f\u00fcr die interne und externe Kommunikation barrierefrei sein. Das kann die Firma Silta f\u00fcr Sie \u00fcbernehmen. Erstellung barrierefreier PDF-Dokumente&#8230;<\/p>\n<div class=\"more-link-wrapper\"><a class=\"more-link\" href=\"https:\/\/www.netz-barrierefrei.de\/wordpress\/leistungen\/barrierefreies-pdf-erstellung-pruefung-beratung-und-qualitaetssicherung\/\">Weiterlesen<span class=\"screen-reader-text\">Design\/Erstellung Barrierefreier PDF-Dokumente, PDF-Formulare und Word-Vorlagen<\/span><\/a><\/div>\n","protected":false},"author":1,"featured_media":0,"parent":1305,"menu_order":0,"comment_status":"closed","ping_status":"open","template":"","meta":{"footnotes":""},"class_list":["post-3365","page","type-page","status-publish","hentry","entry"],"_links":{"self":[{"href":"https:\/\/www.netz-barrierefrei.de\/wordpress\/wp-json\/wp\/v2\/pages\/3365","targetHints":{"allow":["GET"]}}],"collection":[{"href":"https:\/\/www.netz-barrierefrei.de\/wordpress\/wp-json\/wp\/v2\/pages"}],"about":[{"href":"https:\/\/www.netz-barrierefrei.de\/wordpress\/wp-json\/wp\/v2\/types\/page"}],"author":[{"embeddable":true,"href":"https:\/\/www.netz-barrierefrei.de\/wordpress\/wp-json\/wp\/v2\/users\/1"}],"replies":[{"embeddable":true,"href":"https:\/\/www.netz-barrierefrei.de\/wordpress\/wp-json\/wp\/v2\/comments?post=3365"}],"version-history":[{"count":27,"href":"https:\/\/www.netz-barrierefrei.de\/wordpress\/wp-json\/wp\/v2\/pages\/3365\/revisions"}],"predecessor-version":[{"id":9980,"href":"https:\/\/www.netz-barrierefrei.de\/wordpress\/wp-json\/wp\/v2\/pages\/3365\/revisions\/9980"}],"up":[{"embeddable":true,"href":"https:\/\/www.netz-barrierefrei.de\/wordpress\/wp-json\/wp\/v2\/pages\/1305"}],"wp:attachment":[{"href":"https:\/\/www.netz-barrierefrei.de\/wordpress\/wp-json\/wp\/v2\/media?parent=3365"}],"curies":[{"name":"wp","href":"https:\/\/api.w.org\/{rel}","templated":true}]}}