{"id":339,"date":"2018-03-04T15:28:52","date_gmt":"2018-03-04T13:28:52","guid":{"rendered":"http:\/\/www.netz-barrierefrei.de\/wordpress\/?page_id=339"},"modified":"2025-10-09T14:47:59","modified_gmt":"2025-10-09T12:47:59","slug":"qualifikationen","status":"publish","type":"page","link":"https:\/\/www.netz-barrierefrei.de\/wordpress\/qualifikationen\/","title":{"rendered":"Qualifikationen &#038; Referenzen"},"content":{"rendered":"<p><img loading=\"lazy\" decoding=\"async\" src=\"https:\/\/www.netz-barrierefrei.de\/wordpress\/wp-content\/uploads\/lebenslauf.jpg\" alt=\"Stilisierter Lebenslauf\" width=\"300\" height=\"300\" class=\"alignleft size-full wp-image-4828\" srcset=\"https:\/\/www.netz-barrierefrei.de\/wordpress\/wp-content\/uploads\/lebenslauf.jpg 720w, https:\/\/www.netz-barrierefrei.de\/wordpress\/wp-content\/uploads\/lebenslauf-300x300.jpg 300w, https:\/\/www.netz-barrierefrei.de\/wordpress\/wp-content\/uploads\/lebenslauf-150x150.jpg 150w\" sizes=\"auto, (max-width: 300px) 100vw, 300px\" \/>Oliveira arbeitet seit dem Jahr 2009 als selbst\u00e4ndiger zertifizierter Accessibility Consultant und besch\u00e4ftigt sich als blinder Mensch sein Leben lang mit der Barrierefreiheit. Referenzen zu den einzelnen Schwerpunkten seiner T\u00e4tigkeit finden Sie nach der Vita.<\/p>\n<div id=\"ez-toc-container\" class=\"ez-toc-v2_0_82_2 counter-hierarchy ez-toc-counter ez-toc-white ez-toc-container-direction\">\n<div class=\"ez-toc-title-container\">\n<p class=\"ez-toc-title\" style=\"cursor:inherit\">Inhalt<\/p>\n<span class=\"ez-toc-title-toggle\"><a href=\"#\" class=\"ez-toc-pull-right ez-toc-btn ez-toc-btn-xs ez-toc-btn-default ez-toc-toggle\" aria-label=\"Toggle Table of Content\"><span class=\"ez-toc-js-icon-con\"><span class=\"\"><span class=\"eztoc-hide\" style=\"display:none;\">Toggle<\/span><span class=\"ez-toc-icon-toggle-span\"><svg style=\"fill: #999;color:#999\" xmlns=\"http:\/\/www.w3.org\/2000\/svg\" class=\"list-377408\" width=\"20px\" height=\"20px\" viewBox=\"0 0 24 24\" fill=\"none\"><path d=\"M6 6H4v2h2V6zm14 0H8v2h12V6zM4 11h2v2H4v-2zm16 0H8v2h12v-2zM4 16h2v2H4v-2zm16 0H8v2h12v-2z\" fill=\"currentColor\"><\/path><\/svg><svg style=\"fill: #999;color:#999\" class=\"arrow-unsorted-368013\" xmlns=\"http:\/\/www.w3.org\/2000\/svg\" width=\"10px\" height=\"10px\" viewBox=\"0 0 24 24\" version=\"1.2\" baseProfile=\"tiny\"><path d=\"M18.2 9.3l-6.2-6.3-6.2 6.3c-.2.2-.3.4-.3.7s.1.5.3.7c.2.2.4.3.7.3h11c.3 0 .5-.1.7-.3.2-.2.3-.5.3-.7s-.1-.5-.3-.7zM5.8 14.7l6.2 6.3 6.2-6.3c.2-.2.3-.5.3-.7s-.1-.5-.3-.7c-.2-.2-.4-.3-.7-.3h-11c-.3 0-.5.1-.7.3-.2.2-.3.5-.3.7s.1.5.3.7z\"\/><\/svg><\/span><\/span><\/span><\/a><\/span><\/div>\n<nav><ul class='ez-toc-list ez-toc-list-level-1 ' ><li class='ez-toc-page-1 ez-toc-heading-level-2'><a class=\"ez-toc-link ez-toc-heading-1\" href=\"https:\/\/www.netz-barrierefrei.de\/wordpress\/qualifikationen\/#Lebenslauf\" >Lebenslauf<\/a><\/li><li class='ez-toc-page-1 ez-toc-heading-level-2'><a class=\"ez-toc-link ez-toc-heading-2\" href=\"https:\/\/www.netz-barrierefrei.de\/wordpress\/qualifikationen\/#Zertifizierungen\" >Zertifizierungen<\/a><\/li><li class='ez-toc-page-1 ez-toc-heading-level-2'><a class=\"ez-toc-link ez-toc-heading-3\" href=\"https:\/\/www.netz-barrierefrei.de\/wordpress\/qualifikationen\/#Referenzen_zur_Barrierefreiheit\" >Referenzen zur Barrierefreiheit<\/a><ul class='ez-toc-list-level-3' ><li class='ez-toc-heading-level-3'><a class=\"ez-toc-link ez-toc-heading-4\" href=\"https:\/\/www.netz-barrierefrei.de\/wordpress\/qualifikationen\/#Barrierefreies_Internet_und_Apps\" >Barrierefreies Internet und Apps<\/a><\/li><li class='ez-toc-page-1 ez-toc-heading-level-3'><a class=\"ez-toc-link ez-toc-heading-5\" href=\"https:\/\/www.netz-barrierefrei.de\/wordpress\/qualifikationen\/#Barrierefreie_Dokumente_und_PDFs\" >Barrierefreie Dokumente und PDFs<\/a><\/li><li class='ez-toc-page-1 ez-toc-heading-level-3'><a class=\"ez-toc-link ez-toc-heading-6\" href=\"https:\/\/www.netz-barrierefrei.de\/wordpress\/qualifikationen\/#Testing_und_Evaluation\" >Testing und Evaluation<\/a><\/li><\/ul><\/li><li class='ez-toc-page-1 ez-toc-heading-level-2'><a class=\"ez-toc-link ez-toc-heading-7\" href=\"https:\/\/www.netz-barrierefrei.de\/wordpress\/qualifikationen\/#Publikationen\" >Publikationen<\/a><\/li><li class='ez-toc-page-1 ez-toc-heading-level-2'><a class=\"ez-toc-link ez-toc-heading-8\" href=\"https:\/\/www.netz-barrierefrei.de\/wordpress\/qualifikationen\/#Berufliche_Taetigkeiten\" >Berufliche T\u00e4tigkeiten<\/a><\/li><\/ul><\/nav><\/div>\n<h2><span class=\"ez-toc-section\" id=\"Lebenslauf\"><\/span>Lebenslauf<span class=\"ez-toc-section-end\"><\/span><\/h2>\n<p>Domingos de Oliveira studierte an der Universit\u00e4t Marburg Politikwissenschaft, Soziologie und Philosophie, er schloss das Studium 2005 mit einem Diplom in Politikwissenschaft ab. W\u00e4hrend einer Weiterbildung zum Online-Redakteur lernte er, redaktionelle Texte zu schreiben, aber auch mit HTML und CSS zu arbeiten.<br \/>\nNach und nach rutschte er in den Bereich Barrierefreiheit hinein. Als er sich als Online-Redakteur selbst\u00e4ndig machte, wurde er von vielen Kunden gebeten, Webseiten und PDF auf Barrierefreiheit zu pr\u00fcfen. Obwohl selber blind, konnte er mit dem Begriff nichts anfangen. Er wusste zwar, dass etwas f\u00fcr ihn nicht funktioniert, nicht aber, warum es nicht funktioniert. Er begann also, sich einzuarbeiten und wurde so nach und nach autodidaktisch zum Experten.<br \/>\n2013 ver\u00f6ffentlichte er sein erstes Buch zur Barrierefreiheit: <a href=\"https:\/\/www.netz-barrierefrei.de\/wordpress\/qualifikationen\/buch-barrierefreies-internet\/\">Barrierefreiheit im Internet<\/a>. Es z\u00e4hlt nach wie vor zu den deutschsprachigen Standardwerken. 2018 erschien sein Buch <a href=https:\/\/www.netz-barrierefrei.de\/wordpress\/buch-einfuehrung-in-die-barrierefreiheit\/\">Barrierefreiheit umsetzen &#8211; ein Leitfaden f\u00fcr Beh\u00f6rden, Unternehmen und NGOs<\/a> &#8211; die erste und bisher einzige allgemeine deutschsprachige Einf\u00fchrung in die Barrierefreiheit \u00fcberhaupt. 2022 ver\u00f6ffentlichte er sein drittes Buch zur Barrierefreiheit: <a href=\"https:\/\/www.netz-barrierefrei.de\/wordpress\/barrierefreies-publizieren\/barrierefreie-pdfs\/barrierefreie-pdf-und-dokumente-mit-microsoft-office-das-praxis-buch\/\">Barrierefreie PDF und Dokumente<\/a>.<br \/>\nVon 2009 bis 2022 arbeitete er als fester Freier f\u00fcr digitale Barrierefreiheit bei der Aktion Mensch. Von Mai 2021 bis Dezember 2022 war er als Barrierefreiheits-Experte f\u00fcr die Web-Agentur Snoopmedia in Bonn mit einer halben Stelle t\u00e4tig. Von Oktober 2022 bis heute arbeitet er Vollzeit bei der adesso SE als Senior Consultant digitale Barrierefreiheit. <\/p>\n<h2><span class=\"ez-toc-section\" id=\"Zertifizierungen\"><\/span>Zertifizierungen<span class=\"ez-toc-section-end\"><\/span><\/h2>\n<p>Oliveira hat im Laufe der Zeit mehrere Zertifizierungen erworben: Unter anderem ist er zertifizierter Experte f\u00fcr digitale Barrierefreiheit der DEQUE University.<br \/>\n2015 absolvierte er eine Weiterbildung zum Dozenten in der Erwachsenenbildung. Seitdem konnte er mehrere tausend Personen zur digitalen Barrierefreiheit qualifizieren. <\/p>\n<h2><span class=\"ez-toc-section\" id=\"Referenzen_zur_Barrierefreiheit\"><\/span>Referenzen zur Barrierefreiheit<span class=\"ez-toc-section-end\"><\/span><\/h2>\n<p>Wir &#8211; netz-barrierefrei.de und Silta.ai &#8211; konnten bisher mehrere tausend Personen zur Barrierefreiheit schulen und zahlreiche kleinere und gr\u00f6\u00dfere Organisationen beraten. Das ist m\u00f6glich durch unser gro\u00dfes, multidisziplin\u00e4res  und erfahrenes Team. <\/p>\n<h3><span class=\"ez-toc-section\" id=\"Barrierefreies_Internet_und_Apps\"><\/span>Barrierefreies Internet und Apps<span class=\"ez-toc-section-end\"><\/span><\/h3>\n<p>Schulungen zum barrierefreien Internet organisieren wir selbst. Zu den Auftraggebern f\u00fcr Inhouse-Schulungen z\u00e4hlen diverse Web-Agenturen, aber auch die Aktion Mensch oder die ARD ZDF Medienakademie.<br \/>\nDie Deutsche Forschungsgemeinschaft, den Parit\u00e4tischen NRW oder die Cinemateque Leipzig haben wir bei einem Relaunch der Website begleitet.<br \/>\nBeratungen haben wir etwa f\u00fcr die Deutsche Forschungsgemeinschaft, die DFL-Stifftung oder den Parit\u00e4tischen NRW durchgef\u00fchrt. Die DFL-Stiftung haben wir beim Projekt &#8222;Barrierefreier Stadionf\u00fchrer&#8220; bei der Entwicklung der zugeh\u00f6rigen Website und der App begleitet. <\/p>\n<h3><span class=\"ez-toc-section\" id=\"Barrierefreie_Dokumente_und_PDFs\"><\/span>Barrierefreie Dokumente und PDFs<span class=\"ez-toc-section-end\"><\/span><\/h3>\n<p>Schulungen zu barrierefreien Dokumenten haben wir selbst organisiert. Inhouse-Schulungen haben wir unter anderem f\u00fcr die Aktion Mensch, den Deutschen Behindertensport-Verband oder f\u00fcr den Spitzenverband der gesetzlichen Krankenkassen durchgef\u00fchrt. Daneben konnten wir rund ein Dutzend kleine und gro\u00dfe Hochschulen sowie zahlreiche Agenturen in der Erstellung barrierefreier Dokumente mit Office und Acrobat Pro bzw. InDesign schulen.<br \/>\nBei diesen Schulungen geht es stets auch um Beratung zum Workflow und der Optimierung der Vorlagen f\u00fcr Barrierefreiheit.<br \/>\nBarrierefreie Dokumente und PDFs wurden u.a. f\u00fcr die Uni Hamburg, Aktion Mensch oder das Bundesministerium f\u00fcr Arbeit und Soziales erstellt. In der Regel arbeiten wir hier mit Agenturen zusammen, die das Layout konzipieren und uns die Aufgabe der Barrierefrei-Machung der Dokumente \u00fcbertragen. Wir haben viel Erfahrung mit komplexen Dokumenten, insbesondere mit komplexen Formularen und Tabellen. Diesen Teil der Arbeit \u00fcbernimmt mein <a href=\"https:\/\/www.silta.ai\/\">Kooperationspartner Silta<\/a>.<\/p>\n<h3><span class=\"ez-toc-section\" id=\"Testing_und_Evaluation\"><\/span>Testing und Evaluation<span class=\"ez-toc-section-end\"><\/span><\/h3>\n<p>In den letzten Jahren haben wir so ziemlich alles evaluiert, was es im digitalen Bereich gibt: Webseiten, Programme, Dokumente und jetzt nat\u00fcrlich auch native Apps. Zu den gro\u00dfen Kunden z\u00e4hlen das Institut f\u00fcr Menschenrechte, das J\u00fcdische Museum Berlin, das Deutsche Patent- und Markenamt , die IT-Firma Conet oder die DFL-Stiftung.<br \/>\nOliveira hat in diversen Gremien mitgewirkt, etwa beim BIENE-Award der Aktion Mensch, beim Ministerium f\u00fcr Kultur und Wissenschaft NRW zum Thema barrierefreie Kultur und Museen, bei Deutschland sicher im Netz oder beim Bundesministerium f\u00fcr Arbeit und Soziales zum Thema K\u00fcnstliche Intelligenz und Gemeinwohl. <\/p>\n<h2><span class=\"ez-toc-section\" id=\"Publikationen\"><\/span>Publikationen<span class=\"ez-toc-section-end\"><\/span><\/h2>\n<p>Oliveira hat rund ein halbes Dutzend Fachb\u00fccher zu Barrierefreiheit und Behinderung geschrieben. Daneben hat er Fachbeitr\u00e4ge ver\u00f6ffentlicht, zum Beispiel f\u00fcr das Portal Reharecht oder f\u00fcr die TU Ilmenau.<br \/>\nEr hat zahlreiche Vortr\u00e4ge gehalten, zum Beispiel beim Technical Summit von Microsoft 2016, bei der Diversity Konferenz des Tagesspiegels 2018, bei der Republica 2017, beim Accessibility Summit des Behindertenbeauftragten oder der LVR-Kulturkonferenz im Jahr 2021, bei einer Fachveranstaltung des Bonner Rheinwerk-Verlages 2022 und viele mehr. <\/p>\n<h2><span class=\"ez-toc-section\" id=\"Berufliche_Taetigkeiten\"><\/span>Berufliche T\u00e4tigkeiten<span class=\"ez-toc-section-end\"><\/span><\/h2>\n<p>Von 2009 bis 2022 war Oliveira fester Freier der Aktion Mensch zum Thema digitale Barrierefreiheit. Er war in die Projekte Einfach f\u00fcr alle und den BIENE-Wettbewerb involviert, unterst\u00fctzte den Familienratgeber sowie mehrere Relaunches des Haupt-Portals aktion-mensch.de.<br \/>\nZwischen 2021 und 2022 arbeitete Oliveira f\u00fcr die Snoopmedia GmbH in Bonn als Berater f\u00fcr digitale Barrierefreiheit. Ein gro\u00dfer Kunde war dabei der Deutsche Akademische Austauschdienst.<br \/>\nSeit Oktober 2022 arbeitet Oliveira f\u00fcr die adesso SE.<\/p>\n","protected":false},"excerpt":{"rendered":"<p>Oliveira arbeitet seit dem Jahr 2009 als selbst\u00e4ndiger zertifizierter Accessibility Consultant und besch\u00e4ftigt sich als blinder Mensch sein Leben lang mit der Barrierefreiheit. Referenzen zu&#8230;<\/p>\n<div class=\"more-link-wrapper\"><a class=\"more-link\" href=\"https:\/\/www.netz-barrierefrei.de\/wordpress\/qualifikationen\/\">Weiterlesen<span class=\"screen-reader-text\">Qualifikationen &#038; Referenzen<\/span><\/a><\/div>\n","protected":false},"author":1,"featured_media":0,"parent":0,"menu_order":0,"comment_status":"closed","ping_status":"closed","template":"","meta":{"footnotes":""},"class_list":["post-339","page","type-page","status-publish","hentry","entry"],"_links":{"self":[{"href":"https:\/\/www.netz-barrierefrei.de\/wordpress\/wp-json\/wp\/v2\/pages\/339","targetHints":{"allow":["GET"]}}],"collection":[{"href":"https:\/\/www.netz-barrierefrei.de\/wordpress\/wp-json\/wp\/v2\/pages"}],"about":[{"href":"https:\/\/www.netz-barrierefrei.de\/wordpress\/wp-json\/wp\/v2\/types\/page"}],"author":[{"embeddable":true,"href":"https:\/\/www.netz-barrierefrei.de\/wordpress\/wp-json\/wp\/v2\/users\/1"}],"replies":[{"embeddable":true,"href":"https:\/\/www.netz-barrierefrei.de\/wordpress\/wp-json\/wp\/v2\/comments?post=339"}],"version-history":[{"count":55,"href":"https:\/\/www.netz-barrierefrei.de\/wordpress\/wp-json\/wp\/v2\/pages\/339\/revisions"}],"predecessor-version":[{"id":10345,"href":"https:\/\/www.netz-barrierefrei.de\/wordpress\/wp-json\/wp\/v2\/pages\/339\/revisions\/10345"}],"wp:attachment":[{"href":"https:\/\/www.netz-barrierefrei.de\/wordpress\/wp-json\/wp\/v2\/media?parent=339"}],"curies":[{"name":"wp","href":"https:\/\/api.w.org\/{rel}","templated":true}]}}