{"id":3585,"date":"2019-12-07T20:17:13","date_gmt":"2019-12-07T18:17:13","guid":{"rendered":"https:\/\/www.netz-barrierefrei.de\/wordpress\/?page_id=3585"},"modified":"2023-08-30T18:04:29","modified_gmt":"2023-08-30T16:04:29","slug":"barrierefreiheit-und-inklusion-gemeinsamkeiten-und-unterschiede","status":"publish","type":"page","link":"https:\/\/www.netz-barrierefrei.de\/wordpress\/gesellschaft\/barrierefreiheit-und-inklusion-gemeinsamkeiten-und-unterschiede\/","title":{"rendered":"Barrierefreiheit und Inklusion &#8211; Gemeinsamkeiten und Unterschiede"},"content":{"rendered":"<p><img loading=\"lazy\" decoding=\"async\" src=\"https:\/\/www.netz-barrierefrei.de\/wordpress\/wp-content\/uploads\/group-418449_960_720.jpg\" alt=\"Stilisierte farbige Figuren\" width=\"720\" height=\"720\" class=\"alignleft size-full wp-image-1481\" srcset=\"https:\/\/www.netz-barrierefrei.de\/wordpress\/wp-content\/uploads\/group-418449_960_720.jpg 720w, https:\/\/www.netz-barrierefrei.de\/wordpress\/wp-content\/uploads\/group-418449_960_720-150x150.jpg 150w, https:\/\/www.netz-barrierefrei.de\/wordpress\/wp-content\/uploads\/group-418449_960_720-300x300.jpg 300w\" sizes=\"auto, (max-width: 720px) 100vw, 720px\" \/>Die Begriffe Inklusion und Barrierefreiheit werden oft synonym und auch gerne falsch verwendet. Das fiel mir zuletzt bei der Debatte um Apples neue Emojis auf. Diese Emojis haben etwas mit Behinderung zu tun. Sie sind deshalb aber weder inklusiv noch barrierefrei und m\u00fcssen auch nicht dazu beitragen. Im Gegenteil: Wie <a href=\"https:\/\/leidmedien.de\/\">Leidmedien<\/a> immer wieder zeigt, kann eine unangemessene Bildsprache auch zur Exklusion beitragen.<br \/>\nIch verdrehe zwar immer innerlich die Augen, wenn mich ein potentieller Auftraggeber danach fragt, wie man eine Website auf Inklusion pr\u00fcfen kann, er meint wahrscheinlich Barrierefreiheit. Da die Begriffe aber selbst von Eingeweihten wild durch die Gegend geworfen werden, kann man den Nicht-Eingeweihten auch keinen Vorwurf machen. In der anglo-amerikanischen Diskussion wird zum Beispiel in letzter Zeit wieder verst\u00e4rkt von inclusive design gesprochen: Was damit konkret gemeint ist, bleibt aber offen. Vielleicht klingt ihnen accessible design einfach zu langweilig. <\/p>\n<div id=\"ez-toc-container\" class=\"ez-toc-v2_0_82_2 counter-hierarchy ez-toc-counter ez-toc-white ez-toc-container-direction\">\n<div class=\"ez-toc-title-container\">\n<p class=\"ez-toc-title\" style=\"cursor:inherit\">Inhalt<\/p>\n<span class=\"ez-toc-title-toggle\"><a href=\"#\" class=\"ez-toc-pull-right ez-toc-btn ez-toc-btn-xs ez-toc-btn-default ez-toc-toggle\" aria-label=\"Toggle Table of Content\"><span class=\"ez-toc-js-icon-con\"><span class=\"\"><span class=\"eztoc-hide\" style=\"display:none;\">Toggle<\/span><span class=\"ez-toc-icon-toggle-span\"><svg style=\"fill: #999;color:#999\" xmlns=\"http:\/\/www.w3.org\/2000\/svg\" class=\"list-377408\" width=\"20px\" height=\"20px\" viewBox=\"0 0 24 24\" fill=\"none\"><path d=\"M6 6H4v2h2V6zm14 0H8v2h12V6zM4 11h2v2H4v-2zm16 0H8v2h12v-2zM4 16h2v2H4v-2zm16 0H8v2h12v-2z\" fill=\"currentColor\"><\/path><\/svg><svg style=\"fill: #999;color:#999\" class=\"arrow-unsorted-368013\" xmlns=\"http:\/\/www.w3.org\/2000\/svg\" width=\"10px\" height=\"10px\" viewBox=\"0 0 24 24\" version=\"1.2\" baseProfile=\"tiny\"><path d=\"M18.2 9.3l-6.2-6.3-6.2 6.3c-.2.2-.3.4-.3.7s.1.5.3.7c.2.2.4.3.7.3h11c.3 0 .5-.1.7-.3.2-.2.3-.5.3-.7s-.1-.5-.3-.7zM5.8 14.7l6.2 6.3 6.2-6.3c.2-.2.3-.5.3-.7s-.1-.5-.3-.7c-.2-.2-.4-.3-.7-.3h-11c-.3 0-.5.1-.7.3-.2.2-.3.5-.3.7s.1.5.3.7z\"\/><\/svg><\/span><\/span><\/span><\/a><\/span><\/div>\n<nav><ul class='ez-toc-list ez-toc-list-level-1 ' ><li class='ez-toc-page-1 ez-toc-heading-level-2'><a class=\"ez-toc-link ez-toc-heading-1\" href=\"https:\/\/www.netz-barrierefrei.de\/wordpress\/gesellschaft\/barrierefreiheit-und-inklusion-gemeinsamkeiten-und-unterschiede\/#Was_heisst_Inklusion\" >Was hei\u00dft Inklusion?<\/a><\/li><li class='ez-toc-page-1 ez-toc-heading-level-2'><a class=\"ez-toc-link ez-toc-heading-2\" href=\"https:\/\/www.netz-barrierefrei.de\/wordpress\/gesellschaft\/barrierefreiheit-und-inklusion-gemeinsamkeiten-und-unterschiede\/#Was_heisst_Barrierefreiheit\" >Was hei\u00dft Barrierefreiheit<\/a><\/li><li class='ez-toc-page-1 ez-toc-heading-level-2'><a class=\"ez-toc-link ez-toc-heading-3\" href=\"https:\/\/www.netz-barrierefrei.de\/wordpress\/gesellschaft\/barrierefreiheit-und-inklusion-gemeinsamkeiten-und-unterschiede\/#Apples_Emojis_als_Negativ-Beispiel\" >Apples Emojis als Negativ-Beispiel<\/a><\/li><li class='ez-toc-page-1 ez-toc-heading-level-2'><a class=\"ez-toc-link ez-toc-heading-4\" href=\"https:\/\/www.netz-barrierefrei.de\/wordpress\/gesellschaft\/barrierefreiheit-und-inklusion-gemeinsamkeiten-und-unterschiede\/#Fazit_Ein_vorsichtiger_Umgang_mit_den_Begriffen_ist_angebracht\" >Fazit: Ein vorsichtiger Umgang mit den Begriffen ist angebracht<\/a><\/li><\/ul><\/nav><\/div>\n<h2><span class=\"ez-toc-section\" id=\"Was_heisst_Inklusion\"><\/span>Was hei\u00dft Inklusion?<span class=\"ez-toc-section-end\"><\/span><\/h2>\n<p>Inklusion ist im Wesentlichen ein Begriff, der sich auf die Lebenswelt von Personen bezieht. Gemeint ist, dass behinderte und nicht-behinderte Menschen zusammen leben und die Gesellschaft gemeinsam gestalten. Behinderte Menschen haben allerdings den Begriff gekapert: Tats\u00e4chlich kann er sich im gesellschaftlichen Sinne auf alle Minderheiten beziehen, also etwa auf Migranten, Homosexuelle oder andere benachteiligte Personengruppen.<br \/>\nDa sich einige Einrichtungen einfach mal von integrativ in inklusiv umbenannt haben, ist Vorsicht auf jeden Fall angebracht. F\u00fcr sie hei\u00dft dann inklusiv: &#8222;Wir machen irgendwas mit Behinderten&#8220;. F\u00fcr manche dieser Einrichtungen w\u00e4re schon das Pr\u00e4dikat integrativ gewagt. Irgend jemand sagte mal: Ein wenig inklusiv ist wie ein wenig schwanger. Da der Begriff Inklusionweder gesch\u00fctzt noch \u00fcberpr\u00fcfbar ist, kann sich jeder dieses Label anheften. Ich zumindest kenne kein Testverfahren f\u00fcr Inklusion, vielleicht sollten wir eine Zertifizierung f\u00fcr Inklusion erfinden, da ist sicher eine Menge Geld zu holen.<br \/>\nDie vollst\u00e4ndige Exklusion sollte in Deutschland hoffentlich nur noch in Einzelf\u00e4llen existieren. So etwas wie eine vollst\u00e4ndige Inklusion kann es meines Erachtens ebenfalls nicht geben. Das liegt daran, dass sich die Umst\u00e4nde dynamisch \u00e4ndern. Was heute inklusiv ist, kann morgen von gestern sein. Inklusion ist ein Prozess wie Barrierefreiheit. Das ist dann auch die Gemeinsamkeit von Inklusion und Barrierefreiheit.<br \/>\nInklusion ist au\u00dferdem im Wesentlichen ein sozialer Prozess. Barrierefreiheit ist hingegen ein im Wesentlichen technischer Prozess. <\/p>\n<h2><span class=\"ez-toc-section\" id=\"Was_heisst_Barrierefreiheit\"><\/span>Was hei\u00dft Barrierefreiheit<span class=\"ez-toc-section-end\"><\/span><\/h2>\n<p>Barrierefreiheit kann sich, wie ich <a href=\"https:\/\/www.netz-barrierefrei.de\/wordpress\/buch-einfuehrung-in-die-barrierefreiheit\/\">in meinem Buch<\/a> gezeigt habe immer nur auf einen Sachverhalt oder eine Personengruppe beziehen. Zwar sprechen wir von Barrierefreiheit wie von Inklusion so, als ob sie ein erreichbarer Zustand w\u00e4re. Sie ist aber ein Prozess. Vor zehn Jahren zum Beispiel hat keiner \u00fcber Leichte Sprache oder Echt-Zeit-\u00dcbertragungen in Leichte Sprache gesprochen. Heute kommt kaum eine gr\u00f6\u00dfere Veranstaltung zum Thema Behinderung ohne aus. Wir wissen nicht, was in f\u00fcnf oder zehn Jahren m\u00f6glich und Standard sein wird. Ziemlich sicher ist aber, dass die Standards steigen werden, so wie sie in den letzten Jahrzehnten gestiegen sind.<br \/>\nBarrierefreiheit umfasst also Ma\u00dfnahmen, die einer oder mehreren Gruppen behinderter Menschen einen Zugang erm\u00f6glichen oder erleichtern: Seien es Rampen, Geb\u00e4rdensprach-Dolmetsher oder vorlesbare Dokumente.<br \/>\nDaneben gibt es Standards f\u00fcr einige Bereiche der Barrierefreiheit: Dazu geh\u00f6ren die WCAG oder die DIN 18040. F\u00fcr die Inklusion gibt es verschiedene Indizes f\u00fcr Inklusion, die als Mess-Instrumente zum Status der Inklusion dienen k\u00f6nnen. Allerdings h\u00f6rt man doch recht selten von ihnen, sie scheinen sich nicht auf breiter Fl\u00e4che durchgesetzt zu haben.<br \/>\nInklusion schlie\u00dft also Barrierefreiheit ein, Barrierefreiheit schlie\u00dft aber nicht die Inklusion ein. Barrierefreiheit ist eine Voraussetzung f\u00fcr Inklusion. <\/p>\n<h2><span class=\"ez-toc-section\" id=\"Apples_Emojis_als_Negativ-Beispiel\"><\/span>Apples Emojis als Negativ-Beispiel<span class=\"ez-toc-section-end\"><\/span><\/h2>\n<p>Zugegeben, ich habe nicht alle Emojis von Apple gesehen. Allerdings gibt es doch einige Kritik daran: Eine amerikanische Kolumnistin merkte zum Beispiel an, dass man das H\u00f6rger\u00e4t-Emoji auch als Beleidigung verwenden k\u00f6nnte, als Kurzform von &#8222;Bist du taub&#8220; = dumm. Ein Emoji, auf dem eine einzelne behinderte Person oder ein Hilfsmittel abgebildet ist steht weder f\u00fcr Inklusion noch f\u00fcr Barrierefreiheit. Inklusion setzt ja zumindest eine behinderte und eine nicht-behinderte Person voraus. Barrierefreiheit macht nur in einem konkreten Zusammenhang Sinn. Wie diese Emojis zu Inklusion oder Barrierefreiheit beitragen sollen, kann mir auch keiner sagen. Ich zumindest habe auf keines dieser Emojis sehns\u00fcchtig gewartet. Eine bessere Alternative ist die <a href=\"https:\/\/www.aktion-mensch.de\/dafuer-stehen-wir\/das-bewirken-wir\/inklumoji\">Inklumoji-App der Aktion Mensch<\/a>. Es bleibt das Geheimnis des Unicode-Konsortiums, warum Apples Emojis in den offiziellen Emoji-Wortschatz aufgenommen wurden, es hat bestimmt nichts damit zu tun, dass Apple eines der reichsten Unternehmen der Welt ist. <\/p>\n<h2><span class=\"ez-toc-section\" id=\"Fazit_Ein_vorsichtiger_Umgang_mit_den_Begriffen_ist_angebracht\"><\/span>Fazit: Ein vorsichtiger Umgang mit den Begriffen ist angebracht<span class=\"ez-toc-section-end\"><\/span><\/h2>\n<p>Wer von Inklusion oder Barrierefreiheit spricht, erweckt Erwartungen bei behinderten Menschen, die er in aller Regel nicht erf\u00fcllen kann. Es mag sein, dass Inklusion oder Barrierefreiheit f\u00fcr eine oder mehrere Gruppen vorbildlich umgesetzt wurde, aber f\u00fcr andere Gruppen nicht. Und wie oben dargestellt: Solange es keinen Standard gibt, kann sich jeder inklusiv nennen. Ich kann meine Website inklusiv nennen, weil ich gerade sonst nichts zu tun habe, die Aussage w\u00e4re gleich Null, denn nicht mal ich w\u00fcsste, was ich mit inklusiver Website meine.<br \/>\n<a href=\"https:\/\/netz-barrierefrei.de\/en\/simulation.html\">Accessibility and inclusion &#8211; similarities and differences<\/a><\/p>\n","protected":false},"excerpt":{"rendered":"<p>Die Begriffe Inklusion und Barrierefreiheit werden oft synonym und auch gerne falsch verwendet. Das fiel mir zuletzt bei der Debatte um Apples neue Emojis auf.&#8230;<\/p>\n<div class=\"more-link-wrapper\"><a class=\"more-link\" href=\"https:\/\/www.netz-barrierefrei.de\/wordpress\/gesellschaft\/barrierefreiheit-und-inklusion-gemeinsamkeiten-und-unterschiede\/\">Weiterlesen<span class=\"screen-reader-text\">Barrierefreiheit und Inklusion &#8211; Gemeinsamkeiten und Unterschiede<\/span><\/a><\/div>\n","protected":false},"author":1,"featured_media":0,"parent":778,"menu_order":0,"comment_status":"closed","ping_status":"closed","template":"","meta":{"footnotes":""},"class_list":["post-3585","page","type-page","status-publish","hentry","entry"],"_links":{"self":[{"href":"https:\/\/www.netz-barrierefrei.de\/wordpress\/wp-json\/wp\/v2\/pages\/3585","targetHints":{"allow":["GET"]}}],"collection":[{"href":"https:\/\/www.netz-barrierefrei.de\/wordpress\/wp-json\/wp\/v2\/pages"}],"about":[{"href":"https:\/\/www.netz-barrierefrei.de\/wordpress\/wp-json\/wp\/v2\/types\/page"}],"author":[{"embeddable":true,"href":"https:\/\/www.netz-barrierefrei.de\/wordpress\/wp-json\/wp\/v2\/users\/1"}],"replies":[{"embeddable":true,"href":"https:\/\/www.netz-barrierefrei.de\/wordpress\/wp-json\/wp\/v2\/comments?post=3585"}],"version-history":[{"count":9,"href":"https:\/\/www.netz-barrierefrei.de\/wordpress\/wp-json\/wp\/v2\/pages\/3585\/revisions"}],"predecessor-version":[{"id":8378,"href":"https:\/\/www.netz-barrierefrei.de\/wordpress\/wp-json\/wp\/v2\/pages\/3585\/revisions\/8378"}],"up":[{"embeddable":true,"href":"https:\/\/www.netz-barrierefrei.de\/wordpress\/wp-json\/wp\/v2\/pages\/778"}],"wp:attachment":[{"href":"https:\/\/www.netz-barrierefrei.de\/wordpress\/wp-json\/wp\/v2\/media?parent=3585"}],"curies":[{"name":"wp","href":"https:\/\/api.w.org\/{rel}","templated":true}]}}