{"id":3763,"date":"2020-02-05T11:46:58","date_gmt":"2020-02-05T09:46:58","guid":{"rendered":"https:\/\/www.netz-barrierefrei.de\/wordpress\/?page_id=3763"},"modified":"2025-09-16T09:09:27","modified_gmt":"2025-09-16T07:09:27","slug":"android-fuer-blinde","status":"publish","type":"page","link":"https:\/\/www.netz-barrierefrei.de\/wordpress\/blinde\/android-fuer-blinde\/","title":{"rendered":"Android: Eine Alternative zu iOS f\u00fcr Blinde"},"content":{"rendered":"<p><iframe loading=\"lazy\" src=\"https:\/\/digitale-barrierefreiheit.podigee.io\/225-android-talkback-eine-alternative-fur-blinde\/embed?context=external&#038;theme=default\" style=\"border: 0\" frameBorder=\"0\" height=\"100\" width=\"100%\"><\/iframe><br \/>\nAndroid kann f\u00fcr Blinde eine Alternative zu iOS sein. In diesem Beitrag m\u00f6chte ich wechselwilligen Blinden eine kleine Hilfe geben. <a href=\"https:\/\/www.netz-barrierefrei.de\/wordpress\/hilfstechnik-und-mensch-maschine-interaktion\/screenreader-anleitung-nvda-fuer-sehende-und-entwickler\/welche-screenreader-blinde-verwenden\/\">Welche Screenreader Blinde nutzen<\/a>. M\u00f6chten Sie <a href=\"https:\/\/www.netz-barrierefrei.de\/wordpress\/barrierefreies-internet\/barrierefreiheit-von-webseiten-testen\/webseiten-mit-android-talkback-auf-barrierefreiheit-testen\/\">TalkBack als Sehender nutzen?<\/a>.<br \/>\nUpdate: Meine Einsch\u00e4tzung zu Android hat sich bis Herbst 2022 nicht ge\u00e4ndert. Es ist weniger das gro\u00dfe Ganze als die vielen Kleinigkeiten, die Talkback zu einem schlechten Screenreader machen: Gro\u00dfe Latenzen in der Sprachausgabe und zu lange Sprechpausen, geringe Anpassbarkeit und schlechte Standardstimmen auf Deutsch. <\/p>\n<div id=\"ez-toc-container\" class=\"ez-toc-v2_0_82_2 counter-hierarchy ez-toc-counter ez-toc-white ez-toc-container-direction\">\n<div class=\"ez-toc-title-container\">\n<p class=\"ez-toc-title\" style=\"cursor:inherit\">Inhalt<\/p>\n<span class=\"ez-toc-title-toggle\"><a href=\"#\" class=\"ez-toc-pull-right ez-toc-btn ez-toc-btn-xs ez-toc-btn-default ez-toc-toggle\" aria-label=\"Toggle Table of Content\"><span class=\"ez-toc-js-icon-con\"><span class=\"\"><span class=\"eztoc-hide\" style=\"display:none;\">Toggle<\/span><span class=\"ez-toc-icon-toggle-span\"><svg style=\"fill: #999;color:#999\" xmlns=\"http:\/\/www.w3.org\/2000\/svg\" class=\"list-377408\" width=\"20px\" height=\"20px\" viewBox=\"0 0 24 24\" fill=\"none\"><path d=\"M6 6H4v2h2V6zm14 0H8v2h12V6zM4 11h2v2H4v-2zm16 0H8v2h12v-2zM4 16h2v2H4v-2zm16 0H8v2h12v-2z\" fill=\"currentColor\"><\/path><\/svg><svg style=\"fill: #999;color:#999\" class=\"arrow-unsorted-368013\" xmlns=\"http:\/\/www.w3.org\/2000\/svg\" width=\"10px\" height=\"10px\" viewBox=\"0 0 24 24\" version=\"1.2\" baseProfile=\"tiny\"><path d=\"M18.2 9.3l-6.2-6.3-6.2 6.3c-.2.2-.3.4-.3.7s.1.5.3.7c.2.2.4.3.7.3h11c.3 0 .5-.1.7-.3.2-.2.3-.5.3-.7s-.1-.5-.3-.7zM5.8 14.7l6.2 6.3 6.2-6.3c.2-.2.3-.5.3-.7s-.1-.5-.3-.7c-.2-.2-.4-.3-.7-.3h-11c-.3 0-.5.1-.7.3-.2.2-.3.5-.3.7s.1.5.3.7z\"\/><\/svg><\/span><\/span><\/span><\/a><\/span><\/div>\n<nav><ul class='ez-toc-list ez-toc-list-level-1 ' ><li class='ez-toc-page-1 ez-toc-heading-level-2'><a class=\"ez-toc-link ez-toc-heading-1\" href=\"https:\/\/www.netz-barrierefrei.de\/wordpress\/blinde\/android-fuer-blinde\/#Mangelnde_Barrierefreiheit_bei_Android\" >Mangelnde Barrierefreiheit bei Android<\/a><\/li><li class='ez-toc-page-1 ez-toc-heading-level-2'><a class=\"ez-toc-link ez-toc-heading-2\" href=\"https:\/\/www.netz-barrierefrei.de\/wordpress\/blinde\/android-fuer-blinde\/#Empfehlenswerte_Geraete\" >Empfehlenswerte Ger\u00e4te<\/a><\/li><li class='ez-toc-page-1 ez-toc-heading-level-2'><a class=\"ez-toc-link ez-toc-heading-3\" href=\"https:\/\/www.netz-barrierefrei.de\/wordpress\/blinde\/android-fuer-blinde\/#Talkback_Einschalten\" >Talkback Einschalten<\/a><\/li><li class='ez-toc-page-1 ez-toc-heading-level-2'><a class=\"ez-toc-link ez-toc-heading-4\" href=\"https:\/\/www.netz-barrierefrei.de\/wordpress\/blinde\/android-fuer-blinde\/#Vorteile_von_Talkback_gegenueber_Voiceover\" >Vorteile von Talkback gegen\u00fcber Voiceover<\/a><\/li><li class='ez-toc-page-1 ez-toc-heading-level-2'><a class=\"ez-toc-link ez-toc-heading-5\" href=\"https:\/\/www.netz-barrierefrei.de\/wordpress\/blinde\/android-fuer-blinde\/#Texteingabe\" >Texteingabe<\/a><\/li><li class='ez-toc-page-1 ez-toc-heading-level-2'><a class=\"ez-toc-link ez-toc-heading-6\" href=\"https:\/\/www.netz-barrierefrei.de\/wordpress\/blinde\/android-fuer-blinde\/#Vorteile_von_Android_%E2%80%93_Update_vom_10112022\" >Vorteile von Android &#8211; Update vom 1011.2022<\/a><\/li><li class='ez-toc-page-1 ez-toc-heading-level-2'><a class=\"ez-toc-link ez-toc-heading-7\" href=\"https:\/\/www.netz-barrierefrei.de\/wordpress\/blinde\/android-fuer-blinde\/#Informationsquellen_zu_Android_fuer_Blinde\" >Informationsquellen zu Android f\u00fcr Blinde<\/a><\/li><\/ul><\/nav><\/div>\n<h2><span class=\"ez-toc-section\" id=\"Mangelnde_Barrierefreiheit_bei_Android\"><\/span>Mangelnde Barrierefreiheit bei Android<span class=\"ez-toc-section-end\"><\/span><\/h2>\n<p>Ich bin ehrlich gesagt schockiert \u00fcber die schlechte Barrierefreiheit von Android f\u00fcr Blinde. L\u00e4uft die assistive Technologie einmal, ist es ganz okay. Aber man ist wirklich derma\u00dfen meilenweit von Apple und sogar Windows entfernt, dass Google sich getrost als Barrieremacher des Jahrzehnts bezeichnen kann. Neulich hatte ich ein Android-9-Tablet auf dem Tisch: Ich habe zwei Finger auf das Display gelegt, Talkback ist gestartet und hat sich nach zwei Sekunden wieder verabschiedet. Nach einem Blick in die Eingabehilfen des Betriebssystems muss ich feststellen, dass anscheinend die Accessibility Suite anders als versprochen gar nicht vorinstalliert ist, Talkback also gar nicht installiert ist. Von einer selbst\u00e4ndigen Einrichtung eines Ger\u00e4tes kann also keine Rede sein. Langsam glaube ich, dass Google uns eine Runde verarschen m\u00f6chte.<br \/>\nDas Problem bei Android-Ger\u00e4ten ist generell, dass man im Grunde nie sagen kann, ob ein Problem an Android, an Talkback, an der angepassten Oberfl\u00e4che eines Anbieters oder am Ger\u00e4t liegt. So f\u00e4llt bei meinem Nokia 7+ Talkback regelm\u00e4\u00dfig aus, man muss das Ger\u00e4t einmal ausschalten und wieder einschalten, damit es wieder reagiert. Das Problem habe ich bei vier verschiedenen, sehr betagten Apple-Ger\u00e4ten nie gehabt mit Ausnahme eines iPads der ersten Generation.<br \/>\nIm Gro\u00dfen und Ganzen wirkt TalkBack eher wie ein externer Screenreader, zusammengefrickelt und nicht vollst\u00e4ndig ins Betriebssystem integriert. Es schleichen sich immer wieder schwerwiegende Fehler ein, die Teile des Smartphones fast unbenutzbar machen. Beispielsweise gibt es seit langer Zeit eine mehrsek\u00fcndige Talkback-Pause, wenn man im integrierten Chrome-Browser herunterscrollt. Das passiert auch in Apps, die Komponenten des Chrome-Browsers verwenden. In alternativen Browsern wie im Firefox funktioniert die Funktion &#8222;Vom n\u00e4chsten Element an lesen&#8220; nicht, sondern es wird von oben an gelesen. Ein weiterer Nachteil ist, dass die Farbumkehr des Bildschirms im Stromspar-Modus abgeschaltet ist, eine sinnfreie Funktion, da ein Bildschirm umso weniger Energie verbraucht, je dunkler er eingestellt ist. Weiterhin \u00e4rgert mich, dass verlinkte \u00dcberschriften wie etwa in der Google-Suche nicht angesagt und navigiert werden k\u00f6nnen. Was sich Google dabei gedacht hat, bleibt deren Geheimnis. Die Google TTS kann Standard-Informationen wie Punkte in Abk\u00fcrzungen oder Datums-Angaben nicht korrekt verarbeiten: Oft dauert eine Pause nach einem Punkt wie bei einer Abk\u00fcrzung so lange, dass man denkt, die Sprachausgabe sei Zu Ende. Last not least gibt es bei Android auch mit der Version 10 keine intelligente Farbumkehr: Es werden sowohl Farben als auch Bilder umgekehrt, so dass Bild-Inhalte nicht mehr erkennbar sind. Die intelligente Farbumkehr gibt es bei iOS schon lange.<br \/>\nIch muss leider sagen, dass es Google nicht gelungen ist, TalkBack systematisch weiterzuentwickeln. Google scheint sich im Grunde nicht f\u00fcr Barrierefreiheit zu interessieren. Ich kann keinem blinden Smartphone-Einsteiger guten Gewissens ein Android-Ger\u00e4t empfehlen. Die Vorteile eines offenen Systems wie etwa die Erweiterbarkeit von Talkback durch Erweiterunge werden nicht genutzt. Man muss zu dem Schluss kommen, dass Google sich f\u00fcr Talkback \u00fcberhaupt nicht interessiert.<br \/>\nVoiceOver ist sauberer implementiert und es gibt mehr barrierefreie Apps f\u00fcr Blinde im Apple-Universum. Doch es bleibt der hohe Anschaffungspreis, die Probleme eines geschlossenen Systems und die ziemlich unversch\u00e4mten Preise f\u00fcr simpelstes Zubeh\u00f6r. Auch hat VoiceOver seit einigen Jahren sowohl unter iOS als auch unterm Mac mit gro\u00dfen Bugs zu k\u00e4mpfen.<br \/>\nNebenbei bemerkt hat VoiceOver auch seine Macken, die es seit Jahren mitschleppt. Dazu geh\u00f6rt, dass der Cursor h\u00e4ufig auf das erste Element zur\u00fcckspringt, obwohl man bereits ein anderes Element fokussiert hat. <\/p>\n<h2><span class=\"ez-toc-section\" id=\"Empfehlenswerte_Geraete\"><\/span>Empfehlenswerte Ger\u00e4te<span class=\"ez-toc-section-end\"><\/span><\/h2>\n<p>Wer mit einem Android-Ger\u00e4t lieb\u00e4ugelt, sollte nicht das billigste nehmen. Die Performance des Ger\u00e4ts sowie die Qualit\u00e4t des Touchscreens &#8211; sprich die Ber\u00fchrungsempfindlichkeit &#8211; macht relativ viel aus, f\u00fcr Blinde sowieso. Es macht keinen Sinn, ein 100-Euro-Android mit einem 600-Euro-Iphone zu vergleichen. Ein Mittelklasse-Smartphone sollte es auf jeden Fall sein. Leider k\u00f6nnen wegen der Update- und App-Politik der Hersteller heute ausschlie\u00dflich die von Google selbst produzierten Smartphones weiterempfohlen werden Android One hat seine Versprechen nicht erf\u00fcllt.<br \/>\nEin Vorteil von Android ist, dass der Screenreader Talkback unabh\u00e4ngig vom Betriebssystem aktualisiert werden kann. Das hei\u00dft, selbst bei einem veralteten Android kann Talkback noch eine Zeitlang upgedatet werden. Bei iOS sind VoiceOver-Updates an das Betriebssystem gebunden. Mein iPhone 6 erh\u00e4lt keine Updates f\u00fcr iOS mehr, ebenso ergeht es VoiceOver.<br \/>\nDennoch empfehle ich dringend ein Ger\u00e4t, welches zum Zeitpunkt des Kaufes mindestens noch zwei Jahre Updates erh\u00e4lt. Derzeit versprechen das vor allem die Ger\u00e4te, die von Google selbst angeboten werden. Daneben verspricht Motorola f\u00fcr die Moto-Reihe Updates. HDM hat die Markenrechte an Nokias Smartphone-Sparte und bietet mit den Ger\u00e4ten Nokia 3, 5, 6 7 und 8 teils sehr preiswerte Ger\u00e4te und verspricht zeitnahe Updates. Auch Samsung hat seine Update-Politik verbessert. Wie gesagt sind hier die teureren Ger\u00e4te mit besseren Displays zu empfehlen. Alternativ k\u00f6nnt ihr nach Ger\u00e4ten mit Android One Ausschau halten. Es handelt sich dabei um Android-Versionen mit relativ geringen Anpassungen. Zudem verspricht Android One schnelle Updates f\u00fcr zwei Jahre sowie Sicherheits-Updates f\u00fcr drei Jahre.<br \/>\nBez\u00fcglich der Samsung-Ger\u00e4te wird unterschiedliches berichtet. Samsungs eigener Screenreader scheint einige Vorz\u00fcge zu haben, wird aber alles in allem nicht so dynamisch weiterentwickelt wie TalkBack. Samsung erlaubt aber die parallele Installation von Talkback, so dass beide Screenreader unabh\u00e4ngig voneinander auf einem Ger\u00e4t verwendet werden k\u00f6nnen. Zwischenzeitlich wird der Samsung-Screenreader nicht mehr weiterentwickelt.<br \/>\nAbraten m\u00f6chte ich vom Amazon Fire-Tablet. Ich hatte hier den 7-Z\u00f6ller aus 2016 in Gebrauch mit einem veralteten Android 5.1.1, einem miserablen Screenreader und einer schlechten Performanz. Das Ger\u00e4t taugt bestenfalls dazu, die Amazon-Dienste zu nutzen. das geht aber auch mit jedem anderen Tablet. <\/p>\n<h2><span class=\"ez-toc-section\" id=\"Talkback_Einschalten\"><\/span>Talkback Einschalten<span class=\"ez-toc-section-end\"><\/span><\/h2>\n<p>Leider gibt es bei Android keine einheitliche M\u00f6glichkeit, um Talkback beim ersten Ger\u00e4testart zu aktivieren. Am h\u00e4ufigsten ist, zwei Finger auf den Screen zu legen und zu warten, bis Talkback gestartet ist.<br \/>\nEs kann passieren, dass Talkback auf Englisch redet, aber die Oberfl\u00e4che Deutsch ist. Das war bei meinem Motorola G2 der Fall. Wegen solcher Probleme empfehle ich, Talkback mithilfe eines sehenden einzurichten, bis alles eingerichtet ist und das Ger\u00e4t auf Deutsch quatscht. Ist das Ger\u00e4t einmal eingerichtet, sollte TalkBack automatisch Deutsch sprechen, ansonsten geht einmal in die Stimm-Einstellungen.<br \/>\nBei TalkBack gibt es ein Lernprogramm f\u00fcr die Gesten. Dies kann man am Anfang durchlaufen, kann es aber auch sp\u00e4ter durchf\u00fchren.<br \/>\nDie Erkundung des Bildschirms erfolgt ebenso wie beim iPhone durch einfaches Streichen \u00fcber den Bildschirm. Der Aufbau entspricht dem iPhone: Oben die Statuszeile, darunter die Apps, unten das Dock mit den Apps, die auf jeder Site angezeigt werden, darunter die Schaltfl\u00e4chen f\u00fcr zur\u00fcck, Startseite und der App-Switcher.<br \/>\nMit einem Wisch von links nach rechts wechselt ihr zwischen einzelnen Apps, Buttons und anderen Elementen.<br \/>\nMit einem Wisch von oben nach unten oder von unten nach oben wechselt man die Lese-Einheit, \u00e4hnlich wie beim iPhone der Rotor.<br \/>\nDie Talkback-Einstellungen erreicht man am schnellsten \u00fcber das globale Kontextmen\u00fc mit der L-Geste, den Finger von oben nach unten und nach rechts ziehen. Dort findet man auch wichtige Befehle wie von oben an lesen oder vom n\u00e4chsten Element an lesen. Nebenbei gesagt finde ich das einsteigerfreundlicher als bei iOS, wo es solche visuellen Men\u00fcs kaum gibt. Ge\u00fcbte Nutzer werden aber eine Geste f\u00fcr solche h\u00e4ufig gebrauchten Aktionen vorziehen. Das l\u00e4sst sich in TalkBack in den Einstellungen selbst konfigurieren.<br \/>\nDie Mainstream-Apps wie Google Maps, WhatsApp und Facebook sind \u00e4hnlich nutzbar wie bei iOS. Es gibt immer kleinere Probleme: Z.B. wird bei WhatsApp in Gruppen-Chats nicht angesagt, von wem eine bestimmte Nachricht kommt. Bei l\u00e4ngeren Chats kommt man da schnell durcheinander.<br \/>\nGenerell findet man auch bei Apps, die eigentlich barrierefrei sein sollten bei Android h\u00e4ufiger unbenannte Elemente. Ob das an Android oder an der Unachtsamkeit der Entwickler liegt, kann ich nicht sagen. Auch blindenspezifische Apps wie Blindsquare oder SeeingAI sind eher bei iOS zu finden. Dennoch ist die Auswahl an Hilfs-Apps auch bei Android nicht schlecht: Es gibt Via opta NAV, Farberkennungs-Apps oder die DZB-App der H\u00f6rb\u00fccherei zur Ausleihe von H\u00f6rb\u00fcchern. Eine Alternative zu Microsofts App SeeingAI ist <a href=\"https:\/\/play.google.com\/store\/apps\/details?id=com.letsenvision.envisionai&#038;hl=en\">Envision AI<\/a>. Wer auf spezielle Apps angewiesen ist, sollte pr\u00fcfen, ob es bei Android brauchbare mit Talkback nutzbare Alternativen gibt. Oder beide Systeme parallel benutzen.<br \/>\nMit der kostenlosen App Audex lassen sich Buttons beschriften. Diese Beschriftungen k\u00f6nnen online zur Verf\u00fcgung gestellt werden, so dass sie auch anderen blinden Android-Nutzern zur Verf\u00fcgung stehen. Vielleicht ist das auch eine schnelle M\u00f6glichkeit f\u00fcr Entwickler, ihre App kurzfristig barrierefrei zu machen. TalkBack selbst bietet \u00fcber das lokale Kontext-Men\u00fc die M\u00f6glichkeit, unbeschriftetete Elemente zu beschriften.<br \/>\nMit der App BrailleBack kann eine Bluetooth-Braillezeile gekoppelt werden. Meine Braillezeile wurde auf Anhieb erkannt.<br \/>\nEin Vorteil von Android ist, dass problemlos externe Ger\u00e4te wie normale Tastaturen angeschlossen werden k\u00f6nnen. Sie k\u00f6nnen also mit einem passenden Adapter eine normale USB-Tastatur oder ein USB-Headset anschlie\u00dfen. <\/p>\n<h2><span class=\"ez-toc-section\" id=\"Vorteile_von_Talkback_gegenueber_Voiceover\"><\/span>Vorteile von Talkback gegen\u00fcber Voiceover<span class=\"ez-toc-section-end\"><\/span><\/h2>\n<p>Grob gesch\u00e4tzt ist VoiceOver Talkback um mindestens vier Jahre voraus, wobei Google kein erkennbares Interesse daran hat, diesen R\u00fcckstand aufzuholen. Um das festzustellen, braucht man sich nur die Einstell-M\u00f6glichkeiten der beiden Screenreader anzuschauen. Ich habe etwa im letzten Jahr kein gro\u00dfartig neues Feature bei Talkback sehen k\u00f6nnen. In der Zeit hat VoiceOver zum Beispiel eine Funktion zur Auslese von Text aus Bildern bekommen.<br \/>\nDoch hat Talkback einige interessante Features: Dazu geh\u00f6rt die Vibrationsfunktion, die etwa bei der Eingabe von Zeichen parallel oder unabh\u00e4ngig von der Ausgabe von Sound-Feedback verwendet werden kann. Das ist ein Vorteil f\u00fcr Schwerh\u00f6rige oder in lauten Umgebungen, wo man das Sound-Feedback nicht eindeutig wahrnimmt. Bei Android l\u00e4sst sich einstellen, dass der Status eines Elements vor dessen Namen ausgegeben wird, ein Vorteil f\u00fcr Leute, die h\u00e4ufiger Formulare ausf\u00fcllen m\u00fcssen. <\/p>\n<h2><span class=\"ez-toc-section\" id=\"Texteingabe\"><\/span>Texteingabe<span class=\"ez-toc-section-end\"><\/span><\/h2>\n<p>Das gr\u00f6\u00dfte Manko bei Android f\u00fcr Blinde ist die Text-Bearbeitung. Hier bin ich absolut unzufrieden. Bei der Standard-Tastatur GBoard wird ein Buchstabe ber\u00fchrt und losgelassen, um ihn zu schreiben. Das ist extrem fehleranf\u00e4llig, h\u00e4ufig wird ein Nachbar-Buchstabe statt dem gew\u00e4hlten geschrieben. Bei vielen Text-Eingabefeldern wird nicht angesagt, an welcher Stelle sich der Cursor befindet und wie man ihn bewegen kann.<br \/>\nEin Vorteil ist, dass auch die Zahlenreihe standardm\u00e4\u00dfig angezeigt wird. Man muss also etwa bei der Eingabe von Passw\u00f6rtern seltener zwischen den Tastaturen wechseln als bei iOS.<br \/>\nViel gelobt wird die Diktier-Funktion von Google, die ebenfalls in der Tastatur integriert ist. Doch auch hier konnte ich keine Vorteile gegen\u00fcber iOS feststellen. <\/p>\n<h2><span class=\"ez-toc-section\" id=\"Vorteile_von_Android_%E2%80%93_Update_vom_10112022\"><\/span>Vorteile von Android &#8211; Update vom 1011.2022<span class=\"ez-toc-section-end\"><\/span><\/h2>\n<p>Ein kleines Update sei erlaubt, da Android tats\u00e4chlich einige Vorteile f\u00fcr Blinde haben kann, die ich in meiner west-zentrierten Wahrnehmung nicht ganz erfasst habe. Zun\u00e4chst sei der Preis genannt: Ein Gro\u00dfteil der behinderten Menschen lebt in einer Situation, in der sie sich Apple-Ger\u00e4t nicht mal gebraucht und in veralteten Version leisten k\u00f6nnten. Auch Android-Ger\u00e4te sind nicht unbedingt billig, aber doch eher leistbar. Analoges gilt f\u00fcr das Zubeh\u00f6r. Ein Android l\u00e4sst sich eher als Computer-Ersatz benutzen, weil man Maus, Tastatur oder sogar einen Bildschirm anschlie\u00dfen kann.<br \/>\nEin weiterer Vorteil von Android besteht in der Open-Source-Struktur. Das erlaubt es auch, exotischere Text-to-Speech-Engines zu verwenden. Die gro\u00dfen Anbieter von Sprachausgaben unterst\u00fctzen keine Sprachen mit wenigen Sprechenden oder ohne gro\u00dfes Einkommen. In Indien etwa gibt es Sprachen bzw. Dialekte, die von Dutzenden Millionen Menschen gesprochen werden. Anbieter wie Nuance oder Vocalizer ist das vollkommen egal. eSpeak hingegen unterst\u00fctzt einige dieser Sprachen. <\/p>\n<h2><span class=\"ez-toc-section\" id=\"Informationsquellen_zu_Android_fuer_Blinde\"><\/span>Informationsquellen zu Android f\u00fcr Blinde<span class=\"ez-toc-section-end\"><\/span><\/h2>\n<p>Google stellt mittlerweile ausf\u00fchrliche Informationen zu <a href=\"https:\/\/support.google.com\/accessibility\/android\/answer\/6007100\">TalkBack auf Deutsch bereit<\/a>.<br \/>\nEs gibt eine <a href=\"https:\/\/www.blindzeln.net\/mailman\/listinfo\/android\">deutschsprachige Android-Mailingliste<\/a> sowie diverse WhatsApp-Gruppen. Wer Englisch kann, sollte sich die <a href=\"https:\/\/techtalk.groups.io\/probe?r=https%3A%2F%2Ftechtalk.groups.io%2Fg%2Fmain%2Ftopic%2Feyes_free_list_for_android%2F367636%3Fp%3D%2C%2C%2C20%2C0%2C0%2C0%3ARecentPostDate%2C%2C%2C20%2C2%2C560%2C367636\">Mailingliste &#8222;EyesFree&#8220;<\/a> anschauen, sie dreht sich um TalkBack. Zu beachten ist allerdings, dass diese Mailingliste sehr aktiv ist, manche m\u00f6gen das ja nicht.<br \/>\nDas BFW W\u00fcrzburg bietet eine <a href=\"https:\/\/www.bfw-wuerzburg.de\/download\/appliste-android.pdf\">Liste von Apps f\u00fcr Blinde als PDF<\/a>.<br \/>\nBarrierefreiheit bei Google.<br \/>\n<a href=\"https:\/\/netz-barrierefrei.de\/en\/android-blind.html\">Android Talkback &#8211; An Alternative to VoiceOver for the Blind?<\/a><\/p>\n","protected":false},"excerpt":{"rendered":"<p>Android kann f\u00fcr Blinde eine Alternative zu iOS sein. In diesem Beitrag m\u00f6chte ich wechselwilligen Blinden eine kleine Hilfe geben. Welche Screenreader Blinde nutzen. M\u00f6chten&#8230;<\/p>\n<div class=\"more-link-wrapper\"><a class=\"more-link\" href=\"https:\/\/www.netz-barrierefrei.de\/wordpress\/blinde\/android-fuer-blinde\/\">Weiterlesen<span class=\"screen-reader-text\">Android: Eine Alternative zu iOS f\u00fcr Blinde<\/span><\/a><\/div>\n","protected":false},"author":1,"featured_media":0,"parent":878,"menu_order":0,"comment_status":"closed","ping_status":"closed","template":"","meta":{"footnotes":""},"class_list":["post-3763","page","type-page","status-publish","hentry","entry"],"_links":{"self":[{"href":"https:\/\/www.netz-barrierefrei.de\/wordpress\/wp-json\/wp\/v2\/pages\/3763","targetHints":{"allow":["GET"]}}],"collection":[{"href":"https:\/\/www.netz-barrierefrei.de\/wordpress\/wp-json\/wp\/v2\/pages"}],"about":[{"href":"https:\/\/www.netz-barrierefrei.de\/wordpress\/wp-json\/wp\/v2\/types\/page"}],"author":[{"embeddable":true,"href":"https:\/\/www.netz-barrierefrei.de\/wordpress\/wp-json\/wp\/v2\/users\/1"}],"replies":[{"embeddable":true,"href":"https:\/\/www.netz-barrierefrei.de\/wordpress\/wp-json\/wp\/v2\/comments?post=3763"}],"version-history":[{"count":18,"href":"https:\/\/www.netz-barrierefrei.de\/wordpress\/wp-json\/wp\/v2\/pages\/3763\/revisions"}],"predecessor-version":[{"id":10418,"href":"https:\/\/www.netz-barrierefrei.de\/wordpress\/wp-json\/wp\/v2\/pages\/3763\/revisions\/10418"}],"up":[{"embeddable":true,"href":"https:\/\/www.netz-barrierefrei.de\/wordpress\/wp-json\/wp\/v2\/pages\/878"}],"wp:attachment":[{"href":"https:\/\/www.netz-barrierefrei.de\/wordpress\/wp-json\/wp\/v2\/media?parent=3763"}],"curies":[{"name":"wp","href":"https:\/\/api.w.org\/{rel}","templated":true}]}}