{"id":404,"date":"2018-03-10T16:22:38","date_gmt":"2018-03-10T14:22:38","guid":{"rendered":"http:\/\/www.netz-barrierefrei.de\/wordpress\/?page_id=404"},"modified":"2023-03-20T18:57:45","modified_gmt":"2023-03-20T16:57:45","slug":"teilnahme-und-geschaeftsbedingungen","status":"publish","type":"page","link":"https:\/\/www.netz-barrierefrei.de\/wordpress\/barrierefreiheits-workshops\/teilnahme-und-geschaeftsbedingungen\/","title":{"rendered":"Teilnahme- und Gesch\u00e4fts-Bedingungen"},"content":{"rendered":"<p>Diese allgemeinen Teilnahme- und Gesch\u00e4ftsbedingungen (AGB) gelten f\u00fcr alle offenen Schulungen von netz-barrierefrei.de und Silta.ai, im folgenden Veranstalter genannt. F\u00fcr Inhouse-Schulungen werden die Regelungen individuell vereinbart.<br \/>\nMit Ihrer Anmeldung zu einer Schulung erkl\u00e4ren Sie sich mit diesen AGB einverstanden. <\/p>\n<div id=\"ez-toc-container\" class=\"ez-toc-v2_0_82_2 counter-hierarchy ez-toc-counter ez-toc-white ez-toc-container-direction\">\n<div class=\"ez-toc-title-container\">\n<p class=\"ez-toc-title\" style=\"cursor:inherit\">Inhalt<\/p>\n<span class=\"ez-toc-title-toggle\"><a href=\"#\" class=\"ez-toc-pull-right ez-toc-btn ez-toc-btn-xs ez-toc-btn-default ez-toc-toggle\" aria-label=\"Toggle Table of Content\"><span class=\"ez-toc-js-icon-con\"><span class=\"\"><span class=\"eztoc-hide\" style=\"display:none;\">Toggle<\/span><span class=\"ez-toc-icon-toggle-span\"><svg style=\"fill: #999;color:#999\" xmlns=\"http:\/\/www.w3.org\/2000\/svg\" class=\"list-377408\" width=\"20px\" height=\"20px\" viewBox=\"0 0 24 24\" fill=\"none\"><path d=\"M6 6H4v2h2V6zm14 0H8v2h12V6zM4 11h2v2H4v-2zm16 0H8v2h12v-2zM4 16h2v2H4v-2zm16 0H8v2h12v-2z\" fill=\"currentColor\"><\/path><\/svg><svg style=\"fill: #999;color:#999\" class=\"arrow-unsorted-368013\" xmlns=\"http:\/\/www.w3.org\/2000\/svg\" width=\"10px\" height=\"10px\" viewBox=\"0 0 24 24\" version=\"1.2\" baseProfile=\"tiny\"><path d=\"M18.2 9.3l-6.2-6.3-6.2 6.3c-.2.2-.3.4-.3.7s.1.5.3.7c.2.2.4.3.7.3h11c.3 0 .5-.1.7-.3.2-.2.3-.5.3-.7s-.1-.5-.3-.7zM5.8 14.7l6.2 6.3 6.2-6.3c.2-.2.3-.5.3-.7s-.1-.5-.3-.7c-.2-.2-.4-.3-.7-.3h-11c-.3 0-.5.1-.7.3-.2.2-.3.5-.3.7s.1.5.3.7z\"\/><\/svg><\/span><\/span><\/span><\/a><\/span><\/div>\n<nav><ul class='ez-toc-list ez-toc-list-level-1 ' ><li class='ez-toc-page-1 ez-toc-heading-level-2'><a class=\"ez-toc-link ez-toc-heading-1\" href=\"https:\/\/www.netz-barrierefrei.de\/wordpress\/barrierefreiheits-workshops\/teilnahme-und-geschaeftsbedingungen\/#Anmeldung\" >Anmeldung<\/a><\/li><li class='ez-toc-page-1 ez-toc-heading-level-2'><a class=\"ez-toc-link ez-toc-heading-2\" href=\"https:\/\/www.netz-barrierefrei.de\/wordpress\/barrierefreiheits-workshops\/teilnahme-und-geschaeftsbedingungen\/#Abmeldung\" >Abmeldung<\/a><\/li><li class='ez-toc-page-1 ez-toc-heading-level-2'><a class=\"ez-toc-link ez-toc-heading-3\" href=\"https:\/\/www.netz-barrierefrei.de\/wordpress\/barrierefreiheits-workshops\/teilnahme-und-geschaeftsbedingungen\/#Absage_durch_den_Veranstalter\" >Absage durch den Veranstalter<\/a><\/li><li class='ez-toc-page-1 ez-toc-heading-level-2'><a class=\"ez-toc-link ez-toc-heading-4\" href=\"https:\/\/www.netz-barrierefrei.de\/wordpress\/barrierefreiheits-workshops\/teilnahme-und-geschaeftsbedingungen\/#Rechnungsstellung\" >Rechnungsstellung<\/a><\/li><li class='ez-toc-page-1 ez-toc-heading-level-2'><a class=\"ez-toc-link ez-toc-heading-5\" href=\"https:\/\/www.netz-barrierefrei.de\/wordpress\/barrierefreiheits-workshops\/teilnahme-und-geschaeftsbedingungen\/#Unterlagen\" >Unterlagen<\/a><\/li><li class='ez-toc-page-1 ez-toc-heading-level-2'><a class=\"ez-toc-link ez-toc-heading-6\" href=\"https:\/\/www.netz-barrierefrei.de\/wordpress\/barrierefreiheits-workshops\/teilnahme-und-geschaeftsbedingungen\/#Datenschutz\" >Datenschutz<\/a><\/li><li class='ez-toc-page-1 ez-toc-heading-level-2'><a class=\"ez-toc-link ez-toc-heading-7\" href=\"https:\/\/www.netz-barrierefrei.de\/wordpress\/barrierefreiheits-workshops\/teilnahme-und-geschaeftsbedingungen\/#Urheberrechte\" >Urheberrechte<\/a><\/li><li class='ez-toc-page-1 ez-toc-heading-level-2'><a class=\"ez-toc-link ez-toc-heading-8\" href=\"https:\/\/www.netz-barrierefrei.de\/wordpress\/barrierefreiheits-workshops\/teilnahme-und-geschaeftsbedingungen\/#Technik\" >Technik<\/a><\/li><\/ul><\/nav><\/div>\n<h2><span class=\"ez-toc-section\" id=\"Anmeldung\"><\/span>Anmeldung<span class=\"ez-toc-section-end\"><\/span><\/h2>\n<p>Sie k\u00f6nnen sich formlos per Mail anmelden. Eine telefonische Anmeldung gilt nicht als verbindlich. Die Anmeldung wird in aller Regel innerhalb von zwei Werktagen per Mail best\u00e4tigt. Als Informationen werden der Name der Teilnehmer:In und die Rechnungsadresse ben\u00f6tigt. Eine pers\u00f6nliche Durchwahl und E-Mail-Adresse sind sinnvoll, aber nicht unbedingt notwendig. Beachten Sie bitte, dass eine Anmeldung per Mail immer verbindlich ist. Bitte beachten Sie auch, dass wir Anmeldungen \u00fcber Freemail-Anbieter wie GMX, GMail und so weiter nicht ber\u00fccksichtigen, wenn wir die Identit\u00e4t der anmeldenden Person nicht \u00fcberpr\u00fcfen k\u00f6nnen.<br \/>\nSie erhalten die Zugangsdaten zu dem Schulungs-Meeting nach Ihrer Anmeldung. Diese Daten sind grunds\u00e4tzlich vertraulich zu behandeln.<br \/>\nSollten Sie eine Behinderung haben, die f\u00fcr Ihre Teilnahme am Workshop relevant ist, teilen Sie uns das bitte aus organisatorischen Gr\u00fcnden mit, ansonsten k\u00f6nnen wir keine problemlose Teilnahme an der Schulung sicherstellen. <\/p>\n<h2><span class=\"ez-toc-section\" id=\"Abmeldung\"><\/span>Abmeldung<span class=\"ez-toc-section-end\"><\/span><\/h2>\n<p>Sie k\u00f6nnen sich bei Pr\u00e4senz-Workshops bis zu zwei Wochen (14 Tage) vor dem Workshop-Termin formlos per Mail vom Workshop abmelden. Bei Online-Workshops k\u00f6nnen Sie sich bis zu einer Woche (7 Tage) vor dem Termin formlos per Mail von der Teilnahme abmelden. In diesem Falle wird Ihnen keine Teilnahmegeb\u00fchr berechnet.<br \/>\nSollten Sie sich nach diesem Termin abmelden behalten wir uns vor, Ihnen die volle Geb\u00fchr in Rechnung zu stellen. Sollten Sie ohne Abmeldung von der Schulung fernbleiben, werden wir Ihnen die volle Schulungsgeb\u00fchr in Rechnung stellen.<br \/>\nSollten Sie \u00fcberraschend am Workshop nicht teilnehmen k\u00f6nnen, k\u00f6nnen Sie gerne ohne Mehrkosten eine Vertretung schicken. Wir bitten dann um eine kurze Info, damit wir die Teilnahmebescheinigung anpassen k\u00f6nnen. <\/p>\n<h2><span class=\"ez-toc-section\" id=\"Absage_durch_den_Veranstalter\"><\/span>Absage durch den Veranstalter<span class=\"ez-toc-section-end\"><\/span><\/h2>\n<p>Wir behalten uns vor, den Workshop abzusagen, wenn sich nicht gen\u00fcgend Personen anmelden. In diesem Fall entstehen Ihnen keine Kosten. Das gilt auch, wenn wir den Workshop aus anderen Gr\u00fcnden absagen m\u00fcssen.<br \/>\nAus Ihrer Anmeldung erw\u00e4chst kein Anspruch darauf, dass der Workshop stattfindet. Generell entsteht erst durch unsere Best\u00e4tigung ein Recht darauf, am Workshop teilzunehmen. <\/p>\n<h2><span class=\"ez-toc-section\" id=\"Rechnungsstellung\"><\/span>Rechnungsstellung<span class=\"ez-toc-section-end\"><\/span><\/h2>\n<p>Die Rechnung f\u00fcr den Workshop erhalten Sie im Nachgang per Post oder Mail. Die genannten Betr\u00e4ge sind netto, es kommt die Umsatzsteuer in H\u00f6he von 19 Prozent dazu.<br \/>\nDie Rechnung ist sp\u00e4testens vier Wochen nach Erhalt zu begleichen. Bei speziellen Anforderungen an die Rechnung wie einer Auftragsnummer, einer Rechnungsadresse oder anderen Faktoren sind diese bei der Anmeldung mitzuteilen. <\/p>\n<h2><span class=\"ez-toc-section\" id=\"Unterlagen\"><\/span>Unterlagen<span class=\"ez-toc-section-end\"><\/span><\/h2>\n<p>Jede Teilnehmer:In erh\u00e4lt nach dem Workshop eine personalisierte Teilnahmebescheinigung ausgeh\u00e4ndigt. Au\u00dferdem gibt es ein kurzes Handout, in welchem wichtige Informationen zusammen gestellt sind. Die Pr\u00e4sentation zum Workshop wird als digitales Dokument bereit gestellt.<br \/>\nAlle Unterlagen und Dateien sowie Links zu Sharing-Diensten wie Dropbox sind zur pers\u00f6nlichen Nutzung gedacht. Digitale Schulungs-Unterlagen sowie Filesharing-Links d\u00fcrfen nicht an Dritte weitergegeben, in Netzwerken, im Intranet oder Internet eingestellt werden, es sei denn, der Zugriff ist auf Personen beschr\u00e4nkt, die an der Schulung teilgenommen haben oder es wurde ausdr\u00fccklich etwas Anderes vereinbart. Ausgedruckte Unterlagen d\u00fcrfen nicht zur Weiterverbreitung an unbeteiligte Dritte vervielf\u00e4ltigt werden.<br \/>\nDie Schulung wird nicht aufgezeichnet, es sei denn, einer der Teilnehmenden hat technische Probleme oder die Aufzeichnung wird von allen Teilnehmenden gew\u00fcnscht. Sollte eine Aufzeichnung der Schulung bereitgestellt werden, ist diese nur f\u00fcr die pers\u00f6nliche Nutzung bestimmt. Das Bereitstellen \u00fcber digitale Netzwerke sowie die Weitergabe an Dritte oder die Publikation im Intra- oder Internet ist ausdr\u00fccklich verboten, es sei denn, es wurde etwas anderes vereinbart. Den Teilnehmenden ist ausdr\u00fccklich untersagt, Online-Schulungen ohne Erlaubnis der Veranstalter und anderer Teilnehmer:Innen aufzuzeichnen. Dies w\u00e4re ein Versto\u00df gegen den Datenschutz und k\u00f6nnte entsprechend geahndet werden.<br \/>\nSollten Sie Screenshots w\u00e4hrend der Schulung erstellen ist darauf zu achten, dass dadurch keine Urheber- oder Pers\u00f6nlichkeitsrechte Dritter ber\u00fchrt werden. Unabh\u00e4ngig davon d\u00fcrfen auch Screenshots nur f\u00fcr die pers\u00f6nliche Nutzung erstellt werden. Eine Ver\u00f6ffentlichung solcher Screenshots ist ausdr\u00fccklich nicht erlaubt. <\/p>\n<h2><span class=\"ez-toc-section\" id=\"Datenschutz\"><\/span>Datenschutz<span class=\"ez-toc-section-end\"><\/span><\/h2>\n<p>Der Veranstalter verpflichtet sich, die Daten der Teilnehmenden sowie alle Angaben, auch solche w\u00e4hrend der Schulung gemachten, vertraulich zu behandeln. Die Daten der Teilnehmenden werden zwecks Rechnungsstellung ben\u00f6tigt und sp\u00e4testens nach sechs Monaten nach Begleichung der Rechnung gel\u00f6scht, soweit wir nicht durch rechtliche Regelungen zu deren Speicherung verpflichtet sind.<br \/>\nDie Teilnehmenden verpflichten sich ihrerseits, alle personen- oder organisationsbezogenen Informationen, die sie von uns oder anderen Teilnehmenden Personen im Rahmen der Schulung erfahren vertraulich zu behandeln.<br \/>\nBitte achten Sie als teilnehmende Person selbst darauf, dass nicht unn\u00f6tig vertrauliche personen- oder organisationsbezogene Informationen f\u00fcr die anderen Teilnehmenden zug\u00e4nglich werden, etwa durch das Teilen von Dokumenten oder Bildschirmen. <\/p>\n<h2><span class=\"ez-toc-section\" id=\"Urheberrechte\"><\/span>Urheberrechte<span class=\"ez-toc-section-end\"><\/span><\/h2>\n<p>Grunds\u00e4tzlich sind alle Programme, die w\u00e4hrend der Schulungen verwendet werden urheberrechtlich gesch\u00fctzt. Das gilt zum Beispiel f\u00fcr Zoom, Microsoft Office oder die Adobe-Programme.<br \/>\nGleiches gilt f\u00fcr alle Unterlagen und Aufzeichnungen der Schulung. Sie sind nur zur pers\u00f6nlichen Nutzung freigegeben. Bitte beachten Sie dies, bevor Sie Inhalte vervielf\u00e4ltigen, ver\u00e4ndern oder f\u00fcr Andere zug\u00e4nglich machen. <\/p>\n<h2><span class=\"ez-toc-section\" id=\"Technik\"><\/span>Technik<span class=\"ez-toc-section-end\"><\/span><\/h2>\n<p>Wir verwenden in der Regel Zoom f\u00fcr unsere Schulungen. Von allen Kommunikations-L\u00f6sungen hat Zoom bisher die stabilsten und technisch unproblematischsten Anforderungen. Sie ben\u00f6tigen keinen Account oder Software-Client f\u00fcr die jeweilige Plattform, so dass ein ausreichender Datenschutz sichergestellt sein sollte. Sollten Sie bzw. ihr Arbeitgeber die Nutzung dieser Plattform nicht w\u00fcnschen, ist eine Teilnahme an der Schulung nicht m\u00f6glich.<br \/>\nEs liegt in der Verantwortung der Teilnehmenden sicherzustellen, dass sie problemlos teilnehmen k\u00f6nnen. Minimal vorausgesetzt wird eine ausreichend gute Hardware-Ausstattung, ein  Browser wie Chrome oder Microsoft Edge  in der jeweils aktuellen Version, Lautsprecher bzw. ein Headset  und eine ausreichend schnelle Internet-Verbindung (die Internet-Verbindung \u00fcber ein Smartphone ist in der Regel nicht ausreichend), Die Veranstalter k\u00f6nnen nicht daf\u00fcr verantwortlich gemacht werden, wenn diese Voraussetzungen beim Teilnehmenden nicht erf\u00fcllt sind. Der Teilnehmende hat dies im Vorfeld selbst zu pr\u00fcfen.<br \/>\nZudem wird vorausgesetzt, dass die jeweils in der Beschreibung der Schulung genannte Software installiert und funktionsf\u00e4hig ist. Es muss nicht die aktuellste Version der jeweiligen Software sein, sie sollte jedoch auch nicht v\u00f6llig veraltet sein. Die Teilnehmer:In sollte dies selbst im Vorfeld sicherstellen.<\/p>\n","protected":false},"excerpt":{"rendered":"<p>Diese allgemeinen Teilnahme- und Gesch\u00e4ftsbedingungen (AGB) gelten f\u00fcr alle offenen Schulungen von netz-barrierefrei.de und Silta.ai, im folgenden Veranstalter genannt. F\u00fcr Inhouse-Schulungen werden die Regelungen individuell&#8230;<\/p>\n<div class=\"more-link-wrapper\"><a class=\"more-link\" href=\"https:\/\/www.netz-barrierefrei.de\/wordpress\/barrierefreiheits-workshops\/teilnahme-und-geschaeftsbedingungen\/\">Weiterlesen<span class=\"screen-reader-text\">Teilnahme- und Gesch\u00e4fts-Bedingungen<\/span><\/a><\/div>\n","protected":false},"author":1,"featured_media":0,"parent":352,"menu_order":0,"comment_status":"closed","ping_status":"closed","template":"","meta":{"footnotes":""},"class_list":["post-404","page","type-page","status-publish","hentry","entry"],"_links":{"self":[{"href":"https:\/\/www.netz-barrierefrei.de\/wordpress\/wp-json\/wp\/v2\/pages\/404","targetHints":{"allow":["GET"]}}],"collection":[{"href":"https:\/\/www.netz-barrierefrei.de\/wordpress\/wp-json\/wp\/v2\/pages"}],"about":[{"href":"https:\/\/www.netz-barrierefrei.de\/wordpress\/wp-json\/wp\/v2\/types\/page"}],"author":[{"embeddable":true,"href":"https:\/\/www.netz-barrierefrei.de\/wordpress\/wp-json\/wp\/v2\/users\/1"}],"replies":[{"embeddable":true,"href":"https:\/\/www.netz-barrierefrei.de\/wordpress\/wp-json\/wp\/v2\/comments?post=404"}],"version-history":[{"count":24,"href":"https:\/\/www.netz-barrierefrei.de\/wordpress\/wp-json\/wp\/v2\/pages\/404\/revisions"}],"predecessor-version":[{"id":7472,"href":"https:\/\/www.netz-barrierefrei.de\/wordpress\/wp-json\/wp\/v2\/pages\/404\/revisions\/7472"}],"up":[{"embeddable":true,"href":"https:\/\/www.netz-barrierefrei.de\/wordpress\/wp-json\/wp\/v2\/pages\/352"}],"wp:attachment":[{"href":"https:\/\/www.netz-barrierefrei.de\/wordpress\/wp-json\/wp\/v2\/media?parent=404"}],"curies":[{"name":"wp","href":"https:\/\/api.w.org\/{rel}","templated":true}]}}