{"id":4103,"date":"2020-04-24T15:01:19","date_gmt":"2020-04-24T13:01:19","guid":{"rendered":"https:\/\/www.netz-barrierefrei.de\/wordpress\/?page_id=4103"},"modified":"2023-08-04T16:24:51","modified_gmt":"2023-08-04T14:24:51","slug":"barrierefreie-online-kommunikation-untertitel-gebaerdensprache-und-co","status":"publish","type":"page","link":"https:\/\/www.netz-barrierefrei.de\/wordpress\/barrierefreie-online-kommunikation-untertitel-gebaerdensprache-und-co\/","title":{"rendered":"Barrierefreie Online-Kommunikation &#8211; Untertitel, Geb\u00e4rdensprache und Co."},"content":{"rendered":"<p><img loading=\"lazy\" decoding=\"async\" src=\"https:\/\/www.netz-barrierefrei.de\/wordpress\/wp-content\/uploads\/office-vorlagen-barrierefrei.jpg\" alt=\"Computermonitor zeigt Textverarbeitung\" width=\"925\" height=\"720\" class=\"alignleft size-full wp-image-3851\" srcset=\"https:\/\/www.netz-barrierefrei.de\/wordpress\/wp-content\/uploads\/office-vorlagen-barrierefrei.jpg 925w, https:\/\/www.netz-barrierefrei.de\/wordpress\/wp-content\/uploads\/office-vorlagen-barrierefrei-300x234.jpg 300w, https:\/\/www.netz-barrierefrei.de\/wordpress\/wp-content\/uploads\/office-vorlagen-barrierefrei-768x598.jpg 768w\" sizes=\"auto, (max-width: 925px) 100vw, 925px\" \/>Von einer barrierefreien Online-Kommunikation und Zusammenarbeit profitieren alle Ihre Kommunikationspartner: Mit Online-Kommunikation ist hierbei vor allem die Echtzeit-Kommunikation \u00fcber Video, Audio oder Text-Chat gemeint. Kommunikation im weiteren Sinne umfasst auch Webseiten oder Social Media, die hier aber nicht gemeint sind. Letztere sollte nat\u00fcrlich ebenfalls barrierefrei sein. <a href=\"https:\/\/www.netz-barrierefrei.de\/wordpress\/gesellschaft\/barrierefreie-online-veranstaltungen\/\">Infos zu barrierefreien Online-Veranstaltungen<\/a>. <\/p>\n<div id=\"ez-toc-container\" class=\"ez-toc-v2_0_82_2 counter-hierarchy ez-toc-counter ez-toc-white ez-toc-container-direction\">\n<div class=\"ez-toc-title-container\">\n<p class=\"ez-toc-title\" style=\"cursor:inherit\">Inhalt<\/p>\n<span class=\"ez-toc-title-toggle\"><a href=\"#\" class=\"ez-toc-pull-right ez-toc-btn ez-toc-btn-xs ez-toc-btn-default ez-toc-toggle\" aria-label=\"Toggle Table of Content\"><span class=\"ez-toc-js-icon-con\"><span class=\"\"><span class=\"eztoc-hide\" style=\"display:none;\">Toggle<\/span><span class=\"ez-toc-icon-toggle-span\"><svg style=\"fill: #999;color:#999\" xmlns=\"http:\/\/www.w3.org\/2000\/svg\" class=\"list-377408\" width=\"20px\" height=\"20px\" viewBox=\"0 0 24 24\" fill=\"none\"><path d=\"M6 6H4v2h2V6zm14 0H8v2h12V6zM4 11h2v2H4v-2zm16 0H8v2h12v-2zM4 16h2v2H4v-2zm16 0H8v2h12v-2z\" fill=\"currentColor\"><\/path><\/svg><svg style=\"fill: #999;color:#999\" class=\"arrow-unsorted-368013\" xmlns=\"http:\/\/www.w3.org\/2000\/svg\" width=\"10px\" height=\"10px\" viewBox=\"0 0 24 24\" version=\"1.2\" baseProfile=\"tiny\"><path d=\"M18.2 9.3l-6.2-6.3-6.2 6.3c-.2.2-.3.4-.3.7s.1.5.3.7c.2.2.4.3.7.3h11c.3 0 .5-.1.7-.3.2-.2.3-.5.3-.7s-.1-.5-.3-.7zM5.8 14.7l6.2 6.3 6.2-6.3c.2-.2.3-.5.3-.7s-.1-.5-.3-.7c-.2-.2-.4-.3-.7-.3h-11c-.3 0-.5.1-.7.3-.2.2-.3.5-.3.7s.1.5.3.7z\"\/><\/svg><\/span><\/span><\/span><\/a><\/span><\/div>\n<nav><ul class='ez-toc-list ez-toc-list-level-1 ' ><li class='ez-toc-page-1 ez-toc-heading-level-2'><a class=\"ez-toc-link ez-toc-heading-1\" href=\"https:\/\/www.netz-barrierefrei.de\/wordpress\/barrierefreie-online-kommunikation-untertitel-gebaerdensprache-und-co\/#Vorbereitung_und_Support\" >Vorbereitung und Support<\/a><\/li><li class='ez-toc-page-1 ez-toc-heading-level-2'><a class=\"ez-toc-link ez-toc-heading-2\" href=\"https:\/\/www.netz-barrierefrei.de\/wordpress\/barrierefreie-online-kommunikation-untertitel-gebaerdensprache-und-co\/#Hoeren\" >H\u00f6ren<\/a><\/li><li class='ez-toc-page-1 ez-toc-heading-level-2'><a class=\"ez-toc-link ez-toc-heading-3\" href=\"https:\/\/www.netz-barrierefrei.de\/wordpress\/barrierefreie-online-kommunikation-untertitel-gebaerdensprache-und-co\/#Seh-Qualitaet\" >Seh-Qualit\u00e4t<\/a><\/li><li class='ez-toc-page-1 ez-toc-heading-level-2'><a class=\"ez-toc-link ez-toc-heading-4\" href=\"https:\/\/www.netz-barrierefrei.de\/wordpress\/barrierefreie-online-kommunikation-untertitel-gebaerdensprache-und-co\/#Telefon-_und_Audio-Konferenzen\" >Telefon- und Audio-Konferenzen<\/a><\/li><\/ul><\/nav><\/div>\n<h2><span class=\"ez-toc-section\" id=\"Vorbereitung_und_Support\"><\/span>Vorbereitung und Support<span class=\"ez-toc-section-end\"><\/span><\/h2>\n<p>Teilen Sie den Teilnehmenden m\u00f6glichst fr\u00fchzeitig im Vorfeld mit, welches Tool verwendet wird. Das gibt etwa Blinden oder Sehbehinderten die Gelegenheit, sich mit dem Tool vertraut zu machen.<br \/>\nIm Idealfall sollten Sie bei der ersten Nutzung bereits eine halbe Stunde vor dem Termin bereit sein, die Technik zu testen und eventuelle Probleme zu kl\u00e4ren. Daf\u00fcr kann auch ein zweiter, in jedem Fall funktionierender Kanal wie Telefon, WhatsApp und \u00c4hnliches verwendet werden.<br \/>\n\u00dcber eine L\u00f6sung wie TeamViewer ist es auch m\u00f6glich, einen dritten Rechner zu steuern, falls eine Person es nicht selbst schafft,. Das sollte entsprechend vorbereitet werden. Im Idealfall haben Sie zumindest eine weitere Person am Start, die sich im Hintergrund darum k\u00fcmmert, so dass Sie selbst sich auf die Kommunikation vorbereiten k\u00f6nnen.<br \/>\nEin schneller Internet-Zugang ist f\u00fcr jeden Teilnehmer zu empfehlen. Oftmals regelt die verwendete Software die Audio- und Video-Qualit\u00e4t runter, wenn die \u00dcbertragungsgeschwindigkeit aus ihrer Sicht nicht gut genug ist. Auch das sollten Sie den Teilnehmenden vorher mitteilen, es kann sonst sein, dass sie etwa das Smartphone und einen mobilen Internet-Zugang nutzen.<br \/>\n<a href=\"https:\/\/www.netz-barrierefrei.de\/wordpress\/welche-tools-zur-online-kommunikation-sind-barrierefrei\/\">\u00dcberblick \u00fcber barrierefreie Kommunikations-Tools<\/a><\/p>\n<h2><span class=\"ez-toc-section\" id=\"Hoeren\"><\/span>H\u00f6ren<span class=\"ez-toc-section-end\"><\/span><\/h2>\n<p>Generell sollte bei der Online-Kommunikation ein Headset mit integriertem Mikrofon verwendet werden. Wir empfehlen USB-Headsets oder Funk-Headsets mit optimierter Audio-\u00dcbertragung. Bei Bluetooth kommt es gerne mal zu Aussetzern. Headsets verbessern die Sprach- und damit die H\u00f6rqualit\u00e4t. Sowohl im Home-Office als auch im B\u00fcro kann es zu st\u00f6renden Neben-Ger\u00e4uschen kommen.<br \/>\nVersuchen Sie im Vorfeld, alle denkbaren Quellen f\u00fcr St\u00f6rger\u00e4usche abzustellen, dazu geh\u00f6ren insbesondere Knall-Ger\u00e4usche, wie sie durch heftig abgestellte Gl\u00e4ser und \u00c4hnliches entstehen.<br \/>\nSollten Geh\u00f6rlose beteiligt sein, k\u00f6nnen Geb\u00e4rdendolmetscher per zus\u00e4tzlichem Fenster bereit gestellt werden. Dabei ist wichtig, dass die verwendete Software das Verwenden mehrerer Fenster unterst\u00fctzt und dass die Fenster vergr\u00f6\u00dfert werden k\u00f6nnen.<br \/>\nEin Dienst wie VerbaVoice erlaubt auch das dynamische Zuschalten von Geb\u00e4rdensprachdolmetschern. <\/p>\n<h2><span class=\"ez-toc-section\" id=\"Seh-Qualitaet\"><\/span>Seh-Qualit\u00e4t<span class=\"ez-toc-section-end\"><\/span><\/h2>\n<p>Sollten Sie eine Webcam einsetzen, empfehlen wir eine m\u00f6glichst gute Webcam. Die in g\u00fcnstigen Notebooks, Smartphones und Tablets integrierten Webcams sind eher m\u00e4\u00dfig. Eine gute Webcam sorgt daf\u00fcr, dass Sound und Lippen-Bewegungen bzw. K\u00f6rpersprache synchron sind und erleichtert damit die Kommunikation gerade f\u00fcr H\u00f6rgesch\u00e4digte. Achten Sie darauf, dass Sie gut ausgeleuchtet und der Kopf sowie Oberk\u00f6rper gut erkennbar sind.<br \/>\nVerwenden Sie Pr\u00e4sentationen, stellen Sie diese m\u00f6glichst im Vorfeld den Teilnehmenden mit Behinderung per Mail oder Download zur Verf\u00fcgung. Es ist in vielen Programmen schwierig, geteilte Bildschirme oder sich \u00e4ndernde Inhalte vern\u00fcnftig zu verfolgen. Auch ist die Vergr\u00f6\u00dferbarkeit der Fenster oftmals eingeschr\u00e4nkt. <\/p>\n<h2><span class=\"ez-toc-section\" id=\"Telefon-_und_Audio-Konferenzen\"><\/span>Telefon- und Audio-Konferenzen<span class=\"ez-toc-section-end\"><\/span><\/h2>\n<p>Reine Audio-Konferenzen sind generell unproblematisch, wenn keine Geh\u00f6rlosen oder stark Schwerh\u00f6rigen beteiligt sind. Ich rate auch hier dringend von nicht leistungsf\u00e4higen bzw. f\u00fcr solche Zwecke optimierten Lautsprecher-Mikrofon-Kombinationen ab. Die gro\u00dfe Runde, die nur einen Lautsprecher und ein Mikro verwendet ist leider sehr h\u00f6r-unfreundlich f\u00fcr alle Beteiligten. Wer per Handy dazu geschaltet ist, sollte unbedingt auf guten Internet-Empfang achten oder ein W-LAN verwenden.<br \/>\n<a href=\"https:\/\/netz-barrierefrei.de\/en\/online-communication.html\">Accessible Online Communication<\/a><\/p>\n","protected":false},"excerpt":{"rendered":"<p>Von einer barrierefreien Online-Kommunikation und Zusammenarbeit profitieren alle Ihre Kommunikationspartner: Mit Online-Kommunikation ist hierbei vor allem die Echtzeit-Kommunikation \u00fcber Video, Audio oder Text-Chat gemeint. Kommunikation&#8230;<\/p>\n<div class=\"more-link-wrapper\"><a class=\"more-link\" href=\"https:\/\/www.netz-barrierefrei.de\/wordpress\/barrierefreie-online-kommunikation-untertitel-gebaerdensprache-und-co\/\">Weiterlesen<span class=\"screen-reader-text\">Barrierefreie Online-Kommunikation &#8211; Untertitel, Geb\u00e4rdensprache und Co.<\/span><\/a><\/div>\n","protected":false},"author":1,"featured_media":0,"parent":0,"menu_order":0,"comment_status":"closed","ping_status":"closed","template":"","meta":{"footnotes":""},"class_list":["post-4103","page","type-page","status-publish","hentry","entry"],"_links":{"self":[{"href":"https:\/\/www.netz-barrierefrei.de\/wordpress\/wp-json\/wp\/v2\/pages\/4103","targetHints":{"allow":["GET"]}}],"collection":[{"href":"https:\/\/www.netz-barrierefrei.de\/wordpress\/wp-json\/wp\/v2\/pages"}],"about":[{"href":"https:\/\/www.netz-barrierefrei.de\/wordpress\/wp-json\/wp\/v2\/types\/page"}],"author":[{"embeddable":true,"href":"https:\/\/www.netz-barrierefrei.de\/wordpress\/wp-json\/wp\/v2\/users\/1"}],"replies":[{"embeddable":true,"href":"https:\/\/www.netz-barrierefrei.de\/wordpress\/wp-json\/wp\/v2\/comments?post=4103"}],"version-history":[{"count":6,"href":"https:\/\/www.netz-barrierefrei.de\/wordpress\/wp-json\/wp\/v2\/pages\/4103\/revisions"}],"predecessor-version":[{"id":8185,"href":"https:\/\/www.netz-barrierefrei.de\/wordpress\/wp-json\/wp\/v2\/pages\/4103\/revisions\/8185"}],"wp:attachment":[{"href":"https:\/\/www.netz-barrierefrei.de\/wordpress\/wp-json\/wp\/v2\/media?parent=4103"}],"curies":[{"name":"wp","href":"https:\/\/api.w.org\/{rel}","templated":true}]}}