{"id":4134,"date":"2020-05-03T13:15:48","date_gmt":"2020-05-03T11:15:48","guid":{"rendered":"https:\/\/www.netz-barrierefrei.de\/wordpress\/?page_id=4134"},"modified":"2020-10-13T19:28:18","modified_gmt":"2020-10-13T17:28:18","slug":"digitalisierung-und-home-office-neues-zur-barrierefreiheit-05-2020","status":"publish","type":"page","link":"https:\/\/www.netz-barrierefrei.de\/wordpress\/newsletter-digitale-barrierefreiheit\/digitalisierung-und-home-office-neues-zur-barrierefreiheit-05-2020\/","title":{"rendered":"Digitalisierung und Home Office &#8211; neues zur Barrierefreiheit 05-2020"},"content":{"rendered":"<p><img loading=\"lazy\" decoding=\"async\" src=\"https:\/\/www.netz-barrierefrei.de\/wordpress\/wp-content\/uploads\/mookup.jpg\" alt=\"Mookup zur Digitalisierung\" width=\"960\" height=\"319\" class=\"alignleft size-full wp-image-4041\" srcset=\"https:\/\/www.netz-barrierefrei.de\/wordpress\/wp-content\/uploads\/mookup.jpg 960w, https:\/\/www.netz-barrierefrei.de\/wordpress\/wp-content\/uploads\/mookup-300x100.jpg 300w, https:\/\/www.netz-barrierefrei.de\/wordpress\/wp-content\/uploads\/mookup-768x255.jpg 768w\" sizes=\"auto, (max-width: 960px) 100vw, 960px\" \/>Durch die Osterferien und die anhaltende Corona-Krise war der April relativ ruhig. Es gab kein zentrales Thema in der Barrierefreiheits-Szene. Bereits im letzten Newsletter hatte ich ausf\u00fchrlich \u00fcber den <a href=\"https:\/\/www.netz-barrierefrei.de\/wordpress\/newsletter-digitale-barrierefreiheit\/neues-zur-barrierefreiheit-ausgabe-04-2020\/#Barrierefreiheit_und_der_Corona-Virus\">Corona-Virus und Barrierefreiheit berichtet<\/a>. Deshalb steigen wir gleich in die interessanten Beitr\u00e4ge ein.<\/p>\n<div id=\"ez-toc-container\" class=\"ez-toc-v2_0_82_2 counter-hierarchy ez-toc-counter ez-toc-white ez-toc-container-direction\">\n<div class=\"ez-toc-title-container\">\n<p class=\"ez-toc-title\" style=\"cursor:inherit\">Inhalt<\/p>\n<span class=\"ez-toc-title-toggle\"><a href=\"#\" class=\"ez-toc-pull-right ez-toc-btn ez-toc-btn-xs ez-toc-btn-default ez-toc-toggle\" aria-label=\"Toggle Table of Content\"><span class=\"ez-toc-js-icon-con\"><span class=\"\"><span class=\"eztoc-hide\" style=\"display:none;\">Toggle<\/span><span class=\"ez-toc-icon-toggle-span\"><svg style=\"fill: #999;color:#999\" xmlns=\"http:\/\/www.w3.org\/2000\/svg\" class=\"list-377408\" width=\"20px\" height=\"20px\" viewBox=\"0 0 24 24\" fill=\"none\"><path d=\"M6 6H4v2h2V6zm14 0H8v2h12V6zM4 11h2v2H4v-2zm16 0H8v2h12v-2zM4 16h2v2H4v-2zm16 0H8v2h12v-2z\" fill=\"currentColor\"><\/path><\/svg><svg style=\"fill: #999;color:#999\" class=\"arrow-unsorted-368013\" xmlns=\"http:\/\/www.w3.org\/2000\/svg\" width=\"10px\" height=\"10px\" viewBox=\"0 0 24 24\" version=\"1.2\" baseProfile=\"tiny\"><path d=\"M18.2 9.3l-6.2-6.3-6.2 6.3c-.2.2-.3.4-.3.7s.1.5.3.7c.2.2.4.3.7.3h11c.3 0 .5-.1.7-.3.2-.2.3-.5.3-.7s-.1-.5-.3-.7zM5.8 14.7l6.2 6.3 6.2-6.3c.2-.2.3-.5.3-.7s-.1-.5-.3-.7c-.2-.2-.4-.3-.7-.3h-11c-.3 0-.5.1-.7.3-.2.2-.3.5-.3.7s.1.5.3.7z\"\/><\/svg><\/span><\/span><\/span><\/a><\/span><\/div>\n<nav><ul class='ez-toc-list ez-toc-list-level-1 ' ><li class='ez-toc-page-1 ez-toc-heading-level-2'><a class=\"ez-toc-link ez-toc-heading-1\" href=\"https:\/\/www.netz-barrierefrei.de\/wordpress\/newsletter-digitale-barrierefreiheit\/digitalisierung-und-home-office-neues-zur-barrierefreiheit-05-2020\/#Interessante_Beitraege\" >Interessante Beitr\u00e4ge<\/a><\/li><li class='ez-toc-page-1 ez-toc-heading-level-2'><a class=\"ez-toc-link ez-toc-heading-2\" href=\"https:\/\/www.netz-barrierefrei.de\/wordpress\/newsletter-digitale-barrierefreiheit\/digitalisierung-und-home-office-neues-zur-barrierefreiheit-05-2020\/#Veranstaltungen\" >Veranstaltungen<\/a><\/li><li class='ez-toc-page-1 ez-toc-heading-level-2'><a class=\"ez-toc-link ez-toc-heading-3\" href=\"https:\/\/www.netz-barrierefrei.de\/wordpress\/newsletter-digitale-barrierefreiheit\/digitalisierung-und-home-office-neues-zur-barrierefreiheit-05-2020\/#Geplante_Schulungen\" >Geplante Schulungen<\/a><\/li><li class='ez-toc-page-1 ez-toc-heading-level-2'><a class=\"ez-toc-link ez-toc-heading-4\" href=\"https:\/\/www.netz-barrierefrei.de\/wordpress\/newsletter-digitale-barrierefreiheit\/digitalisierung-und-home-office-neues-zur-barrierefreiheit-05-2020\/#Newsletter_abonnieren\" >Newsletter abonnieren<\/a><\/li><\/ul><\/nav><\/div>\n<h2><span class=\"ez-toc-section\" id=\"Interessante_Beitraege\"><\/span>Interessante Beitr\u00e4ge<span class=\"ez-toc-section-end\"><\/span><\/h2>\n<p>Die Digitalisierung hat durch Corona einen kr\u00e4ftigen Schub bekommen. Wie und warum behinderte Menschen davon profitieren, wurde auf netz-barrierefrei ausf\u00fchrlich dargestellt.<br \/>\nnetz-barrierefrei. <a href=\"https:\/\/www.netz-barrierefrei.de\/wordpress\/digitalisierung-als-chance-fuer-behinderte-menschen\/\">Digitalisierung als Chance f\u00fcr behinderte Menschen<\/a><br \/>\nMenschen mit Autismus werden beim Thema digitale Barrierefreiheit bisher wenig ber\u00fccksichtigt. Die Schweizer Stiftung Zugang f\u00fcr alle hat einen Beitrag zum Thema barrierefreie Web-Gestaltung in Hinblick auf autistische Menschen ver\u00f6ffentlicht.<br \/>\nStiftung Zugang f\u00fcr alle. Barrierefreiheit und Autismus<br \/>\nIm Magazin der Sozialhelden Die neue Norm wird eine Initiative vorgestellt, die Informationen zur Barrierefreiheit maschinenlesbar und damit zug\u00e4nglicher f\u00fcr alle machen m\u00f6chte.<br \/>\nDie neue Norm. <a href=\"https:\/\/dieneuenorm.de\/innovation\/daten-barrierefrei\/\">Mehr Infos zur Barrierefreiheit ins Netz \u2013 f\u00fcr Mensch und Maschine<\/a><br \/>\nDie weiteren Beitr\u00e4ge sind auf Englisch. Frozen Rockets macht sich Gedanken dar\u00fcber, was beachtet werden sollte, wenn die Benutzerfreundlichkeit mit behinderten Menschen getestet wird.<br \/>\nFrozen Rockets. Things to consider when doing usability testing with disabled people<br \/>\nEine weitere Gruppe, die bei der Barrierefreiheit h\u00e4ufig vergessen wird sind Menschen mit Dyslexie. Dyslexie und andere Formen von Lese-Rechtschreib-Schw\u00e4che sind weit verbreitet. UX Design zeigt, welche Probleme auftreten k\u00f6nnen und wie man damit umgeht.<br \/>\nUX Design. How to involve dyslexic users into your design<br \/>\nDie Organisation WebAIM hat die eine Millionen am meisten besuchten Webseiten mit ihrem automatischen Tool auf Barrierefreiheit gepr\u00fcft und teils gro\u00dfe M\u00e4ngel festgestellt. Ich halte automatisierte Testverfahren in dieser Gr\u00f6\u00dfenordnung f\u00fcr nur eingeschr\u00e4nkt aussagekr\u00e4ftig, aber Sie m\u00f6gen sich Ihr eigenes Bild machen.<br \/>\n<a href=\"https:\/\/webaim.org\/projects\/million\/\">The WebAIM Million<\/a><br \/>\nNie in der Geschichte haben wohl so viele Menschen von zuhause aus gearbeitet. Ein Blogbeitrag von Microsoft zeigt, wie nicht-Behinderte Menschen von den Erfahrungen der Behinderten-Community im Home Office profitieren k\u00f6nnen.<br \/>\nMicrosoft. <a href=\"https:\/\/blogs.microsoft.com\/accessibility\/inclusive-remote-working\/\n\">What the disability community can teach us about working remotely<\/a><br \/>\nBarrierefreies Design wird kommen, ob wir es wollen oder nicht. Aber es wird etwa bei der Geb\u00e4ude-Gestaltung nur dann akzeptiert, wenn es auch \u00e4sthetisch ansprechend ist, so der Tenor eines Artikels in der Washington Post.<br \/>\nWashington Post. Accessible design is growing. But can it be beautiful?<\/p>\n<h2><span class=\"ez-toc-section\" id=\"Veranstaltungen\"><\/span>Veranstaltungen<span class=\"ez-toc-section-end\"><\/span><\/h2>\n<p>Die Firma Siteimprove veranstaltet am 20.05.2020 einen kostenlosen deutschsprachigen Accessibility Day. Es handelt sich um eine reine Online-Veranstaltung.<br \/>\nSiteimprove Accessibility Day<br \/>\nAm 21.05.2020 findet der Global Accessibility Awareness Day (GAAD) statt. Zu diesem Anlass wird es einige Online-Veranstaltungen zur digitalen Barrierefreiheit geben. Weitere Infos finden Sie auf der Website des GAAD.<br \/>\n<a href=\"https:\/\/accessibility.day\/\">Website des GAAD<\/a><\/p>\n<h2><span class=\"ez-toc-section\" id=\"Geplante_Schulungen\"><\/span>Geplante Schulungen<span class=\"ez-toc-section-end\"><\/span><\/h2>\n<p><a href=\"https:\/\/www.silta.ai\/schulungen\">Alle Informationen zu den Schulungen<\/a><\/p>\n<h2><span class=\"ez-toc-section\" id=\"Newsletter_abonnieren\"><\/span>Newsletter abonnieren<span class=\"ez-toc-section-end\"><\/span><\/h2>\n<p>Sie haben den Newsletter noch nicht abonniert? Dann k\u00f6nnen Sie das hier nachholen.<br \/>\n[newsletter2go]<\/p>\n","protected":false},"excerpt":{"rendered":"<p>Durch die Osterferien und die anhaltende Corona-Krise war der April relativ ruhig. Es gab kein zentrales Thema in der Barrierefreiheits-Szene. Bereits im letzten Newsletter hatte&#8230;<\/p>\n<div class=\"more-link-wrapper\"><a class=\"more-link\" href=\"https:\/\/www.netz-barrierefrei.de\/wordpress\/newsletter-digitale-barrierefreiheit\/digitalisierung-und-home-office-neues-zur-barrierefreiheit-05-2020\/\">Weiterlesen<span class=\"screen-reader-text\">Digitalisierung und Home Office &#8211; neues zur Barrierefreiheit 05-2020<\/span><\/a><\/div>\n","protected":false},"author":1,"featured_media":0,"parent":1450,"menu_order":0,"comment_status":"closed","ping_status":"closed","template":"","meta":{"footnotes":""},"class_list":["post-4134","page","type-page","status-publish","hentry","entry"],"_links":{"self":[{"href":"https:\/\/www.netz-barrierefrei.de\/wordpress\/wp-json\/wp\/v2\/pages\/4134","targetHints":{"allow":["GET"]}}],"collection":[{"href":"https:\/\/www.netz-barrierefrei.de\/wordpress\/wp-json\/wp\/v2\/pages"}],"about":[{"href":"https:\/\/www.netz-barrierefrei.de\/wordpress\/wp-json\/wp\/v2\/types\/page"}],"author":[{"embeddable":true,"href":"https:\/\/www.netz-barrierefrei.de\/wordpress\/wp-json\/wp\/v2\/users\/1"}],"replies":[{"embeddable":true,"href":"https:\/\/www.netz-barrierefrei.de\/wordpress\/wp-json\/wp\/v2\/comments?post=4134"}],"version-history":[{"count":18,"href":"https:\/\/www.netz-barrierefrei.de\/wordpress\/wp-json\/wp\/v2\/pages\/4134\/revisions"}],"predecessor-version":[{"id":10609,"href":"https:\/\/www.netz-barrierefrei.de\/wordpress\/wp-json\/wp\/v2\/pages\/4134\/revisions\/10609"}],"up":[{"embeddable":true,"href":"https:\/\/www.netz-barrierefrei.de\/wordpress\/wp-json\/wp\/v2\/pages\/1450"}],"wp:attachment":[{"href":"https:\/\/www.netz-barrierefrei.de\/wordpress\/wp-json\/wp\/v2\/media?parent=4134"}],"curies":[{"name":"wp","href":"https:\/\/api.w.org\/{rel}","templated":true}]}}