{"id":421,"date":"2018-03-10T16:45:56","date_gmt":"2018-03-10T14:45:56","guid":{"rendered":"http:\/\/www.netz-barrierefrei.de\/wordpress\/?page_id=421"},"modified":"2023-12-15T12:59:24","modified_gmt":"2023-12-15T10:59:24","slug":"online-schulung-barrierefreies-internet-redakteure","status":"publish","type":"page","link":"https:\/\/www.netz-barrierefrei.de\/wordpress\/barrierefreiheits-workshops\/online-schulung-barrierefreies-internet-redakteure\/","title":{"rendered":"Online-Schulung: Barrierefreiheit im Internet f\u00fcr Redakteure"},"content":{"rendered":"<p><img loading=\"lazy\" decoding=\"async\" src=\"https:\/\/www.netz-barrierefrei.de\/wordpress\/wp-content\/uploads\/office-vorlagen-barrierefrei.jpg\" alt=\"Computermonitor zeigt Textverarbeitung\" width=\"925\" height=\"720\" class=\"alignleft size-full wp-image-3851\" srcset=\"https:\/\/www.netz-barrierefrei.de\/wordpress\/wp-content\/uploads\/office-vorlagen-barrierefrei.jpg 925w, https:\/\/www.netz-barrierefrei.de\/wordpress\/wp-content\/uploads\/office-vorlagen-barrierefrei-300x234.jpg 300w, https:\/\/www.netz-barrierefrei.de\/wordpress\/wp-content\/uploads\/office-vorlagen-barrierefrei-768x598.jpg 768w\" sizes=\"auto, (max-width: 925px) 100vw, 925px\" \/>Sie sind Redakteur:In f\u00fcrs Web oder Social Media und m\u00fcssen Inhalte im Web barrierefrei bereit stellen? Dann ist diese Online-Schulung perfekt f\u00fcr Sie.<br \/>\nDie Teilnehmer:Innen lernen unter anderem:<\/p>\n<ul>\n<li>welche Barrieren es im Web gibt<\/li>\n<li>wie Texte, Bilder, Videos und so weiter auf Webseiten und Social Media barrierefrei angeboten werden k\u00f6nnen<\/li>\n<li>welche Hilfen es gibt, um sich die Arbeit zu erleichtern<\/li>\n<\/ul>\n<h2>Die Zielgruppe <\/h2>\n<p>Der Workshop richtet sich an Internet- und Social-Media-Redakteure oder Content Manager. F\u00fcr Web-Entwickler und Projektmanager <a href=\"https:\/\/www.silta.ai\/schulungen\">bieten wir andere Barrierefreiheits-Schulungen<\/a>. Sie sind hier richtig, wenn Sie Inhalte f\u00fcr Webseiten erstellen oder deren Erstellung verantworten.<br \/>\nWenn Sie eine Inhouse-Schulung w\u00fcnschen, wenden Sie sich gerne an meine <a href=\"https:\/\/www.silta.ai\/schulungen\">Kooperationspartner Silta<\/a>.<\/p>\n","protected":false},"excerpt":{"rendered":"<p>Sie sind Redakteur:In f\u00fcrs Web oder Social Media und m\u00fcssen Inhalte im Web barrierefrei bereit stellen? Dann ist diese Online-Schulung perfekt f\u00fcr Sie. Die Teilnehmer:Innen&#8230;<\/p>\n<div class=\"more-link-wrapper\"><a class=\"more-link\" href=\"https:\/\/www.netz-barrierefrei.de\/wordpress\/barrierefreiheits-workshops\/online-schulung-barrierefreies-internet-redakteure\/\">Weiterlesen<span class=\"screen-reader-text\">Online-Schulung: Barrierefreiheit im Internet f\u00fcr Redakteure<\/span><\/a><\/div>\n","protected":false},"author":1,"featured_media":0,"parent":352,"menu_order":0,"comment_status":"closed","ping_status":"closed","template":"","meta":{"footnotes":""},"class_list":["post-421","page","type-page","status-publish","hentry","entry"],"_links":{"self":[{"href":"https:\/\/www.netz-barrierefrei.de\/wordpress\/wp-json\/wp\/v2\/pages\/421","targetHints":{"allow":["GET"]}}],"collection":[{"href":"https:\/\/www.netz-barrierefrei.de\/wordpress\/wp-json\/wp\/v2\/pages"}],"about":[{"href":"https:\/\/www.netz-barrierefrei.de\/wordpress\/wp-json\/wp\/v2\/types\/page"}],"author":[{"embeddable":true,"href":"https:\/\/www.netz-barrierefrei.de\/wordpress\/wp-json\/wp\/v2\/users\/1"}],"replies":[{"embeddable":true,"href":"https:\/\/www.netz-barrierefrei.de\/wordpress\/wp-json\/wp\/v2\/comments?post=421"}],"version-history":[{"count":23,"href":"https:\/\/www.netz-barrierefrei.de\/wordpress\/wp-json\/wp\/v2\/pages\/421\/revisions"}],"predecessor-version":[{"id":8734,"href":"https:\/\/www.netz-barrierefrei.de\/wordpress\/wp-json\/wp\/v2\/pages\/421\/revisions\/8734"}],"up":[{"embeddable":true,"href":"https:\/\/www.netz-barrierefrei.de\/wordpress\/wp-json\/wp\/v2\/pages\/352"}],"wp:attachment":[{"href":"https:\/\/www.netz-barrierefrei.de\/wordpress\/wp-json\/wp\/v2\/media?parent=421"}],"curies":[{"name":"wp","href":"https:\/\/api.w.org\/{rel}","templated":true}]}}