{"id":4319,"date":"2020-07-01T12:56:22","date_gmt":"2020-07-01T10:56:22","guid":{"rendered":"https:\/\/www.netz-barrierefrei.de\/wordpress\/?page_id=4319"},"modified":"2020-07-09T17:56:29","modified_gmt":"2020-07-09T15:56:29","slug":"endlich-barrierefrei-zocken-ausgabe-07-2020","status":"publish","type":"page","link":"https:\/\/www.netz-barrierefrei.de\/wordpress\/newsletter-digitale-barrierefreiheit\/endlich-barrierefrei-zocken-ausgabe-07-2020\/","title":{"rendered":"Endlich barrierefrei zocken &#8211; Ausgabe 07-2020"},"content":{"rendered":"<p><img loading=\"lazy\" decoding=\"async\" src=\"https:\/\/www.netz-barrierefrei.de\/wordpress\/wp-content\/uploads\/gamepad.jpg\" alt=\"Stilisierter Game-Controller\" width=\"720\" height=\"720\" class=\"alignleft size-full wp-image-4321\" srcset=\"https:\/\/www.netz-barrierefrei.de\/wordpress\/wp-content\/uploads\/gamepad.jpg 720w, https:\/\/www.netz-barrierefrei.de\/wordpress\/wp-content\/uploads\/gamepad-300x300.jpg 300w, https:\/\/www.netz-barrierefrei.de\/wordpress\/wp-content\/uploads\/gamepad-150x150.jpg 150w\" sizes=\"auto, (max-width: 720px) 100vw, 720px\" \/>Nach dem es in den letzten Monaten au\u00dfer Corona kein hei\u00dfes Thema in der Barrierefreiheit gegeben hat, wurde die Szene im Juni gleich von zwei Themen ersch\u00fcttert.<br \/>\nTwitter erntete einen Mini-Shitstorm aus der Barrierefreiheits-Szene, weil es ein Audio-Feature nicht von Beginn an barrierefrei ausrollte. Einen Bericht dazu gab es unter anderem bei <a href=\"https:\/\/www.theverge.com\/2020\/6\/18\/21296032\/twitter-audio-tweets-accessibility-volunteers\">The Verge<\/a>.<br \/>\nPositiver stimmt uns, dass das Computerspiel &#8222;The Last Of Us&#8220; als relativ barrierefrei gilt. Einen Bericht dazu gibt es unter anderem <a href=\"https:\/\/blog.de.playstation.com\/2020\/06\/16\/the-last-of-us-part-ii-die-barrierefreiheitsfunktionen-im-detail\/\">in einem Playstation-Blog<\/a>. Wir d\u00fcrfen gespannt sein, ob das f\u00fcr die Spiele-Industrie vorbildlich ist. Games der gro\u00dfen Studios kosten heute nicht wesentlich weniger als Hollywood-Blockbuster, sie bewegen sich locker im oberen zweistelligen Millionenbereich. Daneben nehmen sich die Kosten daf\u00fcr, ein Spiel barrierefreier zu machen wie Peanuts aus. Auch die Gamer &#8211; zumindest jene mit Geld &#8211; werden langsam \u00e4lter, vielleicht ist die Spiele-Industrie einmal einsichtig.<\/p>\n<div id=\"ez-toc-container\" class=\"ez-toc-v2_0_82_2 counter-hierarchy ez-toc-counter ez-toc-white ez-toc-container-direction\">\n<div class=\"ez-toc-title-container\">\n<p class=\"ez-toc-title\" style=\"cursor:inherit\">Inhalt<\/p>\n<span class=\"ez-toc-title-toggle\"><a href=\"#\" class=\"ez-toc-pull-right ez-toc-btn ez-toc-btn-xs ez-toc-btn-default ez-toc-toggle\" aria-label=\"Toggle Table of Content\"><span class=\"ez-toc-js-icon-con\"><span class=\"\"><span class=\"eztoc-hide\" style=\"display:none;\">Toggle<\/span><span class=\"ez-toc-icon-toggle-span\"><svg style=\"fill: #999;color:#999\" xmlns=\"http:\/\/www.w3.org\/2000\/svg\" class=\"list-377408\" width=\"20px\" height=\"20px\" viewBox=\"0 0 24 24\" fill=\"none\"><path d=\"M6 6H4v2h2V6zm14 0H8v2h12V6zM4 11h2v2H4v-2zm16 0H8v2h12v-2zM4 16h2v2H4v-2zm16 0H8v2h12v-2z\" fill=\"currentColor\"><\/path><\/svg><svg style=\"fill: #999;color:#999\" class=\"arrow-unsorted-368013\" xmlns=\"http:\/\/www.w3.org\/2000\/svg\" width=\"10px\" height=\"10px\" viewBox=\"0 0 24 24\" version=\"1.2\" baseProfile=\"tiny\"><path d=\"M18.2 9.3l-6.2-6.3-6.2 6.3c-.2.2-.3.4-.3.7s.1.5.3.7c.2.2.4.3.7.3h11c.3 0 .5-.1.7-.3.2-.2.3-.5.3-.7s-.1-.5-.3-.7zM5.8 14.7l6.2 6.3 6.2-6.3c.2-.2.3-.5.3-.7s-.1-.5-.3-.7c-.2-.2-.4-.3-.7-.3h-11c-.3 0-.5.1-.7.3-.2.2-.3.5-.3.7s.1.5.3.7z\"\/><\/svg><\/span><\/span><\/span><\/a><\/span><\/div>\n<nav><ul class='ez-toc-list ez-toc-list-level-1 ' ><li class='ez-toc-page-1 ez-toc-heading-level-2'><a class=\"ez-toc-link ez-toc-heading-1\" href=\"https:\/\/www.netz-barrierefrei.de\/wordpress\/newsletter-digitale-barrierefreiheit\/endlich-barrierefrei-zocken-ausgabe-07-2020\/#Interessante_Artikel\" >Interessante Artikel<\/a><\/li><li class='ez-toc-page-1 ez-toc-heading-level-2'><a class=\"ez-toc-link ez-toc-heading-2\" href=\"https:\/\/www.netz-barrierefrei.de\/wordpress\/newsletter-digitale-barrierefreiheit\/endlich-barrierefrei-zocken-ausgabe-07-2020\/#Veranstaltungen_und_Schulungen\" >Veranstaltungen und Schulungen<\/a><\/li><li class='ez-toc-page-1 ez-toc-heading-level-2'><a class=\"ez-toc-link ez-toc-heading-3\" href=\"https:\/\/www.netz-barrierefrei.de\/wordpress\/newsletter-digitale-barrierefreiheit\/endlich-barrierefrei-zocken-ausgabe-07-2020\/#Newsletter_abonnieren\" >Newsletter abonnieren<\/a><\/li><\/ul><\/nav><\/div>\n<h2><span class=\"ez-toc-section\" id=\"Interessante_Artikel\"><\/span>Interessante Artikel<span class=\"ez-toc-section-end\"><\/span><\/h2>\n<p>Etwas \u00fcberrascht habe ich festgestellt, dass es keinen Leitfaden zu barrierefreien Online-Veranstaltungen gibt. Gedacht, getan habe ich ihn kurzerhand selbst geschrieben.<br \/>\nnetz-barrierefrei. <a href=\"https:\/\/www.netz-barrierefrei.de\/wordpress\/gesellschaft\/barrierefreie-online-veranstaltungen\/\">Leitfaden barrierefreie Online-Veranstaltungen<\/a><br \/>\nDie \u00dcberwachungsstelle des Bundes f\u00fcr Barrierefreiheit hat ihre Website mit einigen Infos zur Umsetzung von barrierefreien Webseiten gestartet.<br \/>\nWeiter zur Website der \u00dcberwachungsstelle<br \/>\nNicht die Behinderung ist das Problem, sondern die mangelnde Barrierefreiheit von Software. Betrachtet man die Software-Entwicklung aus diesem Blickwinkel, wird Barrierefreiheit zu einer Kernfunktion statt zu einem teuren Extra, so ein langer Beitrag bei INNOQ.<br \/>\nINNOQ. Accessibility als Vorteil f\u00fcr das Software-Engineering<br \/>\nDie weiteren Beitr\u00e4ge sind auf Englisch. K\u00fcnstliche Intelligenz k\u00f6nnte einen positiven Einfluss auf die digitale Barrierefreiheit haben. \u00dcberlegungen dazu und zu ethischen Implikationen gibt es in einem langen Artikel bei Medium.<br \/>\nMedium. <a href=\"https:\/\/medium.com\/lexisnexis-design\/how-ai-can-influence-accessibility-aadd6a398996\">How AI Can Influence Accessibility<\/a><br \/>\nIn den USA nehmen die Klagen gegen nicht-barrierefreie Webseiten stetig zu. Das Thema hatten wir ja schon \u00f6fter im Newsletter. Es bleibt aber spannend vor allem f\u00fcr ausl\u00e4ndische Unternehmen, die in den USA aktiv sind. The next Web greift es einmal mehr auf.<br \/>\nThe next Web. Why your website\u2019s lack of accessibility options is opening you up to lawsuits<br \/>\n&#8222;Remove Assumptions&#8220; m\u00f6chte ich den Webdesignern und Entwicklern zurufen, die nicht-barrierefreie Webseiten erstellen. Den gleichen Tipp gibts in einem l\u00e4ngeren Artikel im Search Enginge Journal. Dort geht es darum, wie man mit dem steigenden Bedarf nach Barrierefreiheit umgehen sollte. Tenor ist, dass man sich mit Annahmen dar\u00fcber, wer die eigene Website wie nutzt zur\u00fcckhalten sollte.<br \/>\nSearch Enginge Journal. <a href=\"https:\/\/www.searchenginejournal.com\/website-accessibility-meet-increased-demand\/370074\/\">How to Meet the Increased Demand for Website Accessibility<\/a><br \/>\nKaum ein Unternehmen hat das Thema Barrierefreiheit in den letzten Jahren so stark aufgegriffen wie Microsoft. Eine Methode, um die Barrierefreiheit in die Unternehmenskultur zu integrieren ist das Accessibility Evolution Model, das in einem Artikel bei Forbes vorgestellt wird.<br \/>\nForbes. Microsoft Accessibility Chief Jenny Lay-Flurrie Talks New Accessibility Evolution Model<br \/>\nBarrierefreiheit muss an der richtigen Stelle angesiedelt werden, damit sie sinnvoll umgesetzt werden kann. Sie muss etwa schon beim Produkt-Design ber\u00fccksichtigt werden, so ein Beitrag bei Medium.<br \/>\nMedium. <a href=\"https:\/\/medium.com\/design-ibm\/accessible-design-thinking-in-the-enterprise-world-3af449856dba\">Accessible Design Thinking in the Enterprise World<\/a><\/p>\n<h2><span class=\"ez-toc-section\" id=\"Veranstaltungen_und_Schulungen\"><\/span>Veranstaltungen und Schulungen<span class=\"ez-toc-section-end\"><\/span><\/h2>\n<p>In n\u00e4chster Zeit stehen keine Veranstaltungen zur Barrierefreiheit an. Einen \u00dcberblick zu Barrierefreiheits-Veranstaltungen im Herbst finden Sie auf meiner Website.<br \/>\nFolgende Online-Schulungen stehen an:<br \/>\n13.07.2020 Einf\u00fchrung in die Anwendung des BITV-Tests<br \/>\n20.07.2020 Einf\u00fchrung in die Web-Barrierefreiheit und Qualit\u00e4tssicherung<br \/>\n27.07.2020 Barrierefreie PDFs mit Word und PowerPoint<br \/>\n27.07.2020 Barrierefreie PDFs mit Adobe Acrobat<br \/>\n03.08.2020 Barrierefreie Webseiten entwickeln<br \/>\nAlle Infos zu den <a href=\"https:\/\/www.silta.ai\/schulungen\">Schulungen finden Sie auf meiner Website<\/a>. <\/p>\n<h2><span class=\"ez-toc-section\" id=\"Newsletter_abonnieren\"><\/span>Newsletter abonnieren<span class=\"ez-toc-section-end\"><\/span><\/h2>\n<p>Wenn Sie den Newsletter noch nicht abonniert haben, k\u00f6nnen Sie dieses Vers\u00e4umnis hier nachholen. <a href=\"https:\/\/www.netz-barrierefrei.de\/wordpress\/newsletter-digitale-barrierefreiheit\/\">Zu den \u00e4lteren Ausgaben des Newsletters<\/a>.<br \/>\n[newsletter2go]<\/p>\n","protected":false},"excerpt":{"rendered":"<p>Nach dem es in den letzten Monaten au\u00dfer Corona kein hei\u00dfes Thema in der Barrierefreiheit gegeben hat, wurde die Szene im Juni gleich von zwei&#8230;<\/p>\n<div class=\"more-link-wrapper\"><a class=\"more-link\" href=\"https:\/\/www.netz-barrierefrei.de\/wordpress\/newsletter-digitale-barrierefreiheit\/endlich-barrierefrei-zocken-ausgabe-07-2020\/\">Weiterlesen<span class=\"screen-reader-text\">Endlich barrierefrei zocken &#8211; Ausgabe 07-2020<\/span><\/a><\/div>\n","protected":false},"author":1,"featured_media":0,"parent":1450,"menu_order":0,"comment_status":"closed","ping_status":"closed","template":"","meta":{"footnotes":""},"class_list":["post-4319","page","type-page","status-publish","hentry","entry"],"_links":{"self":[{"href":"https:\/\/www.netz-barrierefrei.de\/wordpress\/wp-json\/wp\/v2\/pages\/4319","targetHints":{"allow":["GET"]}}],"collection":[{"href":"https:\/\/www.netz-barrierefrei.de\/wordpress\/wp-json\/wp\/v2\/pages"}],"about":[{"href":"https:\/\/www.netz-barrierefrei.de\/wordpress\/wp-json\/wp\/v2\/types\/page"}],"author":[{"embeddable":true,"href":"https:\/\/www.netz-barrierefrei.de\/wordpress\/wp-json\/wp\/v2\/users\/1"}],"replies":[{"embeddable":true,"href":"https:\/\/www.netz-barrierefrei.de\/wordpress\/wp-json\/wp\/v2\/comments?post=4319"}],"version-history":[{"count":14,"href":"https:\/\/www.netz-barrierefrei.de\/wordpress\/wp-json\/wp\/v2\/pages\/4319\/revisions"}],"predecessor-version":[{"id":10512,"href":"https:\/\/www.netz-barrierefrei.de\/wordpress\/wp-json\/wp\/v2\/pages\/4319\/revisions\/10512"}],"up":[{"embeddable":true,"href":"https:\/\/www.netz-barrierefrei.de\/wordpress\/wp-json\/wp\/v2\/pages\/1450"}],"wp:attachment":[{"href":"https:\/\/www.netz-barrierefrei.de\/wordpress\/wp-json\/wp\/v2\/media?parent=4319"}],"curies":[{"name":"wp","href":"https:\/\/api.w.org\/{rel}","templated":true}]}}