{"id":461,"date":"2018-03-15T18:26:33","date_gmt":"2018-03-15T16:26:33","guid":{"rendered":"http:\/\/www.netz-barrierefrei.de\/wordpress\/?page_id=461"},"modified":"2021-10-13T18:24:12","modified_gmt":"2021-10-13T16:24:12","slug":"barrierefreie-pdfs-mit-openoffice-und-libreoffice","status":"publish","type":"page","link":"https:\/\/www.netz-barrierefrei.de\/wordpress\/barrierefreies-publizieren\/barrierefreie-pdfs\/barrierefreie-pdfs-mit-openoffice-und-libreoffice\/","title":{"rendered":"Barrierefreie PDFs mit OpenOffice und LibreOffice"},"content":{"rendered":"<p><iframe loading=\"lazy\" width=\"560\" height=\"315\" src=\"https:\/\/www.youtube-nocookie.com\/embed\/gwLFcipC9do\" title=\"YouTube video player\" frameborder=\"0\" allow=\"accelerometer; autoplay; clipboard-write; encrypted-media; gyroscope; picture-in-picture\" allowfullscreen><\/iframe><br \/>\nIm Folgenden m\u00f6chte ich eine kurze Anleitung geben, wie Sie mit dem kostenlosen OpenOffice bzw. LibreOffice barrierefreie Dokumente und tagged PDFS erstellen k\u00f6nnen. Ich empfehle LibreOffice, da dies dynamisch weiter entwickelt wird. Die Anleitung bezieht sich nur auf Writer, ist aber bis auf die Formatvorlagen auch auf die anderen Libre-Office-Programme \u00fcbertragbar.<br \/>\nBen\u00f6tigen Sie eine <a href=\"https:\/\/www.netz-barrierefrei.de\/wordpress\/leistungen\/barrierefreies-pdf-erstellung-pruefung-beratung-und-qualitaetssicherung\/\">Schulung oder Erstellung barrierefreier PDFs<\/a>?<\/p>\n<div id=\"ez-toc-container\" class=\"ez-toc-v2_0_82_2 counter-hierarchy ez-toc-counter ez-toc-white ez-toc-container-direction\">\n<div class=\"ez-toc-title-container\">\n<p class=\"ez-toc-title\" style=\"cursor:inherit\">Inhalt<\/p>\n<span class=\"ez-toc-title-toggle\"><a href=\"#\" class=\"ez-toc-pull-right ez-toc-btn ez-toc-btn-xs ez-toc-btn-default ez-toc-toggle\" aria-label=\"Toggle Table of Content\"><span class=\"ez-toc-js-icon-con\"><span class=\"\"><span class=\"eztoc-hide\" style=\"display:none;\">Toggle<\/span><span class=\"ez-toc-icon-toggle-span\"><svg style=\"fill: #999;color:#999\" xmlns=\"http:\/\/www.w3.org\/2000\/svg\" class=\"list-377408\" width=\"20px\" height=\"20px\" viewBox=\"0 0 24 24\" fill=\"none\"><path d=\"M6 6H4v2h2V6zm14 0H8v2h12V6zM4 11h2v2H4v-2zm16 0H8v2h12v-2zM4 16h2v2H4v-2zm16 0H8v2h12v-2z\" fill=\"currentColor\"><\/path><\/svg><svg style=\"fill: #999;color:#999\" class=\"arrow-unsorted-368013\" xmlns=\"http:\/\/www.w3.org\/2000\/svg\" width=\"10px\" height=\"10px\" viewBox=\"0 0 24 24\" version=\"1.2\" baseProfile=\"tiny\"><path d=\"M18.2 9.3l-6.2-6.3-6.2 6.3c-.2.2-.3.4-.3.7s.1.5.3.7c.2.2.4.3.7.3h11c.3 0 .5-.1.7-.3.2-.2.3-.5.3-.7s-.1-.5-.3-.7zM5.8 14.7l6.2 6.3 6.2-6.3c.2-.2.3-.5.3-.7s-.1-.5-.3-.7c-.2-.2-.4-.3-.7-.3h-11c-.3 0-.5.1-.7.3-.2.2-.3.5-.3.7s.1.5.3.7z\"\/><\/svg><\/span><\/span><\/span><\/a><\/span><\/div>\n<nav><ul class='ez-toc-list ez-toc-list-level-1 ' ><li class='ez-toc-page-1 ez-toc-heading-level-2'><a class=\"ez-toc-link ez-toc-heading-1\" href=\"https:\/\/www.netz-barrierefrei.de\/wordpress\/barrierefreies-publizieren\/barrierefreie-pdfs\/barrierefreie-pdfs-mit-openoffice-und-libreoffice\/#Allgemeine_Hinweise\" >Allgemeine Hinweise<\/a><\/li><li class='ez-toc-page-1 ez-toc-heading-level-2'><a class=\"ez-toc-link ez-toc-heading-2\" href=\"https:\/\/www.netz-barrierefrei.de\/wordpress\/barrierefreies-publizieren\/barrierefreie-pdfs\/barrierefreie-pdfs-mit-openoffice-und-libreoffice\/#Formatvorlagen\" >Formatvorlagen<\/a><\/li><li class='ez-toc-page-1 ez-toc-heading-level-2'><a class=\"ez-toc-link ez-toc-heading-3\" href=\"https:\/\/www.netz-barrierefrei.de\/wordpress\/barrierefreies-publizieren\/barrierefreie-pdfs\/barrierefreie-pdfs-mit-openoffice-und-libreoffice\/#Bild-Beschreibungen\" >Bild-Beschreibungen<\/a><\/li><li class='ez-toc-page-1 ez-toc-heading-level-2'><a class=\"ez-toc-link ez-toc-heading-4\" href=\"https:\/\/www.netz-barrierefrei.de\/wordpress\/barrierefreies-publizieren\/barrierefreie-pdfs\/barrierefreie-pdfs-mit-openoffice-und-libreoffice\/#Sprache\" >Sprache<\/a><\/li><li class='ez-toc-page-1 ez-toc-heading-level-2'><a class=\"ez-toc-link ez-toc-heading-5\" href=\"https:\/\/www.netz-barrierefrei.de\/wordpress\/barrierefreies-publizieren\/barrierefreie-pdfs\/barrierefreie-pdfs-mit-openoffice-und-libreoffice\/#Tabellen\" >Tabellen<\/a><\/li><li class='ez-toc-page-1 ez-toc-heading-level-2'><a class=\"ez-toc-link ez-toc-heading-6\" href=\"https:\/\/www.netz-barrierefrei.de\/wordpress\/barrierefreies-publizieren\/barrierefreie-pdfs\/barrierefreie-pdfs-mit-openoffice-und-libreoffice\/#Metadaten\" >Metadaten<\/a><\/li><li class='ez-toc-page-1 ez-toc-heading-level-2'><a class=\"ez-toc-link ez-toc-heading-7\" href=\"https:\/\/www.netz-barrierefrei.de\/wordpress\/barrierefreies-publizieren\/barrierefreie-pdfs\/barrierefreie-pdfs-mit-openoffice-und-libreoffice\/#Barrierefreiheits-Pruefung\" >Barrierefreiheits-Pr\u00fcfung<\/a><\/li><li class='ez-toc-page-1 ez-toc-heading-level-2'><a class=\"ez-toc-link ez-toc-heading-8\" href=\"https:\/\/www.netz-barrierefrei.de\/wordpress\/barrierefreies-publizieren\/barrierefreie-pdfs\/barrierefreie-pdfs-mit-openoffice-und-libreoffice\/#Als_barrierefreies_PDF_speichern\" >Als barrierefreies PDF speichern<\/a><\/li><li class='ez-toc-page-1 ez-toc-heading-level-2'><a class=\"ez-toc-link ez-toc-heading-9\" href=\"https:\/\/www.netz-barrierefrei.de\/wordpress\/barrierefreies-publizieren\/barrierefreie-pdfs\/barrierefreie-pdfs-mit-openoffice-und-libreoffice\/#Weiterfuehrendes\" >Weiterf\u00fchrendes<\/a><\/li><\/ul><\/nav><\/div>\n<h2><span class=\"ez-toc-section\" id=\"Allgemeine_Hinweise\"><\/span>Allgemeine Hinweise<span class=\"ez-toc-section-end\"><\/span><\/h2>\n<p>Grunds\u00e4tzlich k\u00f6nnen auch Microsoft Office-Dokumente mit LibreOffice bearbeitet werden. Kontrollieren Sie aber stets, dass das Layout korrekt ist, da die Importfilter nicht immer gut funktionieren.<br \/>\nBitte improvisieren Sie nicht beim Layout: Verwenden Sie nicht etwa Return oder Tab, um Abst\u00e4nde zu erzeugen. Verwenden Sie stets die integrierten Funktionen, um Abst\u00e4nde oder eine neue Seite zu erzeugen. <\/p>\n<h2><span class=\"ez-toc-section\" id=\"Formatvorlagen\"><\/span>Formatvorlagen<span class=\"ez-toc-section-end\"><\/span><\/h2>\n<p>Damit Blinde erkennen, dass ein St\u00fcck Text eine \u00dcberschrift ist, muss diese Information f\u00fcr sie hinterlegt werden. Dazu verwenden wir die Formatvorlagen.<br \/>\nWichtig ist, dass Sie die Formatvorlage verwenden, unabh\u00e4ngig davon, wie die \u00dcberschrift visuell aussieht. Sind Sie mit dem Layout der Formatvorlage nicht zufrieden, k\u00f6nnen Sie das Layout nachtr\u00e4glich \u00e4ndern.<br \/>\nMarkieren Sie zun\u00e4chst den Text, den Sie formatieren m\u00f6chten. W\u00e4hlen Sie unter &#8222;Vorlage&#8220; den Punkt &#8222;\u00dcberschrift 1&#8220;, um die Haupt\u00fcberschrift auszuzeichnen. F\u00fcr untergeordnete \u00dcberschriften k\u00f6nnen Sie die \u00dcberschrift 2 einsetzen.<br \/>\n<img loading=\"lazy\" decoding=\"async\" src=\"https:\/\/www.netz-barrierefrei.de\/wordpress\/wp-content\/uploads\/&uuml;berschrift.jpg\" alt=\"Formatvorlagen in LibreOffice\" width=\"1600\" height=\"900\" class=\"alignleft size-full wp-image-1293\" \/><br \/>\nEbenso k\u00f6nnen Sie bei Titeln, Untertiteln, Zitaten oder nummerierten und unnummierten Aufz\u00e4hlungen verfahren. Sie finden alle Elemente dazu im Men\u00fc Vorlagen.<\/p>\n<h2><span class=\"ez-toc-section\" id=\"Bild-Beschreibungen\"><\/span>Bild-Beschreibungen<span class=\"ez-toc-section-end\"><\/span><\/h2>\n<p>F\u00fcr Blinde k\u00f6nnen Sie eine nur f\u00fcr sie sichtbare Bild-Beschreibung hinterlegen. Markieren Sie zun\u00e4chst das Bild. W\u00e4hlen Sie im Men\u00fc &#8222;Format&#8220; den Punkt &#8222;Beschreibung&#8220;.<br \/>\n<img loading=\"lazy\" decoding=\"async\" src=\"https:\/\/www.netz-barrierefrei.de\/wordpress\/wp-content\/uploads\/bildbeschreibung.jpg\" alt=\"Bildbeschreibung in LibreOffice\" width=\"1600\" height=\"900\" class=\"alignleft size-full wp-image-1294\" srcset=\"https:\/\/www.netz-barrierefrei.de\/wordpress\/wp-content\/uploads\/bildbeschreibung.jpg 1600w, https:\/\/www.netz-barrierefrei.de\/wordpress\/wp-content\/uploads\/bildbeschreibung-300x169.jpg 300w, https:\/\/www.netz-barrierefrei.de\/wordpress\/wp-content\/uploads\/bildbeschreibung-768x432.jpg 768w, https:\/\/www.netz-barrierefrei.de\/wordpress\/wp-content\/uploads\/bildbeschreibung-1024x576.jpg 1024w\" sizes=\"auto, (max-width: 1600px) 100vw, 1600px\" \/><br \/>\nGeben Sie in das erscheinende Dialogfeld die Beschreibung ein. <\/p>\n<h2><span class=\"ez-toc-section\" id=\"Sprache\"><\/span>Sprache<span class=\"ez-toc-section-end\"><\/span><\/h2>\n<p>Damit Blinden das Dokument in der richtigen Sprache vorgelesen wird, legen Sie die Sprache des Textes fest. <\/p>\n<ul>\n<li>Gehen Sie auf &#8222;Extras&#8220;<\/li>\n<li>W\u00e4hlen Sie &#8222;Sprache&#8220;<\/li>\n<li>W\u00e4hlen Sie &#8222;F\u00fcr den gesamten Text&#8220; und w\u00e4hlen Sie die Sprache aus<\/li>\n<\/ul>\n<p><img loading=\"lazy\" decoding=\"async\" src=\"https:\/\/www.netz-barrierefrei.de\/wordpress\/wp-content\/uploads\/sprache.jpg\" alt=\"Sprache in LibreOffice\" width=\"1600\" height=\"900\" class=\"alignleft size-full wp-image-1295\" srcset=\"https:\/\/www.netz-barrierefrei.de\/wordpress\/wp-content\/uploads\/sprache.jpg 1600w, https:\/\/www.netz-barrierefrei.de\/wordpress\/wp-content\/uploads\/sprache-300x169.jpg 300w, https:\/\/www.netz-barrierefrei.de\/wordpress\/wp-content\/uploads\/sprache-768x432.jpg 768w, https:\/\/www.netz-barrierefrei.de\/wordpress\/wp-content\/uploads\/sprache-1024x576.jpg 1024w\" sizes=\"auto, (max-width: 1600px) 100vw, 1600px\" \/><br \/>\nM\u00f6chten Sie einzelne Passagen in einer anderen Sprache auszeichnen, markieren Sie zun\u00e4chst diese Passage und gehen den gleichen Weg. W\u00e4hlen Sie hier aber die Option &#8222;F\u00fcr Auswahl&#8220; statt &#8222;F\u00fcr gesamten Text&#8220;. <\/p>\n<h2><span class=\"ez-toc-section\" id=\"Tabellen\"><\/span>Tabellen<span class=\"ez-toc-section-end\"><\/span><\/h2>\n<p>Um eine Tabelle zu erstellen, gehen Sie in das Men\u00fc &#8222;Tabellen&#8220; und dort auf &#8222;Tabellen einf\u00fcgen&#8220;. Befinden sich die \u00dcberschriften der Tabelle in der ersten Zeile, k\u00f6nnen Sie das H\u00e4kchen bei &#8222;\u00dcberschriften&#8220; setzen. Liegen die \u00dcberschriften nicht dort, sollten Sie das H\u00e4kchen nicht setzen.<\/p>\n<h2><span class=\"ez-toc-section\" id=\"Metadaten\"><\/span>Metadaten<span class=\"ez-toc-section-end\"><\/span><\/h2>\n<p>Legen Sie den Titel des Dokuments sowie einige Schl\u00fcsselw\u00f6rter in den Metadaten an. Das erleichtert das Auslesen im Datei-Explorer.<br \/>\nW\u00e4hlen Sie im Men\u00fc &#8222;Datei&#8220; den Punkt &#8222;Eigenschaften&#8220; und dort den Reiter &#8222;Beschreibung&#8220;.<br \/>\n<img loading=\"lazy\" decoding=\"async\" src=\"https:\/\/www.netz-barrierefrei.de\/wordpress\/wp-content\/uploads\/eigenschaften.jpg\" alt=\"Eigenschaften in Libreoffice\" width=\"1600\" height=\"900\" class=\"alignleft size-full wp-image-1296\" srcset=\"https:\/\/www.netz-barrierefrei.de\/wordpress\/wp-content\/uploads\/eigenschaften.jpg 1600w, https:\/\/www.netz-barrierefrei.de\/wordpress\/wp-content\/uploads\/eigenschaften-300x169.jpg 300w, https:\/\/www.netz-barrierefrei.de\/wordpress\/wp-content\/uploads\/eigenschaften-768x432.jpg 768w, https:\/\/www.netz-barrierefrei.de\/wordpress\/wp-content\/uploads\/eigenschaften-1024x576.jpg 1024w\" sizes=\"auto, (max-width: 1600px) 100vw, 1600px\" \/><br \/>\nHier k\u00f6nnen Sie einen Titel sowie Schl\u00fcsselw\u00f6rter und einige andere Daten eintragen. Klicken Sie auf &#8222;OK&#8220;, um zu speichern.  <\/p>\n<h2><span class=\"ez-toc-section\" id=\"Barrierefreiheits-Pruefung\"><\/span>Barrierefreiheits-Pr\u00fcfung<span class=\"ez-toc-section-end\"><\/span><\/h2>\n<p>Libre Office hat inzwischen eine Barrierefreiheits-Pr\u00fcfung integriert. Diese finden Sie unter Extras &#8211; Zug\u00e4nglichkeitspr\u00fcfung. Seien Sie stets vorsichtig mit automatischen Pr\u00fcfungen. Die Hauptsache ist stets, dass Sie sauber formatiert haben. <\/p>\n<h2><span class=\"ez-toc-section\" id=\"Als_barrierefreies_PDF_speichern\"><\/span>Als barrierefreies PDF speichern<span class=\"ez-toc-section-end\"><\/span><\/h2>\n<p>M\u00f6chten Sie das Dokument als barrierefreies PDF weitergeben, ist noch ein Arbeitsschritt n\u00f6tig, damit die Strukturinformationen \u00fcbernommen werden. Speichern Sie immer mit den Funktionen von LibreOffice und nicht mit einem externen Programm.<br \/>\nGehen Sie unter &#8222;Datei&#8220;, dort auf &#8222;Exportieren als&#8220; und dort auf &#8222;Als PDF exportieren&#8220;.<br \/>\n<img loading=\"lazy\" decoding=\"async\" src=\"https:\/\/www.netz-barrierefrei.de\/wordpress\/wp-content\/uploads\/export-pdf.jpg\" alt=\"Dokument als PDF Exportieren\" width=\"1600\" height=\"900\" class=\"alignleft size-full wp-image-1297\" srcset=\"https:\/\/www.netz-barrierefrei.de\/wordpress\/wp-content\/uploads\/export-pdf.jpg 1600w, https:\/\/www.netz-barrierefrei.de\/wordpress\/wp-content\/uploads\/export-pdf-300x169.jpg 300w, https:\/\/www.netz-barrierefrei.de\/wordpress\/wp-content\/uploads\/export-pdf-768x432.jpg 768w, https:\/\/www.netz-barrierefrei.de\/wordpress\/wp-content\/uploads\/export-pdf-1024x576.jpg 1024w\" sizes=\"auto, (max-width: 1600px) 100vw, 1600px\" \/><br \/>\nEs erscheint ein Optionsfenster. W\u00e4hlen Sie im Reiter &#8222;Allgemein&#8220; die Punkte &#8222;Universelle Zug\u00e4nglichkeit\/PDF UA&#8220; und &#8222;Gliederung exportieren&#8220;.<br \/>\nDie erste Funktion f\u00fcgt die Strukturinformationen wie \u00dcberschriften und Bildbeschreibungen zum Dokument hinzu, die zweite Funktion f\u00fcgt Lesezeichen hinzu, die aus den \u00dcberschriften des Dokuments generiert werden. Die Lesezeichen sind das, was dem Nutzer im Acrobat Reader auf der linken Seite als komfortables Inhaltsverzeichnis angezeigt wird.<br \/>\nBitte verwenden Sie stets selbst-erkl\u00e4rende Dateinamen. jahresbericht-2018-schmidt-gmbh.pdf ist besser als 931f2fifl2i2f3.pdf. <\/p>\n<h2><span class=\"ez-toc-section\" id=\"Weiterfuehrendes\"><\/span>Weiterf\u00fchrendes<span class=\"ez-toc-section-end\"><\/span><\/h2>\n<p>LibreOffice bietet eine <a href=\"https:\/\/wiki.documentfoundation.org\/Accessibility\/Creating_Accessible_LibreOffice_Files\">ausf\u00fchrliche Anleitung zu den einzelnen Programmen<\/a> der Suite. Leider gibt es die Anleitung derzeit nur auf Englisch und f\u00fcr die nicht mehr aktuelle Version 5. <\/p>\n<ul>\n<li><a href=\"https:\/\/www.silta.ai\/barrierefreie-dokumente-mit-word\">Schulung: Barrierefreie PDF mit Word<\/a><\/li>\n<\/li>\n<li><a href=\"https:\/\/www.silta.ai\/barrierefreie-pdf-mit-indesign\">Barrierefreie PDF mit InDesign und Acrobat erstellen &#8211; Schulung<\/a><\/li>\n<li><a href=\"https:\/\/www.netz-barrierefrei.de\/wordpress\/leistungen\/barrierefreies-pdf-erstellung-pruefung-beratung-und-qualitaetssicherung\/\">Design und Erstellung barrierefreier PDF-Dokumente<\/a><\/li>\n<li><a href=\"https:\/\/www.netz-barrierefrei.de\/wordpress\/barrierefreies-publizieren\/barrierefreie-pdfs\/pdfs-auf-barrierefreiheit-pruefen\/\">So pr\u00fcfen Sie Ihr PDF auf Barrierefreiheit<\/a><\/li>\n<\/ul>\n","protected":false},"excerpt":{"rendered":"<p>Im Folgenden m\u00f6chte ich eine kurze Anleitung geben, wie Sie mit dem kostenlosen OpenOffice bzw. LibreOffice barrierefreie Dokumente und tagged PDFS erstellen k\u00f6nnen. Ich empfehle&#8230;<\/p>\n<div class=\"more-link-wrapper\"><a class=\"more-link\" href=\"https:\/\/www.netz-barrierefrei.de\/wordpress\/barrierefreies-publizieren\/barrierefreie-pdfs\/barrierefreie-pdfs-mit-openoffice-und-libreoffice\/\">Weiterlesen<span class=\"screen-reader-text\">Barrierefreie PDFs mit OpenOffice und LibreOffice<\/span><\/a><\/div>\n","protected":false},"author":1,"featured_media":0,"parent":459,"menu_order":0,"comment_status":"closed","ping_status":"closed","template":"","meta":{"footnotes":""},"class_list":["post-461","page","type-page","status-publish","hentry","entry"],"_links":{"self":[{"href":"https:\/\/www.netz-barrierefrei.de\/wordpress\/wp-json\/wp\/v2\/pages\/461","targetHints":{"allow":["GET"]}}],"collection":[{"href":"https:\/\/www.netz-barrierefrei.de\/wordpress\/wp-json\/wp\/v2\/pages"}],"about":[{"href":"https:\/\/www.netz-barrierefrei.de\/wordpress\/wp-json\/wp\/v2\/types\/page"}],"author":[{"embeddable":true,"href":"https:\/\/www.netz-barrierefrei.de\/wordpress\/wp-json\/wp\/v2\/users\/1"}],"replies":[{"embeddable":true,"href":"https:\/\/www.netz-barrierefrei.de\/wordpress\/wp-json\/wp\/v2\/comments?post=461"}],"version-history":[{"count":28,"href":"https:\/\/www.netz-barrierefrei.de\/wordpress\/wp-json\/wp\/v2\/pages\/461\/revisions"}],"predecessor-version":[{"id":8463,"href":"https:\/\/www.netz-barrierefrei.de\/wordpress\/wp-json\/wp\/v2\/pages\/461\/revisions\/8463"}],"up":[{"embeddable":true,"href":"https:\/\/www.netz-barrierefrei.de\/wordpress\/wp-json\/wp\/v2\/pages\/459"}],"wp:attachment":[{"href":"https:\/\/www.netz-barrierefrei.de\/wordpress\/wp-json\/wp\/v2\/media?parent=461"}],"curies":[{"name":"wp","href":"https:\/\/api.w.org\/{rel}","templated":true}]}}