{"id":469,"date":"2018-03-15T18:33:35","date_gmt":"2018-03-15T16:33:35","guid":{"rendered":"http:\/\/www.netz-barrierefrei.de\/wordpress\/?page_id=469"},"modified":"2019-06-01T17:09:33","modified_gmt":"2019-06-01T15:09:33","slug":"warum-blinde-pdfs-nicht-moegen","status":"publish","type":"page","link":"https:\/\/www.netz-barrierefrei.de\/wordpress\/barrierefreies-publizieren\/barrierefreie-pdfs\/warum-blinde-pdfs-nicht-moegen\/","title":{"rendered":"Warum Blinde PDFs nicht m\u00f6gen"},"content":{"rendered":"<p>Es hat sich eingeb\u00fcrgert, das PDF als layoutsicheres Format f\u00fcr den Austausch von Dokumenten einzusetzen. Das ist vor allem f\u00fcr Blinde \u00e4rgerlich. denn der Acrobat Reader ist eine der seltsamsten Programme, die es \u00fcberhaupt gibt. Mit jeder Version scheint er mehr Ressourcen zu schlucken, langsamer zu starten, mehr Features an Bord zu haben, die kein Mensch haben m\u00f6chte. Da w\u00e4re z. B. eine Sprachausgabe, die kein Deutscher benutzen w\u00fcrde, es sei denn, er m\u00f6chte ein deutsches Dokument mit englischer Aussprache vorgelesen haben.<br \/>\nViele Blinde behelfen sich damit, das PDF in ein reines Textdokument zu konvertieren. Das geht, indem man unter &#8222;Datei -> Als Text Speichern&#8220; w\u00e4hlt. Dabei kann man so manche Kuriosit\u00e4t erleben. PDFs k\u00f6nnen aus eingescannten Bildern bestehen, in diesem Fall enthalten sie keinen brauchbaren Text. So mancher baut einen Schutz in sein Dokument ein, welcher das Markieren von Text oder das Drucken nicht erlaubt. In diesem Falle kann ein Blinder gar nicht auf die Inhalte der Datei zugreifen. Bei einem <span class=\"removed_link\" title=\"http:\/\/www.boell.de\/sites\/default\/files\/assets\/boell.de\/images\/download_de\/economysocial\/Netzausgabe_Wem_gehoert_die_Welt.pdf\">PDF der B\u00f6ll-Stiftung<\/span> habe ich erlebt, dass nach jedem Wort ein Punkt gesetzt wird.<br \/>\nAber warum als Text speichern? Gibt es nicht Accessibility-Tools im Acrobat Reader? Ja sicher, aber die funktionieren nur bei einfachen Dokumenten und haben eine Reihe von Schw\u00e4chen. Um ein Dokument lesbar zu machen, muss eine im Reader eingebaute Software \u00fcber das Dokument laufen. In der Zeit, in der die Software l\u00e4uft, l\u00e4sst sich der Screenreader nicht bedienen. Mit anderen Worten: der Blinde hockt mehrere Minuten vor seinem Rechner, ohne etwas machen zu k\u00f6nnen. St\u00fcrzt der Reader einmal ab, was er gerne und h\u00e4ufig tut, dann kriegt man das oft nicht mit. Doch selbst, wenn die Operation gelingt, ist das Lesen im Reader selbst eine hakelige und wenig komfortable Angelegenheit. Das Sch\u00f6nste kommt aber noch: die Operation muss jedes Mal neu ausgef\u00fchrt werden, wenn das Dokument neu ge\u00f6ffnet wird. Logisch, ein Reader ist zum Lesen und nicht zum Speichern da.<br \/>\nKurz gesagt: das PDF ist ein stetiges \u00c4rgernis f\u00fcr den Blinden, schlimmer als Flash-Animationen, denn die enthalten selten relevante Informationen. Adobe mag sich M\u00fche gegeben haben, dieses Format zug\u00e4nglich zu machen. PDF war aber nie dazu gedacht, lesbare Dokumente bereitzustellen, sondern dient vor allem als layout-getreue und plattform\u00fcbergreifende Druckvorlage. Man kann nur hoffen, dass sich ein offenes Dokumentenformat etablieren wird, welches auch die Anforderungen der Zug\u00e4nglichkeit erf\u00fcllt.<\/p>\n","protected":false},"excerpt":{"rendered":"<p>Es hat sich eingeb\u00fcrgert, das PDF als layoutsicheres Format f\u00fcr den Austausch von Dokumenten einzusetzen. Das ist vor allem f\u00fcr Blinde \u00e4rgerlich. denn der Acrobat&#8230;<\/p>\n<div class=\"more-link-wrapper\"><a class=\"more-link\" href=\"https:\/\/www.netz-barrierefrei.de\/wordpress\/barrierefreies-publizieren\/barrierefreie-pdfs\/warum-blinde-pdfs-nicht-moegen\/\">Weiterlesen<span class=\"screen-reader-text\">Warum Blinde PDFs nicht m\u00f6gen<\/span><\/a><\/div>\n","protected":false},"author":1,"featured_media":0,"parent":459,"menu_order":0,"comment_status":"closed","ping_status":"closed","template":"","meta":{"footnotes":""},"class_list":["post-469","page","type-page","status-publish","hentry","entry"],"_links":{"self":[{"href":"https:\/\/www.netz-barrierefrei.de\/wordpress\/wp-json\/wp\/v2\/pages\/469","targetHints":{"allow":["GET"]}}],"collection":[{"href":"https:\/\/www.netz-barrierefrei.de\/wordpress\/wp-json\/wp\/v2\/pages"}],"about":[{"href":"https:\/\/www.netz-barrierefrei.de\/wordpress\/wp-json\/wp\/v2\/types\/page"}],"author":[{"embeddable":true,"href":"https:\/\/www.netz-barrierefrei.de\/wordpress\/wp-json\/wp\/v2\/users\/1"}],"replies":[{"embeddable":true,"href":"https:\/\/www.netz-barrierefrei.de\/wordpress\/wp-json\/wp\/v2\/comments?post=469"}],"version-history":[{"count":2,"href":"https:\/\/www.netz-barrierefrei.de\/wordpress\/wp-json\/wp\/v2\/pages\/469\/revisions"}],"predecessor-version":[{"id":2142,"href":"https:\/\/www.netz-barrierefrei.de\/wordpress\/wp-json\/wp\/v2\/pages\/469\/revisions\/2142"}],"up":[{"embeddable":true,"href":"https:\/\/www.netz-barrierefrei.de\/wordpress\/wp-json\/wp\/v2\/pages\/459"}],"wp:attachment":[{"href":"https:\/\/www.netz-barrierefrei.de\/wordpress\/wp-json\/wp\/v2\/media?parent=469"}],"curies":[{"name":"wp","href":"https:\/\/api.w.org\/{rel}","templated":true}]}}