{"id":471,"date":"2018-03-15T18:35:43","date_gmt":"2018-03-15T16:35:43","guid":{"rendered":"http:\/\/www.netz-barrierefrei.de\/wordpress\/?page_id=471"},"modified":"2019-07-25T13:05:30","modified_gmt":"2019-07-25T11:05:30","slug":"barrierefreie-pdfs-auf-mobilen-geraeten","status":"publish","type":"page","link":"https:\/\/www.netz-barrierefrei.de\/wordpress\/barrierefreies-publizieren\/barrierefreie-pdfs\/barrierefreie-pdfs-auf-mobilen-geraeten\/","title":{"rendered":"Barrierefreie PDFs auf Smartphones und Tablets"},"content":{"rendered":"<p>Zwar bieten mittlerweile fast alle Plattformen die M\u00f6glichkeit, barrierefreie PDF zu erstellen, doch es hapert bei der Unterst\u00fctzung von Leseprogrammen f\u00fcr Tagged PDF. <\/p>\n<div id=\"ez-toc-container\" class=\"ez-toc-v2_0_82_2 counter-hierarchy ez-toc-counter ez-toc-white ez-toc-container-direction\">\n<div class=\"ez-toc-title-container\">\n<p class=\"ez-toc-title\" style=\"cursor:inherit\">Inhalt<\/p>\n<span class=\"ez-toc-title-toggle\"><a href=\"#\" class=\"ez-toc-pull-right ez-toc-btn ez-toc-btn-xs ez-toc-btn-default ez-toc-toggle\" aria-label=\"Toggle Table of Content\"><span class=\"ez-toc-js-icon-con\"><span class=\"\"><span class=\"eztoc-hide\" style=\"display:none;\">Toggle<\/span><span class=\"ez-toc-icon-toggle-span\"><svg style=\"fill: #999;color:#999\" xmlns=\"http:\/\/www.w3.org\/2000\/svg\" class=\"list-377408\" width=\"20px\" height=\"20px\" viewBox=\"0 0 24 24\" fill=\"none\"><path d=\"M6 6H4v2h2V6zm14 0H8v2h12V6zM4 11h2v2H4v-2zm16 0H8v2h12v-2zM4 16h2v2H4v-2zm16 0H8v2h12v-2z\" fill=\"currentColor\"><\/path><\/svg><svg style=\"fill: #999;color:#999\" class=\"arrow-unsorted-368013\" xmlns=\"http:\/\/www.w3.org\/2000\/svg\" width=\"10px\" height=\"10px\" viewBox=\"0 0 24 24\" version=\"1.2\" baseProfile=\"tiny\"><path d=\"M18.2 9.3l-6.2-6.3-6.2 6.3c-.2.2-.3.4-.3.7s.1.5.3.7c.2.2.4.3.7.3h11c.3 0 .5-.1.7-.3.2-.2.3-.5.3-.7s-.1-.5-.3-.7zM5.8 14.7l6.2 6.3 6.2-6.3c.2-.2.3-.5.3-.7s-.1-.5-.3-.7c-.2-.2-.4-.3-.7-.3h-11c-.3 0-.5.1-.7.3-.2.2-.3.5-.3.7s.1.5.3.7z\"\/><\/svg><\/span><\/span><\/span><\/a><\/span><\/div>\n<nav><ul class='ez-toc-list ez-toc-list-level-1 ' ><li class='ez-toc-page-1 ez-toc-heading-level-2'><a class=\"ez-toc-link ez-toc-heading-1\" href=\"https:\/\/www.netz-barrierefrei.de\/wordpress\/barrierefreies-publizieren\/barrierefreie-pdfs\/barrierefreie-pdfs-auf-mobilen-geraeten\/#WindowsAdobe_Reader\" >Windows\/Adobe Reader<\/a><\/li><li class='ez-toc-page-1 ez-toc-heading-level-2'><a class=\"ez-toc-link ez-toc-heading-2\" href=\"https:\/\/www.netz-barrierefrei.de\/wordpress\/barrierefreies-publizieren\/barrierefreie-pdfs\/barrierefreie-pdfs-auf-mobilen-geraeten\/#Barrierefreies_PDF_auf_Mac_und_iOS\" >Barrierefreies PDF auf Mac und iOS<\/a><\/li><li class='ez-toc-page-1 ez-toc-heading-level-2'><a class=\"ez-toc-link ez-toc-heading-3\" href=\"https:\/\/www.netz-barrierefrei.de\/wordpress\/barrierefreies-publizieren\/barrierefreie-pdfs\/barrierefreie-pdfs-auf-mobilen-geraeten\/#Android_und_barrierefreies_PDF\" >Android und barrierefreies PDF<\/a><\/li><li class='ez-toc-page-1 ez-toc-heading-level-2'><a class=\"ez-toc-link ez-toc-heading-4\" href=\"https:\/\/www.netz-barrierefrei.de\/wordpress\/barrierefreies-publizieren\/barrierefreie-pdfs\/barrierefreie-pdfs-auf-mobilen-geraeten\/#Linux\" >Linux<\/a><\/li><li class='ez-toc-page-1 ez-toc-heading-level-2'><a class=\"ez-toc-link ez-toc-heading-5\" href=\"https:\/\/www.netz-barrierefrei.de\/wordpress\/barrierefreies-publizieren\/barrierefreie-pdfs\/barrierefreie-pdfs-auf-mobilen-geraeten\/#Weiterlesen\" >Weiterlesen<\/a><\/li><\/ul><\/nav><\/div>\n<h2><span class=\"ez-toc-section\" id=\"WindowsAdobe_Reader\"><\/span>Windows\/Adobe Reader<span class=\"ez-toc-section-end\"><\/span><\/h2>\n<p>Windows Desktop stellt aktuell die Referenz dar, was barrierefreies PDF angeht. Der Adobe Reader ist sicherlich das am meisten von Blinden eingesetzte Leseprogramm.<br \/>\nWer den Reader mit eingeschalteter Hilfstechnik installiert, bekommt gleich eine Reihe von Optionen wie eine kontrastreiche Anzeige oder das automatische Tagging von Dokumenten angeboten. F\u00fcr Nicht-Eingeweihte, das automatische Tagging macht das Dokument zwar f\u00fcr Blinde lesbar, aber nicht Barrierefrei. Es hat kaum Mehrwert gegen\u00fcber der Umwandlung des Dokuments in reinen Flie\u00dftext.<br \/>\nZu Windows RT und Windows Phone liegen mir leider keine Infos vor. <\/p>\n<h2><span class=\"ez-toc-section\" id=\"Barrierefreies_PDF_auf_Mac_und_iOS\"><\/span>Barrierefreies PDF auf Mac und iOS<span class=\"ez-toc-section-end\"><\/span><\/h2>\n<p>Um es kurz zu sagen, Tagged PDF wird weder von Mac OS x noch von iOS unterst\u00fctzt. Das ist insofern \u00fcberraschend, als iPhones und iPads auch stark im beruflichen Umfeld und nicht zuletzt f\u00fcr die Lekt\u00fcre von Dokumenten eingesetzt werden. Ob es an Apple oder an Adobe liegt, kann ich leider nicht sagen. Barrierefreies PDF kann heute also weder vom iPhone noch vom iPad korrekt dargestellt werden. <\/p>\n<h2><span class=\"ez-toc-section\" id=\"Android_und_barrierefreies_PDF\"><\/span>Android und barrierefreies PDF<span class=\"ez-toc-section-end\"><\/span><\/h2>\n<p>Das selbe traurrige Bild findet sich bei Android. Die Adobe-App konnte mit der barrierefreien EfA-Studie nichts anfangen. Tats\u00e4chlich liest der Screenreader Talkback den Text \u00fcberhaupt nicht vor, womit die Adobe-App als solche nicht barrierefrei ist. <\/p>\n<h2><span class=\"ez-toc-section\" id=\"Linux\"><\/span>Linux<span class=\"ez-toc-section-end\"><\/span><\/h2>\n<p>Auch unter Linux scheint es kein Programm zu geben, mit dem getaggte PDFs gelesen werden k\u00f6nnen. <\/p>\n<h2><span class=\"ez-toc-section\" id=\"Weiterlesen\"><\/span>Weiterlesen<span class=\"ez-toc-section-end\"><\/span><\/h2>\n<ul>\n<li>\nPDF a. <span class=\"removed_link\" title=\"http:\/\/www.pdfa.org\/2015\/01\/who-will-be-first-to-support-reading-tagged-pdf-on-mobile-devices\/\">Who will be first to support reading tagged PDF on mobile devices?<\/span><\/li>\n<li>PDF Accessibility<\/li>\n<\/ul>\n","protected":false},"excerpt":{"rendered":"<p>Zwar bieten mittlerweile fast alle Plattformen die M\u00f6glichkeit, barrierefreie PDF zu erstellen, doch es hapert bei der Unterst\u00fctzung von Leseprogrammen f\u00fcr Tagged PDF. Windows\/Adobe Reader&#8230;<\/p>\n<div class=\"more-link-wrapper\"><a class=\"more-link\" href=\"https:\/\/www.netz-barrierefrei.de\/wordpress\/barrierefreies-publizieren\/barrierefreie-pdfs\/barrierefreie-pdfs-auf-mobilen-geraeten\/\">Weiterlesen<span class=\"screen-reader-text\">Barrierefreie PDFs auf Smartphones und Tablets<\/span><\/a><\/div>\n","protected":false},"author":1,"featured_media":0,"parent":459,"menu_order":0,"comment_status":"closed","ping_status":"closed","template":"","meta":{"footnotes":""},"class_list":["post-471","page","type-page","status-publish","hentry","entry"],"_links":{"self":[{"href":"https:\/\/www.netz-barrierefrei.de\/wordpress\/wp-json\/wp\/v2\/pages\/471","targetHints":{"allow":["GET"]}}],"collection":[{"href":"https:\/\/www.netz-barrierefrei.de\/wordpress\/wp-json\/wp\/v2\/pages"}],"about":[{"href":"https:\/\/www.netz-barrierefrei.de\/wordpress\/wp-json\/wp\/v2\/types\/page"}],"author":[{"embeddable":true,"href":"https:\/\/www.netz-barrierefrei.de\/wordpress\/wp-json\/wp\/v2\/users\/1"}],"replies":[{"embeddable":true,"href":"https:\/\/www.netz-barrierefrei.de\/wordpress\/wp-json\/wp\/v2\/comments?post=471"}],"version-history":[{"count":5,"href":"https:\/\/www.netz-barrierefrei.de\/wordpress\/wp-json\/wp\/v2\/pages\/471\/revisions"}],"predecessor-version":[{"id":2960,"href":"https:\/\/www.netz-barrierefrei.de\/wordpress\/wp-json\/wp\/v2\/pages\/471\/revisions\/2960"}],"up":[{"embeddable":true,"href":"https:\/\/www.netz-barrierefrei.de\/wordpress\/wp-json\/wp\/v2\/pages\/459"}],"wp:attachment":[{"href":"https:\/\/www.netz-barrierefrei.de\/wordpress\/wp-json\/wp\/v2\/media?parent=471"}],"curies":[{"name":"wp","href":"https:\/\/api.w.org\/{rel}","templated":true}]}}