{"id":5234,"date":"2021-02-27T16:27:48","date_gmt":"2021-02-27T14:27:48","guid":{"rendered":"https:\/\/www.netz-barrierefrei.de\/wordpress\/?page_id=5234"},"modified":"2021-03-04T08:58:20","modified_gmt":"2021-03-04T06:58:20","slug":"magische-overlays-und-fehlende-statements-neues-zur-barrierefreiheit-3-2021","status":"publish","type":"page","link":"https:\/\/www.netz-barrierefrei.de\/wordpress\/newsletter-digitale-barrierefreiheit\/magische-overlays-und-fehlende-statements-neues-zur-barrierefreiheit-3-2021\/","title":{"rendered":"Magische Overlays und fehlende Statements &#8211; Neues zur Barrierefreiheit 3-2021"},"content":{"rendered":"<p><img loading=\"lazy\" decoding=\"async\" src=\"https:\/\/www.netz-barrierefrei.de\/wordpress\/wp-content\/uploads\/fake.jpg\" alt=\"Schriftzug Fake\" width=\"612\" height=\"385\" class=\"alignleft size-full wp-image-5239\" srcset=\"https:\/\/www.netz-barrierefrei.de\/wordpress\/wp-content\/uploads\/fake.jpg 612w, https:\/\/www.netz-barrierefrei.de\/wordpress\/wp-content\/uploads\/fake-300x189.jpg 300w\" sizes=\"auto, (max-width: 612px) 100vw, 612px\" \/>Das Thema Barrierefreiheits-Overlays scheint aktuell wieder hochzukommen. Overlays sind Tools, die angeblich zur Barrierefreiheit einer Webseite beitragen. Das reicht von einfachen auf die Seite integrierter Schrift-Vergr\u00f6\u00dferung oder Kontrast-Verst\u00e4rker bis hin zu Tools, die automatisch dynamische Anwendungen barrierefrei machen sollen. Aktuell musste etwa WordPress offenbar gef\u00e4lschte Reviews zu einer dieser Barrierefreiheits-Erweiterungen entfernen. Ein Bonner Unternehmen behauptet in den Google-Anzeigen k\u00fchn, es k\u00f6nne automatisch die meisten Probleme in der Barrierefreiheit beheben &#8211; nat\u00fcrlich mit k\u00fcnstlicher Intelligenz, die darf heute nicht fehlen. Die alten Hasen erinnern sich noch an Textversionen von Webseiten und Styleswitcher.<br \/>\nWie so oft im Leben: Wenn etwas zu sch\u00f6n ist, um wahr zu sein, ist es wahrscheinlich Quatsch. Das gilt zumindest f\u00fcr die meisten Aussagen jener, die diese Overlays verkaufen. Es hat schon etwas von Hexerei.<br \/>\nBez\u00fcglich des European Accessibility Act muss ich meine Aussagen aus den letzten Newslettern korrigieren: Er soll bereits im Sommer als deutsches Gesetz ver\u00f6ffentlicht werden. Das ist sinnvoll, da sich dadurch eine l\u00e4ngere Vorlaufzeit f\u00fcr die Umsetzung ergibt. Der Act soll Teile der Privat-Wirtschaft zur Barrierefreiheit verpflichten.<\/p>\n<div id=\"ez-toc-container\" class=\"ez-toc-v2_0_82_2 counter-hierarchy ez-toc-counter ez-toc-white ez-toc-container-direction\">\n<div class=\"ez-toc-title-container\">\n<p class=\"ez-toc-title\" style=\"cursor:inherit\">Inhalt<\/p>\n<span class=\"ez-toc-title-toggle\"><a href=\"#\" class=\"ez-toc-pull-right ez-toc-btn ez-toc-btn-xs ez-toc-btn-default ez-toc-toggle\" aria-label=\"Toggle Table of Content\"><span class=\"ez-toc-js-icon-con\"><span class=\"\"><span class=\"eztoc-hide\" style=\"display:none;\">Toggle<\/span><span class=\"ez-toc-icon-toggle-span\"><svg style=\"fill: #999;color:#999\" xmlns=\"http:\/\/www.w3.org\/2000\/svg\" class=\"list-377408\" width=\"20px\" height=\"20px\" viewBox=\"0 0 24 24\" fill=\"none\"><path d=\"M6 6H4v2h2V6zm14 0H8v2h12V6zM4 11h2v2H4v-2zm16 0H8v2h12v-2zM4 16h2v2H4v-2zm16 0H8v2h12v-2z\" fill=\"currentColor\"><\/path><\/svg><svg style=\"fill: #999;color:#999\" class=\"arrow-unsorted-368013\" xmlns=\"http:\/\/www.w3.org\/2000\/svg\" width=\"10px\" height=\"10px\" viewBox=\"0 0 24 24\" version=\"1.2\" baseProfile=\"tiny\"><path d=\"M18.2 9.3l-6.2-6.3-6.2 6.3c-.2.2-.3.4-.3.7s.1.5.3.7c.2.2.4.3.7.3h11c.3 0 .5-.1.7-.3.2-.2.3-.5.3-.7s-.1-.5-.3-.7zM5.8 14.7l6.2 6.3 6.2-6.3c.2-.2.3-.5.3-.7s-.1-.5-.3-.7c-.2-.2-.4-.3-.7-.3h-11c-.3 0-.5.1-.7.3-.2.2-.3.5-.3.7s.1.5.3.7z\"\/><\/svg><\/span><\/span><\/span><\/a><\/span><\/div>\n<nav><ul class='ez-toc-list ez-toc-list-level-1 ' ><li class='ez-toc-page-1 ez-toc-heading-level-2'><a class=\"ez-toc-link ez-toc-heading-1\" href=\"https:\/\/www.netz-barrierefrei.de\/wordpress\/newsletter-digitale-barrierefreiheit\/magische-overlays-und-fehlende-statements-neues-zur-barrierefreiheit-3-2021\/#Interessante_Beitraege\" >Interessante Beitr\u00e4ge<\/a><\/li><li class='ez-toc-page-1 ez-toc-heading-level-2'><a class=\"ez-toc-link ez-toc-heading-2\" href=\"https:\/\/www.netz-barrierefrei.de\/wordpress\/newsletter-digitale-barrierefreiheit\/magische-overlays-und-fehlende-statements-neues-zur-barrierefreiheit-3-2021\/#Anstehende_Events\" >Anstehende Events<\/a><\/li><li class='ez-toc-page-1 ez-toc-heading-level-2'><a class=\"ez-toc-link ez-toc-heading-3\" href=\"https:\/\/www.netz-barrierefrei.de\/wordpress\/newsletter-digitale-barrierefreiheit\/magische-overlays-und-fehlende-statements-neues-zur-barrierefreiheit-3-2021\/#Tool_des_Monats\" >Tool des Monats<\/a><\/li><\/ul><\/nav><\/div>\n<h2><span class=\"ez-toc-section\" id=\"Interessante_Beitraege\"><\/span>Interessante Beitr\u00e4ge<span class=\"ez-toc-section-end\"><\/span><\/h2>\n<p>Die TU Dresden hat Anleitungen zur Erstellung barrierefreier Dokumente ver\u00f6ffentlicht.<br \/>\n<a href=\"https:\/\/tu-dresden.de\/ing\/informatik\/ai\/mci\/die-professur\/news\/neue-anleitungen-und-flyer-zur-erstellung-barrierefreier-dokumente-veroeffentlicht\">Zu den Infos der TU Dresden<\/a><br \/>\nEin Pr\u00fcf-Verfahren f\u00fcr barrierefreie Software &#8211; der BITI-Test &#8211; wurde aktuell \u00fcberarbeitet.<br \/>\n<a href=\"https:\/\/www.bit-inklusiv.de\/bitv-softwaretest-veroeffentlicht\/\">Infos zum neuen BITI-Test<\/a><br \/>\nNeu auf dem Blog finden Sie eine <a href=\"https:\/\/www.netz-barrierefrei.de\/wordpress\/warum-der-bitv-test-einen-relaunch-braucht\/\">Kritik zum BITV-Test<\/a> sowie eine <a href=\"https:\/\/www.netz-barrierefrei.de\/wordpress\/der-web-accessibility-specialist-meine-einschaetzung-zum-was-zertifikat-der-iaap\/\">Einsch\u00e4tzung zum Zertifikat zum Web Accessibility Specialist<\/a>.<br \/>\nWeiter gehts auf Englisch. Die Designerin Sarah Horton zeigt auch ihrem Blog, wie schwierig es ist, gute Barrierefreiheits-Statements von Software-Anbietern zu bekommen. In Deutschland w\u00e4re es noch schwieriger. In den USA gibt es eine Vorlage namens VPAT, die vor allem im \u00f6ffentlichen Dienst wichtig ist. VPAT ist ein strukturierter Weg, um die Barrierefreiheit einer Software darzustellen. In Deutschland w\u00e4re mir bisher niemand bekannt &#8211; auch nicht bei den gro\u00dfen Anbietern, die vor allem f\u00fcr den \u00f6ffentlichen Dienst arbeiten &#8211; der solche Statements in strukturierter Form abgibt. Kundenfreundlich ist das allerdings nicht, die Anbieter haben wohl den Schuss \u00fcberh\u00f6rt. Manche Dinge will man ja auch nicht unbedingt h\u00f6ren.<br \/>\n<a href=\"https:\/\/sarahhortondesign.com\/2021\/02\/14\/not-it-a-game-of-accessibility-hide-and-seek-with-technology-vendors\/\">Not it! A game of accessibility hide-and-seek with technology vendors<\/a><br \/>\nWas hei\u00dft Barrierefreiheit f\u00fcr Sie? blayne phillips hat ein kleines Modell dazu erstellt. Das Fundament ist die Strategie, darauf baut das Design auf, das Dritte ist die Umsetzung &#8211; hier scheitert Barrierefreiheit allzuoft.<br \/>\nThe 3 levels of accessibility<br \/>\nCaitlin Brisson hat 7 Best Practices zur Umsetzung von Barrierefreiheit zusammengefasst<br \/>\nAccessibility: 7 best practices to get you started &#8211; Gusto Design &#8211; Medium<br \/>\nDer Einstieg in das Thema Barrierefreiheit ist oft schwerig. Ein Starter-Kit soll auf den ersten Schritten helfen.<br \/>\nAccessibility \u2013 starter kit for accessible design practices<br \/>\nAuf Bighack wird gezeigt, mit welchen Hilfsmitteln behinderte Menschen das Internet nutzen.<br \/>\nAssistive technology devices: How disabled people use the web<\/p>\n<h2><span class=\"ez-toc-section\" id=\"Anstehende_Events\"><\/span>Anstehende Events<span class=\"ez-toc-section-end\"><\/span><\/h2>\n<p>Im M\u00e4rz stehen vor allem zwei interessante Events an: Die DeafIT-Konferenz und der Online-Inklusions-Kongress. Und nat\u00fcrlich unser regelm\u00e4\u00dfiger Stammtisch zur digitalen Barrierefreiheit, er findet das n\u00e4chste Mal am 11.3. statt.<br \/>\nZu den Veranstaltungen zur Barrierefreiheit<br \/>\nUnd nat\u00fcrlich m\u00f6chte ich wie immer auf unsere anstehenden Schulungen zur Barrierefreiheit hinweisen.<br \/>\n<a href=\"https:\/\/www.silta.ai\/schulungen\">Anstehende Schulungen zur Barrierefreiheit<\/a><\/p>\n<h2><span class=\"ez-toc-section\" id=\"Tool_des_Monats\"><\/span>Tool des Monats<span class=\"ez-toc-section-end\"><\/span><\/h2>\n<p>Es muss nicht immer das ausgefeilte Barrierefreiheits-Werkzeug sein. Manchmal reicht ein St\u00fcck Code, das in ein Lesezeichen gepackt wurde, ein sogenanntes Bookmarklet. Flei\u00dfige Leute haben zahlreiche Bookmarklets f\u00fcr unterschiedliche Zwecke gebastelt. Sie sind in der Anwendung ganz einfach: Zun\u00e4chst legen Sie das Lesezeichen in Ihrem Browser an. Danach rufen Sie die zu testende Seite auf und anschlie\u00dfend das Lesezeichen, welches Sie gerade gespeichert haben. Mit diesen Bookmarklets k\u00f6nnen Sie etwa die semantische Struktur, die Alternativtexte und viele andere Eigenschaften darstellen lassen.<br \/>\n<a href=\"https:\/\/www.digitala11y.com\/accessibility-bookmarklets-testing\/\">48 Accessibility Bookmarklets<\/a><br \/>\n[newsletter2go]<\/p>\n","protected":false},"excerpt":{"rendered":"<p>Das Thema Barrierefreiheits-Overlays scheint aktuell wieder hochzukommen. Overlays sind Tools, die angeblich zur Barrierefreiheit einer Webseite beitragen. Das reicht von einfachen auf die Seite integrierter&#8230;<\/p>\n<div class=\"more-link-wrapper\"><a class=\"more-link\" href=\"https:\/\/www.netz-barrierefrei.de\/wordpress\/newsletter-digitale-barrierefreiheit\/magische-overlays-und-fehlende-statements-neues-zur-barrierefreiheit-3-2021\/\">Weiterlesen<span class=\"screen-reader-text\">Magische Overlays und fehlende Statements &#8211; Neues zur Barrierefreiheit 3-2021<\/span><\/a><\/div>\n","protected":false},"author":1,"featured_media":0,"parent":1450,"menu_order":0,"comment_status":"closed","ping_status":"closed","template":"","meta":{"footnotes":""},"class_list":["post-5234","page","type-page","status-publish","hentry","entry"],"_links":{"self":[{"href":"https:\/\/www.netz-barrierefrei.de\/wordpress\/wp-json\/wp\/v2\/pages\/5234","targetHints":{"allow":["GET"]}}],"collection":[{"href":"https:\/\/www.netz-barrierefrei.de\/wordpress\/wp-json\/wp\/v2\/pages"}],"about":[{"href":"https:\/\/www.netz-barrierefrei.de\/wordpress\/wp-json\/wp\/v2\/types\/page"}],"author":[{"embeddable":true,"href":"https:\/\/www.netz-barrierefrei.de\/wordpress\/wp-json\/wp\/v2\/users\/1"}],"replies":[{"embeddable":true,"href":"https:\/\/www.netz-barrierefrei.de\/wordpress\/wp-json\/wp\/v2\/comments?post=5234"}],"version-history":[{"count":14,"href":"https:\/\/www.netz-barrierefrei.de\/wordpress\/wp-json\/wp\/v2\/pages\/5234\/revisions"}],"predecessor-version":[{"id":10479,"href":"https:\/\/www.netz-barrierefrei.de\/wordpress\/wp-json\/wp\/v2\/pages\/5234\/revisions\/10479"}],"up":[{"embeddable":true,"href":"https:\/\/www.netz-barrierefrei.de\/wordpress\/wp-json\/wp\/v2\/pages\/1450"}],"wp:attachment":[{"href":"https:\/\/www.netz-barrierefrei.de\/wordpress\/wp-json\/wp\/v2\/media?parent=5234"}],"curies":[{"name":"wp","href":"https:\/\/api.w.org\/{rel}","templated":true}]}}