{"id":531,"date":"2018-03-16T14:09:26","date_gmt":"2018-03-16T12:09:26","guid":{"rendered":"http:\/\/www.netz-barrierefrei.de\/wordpress\/?page_id=531"},"modified":"2019-07-18T16:45:04","modified_gmt":"2019-07-18T14:45:04","slug":"barrierefreies-web-2-0-ein-leitfaden-zu-social-media-und-behinderung","status":"publish","type":"page","link":"https:\/\/www.netz-barrierefrei.de\/wordpress\/barrierefreies-web-2-0-ein-leitfaden-zu-social-media-und-behinderung\/","title":{"rendered":"Barrierefreies Web 2.0 &#8211; ein Leitfaden zu Social Media und Behinderung"},"content":{"rendered":"<p><img loading=\"lazy\" decoding=\"async\" src=\"https:\/\/www.netz-barrierefrei.de\/wordpress\/wp-content\/uploads\/behinderte-social-media-247x300.jpg\" alt=\"Cover: Behinderung und Web 2.0\" width=\"247\" height=\"300\" class=\"alignleft size-medium wp-image-897\" srcset=\"https:\/\/www.netz-barrierefrei.de\/wordpress\/wp-content\/uploads\/behinderte-social-media-247x300.jpg 247w, https:\/\/www.netz-barrierefrei.de\/wordpress\/wp-content\/uploads\/behinderte-social-media.jpg 565w\" sizes=\"auto, (max-width: 247px) 100vw, 247px\" \/>Sie haben sich schon immer gefragt, was behinderte Menschen so im Web 2.0 treiben? Sie m\u00f6chten wissen, wie Sie Inhalte auf Facebook, YouTube oder Twitter barrierefrei anbieten k\u00f6nnen? Dann greifen Sie zu dieser Brosch\u00fcre.<br \/>\nIm ersten Teil geht es um die Nutzungsgewohnheiten behinderter Menschen im Web 2.0. Der zweite Teil dreht sich um die praktische Arbeit: Bildbeschreibung, Erstellen von Untertiteln f\u00fcr Videos und vieles mehr. Der dritte Teil enth\u00e4lt praktische Tipps zu Facebook, Twitter und YouTube. <\/p>\n<h2>Infos zur Brosch\u00fcre Barrierefreiheit im Web 2.0<\/h2>\n<p>Titel: Barrierefreiheit im Web 2.0 &#8211; ein Leitfaden zu Social Media und Behinderung<br \/>\nAutor: Domingos de Oliveira<br \/>\nErschienen: 2016<br \/>\nPreis: 3,95 \u20ac f\u00fcr die Druckfassung, 2,49 \u20ac f\u00fcr das eBook<br \/>\nerh\u00e4ltlich: \u00fcberall im Buchhandel<\/p>\n","protected":false},"excerpt":{"rendered":"<p>Sie haben sich schon immer gefragt, was behinderte Menschen so im Web 2.0 treiben? Sie m\u00f6chten wissen, wie Sie Inhalte auf Facebook, YouTube oder Twitter&#8230;<\/p>\n<div class=\"more-link-wrapper\"><a class=\"more-link\" href=\"https:\/\/www.netz-barrierefrei.de\/wordpress\/barrierefreies-web-2-0-ein-leitfaden-zu-social-media-und-behinderung\/\">Weiterlesen<span class=\"screen-reader-text\">Barrierefreies Web 2.0 &#8211; ein Leitfaden zu Social Media und Behinderung<\/span><\/a><\/div>\n","protected":false},"author":1,"featured_media":0,"parent":0,"menu_order":0,"comment_status":"closed","ping_status":"closed","template":"","meta":{"footnotes":""},"class_list":["post-531","page","type-page","status-publish","hentry","entry"],"_links":{"self":[{"href":"https:\/\/www.netz-barrierefrei.de\/wordpress\/wp-json\/wp\/v2\/pages\/531","targetHints":{"allow":["GET"]}}],"collection":[{"href":"https:\/\/www.netz-barrierefrei.de\/wordpress\/wp-json\/wp\/v2\/pages"}],"about":[{"href":"https:\/\/www.netz-barrierefrei.de\/wordpress\/wp-json\/wp\/v2\/types\/page"}],"author":[{"embeddable":true,"href":"https:\/\/www.netz-barrierefrei.de\/wordpress\/wp-json\/wp\/v2\/users\/1"}],"replies":[{"embeddable":true,"href":"https:\/\/www.netz-barrierefrei.de\/wordpress\/wp-json\/wp\/v2\/comments?post=531"}],"version-history":[{"count":4,"href":"https:\/\/www.netz-barrierefrei.de\/wordpress\/wp-json\/wp\/v2\/pages\/531\/revisions"}],"predecessor-version":[{"id":2892,"href":"https:\/\/www.netz-barrierefrei.de\/wordpress\/wp-json\/wp\/v2\/pages\/531\/revisions\/2892"}],"wp:attachment":[{"href":"https:\/\/www.netz-barrierefrei.de\/wordpress\/wp-json\/wp\/v2\/media?parent=531"}],"curies":[{"name":"wp","href":"https:\/\/api.w.org\/{rel}","templated":true}]}}