{"id":534,"date":"2018-03-16T14:11:28","date_gmt":"2018-03-16T12:11:28","guid":{"rendered":"http:\/\/www.netz-barrierefrei.de\/wordpress\/?page_id=534"},"modified":"2019-05-30T12:39:16","modified_gmt":"2019-05-30T10:39:16","slug":"barrierefreiheit-im-web-2-0","status":"publish","type":"page","link":"https:\/\/www.netz-barrierefrei.de\/wordpress\/barrierefreies-web-2-0-ein-leitfaden-zu-social-media-und-behinderung\/barrierefreiheit-im-web-2-0\/","title":{"rendered":"Barrierefreiheit im Web 2.0"},"content":{"rendered":"<p>Dieser kleine Leitfaden richtet sich sowohl an Privatpersonen, die nur aus Spa\u00df posten als auch an Social-Media-Verantwortliche aus Organisationen und Unternehmen. <\/p>\n<p>An erster Stelle stehen die allgemeinen Regeln zum Verhalten in Social Media. Es geht nicht darum, den Leuten den Spa\u00df am Austausch oder einer Diskussion zu nehmen, im Gegenteil. Das w\u00fcrde auch euren behinderten Fans, Followern und so weiter nur auf die Nerven gehen. <\/p>\n<p>Die M\u00f6glichkeiten in Social Media k\u00f6nnen sich stetig \u00e4ndern. Hinzu kommt, dass viel \u00fcber Apps von Dritt-Anbietern abgewickelt wird, dort werden nicht unbedingt alle M\u00f6glichkeiten zur Verf\u00fcgung gestellt.<\/p>\n<div id=\"ez-toc-container\" class=\"ez-toc-v2_0_82_2 counter-hierarchy ez-toc-counter ez-toc-white ez-toc-container-direction\">\n<div class=\"ez-toc-title-container\">\n<p class=\"ez-toc-title\" style=\"cursor:inherit\">Inhalt<\/p>\n<span class=\"ez-toc-title-toggle\"><a href=\"#\" class=\"ez-toc-pull-right ez-toc-btn ez-toc-btn-xs ez-toc-btn-default ez-toc-toggle\" aria-label=\"Toggle Table of Content\"><span class=\"ez-toc-js-icon-con\"><span class=\"\"><span class=\"eztoc-hide\" style=\"display:none;\">Toggle<\/span><span class=\"ez-toc-icon-toggle-span\"><svg style=\"fill: #999;color:#999\" xmlns=\"http:\/\/www.w3.org\/2000\/svg\" class=\"list-377408\" width=\"20px\" height=\"20px\" viewBox=\"0 0 24 24\" fill=\"none\"><path d=\"M6 6H4v2h2V6zm14 0H8v2h12V6zM4 11h2v2H4v-2zm16 0H8v2h12v-2zM4 16h2v2H4v-2zm16 0H8v2h12v-2z\" fill=\"currentColor\"><\/path><\/svg><svg style=\"fill: #999;color:#999\" class=\"arrow-unsorted-368013\" xmlns=\"http:\/\/www.w3.org\/2000\/svg\" width=\"10px\" height=\"10px\" viewBox=\"0 0 24 24\" version=\"1.2\" baseProfile=\"tiny\"><path d=\"M18.2 9.3l-6.2-6.3-6.2 6.3c-.2.2-.3.4-.3.7s.1.5.3.7c.2.2.4.3.7.3h11c.3 0 .5-.1.7-.3.2-.2.3-.5.3-.7s-.1-.5-.3-.7zM5.8 14.7l6.2 6.3 6.2-6.3c.2-.2.3-.5.3-.7s-.1-.5-.3-.7c-.2-.2-.4-.3-.7-.3h-11c-.3 0-.5.1-.7.3-.2.2-.3.5-.3.7s.1.5.3.7z\"\/><\/svg><\/span><\/span><\/span><\/a><\/span><\/div>\n<nav><ul class='ez-toc-list ez-toc-list-level-1 ' ><li class='ez-toc-page-1 ez-toc-heading-level-2'><a class=\"ez-toc-link ez-toc-heading-1\" href=\"https:\/\/www.netz-barrierefrei.de\/wordpress\/barrierefreies-web-2-0-ein-leitfaden-zu-social-media-und-behinderung\/barrierefreiheit-im-web-2-0\/#Es_gibt_kein_barrierefreies_soziales_Netzwerk\" >Es gibt kein barrierefreies soziales Netzwerk<\/a><\/li><li class='ez-toc-page-1 ez-toc-heading-level-2'><a class=\"ez-toc-link ez-toc-heading-2\" href=\"https:\/\/www.netz-barrierefrei.de\/wordpress\/barrierefreies-web-2-0-ein-leitfaden-zu-social-media-und-behinderung\/barrierefreiheit-im-web-2-0\/#Zugaenge\" >Zug\u00e4nge<\/a><\/li><li class='ez-toc-page-1 ez-toc-heading-level-2'><a class=\"ez-toc-link ez-toc-heading-3\" href=\"https:\/\/www.netz-barrierefrei.de\/wordpress\/barrierefreies-web-2-0-ein-leitfaden-zu-social-media-und-behinderung\/barrierefreiheit-im-web-2-0\/#Zum_Weiterlesen\" >Zum Weiterlesen<\/a><\/li><\/ul><\/nav><\/div>\n<h2><span class=\"ez-toc-section\" id=\"Es_gibt_kein_barrierefreies_soziales_Netzwerk\"><\/span>Es gibt kein barrierefreies soziales Netzwerk<span class=\"ez-toc-section-end\"><\/span><\/h2>\n<p>Kein heute aktives soziales Netzwerk ist f\u00fcr behinderte Menschen barrierefrei nutzbar. Die gro\u00dfen Drei Twitter, Facebook und Google+ sind alle auf ihre Weise schlecht zug\u00e4nglich. Sie werden trotzdem von Behinderten genutzt, wie das geht, erkl\u00e4re ich bei den einzelnen Netzwerken. <\/p>\n<h2><span class=\"ez-toc-section\" id=\"Zugaenge\"><\/span>Zug\u00e4nge<span class=\"ez-toc-section-end\"><\/span><\/h2>\n<p>Es gibt grunds\u00e4tzlich drei Wege zum sozialen Netzwerk: Die stinknormale Website &#8211; ja, so etwas gibt es. Die f\u00fcr mobile Ger\u00e4te optimierte Website, zum Beispiel m.facebook.com oder m.twitter.com. Und die App. F\u00fcr Twitter gab es eine Zeitlang spezielle Desktop-Clients, die aber zugunsten der App an Bedeutung verloren haben. Die mit Windows 8 eingef\u00fchrten Desktop-Apps spielen meines Wissens bisher keine gro\u00dfe Rolle. <\/p>\n<h2><span class=\"ez-toc-section\" id=\"Zum_Weiterlesen\"><\/span>Zum Weiterlesen<span class=\"ez-toc-section-end\"><\/span><\/h2>\n<p>Web 2.0 barrierefrei (PDF) &#8211; eine Studie der Aktion Mensch<\/p>\n","protected":false},"excerpt":{"rendered":"<p>Dieser kleine Leitfaden richtet sich sowohl an Privatpersonen, die nur aus Spa\u00df posten als auch an Social-Media-Verantwortliche aus Organisationen und Unternehmen. An erster Stelle stehen&#8230;<\/p>\n<div class=\"more-link-wrapper\"><a class=\"more-link\" href=\"https:\/\/www.netz-barrierefrei.de\/wordpress\/barrierefreies-web-2-0-ein-leitfaden-zu-social-media-und-behinderung\/barrierefreiheit-im-web-2-0\/\">Weiterlesen<span class=\"screen-reader-text\">Barrierefreiheit im Web 2.0<\/span><\/a><\/div>\n","protected":false},"author":1,"featured_media":0,"parent":531,"menu_order":0,"comment_status":"closed","ping_status":"closed","template":"","meta":{"footnotes":""},"class_list":["post-534","page","type-page","status-publish","hentry","entry"],"_links":{"self":[{"href":"https:\/\/www.netz-barrierefrei.de\/wordpress\/wp-json\/wp\/v2\/pages\/534","targetHints":{"allow":["GET"]}}],"collection":[{"href":"https:\/\/www.netz-barrierefrei.de\/wordpress\/wp-json\/wp\/v2\/pages"}],"about":[{"href":"https:\/\/www.netz-barrierefrei.de\/wordpress\/wp-json\/wp\/v2\/types\/page"}],"author":[{"embeddable":true,"href":"https:\/\/www.netz-barrierefrei.de\/wordpress\/wp-json\/wp\/v2\/users\/1"}],"replies":[{"embeddable":true,"href":"https:\/\/www.netz-barrierefrei.de\/wordpress\/wp-json\/wp\/v2\/comments?post=534"}],"version-history":[{"count":3,"href":"https:\/\/www.netz-barrierefrei.de\/wordpress\/wp-json\/wp\/v2\/pages\/534\/revisions"}],"predecessor-version":[{"id":2039,"href":"https:\/\/www.netz-barrierefrei.de\/wordpress\/wp-json\/wp\/v2\/pages\/534\/revisions\/2039"}],"up":[{"embeddable":true,"href":"https:\/\/www.netz-barrierefrei.de\/wordpress\/wp-json\/wp\/v2\/pages\/531"}],"wp:attachment":[{"href":"https:\/\/www.netz-barrierefrei.de\/wordpress\/wp-json\/wp\/v2\/media?parent=534"}],"curies":[{"name":"wp","href":"https:\/\/api.w.org\/{rel}","templated":true}]}}