{"id":538,"date":"2018-03-16T14:14:18","date_gmt":"2018-03-16T12:14:18","guid":{"rendered":"http:\/\/www.netz-barrierefrei.de\/wordpress\/?page_id=538"},"modified":"2018-03-16T14:14:18","modified_gmt":"2018-03-16T12:14:18","slug":"barrierefreiheit-von-pinterest","status":"publish","type":"page","link":"https:\/\/www.netz-barrierefrei.de\/wordpress\/barrierefreies-web-2-0-ein-leitfaden-zu-social-media-und-behinderung\/barrierefreiheit-von-pinterest\/","title":{"rendered":"Barrierefreiheit von Pinterest"},"content":{"rendered":"<p>Pinterest ist recht simpel, sowohl was die M\u00f6glichkeiten angeht als auch betreffend der Barrierefreiheit. Es k\u00f6nnen Galerien von hochgeladenen Bildern zusammengestellt oder Bilder von Webseiten gepint werden. In beiden F\u00e4llen l\u00e4sst sich eine Beschreibung zum Bild einf\u00fcgen, die unterhalb des Bildes angezeigt wird und auch als Alternativtext f\u00fcr die Grafik dient. <\/p>\n<p>Hierbei ist die Kunst entscheidend, zugleich einen sch\u00f6nen Text f\u00fcr Sehende zu produzieren &#8211; die in der Regel wissen, was auf dem Bild zu sehen ist &#8211; und einen beschreibenden Text f\u00fcr Blinde und Sehbehinderte. Ein Beispiel:<\/p>\n<p>&#8222;Der Katze scheint es Spa\u00df zu machen, sich im Schnee zu w\u00e4lzen <\/p>\n<p>Die Beschreibung ebenso wie die Bezeichnung der Pinnwand hilft ganz nebenbei auch Suchmaschinen bei der Indizierung des Inhalts. <\/p>\n<h2>Bild-Auswahl<\/h2>\n<p>Wer die Bilder besonders sehbehinderten-gerecht machen m\u00f6chte, sollte selbst hochgeladene Bilder zuvor ordentlich bearbeiten. Generell gilt, je komplexer ein Bild &#8211; also je mehr unterschiedliche Elemente  es enth\u00e4lt &#8211; desto schlechter ist das Bildobjekt zu erkennen. Also, schneidet die Bilder korrekt zu und entfernt m\u00f6glichst alle unn\u00f6tigen Elemente. Das Bildobjekt &#8211; also der eigentlich wichtige Gegenstand &#8211; sollte sich in der Mitte leicht oberhalb des eigentlichen Mittelpunktes befinden. <\/p>\n","protected":false},"excerpt":{"rendered":"<p>Pinterest ist recht simpel, sowohl was die M\u00f6glichkeiten angeht als auch betreffend der Barrierefreiheit. Es k\u00f6nnen Galerien von hochgeladenen Bildern zusammengestellt oder Bilder von Webseiten&#8230;<\/p>\n<div class=\"more-link-wrapper\"><a class=\"more-link\" href=\"https:\/\/www.netz-barrierefrei.de\/wordpress\/barrierefreies-web-2-0-ein-leitfaden-zu-social-media-und-behinderung\/barrierefreiheit-von-pinterest\/\">Weiterlesen<span class=\"screen-reader-text\">Barrierefreiheit von Pinterest<\/span><\/a><\/div>\n","protected":false},"author":1,"featured_media":0,"parent":531,"menu_order":0,"comment_status":"closed","ping_status":"closed","template":"","meta":{"footnotes":""},"class_list":["post-538","page","type-page","status-publish","hentry","entry"],"_links":{"self":[{"href":"https:\/\/www.netz-barrierefrei.de\/wordpress\/wp-json\/wp\/v2\/pages\/538","targetHints":{"allow":["GET"]}}],"collection":[{"href":"https:\/\/www.netz-barrierefrei.de\/wordpress\/wp-json\/wp\/v2\/pages"}],"about":[{"href":"https:\/\/www.netz-barrierefrei.de\/wordpress\/wp-json\/wp\/v2\/types\/page"}],"author":[{"embeddable":true,"href":"https:\/\/www.netz-barrierefrei.de\/wordpress\/wp-json\/wp\/v2\/users\/1"}],"replies":[{"embeddable":true,"href":"https:\/\/www.netz-barrierefrei.de\/wordpress\/wp-json\/wp\/v2\/comments?post=538"}],"version-history":[{"count":1,"href":"https:\/\/www.netz-barrierefrei.de\/wordpress\/wp-json\/wp\/v2\/pages\/538\/revisions"}],"predecessor-version":[{"id":539,"href":"https:\/\/www.netz-barrierefrei.de\/wordpress\/wp-json\/wp\/v2\/pages\/538\/revisions\/539"}],"up":[{"embeddable":true,"href":"https:\/\/www.netz-barrierefrei.de\/wordpress\/wp-json\/wp\/v2\/pages\/531"}],"wp:attachment":[{"href":"https:\/\/www.netz-barrierefrei.de\/wordpress\/wp-json\/wp\/v2\/media?parent=538"}],"curies":[{"name":"wp","href":"https:\/\/api.w.org\/{rel}","templated":true}]}}