{"id":540,"date":"2018-03-16T14:15:46","date_gmt":"2018-03-16T12:15:46","guid":{"rendered":"http:\/\/www.netz-barrierefrei.de\/wordpress\/?page_id=540"},"modified":"2020-12-08T20:52:15","modified_gmt":"2020-12-08T18:52:15","slug":"barrierefreiheit-von-youtube","status":"publish","type":"page","link":"https:\/\/www.netz-barrierefrei.de\/wordpress\/barrierefreies-web-2-0-ein-leitfaden-zu-social-media-und-behinderung\/barrierefreiheit-von-youtube\/","title":{"rendered":"Barrierefreiheit von YouTube"},"content":{"rendered":"<p><iframe loading=\"lazy\" width=\"560\" height=\"315\" src=\"https:\/\/www.youtube-nocookie.com\/embed\/ZxwFbFCWPw8\" frameborder=\"0\" allow=\"accelerometer; autoplay; clipboard-write; encrypted-media; gyroscope; picture-in-picture\" allowfullscreen><\/iframe>Die Barrierefreiheit von YouTube ist eher mittelm\u00e4\u00dfig. F\u00fcr Blinde ist es einfach, Videos zu suchen und abzuspielen. Die Steuerung der Videos ist allerdings recht kompliziert. YouTube schaltet oft Werbe-Clips vor, die von Sehenden gut \u00fcbersprungen werden k\u00f6nnen, von Blinden hingegen nicht. <\/p>\n<div id=\"ez-toc-container\" class=\"ez-toc-v2_0_82_2 counter-hierarchy ez-toc-counter ez-toc-white ez-toc-container-direction\">\n<div class=\"ez-toc-title-container\">\n<p class=\"ez-toc-title\" style=\"cursor:inherit\">Inhalt<\/p>\n<span class=\"ez-toc-title-toggle\"><a href=\"#\" class=\"ez-toc-pull-right ez-toc-btn ez-toc-btn-xs ez-toc-btn-default ez-toc-toggle\" aria-label=\"Toggle Table of Content\"><span class=\"ez-toc-js-icon-con\"><span class=\"\"><span class=\"eztoc-hide\" style=\"display:none;\">Toggle<\/span><span class=\"ez-toc-icon-toggle-span\"><svg style=\"fill: #999;color:#999\" xmlns=\"http:\/\/www.w3.org\/2000\/svg\" class=\"list-377408\" width=\"20px\" height=\"20px\" viewBox=\"0 0 24 24\" fill=\"none\"><path d=\"M6 6H4v2h2V6zm14 0H8v2h12V6zM4 11h2v2H4v-2zm16 0H8v2h12v-2zM4 16h2v2H4v-2zm16 0H8v2h12v-2z\" fill=\"currentColor\"><\/path><\/svg><svg style=\"fill: #999;color:#999\" class=\"arrow-unsorted-368013\" xmlns=\"http:\/\/www.w3.org\/2000\/svg\" width=\"10px\" height=\"10px\" viewBox=\"0 0 24 24\" version=\"1.2\" baseProfile=\"tiny\"><path d=\"M18.2 9.3l-6.2-6.3-6.2 6.3c-.2.2-.3.4-.3.7s.1.5.3.7c.2.2.4.3.7.3h11c.3 0 .5-.1.7-.3.2-.2.3-.5.3-.7s-.1-.5-.3-.7zM5.8 14.7l6.2 6.3 6.2-6.3c.2-.2.3-.5.3-.7s-.1-.5-.3-.7c-.2-.2-.4-.3-.7-.3h-11c-.3 0-.5.1-.7.3-.2.2-.3.5-.3.7s.1.5.3.7z\"\/><\/svg><\/span><\/span><\/span><\/a><\/span><\/div>\n<nav><ul class='ez-toc-list ez-toc-list-level-1 ' ><li class='ez-toc-page-1 ez-toc-heading-level-2'><a class=\"ez-toc-link ez-toc-heading-1\" href=\"https:\/\/www.netz-barrierefrei.de\/wordpress\/barrierefreies-web-2-0-ein-leitfaden-zu-social-media-und-behinderung\/barrierefreiheit-von-youtube\/#Generelles\" >Generelles<\/a><\/li><li class='ez-toc-page-1 ez-toc-heading-level-2'><a class=\"ez-toc-link ez-toc-heading-2\" href=\"https:\/\/www.netz-barrierefrei.de\/wordpress\/barrierefreies-web-2-0-ein-leitfaden-zu-social-media-und-behinderung\/barrierefreiheit-von-youtube\/#Untertitel\" >Untertitel<\/a><\/li><li class='ez-toc-page-1 ez-toc-heading-level-2'><a class=\"ez-toc-link ez-toc-heading-3\" href=\"https:\/\/www.netz-barrierefrei.de\/wordpress\/barrierefreies-web-2-0-ein-leitfaden-zu-social-media-und-behinderung\/barrierefreiheit-von-youtube\/#Transkript\" >Transkript<\/a><\/li><li class='ez-toc-page-1 ez-toc-heading-level-2'><a class=\"ez-toc-link ez-toc-heading-4\" href=\"https:\/\/www.netz-barrierefrei.de\/wordpress\/barrierefreies-web-2-0-ein-leitfaden-zu-social-media-und-behinderung\/barrierefreiheit-von-youtube\/#Audiodeskription\" >Audiodeskription<\/a><\/li><li class='ez-toc-page-1 ez-toc-heading-level-2'><a class=\"ez-toc-link ez-toc-heading-5\" href=\"https:\/\/www.netz-barrierefrei.de\/wordpress\/barrierefreies-web-2-0-ein-leitfaden-zu-social-media-und-behinderung\/barrierefreiheit-von-youtube\/#Text_in_Videos\" >Text in Videos<\/a><\/li><\/ul><\/nav><\/div>\n<h2><span class=\"ez-toc-section\" id=\"Generelles\"><\/span>Generelles<span class=\"ez-toc-section-end\"><\/span><\/h2>\n<p>F\u00fcr Blinde ist es hilfreich, wenn das Video m\u00f6glichst klar im Titel beschrieben wird. Zudem sollte es kein langes Intro etwa mit Stille oder Musik geben. Je schneller der eigentliche Einstieg startet, desto eher wissen Blinde, dass sie das richtige Video aufgerufen haben. Wenn das nicht geht stelle dem Video einen kurzen Sprechertext voran, der den Inhalt ank\u00fcndigt, bevor die Musik startet.<br \/>\nBei lauten Stellen ist es sehr schwierig, die Sprachausgabe zu verstehen, deshalb ist es w\u00fcnschenswert, solche lauten Stellen m\u00f6glichst kurz zu halten. <\/p>\n<h2><span class=\"ez-toc-section\" id=\"Untertitel\"><\/span>Untertitel<span class=\"ez-toc-section-end\"><\/span><\/h2>\n<p>YouTube bietet schon seit l\u00e4ngerem das Einbinden von Untertiteln. Es gibt die Untertitel f\u00fcr Fremdsprachler, die quasi nur das Gesprochene vertextlichen und Untertitel f\u00fcr Geh\u00f6rlose, die dazu auch noch wichtige Ger\u00e4usche beschreiben, die f\u00fcr den Geh\u00f6rlosen nicht offensichtlich sind.<br \/>\nEs gibt offene und geschlossene Untertitel. Offen hei\u00dft, dass die Untertitel fest im Film integriert sind, geschlossene Untertitel k\u00f6nnen ein- und ausgeblendet werden. Da YouTube geschlossene Untertitel unterst\u00fctzt, ist letzte Variante vorzuziehen, da die \u00c4nderung des Textes ein Quell der Ablenkung f\u00fcr andere Zuschauer ist. Die Untertitel k\u00f6nnen im SRT-Format auf YouTube hochgeladen werden.<br \/>\nDie automatische Untertitelung ist aktuell zumindest f\u00fcr deutschsprachige Videos ungeeignet. Sie mag f\u00fcr sprachlastige Videos eine gewisse Hilfe sein, taugt aber nichts f\u00fcr Videos mit gemischtem Inhalt. Au\u00dferdem k\u00f6nnen die Nutzer selbst entscheiden, ob sie solche automatischen Untertitel haben m\u00f6chten. In keinem Fall sollte man beim jetzigen Status versuchen, diese automatischen Untertitel als echte Untertitel zu verkaufen, der Shitstorm w\u00e4re vorprogrammiert<br \/>\nJedoch kann man die automatisch erzeugten Untertitel weiter bearbeiten. Die Zeitstempel zum Beispiel m\u00fcssen dann nicht mehr selbst angelegt, sondern nur der Text bearbeitet werden.<\/p>\n<h2><span class=\"ez-toc-section\" id=\"Transkript\"><\/span>Transkript<span class=\"ez-toc-section-end\"><\/span><\/h2>\n<p>Von Untertiteln zu unterscheiden sind Text-Transkripte. Sie sind Verschriftlichungen dessen, was gesprochen wird. Sie k\u00f6nnen diese einfach als Text-Datei hochladen, YouTube wird sie mit dem Video synchronisieren. Das ist zwar keine echte Alternative zu Untertiteln f\u00fcr Geh\u00f6rlose, aber besser als nichts.<br \/>\n<a href=\"https:\/\/support.google.com\/youtube\/answer\/2734799?hl=de\">Tipps zu Transkript-Dateien<\/a><\/p>\n<h2><span class=\"ez-toc-section\" id=\"Audiodeskription\"><\/span>Audiodeskription<span class=\"ez-toc-section-end\"><\/span><\/h2>\n<p>Die Audiodeskription ist eine verbale Beschreibung von Video-Inhalten f\u00fcr Blinde. Eine Stimme aus dem Off erkl\u00e4rt, was auf dem Video passiert und was der Blinde durch Zuh\u00f6ren nicht erkennen kann. F\u00fcr Videos mit hohem sprachlichen Inhalt ist sie ungeeignet und eher f\u00fcr aktionslastige Videos gedacht.<br \/>\nIm Normalfall kann sich der Videoschauer das Video ohne Weiteres anschauen und die Audiodeskription bei Bedarf zu- oder abschalten. Aktuell wird das vom YouTube-Player nicht unterst\u00fctzt.<br \/>\nEs gibt aktuell zwei M\u00f6glichkeiten, das Problem zu umgehen:<\/p>\n<ul>\n<li>Man l\u00e4dt das Video mit Audiodeskription hoch und hofft, dass sich die Sehenden nicht am Hintergrund-Geschw\u00e4tz st\u00f6ren<\/li>\n<li>Man l\u00e4dt zwei Varianten hoch, die mit und die ohne Audiodeskription<\/li>\n<\/ul>\n<p>Bei kurzen Videos von bis zu f\u00fcnf Minuten sollte die Audiodeskription die meisten Leute nicht st\u00f6ren. Bei l\u00e4ngeren Videos empfiehlt sich die letztere Variante, wobei man die Videos im Titel entsprechend kennzeichnen kann. Das erste Video hei\u00dft dann: &#8222;Mein Lieblings-Katzenvideo&#8220;, die zweite Variante &#8222;Mein Lieblings-Katzenvideo mit Audiodeskription&#8220;. Vielleicht hat YouTube irgendwann ein Einsehen und wird die Audiodeskription zu- und abschaltbar machen. <\/p>\n<h2><span class=\"ez-toc-section\" id=\"Text_in_Videos\"><\/span>Text in Videos<span class=\"ez-toc-section-end\"><\/span><\/h2>\n<p>Eine Variante, die man tunlichst lassen sollte: Text, der nicht vorgelesen wird und f\u00fcr das Video wichtig ist, ist ein No-Go. Er ist f\u00fcr Blinde, Sehbehinderte und Smartphone-Nutzer schlecht lesbar und \u00fcberhaupt, wenn man Text haben m\u00f6chte, schaut man sich keine Videos an.<br \/>\nAlso, wenn man Text einbinden m\u00f6chte, sollte er immer vorgelesen werden, insbesondere wenn es sich um Web-Adressen oder Kontaktadten handelt.<br \/>\n<a href=\"https:\/\/www.netz-barrierefrei.de\/wordpress\/barrierefreiheit-bei-audio-und-video-multimedia-fuer-alle\/\">Barrierefreiheit bei Multimedia<\/a><\/p>\n","protected":false},"excerpt":{"rendered":"<p>Die Barrierefreiheit von YouTube ist eher mittelm\u00e4\u00dfig. F\u00fcr Blinde ist es einfach, Videos zu suchen und abzuspielen. Die Steuerung der Videos ist allerdings recht kompliziert.&#8230;<\/p>\n<div class=\"more-link-wrapper\"><a class=\"more-link\" href=\"https:\/\/www.netz-barrierefrei.de\/wordpress\/barrierefreies-web-2-0-ein-leitfaden-zu-social-media-und-behinderung\/barrierefreiheit-von-youtube\/\">Weiterlesen<span class=\"screen-reader-text\">Barrierefreiheit von YouTube<\/span><\/a><\/div>\n","protected":false},"author":1,"featured_media":0,"parent":531,"menu_order":0,"comment_status":"closed","ping_status":"closed","template":"","meta":{"footnotes":""},"class_list":["post-540","page","type-page","status-publish","hentry","entry"],"_links":{"self":[{"href":"https:\/\/www.netz-barrierefrei.de\/wordpress\/wp-json\/wp\/v2\/pages\/540","targetHints":{"allow":["GET"]}}],"collection":[{"href":"https:\/\/www.netz-barrierefrei.de\/wordpress\/wp-json\/wp\/v2\/pages"}],"about":[{"href":"https:\/\/www.netz-barrierefrei.de\/wordpress\/wp-json\/wp\/v2\/types\/page"}],"author":[{"embeddable":true,"href":"https:\/\/www.netz-barrierefrei.de\/wordpress\/wp-json\/wp\/v2\/users\/1"}],"replies":[{"embeddable":true,"href":"https:\/\/www.netz-barrierefrei.de\/wordpress\/wp-json\/wp\/v2\/comments?post=540"}],"version-history":[{"count":6,"href":"https:\/\/www.netz-barrierefrei.de\/wordpress\/wp-json\/wp\/v2\/pages\/540\/revisions"}],"predecessor-version":[{"id":9679,"href":"https:\/\/www.netz-barrierefrei.de\/wordpress\/wp-json\/wp\/v2\/pages\/540\/revisions\/9679"}],"up":[{"embeddable":true,"href":"https:\/\/www.netz-barrierefrei.de\/wordpress\/wp-json\/wp\/v2\/pages\/531"}],"wp:attachment":[{"href":"https:\/\/www.netz-barrierefrei.de\/wordpress\/wp-json\/wp\/v2\/media?parent=540"}],"curies":[{"name":"wp","href":"https:\/\/api.w.org\/{rel}","templated":true}]}}