{"id":542,"date":"2018-03-16T14:19:32","date_gmt":"2018-03-16T12:19:32","guid":{"rendered":"http:\/\/www.netz-barrierefrei.de\/wordpress\/?page_id=542"},"modified":"2025-08-25T15:11:21","modified_gmt":"2025-08-25T13:11:21","slug":"barrierefreiheit-von-whatsapp","status":"publish","type":"page","link":"https:\/\/www.netz-barrierefrei.de\/wordpress\/barrierefreies-web-2-0-ein-leitfaden-zu-social-media-und-behinderung\/barrierefreiheit-von-whatsapp\/","title":{"rendered":"Barrierefreiheit von WhatsApp"},"content":{"rendered":"<p><a href=\"https:\/\/www.netz-barrierefrei.de\/wordpress\/barrierefreies-web-2-0-ein-leitfaden-zu-social-media-und-behinderung\/\"><img loading=\"lazy\" decoding=\"async\" src=\"https:\/\/www.netz-barrierefrei.de\/wordpress\/wp-content\/uploads\/behinderte-social-media-247x300.jpg\" alt=\"Cover: Behinderung und Web 2.0\" width=\"247\" height=\"300\" class=\"alignleft size-medium wp-image-897\" srcset=\"https:\/\/www.netz-barrierefrei.de\/wordpress\/wp-content\/uploads\/behinderte-social-media-247x300.jpg 247w, https:\/\/www.netz-barrierefrei.de\/wordpress\/wp-content\/uploads\/behinderte-social-media.jpg 565w\" sizes=\"auto, (max-width: 247px) 100vw, 247px\" \/><\/a>WhatsApp ist aktuell das erfolgreichste Chat-Network der Welt. Es wird auch von zahllosen Blinden benutzt, unter anderen Behinderten d\u00fcrfte es aber auch \u00e4hnlich beliebt sein.<br \/>\nDa die M\u00f6glichkeiten von WhatsApp begrenzt sind, kann man bez\u00fcglich der Barrierefreiheit nicht viel falsch machen. <\/p>\n<div id=\"ez-toc-container\" class=\"ez-toc-v2_0_82_2 counter-hierarchy ez-toc-counter ez-toc-white ez-toc-container-direction\">\n<div class=\"ez-toc-title-container\">\n<p class=\"ez-toc-title\" style=\"cursor:inherit\">Inhalt<\/p>\n<span class=\"ez-toc-title-toggle\"><a href=\"#\" class=\"ez-toc-pull-right ez-toc-btn ez-toc-btn-xs ez-toc-btn-default ez-toc-toggle\" aria-label=\"Toggle Table of Content\"><span class=\"ez-toc-js-icon-con\"><span class=\"\"><span class=\"eztoc-hide\" style=\"display:none;\">Toggle<\/span><span class=\"ez-toc-icon-toggle-span\"><svg style=\"fill: #999;color:#999\" xmlns=\"http:\/\/www.w3.org\/2000\/svg\" class=\"list-377408\" width=\"20px\" height=\"20px\" viewBox=\"0 0 24 24\" fill=\"none\"><path d=\"M6 6H4v2h2V6zm14 0H8v2h12V6zM4 11h2v2H4v-2zm16 0H8v2h12v-2zM4 16h2v2H4v-2zm16 0H8v2h12v-2z\" fill=\"currentColor\"><\/path><\/svg><svg style=\"fill: #999;color:#999\" class=\"arrow-unsorted-368013\" xmlns=\"http:\/\/www.w3.org\/2000\/svg\" width=\"10px\" height=\"10px\" viewBox=\"0 0 24 24\" version=\"1.2\" baseProfile=\"tiny\"><path d=\"M18.2 9.3l-6.2-6.3-6.2 6.3c-.2.2-.3.4-.3.7s.1.5.3.7c.2.2.4.3.7.3h11c.3 0 .5-.1.7-.3.2-.2.3-.5.3-.7s-.1-.5-.3-.7zM5.8 14.7l6.2 6.3 6.2-6.3c.2-.2.3-.5.3-.7s-.1-.5-.3-.7c-.2-.2-.4-.3-.7-.3h-11c-.3 0-.5.1-.7.3-.2.2-.3.5-.3.7s.1.5.3.7z\"\/><\/svg><\/span><\/span><\/span><\/a><\/span><\/div>\n<nav><ul class='ez-toc-list ez-toc-list-level-1 ' ><li class='ez-toc-page-1 ez-toc-heading-level-2'><a class=\"ez-toc-link ez-toc-heading-1\" href=\"https:\/\/www.netz-barrierefrei.de\/wordpress\/barrierefreies-web-2-0-ein-leitfaden-zu-social-media-und-behinderung\/barrierefreiheit-von-whatsapp\/#Textnachrichten\" >Textnachrichten<\/a><\/li><li class='ez-toc-page-1 ez-toc-heading-level-2'><a class=\"ez-toc-link ez-toc-heading-2\" href=\"https:\/\/www.netz-barrierefrei.de\/wordpress\/barrierefreies-web-2-0-ein-leitfaden-zu-social-media-und-behinderung\/barrierefreiheit-von-whatsapp\/#Bilder\" >Bilder<\/a><\/li><li class='ez-toc-page-1 ez-toc-heading-level-2'><a class=\"ez-toc-link ez-toc-heading-3\" href=\"https:\/\/www.netz-barrierefrei.de\/wordpress\/barrierefreies-web-2-0-ein-leitfaden-zu-social-media-und-behinderung\/barrierefreiheit-von-whatsapp\/#Sprach-Nachrichten\" >Sprach-Nachrichten<\/a><\/li><li class='ez-toc-page-1 ez-toc-heading-level-2'><a class=\"ez-toc-link ez-toc-heading-4\" href=\"https:\/\/www.netz-barrierefrei.de\/wordpress\/barrierefreies-web-2-0-ein-leitfaden-zu-social-media-und-behinderung\/barrierefreiheit-von-whatsapp\/#Videos\" >Videos<\/a><\/li><\/ul><\/nav><\/div>\n<h2><span class=\"ez-toc-section\" id=\"Textnachrichten\"><\/span>Textnachrichten<span class=\"ez-toc-section-end\"><\/span><\/h2>\n<p>Textnachrichten sollten nicht zu viele schwierige Begriffe, Abk\u00fcrzungen oder Rechtschreibfehler enthalten, da die Screenreader von Blinden das nicht m\u00f6gen.<br \/>\nGeh\u00e4ufte Emojis k\u00f6nnen den Lesefluss st\u00f6ren. Der Screenreader liest teils umfangreiche Beschreibungen vor. Sie sind zwar hilfreich, nerven aber, wenn es zu viele Emojis hintereinander sind.<br \/>\n<h2bilder <\/h2>\n<p>F\u00fcr Blinde k\u00f6nnt ihr eine alternative Beschreibung f\u00fcr Blinde hinzuf\u00fcgen. Wenn ihr das Bild ausgew\u00e4hlt habt, k\u00f6nnt ihr einen Text hinzuf\u00fcgen. Er wird Blinden vorgelesen, wenn sie mit dem Finger \u00fcber das Bild fahren. <\/p>\n<h2>Sprachnachrichten<\/h2>\n<p>Sprachnachrichten sollten in einer m\u00f6glichst ruhigen Umgebung aufgenommen werden, da vor allem Nebenger\u00e4usche sich st\u00f6rend auf die Verst\u00e4ndlichkeit auswirken. <\/p>\n<h2><span class=\"ez-toc-section\" id=\"Bilder\"><\/span>Bilder<span class=\"ez-toc-section-end\"><\/span><\/h2>\n<p>Bilder sollten nat\u00fcrlich die best m\u00f6gliche Qualit\u00e4t haben. Ein Beschreibungstext kann entweder seperat oder \u00fcber das Beschreibungsfeld unter dem Bild mitgesendet werden. <\/p>\n<h2><span class=\"ez-toc-section\" id=\"Sprach-Nachrichten\"><\/span>Sprach-Nachrichten<span class=\"ez-toc-section-end\"><\/span><\/h2>\n<p>Sprach-Nachrichten sollten m\u00f6glichst in einer ruhigen Umgebung aufgenommen werden. Am sinnvollsten ist es, ein externes Mikro oder Headset zu verwenden. Steht das nicht zur Verf\u00fcgung, sollte man das Ger\u00e4t nahe am Mund halten, langsam, deutlich und nicht zu laut sprechen. Insgesamt h\u00e4ngt die Sprach-Qualit\u00e4t stark vom Mikro des Smartphones ab, dieses sollte also m\u00f6glichst gut sein. <\/p>\n<h2><span class=\"ez-toc-section\" id=\"Videos\"><\/span>Videos<span class=\"ez-toc-section-end\"><\/span><\/h2>\n<p>Videos sollten kurz gehalten werden. Achtet darauf, dass sie nicht zu hell und nicht zu dunkel sind. Da Smartphones nicht immer mit den besten Displays ausgestattet sind und auch die Umgebungsbeleuchtung beim Schauen nicht immer optimal ist, solltet ihr die bestm\u00f6gliche Qualit\u00e4t sicher stellen. Untertitel sind f\u00fcr Videos in WhatsApp derzeit nicht m\u00f6glich.<br \/>\nEs bleibt abzuwarten, ob Facebook seine Accessibility-Strategie auch auf WhatsApp \u00fcbertragen wird. <\/p>\n","protected":false},"excerpt":{"rendered":"<p>WhatsApp ist aktuell das erfolgreichste Chat-Network der Welt. Es wird auch von zahllosen Blinden benutzt, unter anderen Behinderten d\u00fcrfte es aber auch \u00e4hnlich beliebt sein.&#8230;<\/p>\n<div class=\"more-link-wrapper\"><a class=\"more-link\" href=\"https:\/\/www.netz-barrierefrei.de\/wordpress\/barrierefreies-web-2-0-ein-leitfaden-zu-social-media-und-behinderung\/barrierefreiheit-von-whatsapp\/\">Weiterlesen<span class=\"screen-reader-text\">Barrierefreiheit von WhatsApp<\/span><\/a><\/div>\n","protected":false},"author":1,"featured_media":0,"parent":531,"menu_order":0,"comment_status":"closed","ping_status":"closed","template":"","meta":{"footnotes":""},"class_list":["post-542","page","type-page","status-publish","hentry","entry"],"_links":{"self":[{"href":"https:\/\/www.netz-barrierefrei.de\/wordpress\/wp-json\/wp\/v2\/pages\/542","targetHints":{"allow":["GET"]}}],"collection":[{"href":"https:\/\/www.netz-barrierefrei.de\/wordpress\/wp-json\/wp\/v2\/pages"}],"about":[{"href":"https:\/\/www.netz-barrierefrei.de\/wordpress\/wp-json\/wp\/v2\/types\/page"}],"author":[{"embeddable":true,"href":"https:\/\/www.netz-barrierefrei.de\/wordpress\/wp-json\/wp\/v2\/users\/1"}],"replies":[{"embeddable":true,"href":"https:\/\/www.netz-barrierefrei.de\/wordpress\/wp-json\/wp\/v2\/comments?post=542"}],"version-history":[{"count":5,"href":"https:\/\/www.netz-barrierefrei.de\/wordpress\/wp-json\/wp\/v2\/pages\/542\/revisions"}],"predecessor-version":[{"id":10190,"href":"https:\/\/www.netz-barrierefrei.de\/wordpress\/wp-json\/wp\/v2\/pages\/542\/revisions\/10190"}],"up":[{"embeddable":true,"href":"https:\/\/www.netz-barrierefrei.de\/wordpress\/wp-json\/wp\/v2\/pages\/531"}],"wp:attachment":[{"href":"https:\/\/www.netz-barrierefrei.de\/wordpress\/wp-json\/wp\/v2\/media?parent=542"}],"curies":[{"name":"wp","href":"https:\/\/api.w.org\/{rel}","templated":true}]}}