{"id":544,"date":"2018-03-16T14:20:52","date_gmt":"2018-03-16T12:20:52","guid":{"rendered":"http:\/\/www.netz-barrierefrei.de\/wordpress\/?page_id=544"},"modified":"2022-04-12T15:05:25","modified_gmt":"2022-04-12T13:05:25","slug":"barrierefreiheit-von-twitter","status":"publish","type":"page","link":"https:\/\/www.netz-barrierefrei.de\/wordpress\/barrierefreies-web-2-0-ein-leitfaden-zu-social-media-und-behinderung\/barrierefreiheit-von-twitter\/","title":{"rendered":"Barrierefreiheit von Twitter"},"content":{"rendered":"<p><iframe loading=\"lazy\" width=\"560\" height=\"315\" src=\"https:\/\/www.youtube-nocookie.com\/embed\/ZxwFbFCWPw8\" frameborder=\"0\" allow=\"accelerometer; autoplay; clipboard-write; encrypted-media; gyroscope; picture-in-picture\" allowfullscreen><\/iframe><br \/>\ngehandhabt hat. Deswegen kann man sich heute lediglich darauf verlassen, dass die Anwendungen funktionieren, die von Twitter selbst stammen. <\/p>\n<div id=\"ez-toc-container\" class=\"ez-toc-v2_0_82_2 counter-hierarchy ez-toc-counter ez-toc-white ez-toc-container-direction\">\n<div class=\"ez-toc-title-container\">\n<p class=\"ez-toc-title\" style=\"cursor:inherit\">Inhalt<\/p>\n<span class=\"ez-toc-title-toggle\"><a href=\"#\" class=\"ez-toc-pull-right ez-toc-btn ez-toc-btn-xs ez-toc-btn-default ez-toc-toggle\" aria-label=\"Toggle Table of Content\"><span class=\"ez-toc-js-icon-con\"><span class=\"\"><span class=\"eztoc-hide\" style=\"display:none;\">Toggle<\/span><span class=\"ez-toc-icon-toggle-span\"><svg style=\"fill: #999;color:#999\" xmlns=\"http:\/\/www.w3.org\/2000\/svg\" class=\"list-377408\" width=\"20px\" height=\"20px\" viewBox=\"0 0 24 24\" fill=\"none\"><path d=\"M6 6H4v2h2V6zm14 0H8v2h12V6zM4 11h2v2H4v-2zm16 0H8v2h12v-2zM4 16h2v2H4v-2zm16 0H8v2h12v-2z\" fill=\"currentColor\"><\/path><\/svg><svg style=\"fill: #999;color:#999\" class=\"arrow-unsorted-368013\" xmlns=\"http:\/\/www.w3.org\/2000\/svg\" width=\"10px\" height=\"10px\" viewBox=\"0 0 24 24\" version=\"1.2\" baseProfile=\"tiny\"><path d=\"M18.2 9.3l-6.2-6.3-6.2 6.3c-.2.2-.3.4-.3.7s.1.5.3.7c.2.2.4.3.7.3h11c.3 0 .5-.1.7-.3.2-.2.3-.5.3-.7s-.1-.5-.3-.7zM5.8 14.7l6.2 6.3 6.2-6.3c.2-.2.3-.5.3-.7s-.1-.5-.3-.7c-.2-.2-.4-.3-.7-.3h-11c-.3 0-.5.1-.7.3-.2.2-.3.5-.3.7s.1.5.3.7z\"\/><\/svg><\/span><\/span><\/span><\/a><\/span><\/div>\n<nav><ul class='ez-toc-list ez-toc-list-level-1 ' ><li class='ez-toc-page-1 ez-toc-heading-level-2'><a class=\"ez-toc-link ez-toc-heading-1\" href=\"https:\/\/www.netz-barrierefrei.de\/wordpress\/barrierefreies-web-2-0-ein-leitfaden-zu-social-media-und-behinderung\/barrierefreiheit-von-twitter\/#Barrierefrei_tweeten\" >Barrierefrei tweeten<\/a><\/li><li class='ez-toc-page-1 ez-toc-heading-level-2'><a class=\"ez-toc-link ez-toc-heading-2\" href=\"https:\/\/www.netz-barrierefrei.de\/wordpress\/barrierefreies-web-2-0-ein-leitfaden-zu-social-media-und-behinderung\/barrierefreiheit-von-twitter\/#Alternativtexte_fuer_Twitter-Bilder\" >Alternativtexte f\u00fcr Twitter-Bilder<\/a><\/li><li class='ez-toc-page-1 ez-toc-heading-level-2'><a class=\"ez-toc-link ez-toc-heading-3\" href=\"https:\/\/www.netz-barrierefrei.de\/wordpress\/barrierefreies-web-2-0-ein-leitfaden-zu-social-media-und-behinderung\/barrierefreiheit-von-twitter\/#Videos\" >Videos<\/a><\/li><li class='ez-toc-page-1 ez-toc-heading-level-2'><a class=\"ez-toc-link ez-toc-heading-4\" href=\"https:\/\/www.netz-barrierefrei.de\/wordpress\/barrierefreies-web-2-0-ein-leitfaden-zu-social-media-und-behinderung\/barrierefreiheit-von-twitter\/#Schlechte_Beispiele\" >Schlechte Beispiele<\/a><\/li><li class='ez-toc-page-1 ez-toc-heading-level-2'><a class=\"ez-toc-link ez-toc-heading-5\" href=\"https:\/\/www.netz-barrierefrei.de\/wordpress\/barrierefreies-web-2-0-ein-leitfaden-zu-social-media-und-behinderung\/barrierefreiheit-von-twitter\/#Twitter_Spaces\" >Twitter Spaces<\/a><\/li><li class='ez-toc-page-1 ez-toc-heading-level-2'><a class=\"ez-toc-link ez-toc-heading-6\" href=\"https:\/\/www.netz-barrierefrei.de\/wordpress\/barrierefreies-web-2-0-ein-leitfaden-zu-social-media-und-behinderung\/barrierefreiheit-von-twitter\/#Weiterlesen\" >Weiterlesen<\/a><\/li><\/ul><\/nav><\/div>\n<h2><span class=\"ez-toc-section\" id=\"Barrierefrei_tweeten\"><\/span>Barrierefrei tweeten<span class=\"ez-toc-section-end\"><\/span><\/h2>\n<p>Barrierefreie Tweets sind gar nicht so schwer. Wie immer sollte die Rechtschreibung und Orthographie beachtet werden, da die Sprachausgabe von Blinden den Text sonst falsch vorliest. Erfahrungsgem\u00e4\u00df gibt sich der Leser bei Twitter keine M\u00fche zu pr\u00fcfen, was der Absender gemeint hat, sondern springt direkt zum n\u00e4chsten Tweet. So eine Timeline kann aus Hunderten von Tweets bestehen und man w\u00e4re lange besch\u00e4ftigt, wenn man auch nur einen Bruchteil davon entschl\u00fcsseln m\u00fcsste.<br \/>\nTweets m\u00fcssen also auf Anhieb verst\u00e4ndlich sein. Dabei ist es nicht so schlimm, wenn man die zur Verf\u00fcgung stehenden Zeichen komplett ausnutzt. Auch die Hash-Tags erf\u00fcllen eine wichtige Rolle, da sie zeigen, worum es geht. Dennoch oder gerade deswegen sollten Hash-Tags sparsam eingesetzt werden. Ein bis zwei Hash-Tags sind vollkommen ausreichend.<br \/>\nTwittert man einen Link, sollte man gen\u00fcgend Text zur Beschreibung des Link-Ziels vorsehen. Da Twitter auch viel mobil genutzt wird und mobiles Internet vom Volumen her begrenzt ist und relativ langsam sein kann, m\u00f6chten die meisten Leute weder Videos noch gro\u00dfe PDFs laden. Hinzu kommt, dass viele Websites bisher nicht f\u00fcr mobile Endger\u00e4te optimiert wurden. In der Regel geht der Follower davon aus, dass das Link-Ziel eine Website ist und kann sich entscheiden, ob er sie aufrufen m\u00f6chte oder nicht. In allen anderen F\u00e4llen sollte der Typ des Link-Ziels aus dem Tweet hervorgehen oder in Klammern vorangestellt werden, z.B. <\/p>\n<blockquote><p>Ihr findet unsere Studie als PDF unter <\/p><\/blockquote>\n<p>Auf der Abschlussveranstaltung ging es hei\u00df her (Video)<br \/>\nDie erste Variante ist nat\u00fcrlich eleganter, l\u00e4sst sich aber nicht in allen F\u00e4llen umsetzen.<br \/>\nTwitternamen und Tweets sollten m\u00f6glichst wenig oder keine Sonderzeichen wie { oder Emojis enthalten. Sie werden Blinden teils ausf\u00fchrlich angesagt und st\u00f6ren somit den Lesefluss. F\u00fcr die meisten Sehenden sind sie schnell \u00fcberspringbar, doch  Sehbehinderte und Blinde schaffen das nicht ohne Weiteres. <\/p>\n<h2><span class=\"ez-toc-section\" id=\"Alternativtexte_fuer_Twitter-Bilder\"><\/span>Alternativtexte f\u00fcr Twitter-Bilder<span class=\"ez-toc-section-end\"><\/span><\/h2>\n<p>Seit 2016 k\u00f6nnen auch Twitter-Bilder mit Alternativtext ausgestattet werden. Dazu das Bild hochladen und Beschreibung hinzuf\u00fcgen ausw\u00e4hlen.<br \/>\nSeit April 2022 bekommt man einen Punkt &#8222;ALT&#8220; unten links bei Bildern angezeigt, die eine Beschreibung haben. Dort k\u00f6nnt ihr die Beschreibung anderer Twitterer lesen.<\/p>\n<h2><span class=\"ez-toc-section\" id=\"Videos\"><\/span>Videos<span class=\"ez-toc-section-end\"><\/span><\/h2>\n<p>Auf Twitter k\u00f6nnen \u00fcberdas Twitter Media Studio geschlossene Untertitel hinzugef\u00fcgt werden. In naher Zukunft sollen auch Videos automatisch untertitelt werden.<br \/>\nSeit dem 15.12.2021 f\u00fcgt Twitter automatisch Untertitel hinzu. Diese sollten in jedem Fall \u00fcberarbeitet werden, da die automatische Erkennung nicht immer optimal ist.<br \/>\nWerAudioDeskription verwenden m\u00f6chte, muss sie fest in den Videoclip integrieren. <\/p>\n<h2><span class=\"ez-toc-section\" id=\"Schlechte_Beispiele\"><\/span>Schlechte Beispiele<span class=\"ez-toc-section-end\"><\/span><\/h2>\n<p>Schlechte Beispiele liefert etwa der Account EU Schwerbehinderung, hier als Beispiel:<\/p>\n<blockquote class=\"twitter-tweet\">\n<p lang=\"de\" dir=\"ltr\">Coronakrise &#8211; Bundesrat hat heute das #Kurzarbeitergeld beschlossen \/ #Behinderung #Inklusion #Deutschland #Hilfe #News #Berlin #Coronavirus #Deutschland #Bundesrat #Coronavirus #Virus #WHO #ECDC #Europa #Deutschland #Pandemie #Infektion #RKI #Epedemie&#8230; <a href=\"https:\/\/www.eu-schwerbehinderung.eu\/index.php\/33-aktuelles\/2623-coronakrise-bundesrat-hat-heute-das-kurzarbeitergeld-beschlossen\">https:\/\/t.co\/EmV1c3nEHY<\/a> pic.twitter.com\/KuYF1yXGdn<\/p>\n<p>&mdash; EU-Schwerbehinderung (@EUSchwerbehind1) March 13, 2020<\/p><\/blockquote>\n<p> <script async src=\"https:\/\/platform.twitter.com\/widgets.js\" charset=\"utf-8\"><\/script><br \/>\nDas wird so vorgelesen: <\/p>\n<blockquote><p>\nCoronakrise &#8211; Bundesrat hat heute das   Link    Nummernzeichen Kurzarbeitergeld   beschlossen \/   Link    Nummernzeichen Behinderung     Link    Nummernzeichen Inklusion     Link    Nummernzeichen Deutschland     Link    Nummernzeichen Hilfe     Link    Nummernzeichen News     Link    Nummernzeichen Berlin     Link    Nummernzeichen Coronavirus     Link    Nummernzeichen Deutschland<br \/>\nLink    Nummernzeichen Bundesrat     Link    Nummernzeichen Coronavirus     Link    Nummernzeichen Virus     Link    Nummernzeichen WHO     Link    Nummernzeichen ECDC     Link    Nummernzeichen Europa     Link    Nummernzeichen Deutschland     Link    Nummernzeichen Pandemie     Link    Nummernzeichen Infektion     Link    Nummernzeichen RKI<br \/>\nLink    Nummernzeichen Epedemie  &#8230;   Link    eu-schwerbehinderung.eu\/index.php\/33-a<br \/>\nLink    Grafik    Bild\n<\/p><\/blockquote>\n<p>Dazu muss man wissen, dass die Raute entweder als Hashtag oder als Nummernzeichen vorgelesen wird. Auf Twitter ist jeder Hashtag verlinkt, so dass die H\u00e4ufung an Hashtags es praktisch schwierig macht, den echten externen Link am Ende zu finden. Wir haben EU Schwerbehinderung darauf aufmerksam gemacht, hat sie aber nicht weiter interessiert. Anscheinend hat man dem Social-Media-Verantwortlichen beigebracht, einfach alle m\u00f6glichen und unm\u00f6glichen Begriffe zu besetzen, im Mailing w\u00fcrde man von Spam sprechen.<br \/>\nEin weiteres schlechtes Beispiel liefert REHADAT:<\/p>\n<blockquote class=\"twitter-tweet\">\n<p lang=\"de\" dir=\"ltr\">Webinare #Sehbehinderung und &quot;eingeschr\u00e4nkte #Mobilit\u00e4t&quot; am 11. und 25. M\u00e4rz. Anbieter: @AUL_BB <br \/>Infos&#x27a1;&#xfe0f;https:\/\/t.co\/m2Vb6iMXn2 #Behinderung #Teilhabe #Inklusion @DBSV @DBSV_Jugendclub @Blindenwerk @aktion_mensch @VdK_Deutschland @barrierefrei @Barrierefrei_Ma @rufus_witt @raulde pic.twitter.com\/2vXmiLHaei<\/p>\n<p>&mdash; REHADAT (@REHADAT) March 9, 2020<\/p><\/blockquote>\n<p> <script async src=\"https:\/\/platform.twitter.com\/widgets.js\" charset=\"utf-8\"><\/script><br \/>\nDas wird so vorgelesen:<\/p>\n<blockquote><p>\nWebinare<br \/>\nWebinare   Link    #Sehbehinderung   und &#8222;eingeschr\u00e4nkte   Link    #Mobilit\u00e4t  &#8220; am 11. und 25. M\u00e4rz.<br \/>\nAnbieter:   Link    \u00e4t AUL_BB<br \/>\nInfos  Grafik  anklickbar    Pfeil nach rechts<br \/>\nLink    bit.ly\/2W0tfaz     Link    #Behinderung     Link    #Teilhabe     Link    #Inklusion     Link    \u00e4t DBSV<\/p>\n<p>Link    \u00e4t DBSV_Jugendclub<br \/>\nLink    \u00e4t Blindenwerk<br \/>\nLink    \u00e4t aktion_mensch<br \/>\nLink    \u00e4t VdK_Deutschland<br \/>\nLink    \u00e4t barrierefrei<br \/>\nLink    \u00e4t Barrierefrei_Ma<br \/>\nLink    \u00e4t rufus_witt<br \/>\nLink    \u00e4t raulde<\/p>\n<\/blockquote>\n<p>Neben dem Hash-Tag-Stuffing gilt auch das mehr oder willk\u00fcrliche Verkn\u00fcpfen anderer Accounts im Grunde als Spamming. Auch erw\u00e4hnte Personen werden als Link mit einem @ vorne dran vorgelesen. <\/p>\n<h2><span class=\"ez-toc-section\" id=\"Twitter_Spaces\"><\/span>Twitter Spaces<span class=\"ez-toc-section-end\"><\/span><\/h2>\n<p>Twitter Spaces sind reine Audio-Konferenzen. Sie sind relativ gut nutzbar. Au\u00dferdem werden automatische Untertitel angeboten. <\/p>\n<h2><span class=\"ez-toc-section\" id=\"Weiterlesen\"><\/span>Weiterlesen<span class=\"ez-toc-section-end\"><\/span><\/h2>\n<p>Improving accessibility of twitter.com<\/p>\n","protected":false},"excerpt":{"rendered":"<p>gehandhabt hat. Deswegen kann man sich heute lediglich darauf verlassen, dass die Anwendungen funktionieren, die von Twitter selbst stammen. Barrierefrei tweeten Barrierefreie Tweets sind gar&#8230;<\/p>\n<div class=\"more-link-wrapper\"><a class=\"more-link\" href=\"https:\/\/www.netz-barrierefrei.de\/wordpress\/barrierefreies-web-2-0-ein-leitfaden-zu-social-media-und-behinderung\/barrierefreiheit-von-twitter\/\">Weiterlesen<span class=\"screen-reader-text\">Barrierefreiheit von Twitter<\/span><\/a><\/div>\n","protected":false},"author":1,"featured_media":0,"parent":531,"menu_order":0,"comment_status":"closed","ping_status":"closed","template":"","meta":{"footnotes":""},"class_list":["post-544","page","type-page","status-publish","hentry","entry"],"_links":{"self":[{"href":"https:\/\/www.netz-barrierefrei.de\/wordpress\/wp-json\/wp\/v2\/pages\/544","targetHints":{"allow":["GET"]}}],"collection":[{"href":"https:\/\/www.netz-barrierefrei.de\/wordpress\/wp-json\/wp\/v2\/pages"}],"about":[{"href":"https:\/\/www.netz-barrierefrei.de\/wordpress\/wp-json\/wp\/v2\/types\/page"}],"author":[{"embeddable":true,"href":"https:\/\/www.netz-barrierefrei.de\/wordpress\/wp-json\/wp\/v2\/users\/1"}],"replies":[{"embeddable":true,"href":"https:\/\/www.netz-barrierefrei.de\/wordpress\/wp-json\/wp\/v2\/comments?post=544"}],"version-history":[{"count":51,"href":"https:\/\/www.netz-barrierefrei.de\/wordpress\/wp-json\/wp\/v2\/pages\/544\/revisions"}],"predecessor-version":[{"id":10111,"href":"https:\/\/www.netz-barrierefrei.de\/wordpress\/wp-json\/wp\/v2\/pages\/544\/revisions\/10111"}],"up":[{"embeddable":true,"href":"https:\/\/www.netz-barrierefrei.de\/wordpress\/wp-json\/wp\/v2\/pages\/531"}],"wp:attachment":[{"href":"https:\/\/www.netz-barrierefrei.de\/wordpress\/wp-json\/wp\/v2\/media?parent=544"}],"curies":[{"name":"wp","href":"https:\/\/api.w.org\/{rel}","templated":true}]}}