{"id":558,"date":"2018-03-21T18:29:37","date_gmt":"2018-03-21T16:29:37","guid":{"rendered":"http:\/\/www.netz-barrierefrei.de\/wordpress\/?page_id=558"},"modified":"2018-03-21T18:29:37","modified_gmt":"2018-03-21T16:29:37","slug":"formen-von-einschraenkungen","status":"publish","type":"page","link":"https:\/\/www.netz-barrierefrei.de\/wordpress\/barrierefreies-internet\/formen-von-einschraenkungen\/","title":{"rendered":"Formen von Einschr\u00e4nkungen"},"content":{"rendered":"<p>Im ersten Teil des Kurses wollen wir verschiedene Formen der Behinderung kennenlernen. Grob lassen sich zwei Arten der Behinderung unterscheiden:<\/p>\n<ul>\n<li> Die k\u00f6rperliche oder physische Behinderung ist eine Einschr\u00e4nkung eines oder mehrerer K\u00f6rperteile oder Sinnesorgane. Sie kann offensichtlich sein wie bei vielen Blinden oder h\u00e4ufig unsichtbar wie eine H\u00f6rbehinderung.<\/li>\n<li>Die geistige Behinderung wird heute eher als Lernbehinderung bezeichnet. Darunter fallen etwa bestimmte Formen von Autismus, Down-Syndrom und so weiter.<\/li>\n<li>Eine dritte Gruppe, an die selten gedacht wird, sind Menschen mit Lernst\u00f6rungen wie Legasthemie, Dyslexie oder die Rechenschw\u00e4che. Auch die Gruppe profitiert von Barrierefreiheit, diese St\u00f6rungen werden aber nicht als Behinderungen angesehen.<\/li>\n<\/ul>\n<p>Das ist keine umfassende Einf\u00fchrung in das Thema Behinderung &#8211; im Gegenteil, hier wird nur an der oberfl\u00e4che gekratzt. An dieser Stelle geht es nur darum, ein Grundverst\u00e4ndnis f\u00fcr die verschiedenen Behinderungsformen zu bekommen, um Probleme der Zug\u00e4nglichkeit schon im Vorfeld besser antizipieren zu k\u00f6nnen. Wenn du dich st\u00e4rker f\u00fcr eines der Themen interessierst: es gibt zahllose Foren, Blogs und Informationsseiten, die teils sehr detailiert auf die einzelnen Behinderungsformen eingehen. Wenn du Fragen dazu hast, frag die Leute, die dort unterwegs sind, sie sind meistens gerne bereit, Antworten zu geben.<br \/>\nNach der modernen Definition von Behinderung werden Behinderungen als eine Mischung aus k\u00f6rperlichen Gebrechen und gesellschaftlicher Benachteiligung angesehen. Heute hei\u00dft es nicht mehr, Behinderung ist heilbar, sondern behindern ist heilbar. Eine k\u00f6rperliche oder geistige Einschr\u00e4nkung soll nicht als Defizit angesehen werden. <\/p>\n","protected":false},"excerpt":{"rendered":"<p>Im ersten Teil des Kurses wollen wir verschiedene Formen der Behinderung kennenlernen. Grob lassen sich zwei Arten der Behinderung unterscheiden: Die k\u00f6rperliche oder physische Behinderung&#8230;<\/p>\n<div class=\"more-link-wrapper\"><a class=\"more-link\" href=\"https:\/\/www.netz-barrierefrei.de\/wordpress\/barrierefreies-internet\/formen-von-einschraenkungen\/\">Weiterlesen<span class=\"screen-reader-text\">Formen von Einschr\u00e4nkungen<\/span><\/a><\/div>\n","protected":false},"author":1,"featured_media":0,"parent":556,"menu_order":0,"comment_status":"closed","ping_status":"closed","template":"","meta":{"footnotes":""},"class_list":["post-558","page","type-page","status-publish","hentry","entry"],"_links":{"self":[{"href":"https:\/\/www.netz-barrierefrei.de\/wordpress\/wp-json\/wp\/v2\/pages\/558","targetHints":{"allow":["GET"]}}],"collection":[{"href":"https:\/\/www.netz-barrierefrei.de\/wordpress\/wp-json\/wp\/v2\/pages"}],"about":[{"href":"https:\/\/www.netz-barrierefrei.de\/wordpress\/wp-json\/wp\/v2\/types\/page"}],"author":[{"embeddable":true,"href":"https:\/\/www.netz-barrierefrei.de\/wordpress\/wp-json\/wp\/v2\/users\/1"}],"replies":[{"embeddable":true,"href":"https:\/\/www.netz-barrierefrei.de\/wordpress\/wp-json\/wp\/v2\/comments?post=558"}],"version-history":[{"count":1,"href":"https:\/\/www.netz-barrierefrei.de\/wordpress\/wp-json\/wp\/v2\/pages\/558\/revisions"}],"predecessor-version":[{"id":559,"href":"https:\/\/www.netz-barrierefrei.de\/wordpress\/wp-json\/wp\/v2\/pages\/558\/revisions\/559"}],"up":[{"embeddable":true,"href":"https:\/\/www.netz-barrierefrei.de\/wordpress\/wp-json\/wp\/v2\/pages\/556"}],"wp:attachment":[{"href":"https:\/\/www.netz-barrierefrei.de\/wordpress\/wp-json\/wp\/v2\/media?parent=558"}],"curies":[{"name":"wp","href":"https:\/\/api.w.org\/{rel}","templated":true}]}}