{"id":560,"date":"2018-03-21T18:31:21","date_gmt":"2018-03-21T16:31:21","guid":{"rendered":"http:\/\/www.netz-barrierefrei.de\/wordpress\/?page_id=560"},"modified":"2023-08-09T12:23:28","modified_gmt":"2023-08-09T10:23:28","slug":"bewegen-morotische-behinderung","status":"publish","type":"page","link":"https:\/\/www.netz-barrierefrei.de\/wordpress\/barrierefreies-internet\/formen-von-einschraenkungen\/bewegen-morotische-behinderung\/","title":{"rendered":"Bewegen = motorische Behinderung"},"content":{"rendered":"<p>Unter dem Begriff motorische Behinderung werden alle Einschr\u00e4nkungen der k\u00f6rperlichen Bewegungsf\u00e4higkeit zusammengefasst. Spontan denkt man an den Menschen, der im Rollstuhl sitzt. Auch hier k\u00f6nnen die Einschr\u00e4nkungen sehr unterschiedlich sein. Einige Menschen k\u00f6nnen kurze Strecken zu Fu\u00df laufen. Vor allem \u00e4ltere Menschen benutzen Gehwagen, die sie zum Gehen und Abst\u00fctzen verwenden. Bei anderen sind sowohl die Bewegungsf\u00e4higkeit der Arme als auch der Beine eingeschr\u00e4nkt, zum Beispiel bei der Glasknochenkrankheit. Daneben gibt es einige Erkrankungen wie Rheuma, Parkinson oder Multiple Sklerose, die oft &#8211; aber nicht nur &#8211; im Alter auftreten. <\/p>\n<div id=\"ez-toc-container\" class=\"ez-toc-v2_0_82_2 counter-hierarchy ez-toc-counter ez-toc-white ez-toc-container-direction\">\n<div class=\"ez-toc-title-container\">\n<p class=\"ez-toc-title\" style=\"cursor:inherit\">Inhalt<\/p>\n<span class=\"ez-toc-title-toggle\"><a href=\"#\" class=\"ez-toc-pull-right ez-toc-btn ez-toc-btn-xs ez-toc-btn-default ez-toc-toggle\" aria-label=\"Toggle Table of Content\"><span class=\"ez-toc-js-icon-con\"><span class=\"\"><span class=\"eztoc-hide\" style=\"display:none;\">Toggle<\/span><span class=\"ez-toc-icon-toggle-span\"><svg style=\"fill: #999;color:#999\" xmlns=\"http:\/\/www.w3.org\/2000\/svg\" class=\"list-377408\" width=\"20px\" height=\"20px\" viewBox=\"0 0 24 24\" fill=\"none\"><path d=\"M6 6H4v2h2V6zm14 0H8v2h12V6zM4 11h2v2H4v-2zm16 0H8v2h12v-2zM4 16h2v2H4v-2zm16 0H8v2h12v-2z\" fill=\"currentColor\"><\/path><\/svg><svg style=\"fill: #999;color:#999\" class=\"arrow-unsorted-368013\" xmlns=\"http:\/\/www.w3.org\/2000\/svg\" width=\"10px\" height=\"10px\" viewBox=\"0 0 24 24\" version=\"1.2\" baseProfile=\"tiny\"><path d=\"M18.2 9.3l-6.2-6.3-6.2 6.3c-.2.2-.3.4-.3.7s.1.5.3.7c.2.2.4.3.7.3h11c.3 0 .5-.1.7-.3.2-.2.3-.5.3-.7s-.1-.5-.3-.7zM5.8 14.7l6.2 6.3 6.2-6.3c.2-.2.3-.5.3-.7s-.1-.5-.3-.7c-.2-.2-.4-.3-.7-.3h-11c-.3 0-.5.1-.7.3-.2.2-.3.5-.3.7s.1.5.3.7z\"\/><\/svg><\/span><\/span><\/span><\/a><\/span><\/div>\n<nav><ul class='ez-toc-list ez-toc-list-level-1 ' ><li class='ez-toc-page-1 ez-toc-heading-level-2'><a class=\"ez-toc-link ez-toc-heading-1\" href=\"https:\/\/www.netz-barrierefrei.de\/wordpress\/barrierefreies-internet\/formen-von-einschraenkungen\/bewegen-morotische-behinderung\/#Hilfsmittel_fuer_motorisch_Behinderte\" >Hilfsmittel f\u00fcr motorisch Behinderte<\/a><\/li><li class='ez-toc-page-1 ez-toc-heading-level-2'><a class=\"ez-toc-link ez-toc-heading-2\" href=\"https:\/\/www.netz-barrierefrei.de\/wordpress\/barrierefreies-internet\/formen-von-einschraenkungen\/bewegen-morotische-behinderung\/#Barrieren_fuer_motorisch_behinderte_Menschen\" >Barrieren f\u00fcr motorisch behinderte Menschen<\/a><\/li><li class='ez-toc-page-1 ez-toc-heading-level-2'><a class=\"ez-toc-link ez-toc-heading-3\" href=\"https:\/\/www.netz-barrierefrei.de\/wordpress\/barrierefreies-internet\/formen-von-einschraenkungen\/bewegen-morotische-behinderung\/#Hilfen_fuer_motorisch_eingeschraenkte_Personen\" >Hilfen f\u00fcr motorisch eingeschr\u00e4nkte Personen<\/a><\/li><\/ul><\/nav><\/div>\n<h2><span class=\"ez-toc-section\" id=\"Hilfsmittel_fuer_motorisch_Behinderte\"><\/span>Hilfsmittel f\u00fcr motorisch Behinderte<span class=\"ez-toc-section-end\"><\/span><\/h2>\n<p>Je nach dem, wie stark die Bewegungsf\u00e4higkeit eingeschr\u00e4nkt ist, werden ganz unterschiedliche Hilfsmittel eingesetzt. Manchmal reicht es aus, eine spezielle Maus zu verwenden, die einfacher zu benutzen ist als die Standardmaus. Manche verzichten ganz auf die Maus und setzen vor allem die Tastatur ein. Das sind vor allem Menschen mit feinmotorischen St\u00f6rungen.<br \/>\nDaneben gibt es weitere Hilfsmittel. Die einfachste M\u00f6glichkeit zur Computerbedienung ist die Sprachsteuerung. Ein relativ neuer Trend sind die in die Betriebssysteme integrierten Spracheingaben. Auf dem Markt gibt es einige kommerzielle Spracheingabe und -steuerungsprogramme, die aber in erster Linie als Diktiersoftware gedacht sind. Das bekannteste Programm ist Dragon Naturally Speaking. Die klassische Sprachsteuerung basiert auf festen Befehlss\u00e4tzen. \u00c4hnlich wie bei den Tastenkombinationen oder bei der Shell m\u00fcssen bestimmte Befehle auswendig gelernt werden.<br \/>\nAuch f\u00fcr Smartphones gibt es Sprachsteuerungen. Daneben hat sich Amazon als Marktf\u00fchrer f\u00fcr sprach-basierte Systeme entwickelt.<br \/>\nBei starken motorischen Einschr\u00e4nkungen werden auch Augen- oder Zungensteuerungen eingesetzt. \u00c4hnlich wie bei der Maus wird ein Cursor mit dem Ger\u00e4t \u00fcber den Bildschirm gesteuert. \u00dcber eine Tastatur, die auf dem Bildschirm eingeblendet wird, k\u00f6nnen Texte geschrieben werden. <\/p>\n<h2><span class=\"ez-toc-section\" id=\"Barrieren_fuer_motorisch_behinderte_Menschen\"><\/span>Barrieren f\u00fcr motorisch behinderte Menschen<span class=\"ez-toc-section-end\"><\/span><\/h2>\n<p>F\u00fcr motorisch eingeschr\u00e4nkte Menschen ist es schwierig, dynamische Elemente zu bedienen, weil sie auf Mausaktivit\u00e4t ausgelegt sind. Beliebt sind zum Beispiel die Dropdown-Men\u00fcs. Der Mauscursor muss   dabei sehr exakt gesteuert werden und es kann schnell passieren, dass das falsche Element angeklickt wird. <\/p>\n<h2><span class=\"ez-toc-section\" id=\"Hilfen_fuer_motorisch_eingeschraenkte_Personen\"><\/span>Hilfen f\u00fcr motorisch eingeschr\u00e4nkte Personen<span class=\"ez-toc-section-end\"><\/span><\/h2>\n<p>F\u00fcr motorisch behinderte Menschen sind \u00e4hnliche Bedienungs-Schnittstellen interessant, wie sie von der Tastatur genutzt werden. Sie m\u00fcssen zum Beispiel immer wissen, welches anklickbare Element fokussiert ist.<br \/>\nBei der Sprachsteuerung sind semantische Elemente besonders wichtig. Die Sprachsteuerung kann zum Beispiel Elemente wie Buttons oder Links auflisten, soern sie semantisch korrekt hinterlegt wurden.<br \/>\n<a href=\"https:\/\/netz-barrierefrei.de\/en\/motor.html\">Motor Disabilities and digital Accessibility<\/a><\/p>\n","protected":false},"excerpt":{"rendered":"<p>Unter dem Begriff motorische Behinderung werden alle Einschr\u00e4nkungen der k\u00f6rperlichen Bewegungsf\u00e4higkeit zusammengefasst. Spontan denkt man an den Menschen, der im Rollstuhl sitzt. Auch hier k\u00f6nnen&#8230;<\/p>\n<div class=\"more-link-wrapper\"><a class=\"more-link\" href=\"https:\/\/www.netz-barrierefrei.de\/wordpress\/barrierefreies-internet\/formen-von-einschraenkungen\/bewegen-morotische-behinderung\/\">Weiterlesen<span class=\"screen-reader-text\">Bewegen = motorische Behinderung<\/span><\/a><\/div>\n","protected":false},"author":1,"featured_media":0,"parent":558,"menu_order":0,"comment_status":"closed","ping_status":"closed","template":"","meta":{"footnotes":""},"class_list":["post-560","page","type-page","status-publish","hentry","entry"],"_links":{"self":[{"href":"https:\/\/www.netz-barrierefrei.de\/wordpress\/wp-json\/wp\/v2\/pages\/560","targetHints":{"allow":["GET"]}}],"collection":[{"href":"https:\/\/www.netz-barrierefrei.de\/wordpress\/wp-json\/wp\/v2\/pages"}],"about":[{"href":"https:\/\/www.netz-barrierefrei.de\/wordpress\/wp-json\/wp\/v2\/types\/page"}],"author":[{"embeddable":true,"href":"https:\/\/www.netz-barrierefrei.de\/wordpress\/wp-json\/wp\/v2\/users\/1"}],"replies":[{"embeddable":true,"href":"https:\/\/www.netz-barrierefrei.de\/wordpress\/wp-json\/wp\/v2\/comments?post=560"}],"version-history":[{"count":7,"href":"https:\/\/www.netz-barrierefrei.de\/wordpress\/wp-json\/wp\/v2\/pages\/560\/revisions"}],"predecessor-version":[{"id":8219,"href":"https:\/\/www.netz-barrierefrei.de\/wordpress\/wp-json\/wp\/v2\/pages\/560\/revisions\/8219"}],"up":[{"embeddable":true,"href":"https:\/\/www.netz-barrierefrei.de\/wordpress\/wp-json\/wp\/v2\/pages\/558"}],"wp:attachment":[{"href":"https:\/\/www.netz-barrierefrei.de\/wordpress\/wp-json\/wp\/v2\/media?parent=560"}],"curies":[{"name":"wp","href":"https:\/\/api.w.org\/{rel}","templated":true}]}}