{"id":563,"date":"2018-03-21T18:38:26","date_gmt":"2018-03-21T16:38:26","guid":{"rendered":"http:\/\/www.netz-barrierefrei.de\/wordpress\/?page_id=563"},"modified":"2023-08-09T12:24:39","modified_gmt":"2023-08-09T10:24:39","slug":"hoeren-und-gehoerlosigkeit","status":"publish","type":"page","link":"https:\/\/www.netz-barrierefrei.de\/wordpress\/barrierefreies-internet\/formen-von-einschraenkungen\/hoeren-und-gehoerlosigkeit\/","title":{"rendered":"H\u00f6ren und Geh\u00f6rlosigkeit"},"content":{"rendered":"<p>\u00c4hnlich wie bei Sehbehinderung und Blindheit gibt es eine gro\u00dfe Spannweite an Einschr\u00e4nkungen des Geh\u00f6rs. Einige H\u00f6rsch\u00e4digungen machen sich im Alltag kaum bemerkbar, andere f\u00fchren dazu, dass die betroffene Person nur mit Hilfsmitteln oder so gut wie nichts h\u00f6ren kann.<br \/>\nLeichte H\u00f6rsch\u00e4digungen k\u00f6nnen im Alltag unbemerkt bleiben, wenn man nicht gerade einen H\u00f6rtest macht. Wir merken es im Alltag kaum, aber viele Menschen k\u00f6nnen zumindest ein wenig Lippenlesen. Deshalb kann man auch Leute auf einem Konzert oder in der Disco mehr oder weniger verstehen. Wenn es dort stockdunkel w\u00e4re, w\u00fcrde das Kommunizieren auch schwerer fallen. <\/p>\n<div id=\"ez-toc-container\" class=\"ez-toc-v2_0_82_2 counter-hierarchy ez-toc-counter ez-toc-white ez-toc-container-direction\">\n<div class=\"ez-toc-title-container\">\n<p class=\"ez-toc-title\" style=\"cursor:inherit\">Inhalt<\/p>\n<span class=\"ez-toc-title-toggle\"><a href=\"#\" class=\"ez-toc-pull-right ez-toc-btn ez-toc-btn-xs ez-toc-btn-default ez-toc-toggle\" aria-label=\"Toggle Table of Content\"><span class=\"ez-toc-js-icon-con\"><span class=\"\"><span class=\"eztoc-hide\" style=\"display:none;\">Toggle<\/span><span class=\"ez-toc-icon-toggle-span\"><svg style=\"fill: #999;color:#999\" xmlns=\"http:\/\/www.w3.org\/2000\/svg\" class=\"list-377408\" width=\"20px\" height=\"20px\" viewBox=\"0 0 24 24\" fill=\"none\"><path d=\"M6 6H4v2h2V6zm14 0H8v2h12V6zM4 11h2v2H4v-2zm16 0H8v2h12v-2zM4 16h2v2H4v-2zm16 0H8v2h12v-2z\" fill=\"currentColor\"><\/path><\/svg><svg style=\"fill: #999;color:#999\" class=\"arrow-unsorted-368013\" xmlns=\"http:\/\/www.w3.org\/2000\/svg\" width=\"10px\" height=\"10px\" viewBox=\"0 0 24 24\" version=\"1.2\" baseProfile=\"tiny\"><path d=\"M18.2 9.3l-6.2-6.3-6.2 6.3c-.2.2-.3.4-.3.7s.1.5.3.7c.2.2.4.3.7.3h11c.3 0 .5-.1.7-.3.2-.2.3-.5.3-.7s-.1-.5-.3-.7zM5.8 14.7l6.2 6.3 6.2-6.3c.2-.2.3-.5.3-.7s-.1-.5-.3-.7c-.2-.2-.4-.3-.7-.3h-11c-.3 0-.5.1-.7.3-.2.2-.3.5-.3.7s.1.5.3.7z\"\/><\/svg><\/span><\/span><\/span><\/a><\/span><\/div>\n<nav><ul class='ez-toc-list ez-toc-list-level-1 ' ><li class='ez-toc-page-1 ez-toc-heading-level-2'><a class=\"ez-toc-link ez-toc-heading-1\" href=\"https:\/\/www.netz-barrierefrei.de\/wordpress\/barrierefreies-internet\/formen-von-einschraenkungen\/hoeren-und-gehoerlosigkeit\/#Gehoerlosigkeit\" >Geh\u00f6rlosigkeit<\/a><\/li><li class='ez-toc-page-1 ez-toc-heading-level-2'><a class=\"ez-toc-link ez-toc-heading-2\" href=\"https:\/\/www.netz-barrierefrei.de\/wordpress\/barrierefreies-internet\/formen-von-einschraenkungen\/hoeren-und-gehoerlosigkeit\/#Untertitel_und_Transkripte\" >Untertitel und Transkripte<\/a><\/li><li class='ez-toc-page-1 ez-toc-heading-level-2'><a class=\"ez-toc-link ez-toc-heading-3\" href=\"https:\/\/www.netz-barrierefrei.de\/wordpress\/barrierefreies-internet\/formen-von-einschraenkungen\/hoeren-und-gehoerlosigkeit\/#Leichte_Sprache\" >Leichte Sprache<\/a><\/li><li class='ez-toc-page-1 ez-toc-heading-level-2'><a class=\"ez-toc-link ez-toc-heading-4\" href=\"https:\/\/www.netz-barrierefrei.de\/wordpress\/barrierefreies-internet\/formen-von-einschraenkungen\/hoeren-und-gehoerlosigkeit\/#Handlungsmoeglichkeiten\" >Handlungsm\u00f6glichkeiten<\/a><\/li><\/ul><\/nav><\/div>\n<h2><span class=\"ez-toc-section\" id=\"Gehoerlosigkeit\"><\/span>Geh\u00f6rlosigkeit <span class=\"ez-toc-section-end\"><\/span><\/h2>\n<p>Geh\u00f6rlose Personen h\u00f6ren wenig oder gar nichts. Kinder, die von Geburt an geh\u00f6rlos sind oder sehr fr\u00fch ihr Geh\u00f6r verlieren, lernen die Lautsprache nicht. Ihre Muttersprache wird die Geb\u00e4rdensprache. Die Geb\u00e4rdensprache ist zwar eine vollst\u00e4ndige eigenst\u00e4ndige Sprache, sie hat aber eine andere Basis als die Lautsprache. Unsere Lautsprache basiert auf Silben und Phonemen, die Geb\u00e4rdensprache basiert auf einzelnen Geb\u00e4rden f\u00fcr W\u00f6rter.<br \/>\nDeshalb haben Menschen, die die Lautsprache nicht gelernt haben Probleme, die gesprochene und geschriebene Sprache zu verstehen. F\u00fcr sie ist diese Sprache und die Schrift wie eine Fremdsprache.<br \/>\nBei Videos werden Untertitel eingesetzt, damit Geh\u00f6rlose und Schwerh\u00f6rige Menschen den Inhalt verstehen k\u00f6nnen. Es gibt zwei Arten von Untertiteln. Bei fremdsprachigen Filmen wird einfach der gesprochene Text \u00fcbersetzt (OmU). Untertitel f\u00fcr Geh\u00f6rlose enthalten weitere akkustische Informationen, die dem Geh\u00f6rlosen ansonsten entgehen w\u00fcrden.<br \/>\nUntertitel haben auch eine Reihe von Vorteilen f\u00fcr Menschen, die keine Probleme mit ihrem Geh\u00f6r haben. Wenn zum Beispiel die Tonqualit\u00e4t nicht so gut ist, etwa bei einer Aufzeichnung aus einem H\u00f6rsaal mit starkem Hall oder vielen Nebenger\u00e4uschen k\u00f6nnen sie das Gesprochene parallel mitlesen. Zudem haben nicht alle Sprecher eine verst\u00e4ndliche Stimme. Insgesamt profitieren aber auch menschen, die der Deutschen Sprache nicht so m\u00e4chtig sind. Schau dir einfach mal einen Vortrag in amerikanischem Englisch an, am besten gehalten von einem S\u00fcdstaatler, es wird dir leichter fallen, den Inhalt zu verstehen, wenn das Gesagte in den Untertiteln nachzulesen ist.<br \/>\nF\u00fcr Geh\u00f6rlose spielen Geb\u00e4rdenvideos eine besondere Rolle bei der Kommunikation im Internet. Es gibt eigene Communities, in denen Geh\u00f6rlose sich \u00fcber Geb\u00e4rdenvideos austauschen. Sie profitieren von der mittlerweile hohen Bandbreite im Internet und der guten Verf\u00fcgbarkeit von Webcams und Videokameras.<br \/>\nAu\u00dferhalb spezieller Geh\u00f6rlosenportale werden relativ selten Inhalte in Geb\u00e4rdensprache bereit gestellt. Es gibt in Deutschland relativ wenige Geb\u00e4rdensprachdolmetscher, zudem ist die Produktion von Geb\u00e4rdensprachvideos derzeit noch recht teuer. Texte, die h\u00e4ufig aktualisiert werden, m\u00fcssten zudeem auch jedes Mal neu geb\u00e4rdet werden.<br \/>\nEine L\u00f6sung f\u00fcr dieses Problem versprechen automatische \u00dcbersetzer, die Texte in Geb\u00e4rden \u00fcbersetzen, die von einem digitalen Avatar vorgef\u00fchrt werden. Solche Programme sind in Entwicklung, wann sie marktreif sein werden, kann heute noch keiner sagen. <\/p>\n<h2><span class=\"ez-toc-section\" id=\"Untertitel_und_Transkripte\"><\/span>Untertitel und Transkripte<span class=\"ez-toc-section-end\"><\/span><\/h2>\n<p>Einfacher als Geb\u00e4rdensprachvideos k\u00f6nnen Transkripte von Audio-Dateien und Untertitel f\u00fcr Videos erstellt werden. Ein Transkript ist einfach nur eine Verschriftlichung eines Audiobeitrags. Ein Transkript hat nebenbei gesagt noch einige andere Vorteile. Viele Leute haben kein gro\u00dfes Interesse daran, einen Podcast \u00fcber mehrere Stunden anzuh\u00f6ren. Au\u00dferdem kann man eine Audiodatei schlecht durchsuchen. Last not least kann ein Texttranskript leichter von Suchmaschinen gefunden werden. Suchmaschinen m\u00f6gen Text, sie m\u00f6gen aber kein Audio oder Video. Ein gutes Beispiel ist dieses Transkript eines Gespr\u00e4chs zwischen Frank Rieger, Fefe und Frank Schirrmacher.<br \/>\nBei der Erstellung eines Transkripts ist es sinnvoll, auf die \u00fcbliche Struktur von Texten zur\u00fcckzugreifen, das hei\u00dft, es sollten \u00dcberschriften, Listen, Zitate und Links eingesetzt werden. Das Transkript sollte als eigenst\u00e4ndiger Text funktionieren. Theoretisch kann man &#8211; wie im verlinkten Beitrag &#8211; den Zeitindex mit aufnehmen, also beschreiben, wer wann was gesagt hat. Ob das wichtig ist, muss jeder selbst entscheiden.<br \/>\nMittlerweile gibt es auch einige Programme, die zumindest beim Abschreiben helfen sollen. Bei Dragon Naturally Speaking gibt es eine M\u00f6glichkeit, Audio-Dateien transkribieren zu lassen. Die Ergebnisse m\u00f6gen am Ende nicht perfekt sein, aber das ist schon mal besser als nichts und spart sicher viel Arbeit. <\/p>\n<h2><span class=\"ez-toc-section\" id=\"Leichte_Sprache\"><\/span>Leichte Sprache<span class=\"ez-toc-section-end\"><\/span><\/h2>\n<p>Auch Texte in Leichter Sprache k\u00f6nnen f\u00fcr Geh\u00f6rlose eine Hilfe sein. Darauf gehe ich im n\u00e4chsten Abschnitt &#8222;Verstehen&#8220; genauer ein.<\/p>\n<ul>\n<li>Was ist eigentlich Geb\u00e4rdensprache? die Deutsche Gesellschaft f\u00fcr Sprachwissenschaften beanntwortet die wichtigsten Fragen<\/li>\n<p>><\/ul>\n<h2><span class=\"ez-toc-section\" id=\"Handlungsmoeglichkeiten\"><\/span>Handlungsm\u00f6glichkeiten<span class=\"ez-toc-section-end\"><\/span><\/h2>\n<p>Leider ist die \u00dcbersetzung von Texten oder Vortr\u00e4gen in Leichte Sprache oder Geb\u00e4rdensprache aufwendig und teuer. Dennoch gibt es einige M\u00f6glichkeiten, um die Kommunikation mit geh\u00f6rlosen oder schwerh\u00f6rigen Menschen zu erm\u00f6glichen.<br \/>\nEine dieser M\u00f6glichkeiten ist VerbaVoice. VerbaVoice ist ein mobiler Text- und Geb\u00e4rdendolmetschdienst, der flexibel zugeschaltet werden kann. Er ist zum Beispiel daf\u00fcr geeignet, Vortr\u00e4ge oder Bewerbungsgespr\u00e4che barrierefreier zu gestalten. In vielen F\u00e4llen wie bei Arztbesuchen oder Bewerbungsgespr\u00e4chen sollte im \u00fcbrigen ein anderer Kostentr\u00e4ger die Kosten f\u00fcr die Geb\u00e4rdendienste \u00fcbernehmen<br \/>\nEin anderer Dienst ist das Signing Question and Answer Tool. Dabei gibt es die M\u00f6glichkeit, Videos in Geb\u00e4rdensprache anzunehmen, in Text transkribieren zu lassen, die Antwort in Text abzufassen, sie in Geb\u00e4rdensprache \u00fcbersetzen zu lassen und dem Fragesteller als Video zukommen zu lassen. Das ist vor allem f\u00fcr die asynchrone Kommunikation hilfreich, kann aber die Kommunikation verlangsamen.<br \/>\nF\u00fcr Schwerh\u00f6rige ist es gut, wenn der Ton m\u00f6glichst klar und st\u00f6rungsfrei ist.<br \/>\n    Upadrasta et al (2020). User-Centred Design for Accessibility in Media Content \u2013 Sign Language and Virtual Signer.<\/p>\n<p>    Yeratziotis, A., &#038; Zaphiris, P. (2018). A Heuristic Evaluation for Deaf Web User Experience (HE4DWUX).<\/p>\n<p>    Kushalnagar, R. S., &#038; Vogler, C. (2020). Teleconference Accessibility and Guidelines for Deaf and Hard of Hearing Users<\/p>\n<p>Insbesondere das zweit<br \/>\n<a href=\"https:\/\/total-diskriminiert.blogspot.com\/2021\/02\/kritik-gehorloser-lippenlesender-julia.html\">Kritik an geh\u00f6rloser Aktivistin Julia Probst<\/a><br \/>\n<a href=\"https:\/\/netz-barrierefrei.de\/en\/hearing.html\">Digital Accessibility for hard of Hearing and deafness<\/a><\/p>\n","protected":false},"excerpt":{"rendered":"<p>\u00c4hnlich wie bei Sehbehinderung und Blindheit gibt es eine gro\u00dfe Spannweite an Einschr\u00e4nkungen des Geh\u00f6rs. Einige H\u00f6rsch\u00e4digungen machen sich im Alltag kaum bemerkbar, andere f\u00fchren&#8230;<\/p>\n<div class=\"more-link-wrapper\"><a class=\"more-link\" href=\"https:\/\/www.netz-barrierefrei.de\/wordpress\/barrierefreies-internet\/formen-von-einschraenkungen\/hoeren-und-gehoerlosigkeit\/\">Weiterlesen<span class=\"screen-reader-text\">H\u00f6ren und Geh\u00f6rlosigkeit<\/span><\/a><\/div>\n","protected":false},"author":1,"featured_media":0,"parent":558,"menu_order":0,"comment_status":"closed","ping_status":"closed","template":"","meta":{"footnotes":""},"class_list":["post-563","page","type-page","status-publish","hentry","entry"],"_links":{"self":[{"href":"https:\/\/www.netz-barrierefrei.de\/wordpress\/wp-json\/wp\/v2\/pages\/563","targetHints":{"allow":["GET"]}}],"collection":[{"href":"https:\/\/www.netz-barrierefrei.de\/wordpress\/wp-json\/wp\/v2\/pages"}],"about":[{"href":"https:\/\/www.netz-barrierefrei.de\/wordpress\/wp-json\/wp\/v2\/types\/page"}],"author":[{"embeddable":true,"href":"https:\/\/www.netz-barrierefrei.de\/wordpress\/wp-json\/wp\/v2\/users\/1"}],"replies":[{"embeddable":true,"href":"https:\/\/www.netz-barrierefrei.de\/wordpress\/wp-json\/wp\/v2\/comments?post=563"}],"version-history":[{"count":12,"href":"https:\/\/www.netz-barrierefrei.de\/wordpress\/wp-json\/wp\/v2\/pages\/563\/revisions"}],"predecessor-version":[{"id":10649,"href":"https:\/\/www.netz-barrierefrei.de\/wordpress\/wp-json\/wp\/v2\/pages\/563\/revisions\/10649"}],"up":[{"embeddable":true,"href":"https:\/\/www.netz-barrierefrei.de\/wordpress\/wp-json\/wp\/v2\/pages\/558"}],"wp:attachment":[{"href":"https:\/\/www.netz-barrierefrei.de\/wordpress\/wp-json\/wp\/v2\/media?parent=563"}],"curies":[{"name":"wp","href":"https:\/\/api.w.org\/{rel}","templated":true}]}}