{"id":571,"date":"2018-03-21T18:47:45","date_gmt":"2018-03-21T16:47:45","guid":{"rendered":"http:\/\/www.netz-barrierefrei.de\/wordpress\/?page_id=571"},"modified":"2019-08-31T19:22:46","modified_gmt":"2019-08-31T17:22:46","slug":"sehen-und-blindheit","status":"publish","type":"page","link":"https:\/\/www.netz-barrierefrei.de\/wordpress\/barrierefreies-internet\/formen-von-einschraenkungen\/sehen-und-blindheit\/","title":{"rendered":"Sehen und Blindheit"},"content":{"rendered":"<p>Sehsch\u00e4digungen umfassen eine ganze Spannweite an Sehst\u00e4rken. Viele Menschen tragen Brillen oder Kontaktlinsen, um zum Beispiel Lesen oder Autofahren zu k\u00f6nnen. Bei anderen T\u00e4tigkeiten wiederum k\u00f6nnen sie auf diese Sehhilfen verzichten Streng genommen sind sie aber trotzdem sehgesch\u00e4digt. Eine Sehbehinderung hingegen ist gesetzlich definiert.<br \/>\nSehbehinderungen k\u00f6nnen sich ganz unterschiedlich auswirken. Eine weit verbreitete Sehbehinderung ist Retinitis Pigmentosa, volksm\u00fcndlich auch Tunnelblick genannt. Normalsehende k\u00f6nnen circa 180 Grad wahrnehmen, wenn sie geradeaus schauen. Bei RP siehst du  nur einen eingeschr\u00e4nkten Teil davon. Stell dir  vor, du w\u00fcrdest ein Blatt Papier lochen und nur durch dieses Loch gucken. Du siehst  zwar scharf, aber nur einen Bruchteil.<br \/>\nSehr weit verbreitet sind St\u00f6rungen bei der Farbwahrnehmung. Rund 10 Prozent aller M\u00e4nner und ein Prozent aller Frauen haben eine gest\u00f6rte Farbwahrnehmung. Die am meisten verbreitete Farbfehlst\u00f6rung ist die Rot-Gr\u00fcn-Schw\u00e4che, bei der die betroffene Person nicht zwischen Rot und Gr\u00fcn unterscheiden kann. Ebenfalls weit verbreitet sind Kurz- und Weitsichtigkeit. Solche Sehst\u00f6rungen k\u00f6nnen meist mit einer Brille korrigiert werden. <\/p>\n<div id=\"ez-toc-container\" class=\"ez-toc-v2_0_82_2 counter-hierarchy ez-toc-counter ez-toc-white ez-toc-container-direction\">\n<div class=\"ez-toc-title-container\">\n<p class=\"ez-toc-title\" style=\"cursor:inherit\">Inhalt<\/p>\n<span class=\"ez-toc-title-toggle\"><a href=\"#\" class=\"ez-toc-pull-right ez-toc-btn ez-toc-btn-xs ez-toc-btn-default ez-toc-toggle\" aria-label=\"Toggle Table of Content\"><span class=\"ez-toc-js-icon-con\"><span class=\"\"><span class=\"eztoc-hide\" style=\"display:none;\">Toggle<\/span><span class=\"ez-toc-icon-toggle-span\"><svg style=\"fill: #999;color:#999\" xmlns=\"http:\/\/www.w3.org\/2000\/svg\" class=\"list-377408\" width=\"20px\" height=\"20px\" viewBox=\"0 0 24 24\" fill=\"none\"><path d=\"M6 6H4v2h2V6zm14 0H8v2h12V6zM4 11h2v2H4v-2zm16 0H8v2h12v-2zM4 16h2v2H4v-2zm16 0H8v2h12v-2z\" fill=\"currentColor\"><\/path><\/svg><svg style=\"fill: #999;color:#999\" class=\"arrow-unsorted-368013\" xmlns=\"http:\/\/www.w3.org\/2000\/svg\" width=\"10px\" height=\"10px\" viewBox=\"0 0 24 24\" version=\"1.2\" baseProfile=\"tiny\"><path d=\"M18.2 9.3l-6.2-6.3-6.2 6.3c-.2.2-.3.4-.3.7s.1.5.3.7c.2.2.4.3.7.3h11c.3 0 .5-.1.7-.3.2-.2.3-.5.3-.7s-.1-.5-.3-.7zM5.8 14.7l6.2 6.3 6.2-6.3c.2-.2.3-.5.3-.7s-.1-.5-.3-.7c-.2-.2-.4-.3-.7-.3h-11c-.3 0-.5.1-.7.3-.2.2-.3.5-.3.7s.1.5.3.7z\"\/><\/svg><\/span><\/span><\/span><\/a><\/span><\/div>\n<nav><ul class='ez-toc-list ez-toc-list-level-1 ' ><li class='ez-toc-page-1 ez-toc-heading-level-2'><a class=\"ez-toc-link ez-toc-heading-1\" href=\"https:\/\/www.netz-barrierefrei.de\/wordpress\/barrierefreies-internet\/formen-von-einschraenkungen\/sehen-und-blindheit\/#Blindheit\" >Blindheit<\/a><\/li><li class='ez-toc-page-1 ez-toc-heading-level-2'><a class=\"ez-toc-link ez-toc-heading-2\" href=\"https:\/\/www.netz-barrierefrei.de\/wordpress\/barrierefreies-internet\/formen-von-einschraenkungen\/sehen-und-blindheit\/#Hilfsmittel\" >Hilfsmittel<\/a><\/li><li class='ez-toc-page-1 ez-toc-heading-level-2'><a class=\"ez-toc-link ez-toc-heading-3\" href=\"https:\/\/www.netz-barrierefrei.de\/wordpress\/barrierefreies-internet\/formen-von-einschraenkungen\/sehen-und-blindheit\/#Uebungen\" >\u00dcbungen<\/a><\/li><li class='ez-toc-page-1 ez-toc-heading-level-2'><a class=\"ez-toc-link ez-toc-heading-4\" href=\"https:\/\/www.netz-barrierefrei.de\/wordpress\/barrierefreies-internet\/formen-von-einschraenkungen\/sehen-und-blindheit\/#Lektuere\" >Lekt\u00fcre<\/a><\/li><\/ul><\/nav><\/div>\n<h2><span class=\"ez-toc-section\" id=\"Blindheit\"><\/span>Blindheit<span class=\"ez-toc-section-end\"><\/span><\/h2>\n<p>Auch Blindheit umfasst ein weites Spektrum. Es gibt Menschen, die nichts sehen, viele Blinde k\u00f6nnen noch zwischen Hell und Dunkel unterscheiden. Einige Blinde haben noch einen kleinen Sehrest, sie k\u00f6nnen sich zum Beispiel visuell orientieren. Volkst\u00fcmlich wird Blindheit mit Nichts-Sehen gleichgesetzt. Tats\u00e4chlich gilt vor dem Gesetz jeder als blind, der auf dem besseren Auge weniger als zehn Prozent in der Ferne sieht. Was er also in der N\u00e4he noch sehen kann, ist im Prinzip egal, er kann durchaus noch Gedrucktes lesen k\u00f6nnen und gilt dennoch als blind. In Fachkreisen spricht man \u00fcbrigens von Vollblindheit, wenn jemand nichts oder so gut wie nichts sehen kann.<br \/>\nEs gibt au\u00dferdem einen Unterschied zwischen Menschen, die blind geboren wurden und Menschen, die sp\u00e4t erblindet sind. Sp\u00e4t erblindete Menschen k\u00f6nnen sich normalerweise an Farben und visuelle Formen erinnern, Blinde hingegen machen diese Erfahrung nicht. Andererseits gilt: Je sp\u00e4ter die Erblindung eingetreten ist, desto gr\u00f6\u00dfere Schwierigkeiten haben die Betroffenen  mit der Blindheit zurecht zu kommen.<br \/>\nGeburts- und fr\u00fcherblindete Kinder haben entweder gar keine oder nur geringe Vorstellungen von Farben und visuellen Formen. Ihnen wird zum Beispiel in der Schule beigebracht, wie die Buchstaben des gedruckten Alphabets aussehen. Da sie im Gegensatz zu sehenden aber selten damit arbeiten, k\u00f6nnen sie diese Informationen nur schlecht behalten. Dennoch sollte man nicht glauben, dass Blinde kein Gef\u00fchl f\u00fcr visuelle \u00c4sthetik haben. <\/p>\n<h2><span class=\"ez-toc-section\" id=\"Hilfsmittel\"><\/span>Hilfsmittel<span class=\"ez-toc-section-end\"><\/span><\/h2>\n<p>Sehbehinderte haben verschiedene M\u00f6glichkeiten, mit einem Computer zu arbeiten. Alle Betriebssysteme k\u00f6nnen an individuelle Bed\u00fcrfnisse angepasst werden. In Windows zum Beispiel kann ein kontrastreiches Farbschema eingestellt werden. Es gibt Farbschemata mit gro\u00dfer Schrift. In allen aktuellen Browsern l\u00e4sst sich die Schrift vergr\u00f6\u00dfern, in der Regel mit der Tastenkombination Steuerung + Plus-Zeichen bzw. Strg gedr\u00fcckt halten und das Mausrad einsetzen. <\/p>\n<p>Menschen, die sehr schlecht sehen verwenden ein Bildschirmvergr\u00f6\u00dferungsprogramm, englisch Screen Magnifier. Mit einem Vergr\u00f6\u00dferungsprogramm kann der Inhalt des Bildschirms vergr\u00f6\u00dfert werden. Eine Vergr\u00f6\u00dferung ist bis auf das 32-fache m\u00f6glich. Im Grunde hei\u00dft das, dass ein einzelnes Programmsymbol den gesamten Bildschirm einnimt.<br \/>\nUm einen Computer benutzen zu k\u00f6nnen setzen Blinde auf ein Bildschirmleseprogramm oder Screenreader. Der Screenreader gibt den Inhalt des Bildschirms als Sprache oder Blindenschrift auf einem Brailledisplay aus. Wer das mal ausprobieren will: in diesem Kurs gibt es eine Liste kostenloser Screenreader.<br \/>\nEs ist wichtig zu wissen, dass Blinde am Computer immer linear arbeiten m\u00fcssen. Ein Sehender \u00fcberblickt den ganzen Bildschirm. Er sieht Men\u00fcleisten, Symbolleisten, Eingabefelder, ausklapplisten und vieles mehr. Ein Blinder kann wissen, dass all diese Elemente vorhanden sind. Er kann sie aber nicht alle gleichzeitig wahrnehmen, er erkennt das Element, dass er gerade fokussiert hat. Wenn du einem Blinden erkl\u00e4rst, dass sich ein Element links unten befindet, kann er mit dieser Information nichts anfangen, weil er nur eingeschr\u00e4nkte M\u00f6glichkeiten hat, herauszufinden, was sich an einer bestimmten Position des Bildschirms befindet.<br \/>\nDas gilt nicht nur f\u00fcr Programme, sondern auch f\u00fcr Webseiten. Was dir als Anordnung graphischer Elemente erscheint, ist f\u00fcr den Blinden eine reine Abfolge von Einheiten, die er nach und nach durchgehen muss.<br \/>\nDie Grundlage eines barrierefreien Webs f\u00fcr Blinde ist die semantische Strukturierung von Inhalten. Webseiten basieren auf einer Trennung von Struktur und Gestaltung. Eine \u00dcberschrift ist auch in HTML eine \u00dcberschrift, eine Liste wird \u00fcber ein Listenelement gebildet. Du kennst das vielleicht aus der Textverarbeitung und den Formatvorlagen.<br \/>\nDie Basis f\u00fcr die Computerbedienung f\u00fcr Blinde ist die Tastatur. Eine Maus k\u00f6nnen sie nicht benutzen. F\u00fcr Blinde ist es deshalb wichtig, dass sie alle Elemente der Webseite \u00fcber die Tastatur erreichen, ausf\u00fcllen bzw. aktivieren oder deaktivieren k\u00f6nnen. Seit einigen Jahren sind insbesondere die Ger\u00e4te von Apple mit einer f\u00fcr Blinde benutzbaren Touch-Oberfl\u00e4che ausgestattet. Damit haben Blinde zum ersten Mal die M\u00f6glichkeit, die optische Struktur einer Webseite zu erfassen. Der Blinde streicht zum Beispiel \u00fcber das Touchscreen des iPads und kriegt etwa angesagt, dass es sich um das Element, dass er gerade ber\u00fchrt um ein Banner, ein Logo, einen Text oder ein Video handelt. <\/p>\n<h2><span class=\"ez-toc-section\" id=\"Uebungen\"><\/span>\u00dcbungen<span class=\"ez-toc-section-end\"><\/span><\/h2>\n<ul>\n<li>Alle aktuellen Betriebssysteme bieten Vergr\u00f6\u00dferungsm\u00f6glichkeiten und Farbeinstellungen f\u00fcr Sehbehinderte. Hier wird die Prozedur unter Windows XP beschrieben, f\u00fcr andere Windows-Versionen oder Betriebssysteme mach dich bitte selber schlau. Probiere einmal die Vergr\u00f6\u00dferungsfunktionen aus. Zum einen ist das die Bildschirmlupe unter Start -> Zubeh\u00f6r -> Eingabehilfen -> Bildschirm-Lupe. Die Umschaltung des Kontrasts startest und beendest du mit dem Shortcut Linke Shift-Taste + linke Alt-Taste + Druck-Taste. Schau dir die Ver\u00e4nderungen an, die bei deinen Lieblings-Webseiten mit der Lupe und dem Kontrastschema auftreten und schreibe sie auf. Achte insbesondere auf Elemente, die unter dem Kontrastschema nicht zu erkennen sind. Eine Liste kostenloser Vergr\u00f6\u00dferungsprogramme gibt es ebenfalls im Kurs.<\/li>\n<li>Als n\u00e4chstes darfst du einen Screenreader ausprobieren. Den wirst du auch f\u00fcr sp\u00e4tere Lektionen ben\u00f6tigen, also behalte ihn bitte bis zum Ende des Kurses. Unter Windows l\u00e4dst du dir den kostenlosen Screenreader <span class=\"removed_link\" title=\"http:\/\/www.nvda-project.org\/\">NVDA<\/span> herunter, bei anderen Betriebsystemen sind Screenreader vorinstalliert. Mache dich zun\u00e4chst <a href=\"https:\/\/www.netz-barrierefrei.de\/wordpress\/hilfstechnik-und-mensch-maschine-interaktion\/screenreader-anleitung-nvda-fuer-sehende-und-entwickler\/\">mit der Bedienung vertraut<\/a> und drucke dir die Shortcuts aus. Betrachte deine Lieblingsseiten mit dem Screenreader, indem du die Pfeiltasten verwendest. Probiere auch einmal die Funktionstasten &#8222;H&#8220;, &#8222;L&#8220; oder &#8222;G&#8220; aus und schau, was passiert.<\/li>\n<\/ul>\n<h2><span class=\"ez-toc-section\" id=\"Lektuere\"><\/span>Lekt\u00fcre<span class=\"ez-toc-section-end\"><\/span><\/h2>\n<ul>\n<li>Oliver Nadig: Wie blinde und sehbehinderte Menschen Farben empfinden, wahrnehmen, erinnern<\/li>\n<li>Oliver Sacks. Was Blinde sehen<\/li>\n<li><span class=\"removed_link\" title=\"http:\/\/www.wdr.de\/tv\/quarks\/sendungsbeitraege\/2011\/0503\/001_blind.jsp\">Eine Ausgabe von Quarks &#038; Co<\/span> schildert das Leben von Sabrye Tenberken, einer Sp\u00e4terblindeten, die eine Blindenschule in Tibet aufgebaut hat. Auch ihre b\u00fccher sind lesenswert.<\/li>\n<li>Wie Blinde Computer nutzen<\/li>\n<\/ul>\n","protected":false},"excerpt":{"rendered":"<p>Sehsch\u00e4digungen umfassen eine ganze Spannweite an Sehst\u00e4rken. Viele Menschen tragen Brillen oder Kontaktlinsen, um zum Beispiel Lesen oder Autofahren zu k\u00f6nnen. Bei anderen T\u00e4tigkeiten wiederum&#8230;<\/p>\n<div class=\"more-link-wrapper\"><a class=\"more-link\" href=\"https:\/\/www.netz-barrierefrei.de\/wordpress\/barrierefreies-internet\/formen-von-einschraenkungen\/sehen-und-blindheit\/\">Weiterlesen<span class=\"screen-reader-text\">Sehen und Blindheit<\/span><\/a><\/div>\n","protected":false},"author":1,"featured_media":0,"parent":558,"menu_order":0,"comment_status":"closed","ping_status":"closed","template":"","meta":{"footnotes":""},"class_list":["post-571","page","type-page","status-publish","hentry","entry"],"_links":{"self":[{"href":"https:\/\/www.netz-barrierefrei.de\/wordpress\/wp-json\/wp\/v2\/pages\/571","targetHints":{"allow":["GET"]}}],"collection":[{"href":"https:\/\/www.netz-barrierefrei.de\/wordpress\/wp-json\/wp\/v2\/pages"}],"about":[{"href":"https:\/\/www.netz-barrierefrei.de\/wordpress\/wp-json\/wp\/v2\/types\/page"}],"author":[{"embeddable":true,"href":"https:\/\/www.netz-barrierefrei.de\/wordpress\/wp-json\/wp\/v2\/users\/1"}],"replies":[{"embeddable":true,"href":"https:\/\/www.netz-barrierefrei.de\/wordpress\/wp-json\/wp\/v2\/comments?post=571"}],"version-history":[{"count":12,"href":"https:\/\/www.netz-barrierefrei.de\/wordpress\/wp-json\/wp\/v2\/pages\/571\/revisions"}],"predecessor-version":[{"id":3239,"href":"https:\/\/www.netz-barrierefrei.de\/wordpress\/wp-json\/wp\/v2\/pages\/571\/revisions\/3239"}],"up":[{"embeddable":true,"href":"https:\/\/www.netz-barrierefrei.de\/wordpress\/wp-json\/wp\/v2\/pages\/558"}],"wp:attachment":[{"href":"https:\/\/www.netz-barrierefrei.de\/wordpress\/wp-json\/wp\/v2\/media?parent=571"}],"curies":[{"name":"wp","href":"https:\/\/api.w.org\/{rel}","templated":true}]}}