{"id":573,"date":"2018-03-21T19:10:36","date_gmt":"2018-03-21T17:10:36","guid":{"rendered":"http:\/\/www.netz-barrierefrei.de\/wordpress\/?page_id=573"},"modified":"2023-08-19T19:02:49","modified_gmt":"2023-08-19T17:02:49","slug":"mehrfache-behinderungen","status":"publish","type":"page","link":"https:\/\/www.netz-barrierefrei.de\/wordpress\/barrierefreies-internet\/formen-von-einschraenkungen\/mehrfache-behinderungen\/","title":{"rendered":"Mehrfache Behinderungen"},"content":{"rendered":"<p>Die in den letzten Abschnitten beschriebenen Behinderungen k\u00f6nnen auch in Kombination auftreten, man spricht dann von Mehrfachbehinderung. In gewisser Weise fallen Mehrfachbehinderte durch das System, weil sich die Kombination mehrer Behinderungen nur schlecht mit Hilfstechnik kompensieren l\u00e4sst. Taubblinde Menschen haben zum Beispiel nur noch wenige Wege, wie sie mit der Umwelt kommunizieren k\u00f6nnen. Wenn sie zum Beispiel zu schlecht sehen, um einen Computer visuell bedienen zu k\u00f6nnen und zu schlecht h\u00f6ren, um mit der Sprachausgabe arbeiten zu k\u00f6nnen bleibt f\u00fcr sie nur die Braillezeile. Zur Kommunikation mit der Au\u00dfenwelt k\u00f6nnen sie fast nur <span class=\"removed_link\" title=\"http:\/\/de.wikipedia.org\/wiki\/Fingeralphabet\">taktile Reize<\/span> verwenden. Eine bekannte Ursache f\u00fcr H\u00f6r-Sehbehinderungen bzw. Taubblindheit ist das <span class=\"removed_link\" title=\"http:\/\/de.wikipedia.org\/wiki\/Usher-Syndrom\">Usher-Syndrom<\/span>.<br \/>\nMit steigendem Alter steigt auch die Wahrscheinlichkeit von Mehrfachbehinderungen. Sehen und H\u00f6ren werden im Alter h\u00e4ufig schlechter, Rheuma und andere Erkrankungen verschlechtern die Feinmotorik und so weiter. Deshalb ist das Mehrkanalprinzip eine der wichtigsten Ma\u00dfnahmen, um die Zug\u00e4nglichkeit zu erh\u00f6hen. Darum ist es auch sinnvoll, auch auf regul\u00e4re Techniken zu setzen. Geb\u00e4rdensprache hat f\u00fcr Geh\u00f6rlose sicher viele Vorteile. Aber \u00e4ltere Menschen lernen in der Regel keine Brailleschrift oder Geb\u00e4rdensprache mehr, darum sollten Texte das bevorzugte Medium bleiben.<br \/>\n<a href=\"https:\/\/netz-barrierefrei.de\/en\/multiple.html\">Multiple Disabilities in digital Accessibility<\/a><\/p>\n","protected":false},"excerpt":{"rendered":"<p>Die in den letzten Abschnitten beschriebenen Behinderungen k\u00f6nnen auch in Kombination auftreten, man spricht dann von Mehrfachbehinderung. In gewisser Weise fallen Mehrfachbehinderte durch das System,&#8230;<\/p>\n<div class=\"more-link-wrapper\"><a class=\"more-link\" href=\"https:\/\/www.netz-barrierefrei.de\/wordpress\/barrierefreies-internet\/formen-von-einschraenkungen\/mehrfache-behinderungen\/\">Weiterlesen<span class=\"screen-reader-text\">Mehrfache Behinderungen<\/span><\/a><\/div>\n","protected":false},"author":1,"featured_media":0,"parent":558,"menu_order":0,"comment_status":"closed","ping_status":"closed","template":"","meta":{"footnotes":""},"class_list":["post-573","page","type-page","status-publish","hentry","entry"],"_links":{"self":[{"href":"https:\/\/www.netz-barrierefrei.de\/wordpress\/wp-json\/wp\/v2\/pages\/573","targetHints":{"allow":["GET"]}}],"collection":[{"href":"https:\/\/www.netz-barrierefrei.de\/wordpress\/wp-json\/wp\/v2\/pages"}],"about":[{"href":"https:\/\/www.netz-barrierefrei.de\/wordpress\/wp-json\/wp\/v2\/types\/page"}],"author":[{"embeddable":true,"href":"https:\/\/www.netz-barrierefrei.de\/wordpress\/wp-json\/wp\/v2\/users\/1"}],"replies":[{"embeddable":true,"href":"https:\/\/www.netz-barrierefrei.de\/wordpress\/wp-json\/wp\/v2\/comments?post=573"}],"version-history":[{"count":8,"href":"https:\/\/www.netz-barrierefrei.de\/wordpress\/wp-json\/wp\/v2\/pages\/573\/revisions"}],"predecessor-version":[{"id":8324,"href":"https:\/\/www.netz-barrierefrei.de\/wordpress\/wp-json\/wp\/v2\/pages\/573\/revisions\/8324"}],"up":[{"embeddable":true,"href":"https:\/\/www.netz-barrierefrei.de\/wordpress\/wp-json\/wp\/v2\/pages\/558"}],"wp:attachment":[{"href":"https:\/\/www.netz-barrierefrei.de\/wordpress\/wp-json\/wp\/v2\/media?parent=573"}],"curies":[{"name":"wp","href":"https:\/\/api.w.org\/{rel}","templated":true}]}}