{"id":583,"date":"2018-03-21T19:26:18","date_gmt":"2018-03-21T17:26:18","guid":{"rendered":"http:\/\/www.netz-barrierefrei.de\/wordpress\/?page_id=583"},"modified":"2020-07-03T13:25:53","modified_gmt":"2020-07-03T11:25:53","slug":"inklusive-diskriminierungsfreie-sprache","status":"publish","type":"page","link":"https:\/\/www.netz-barrierefrei.de\/wordpress\/barrierefreies-internet\/barrierefreie-redaktion\/texte\/inklusive-diskriminierungsfreie-sprache\/","title":{"rendered":"Inklusive\/diskriminierungsfreie Sprache"},"content":{"rendered":"<p>Sprache formt zumindest in gewissem Ma\u00dfe das Denken. Au\u00dferdem dr\u00fcckt sich in der Sprache immer auch das Verh\u00e4ltnis von Schreiber und Leser aus. Man kann so schreiben, dass man sich mit dem Leser auf Augenh\u00f6he befindet oder man kann den Leser herabw\u00fcrdigen. Deshalb sollte eine inklusive Sprache angestrebt werden &#8211; no reader left behind, um einen ber\u00fchmten Slogan abzuwandeln.<br \/>\nWir sind uns selten bewusst, wie stark Klischees und bestimmte Vorstellungen unsere Ansichten beherrschen. Im ersten Schritt sollten wir uns darum bem\u00fchen, uns dieser Vorurteile bewusst zu werden und sie nach M\u00f6glichkeit  aus unseren Texten entfernen. <\/p>\n<div id=\"ez-toc-container\" class=\"ez-toc-v2_0_82_2 counter-hierarchy ez-toc-counter ez-toc-white ez-toc-container-direction\">\n<div class=\"ez-toc-title-container\">\n<p class=\"ez-toc-title\" style=\"cursor:inherit\">Inhalt<\/p>\n<span class=\"ez-toc-title-toggle\"><a href=\"#\" class=\"ez-toc-pull-right ez-toc-btn ez-toc-btn-xs ez-toc-btn-default ez-toc-toggle\" aria-label=\"Toggle Table of Content\"><span class=\"ez-toc-js-icon-con\"><span class=\"\"><span class=\"eztoc-hide\" style=\"display:none;\">Toggle<\/span><span class=\"ez-toc-icon-toggle-span\"><svg style=\"fill: #999;color:#999\" xmlns=\"http:\/\/www.w3.org\/2000\/svg\" class=\"list-377408\" width=\"20px\" height=\"20px\" viewBox=\"0 0 24 24\" fill=\"none\"><path d=\"M6 6H4v2h2V6zm14 0H8v2h12V6zM4 11h2v2H4v-2zm16 0H8v2h12v-2zM4 16h2v2H4v-2zm16 0H8v2h12v-2z\" fill=\"currentColor\"><\/path><\/svg><svg style=\"fill: #999;color:#999\" class=\"arrow-unsorted-368013\" xmlns=\"http:\/\/www.w3.org\/2000\/svg\" width=\"10px\" height=\"10px\" viewBox=\"0 0 24 24\" version=\"1.2\" baseProfile=\"tiny\"><path d=\"M18.2 9.3l-6.2-6.3-6.2 6.3c-.2.2-.3.4-.3.7s.1.5.3.7c.2.2.4.3.7.3h11c.3 0 .5-.1.7-.3.2-.2.3-.5.3-.7s-.1-.5-.3-.7zM5.8 14.7l6.2 6.3 6.2-6.3c.2-.2.3-.5.3-.7s-.1-.5-.3-.7c-.2-.2-.4-.3-.7-.3h-11c-.3 0-.5.1-.7.3-.2.2-.3.5-.3.7s.1.5.3.7z\"\/><\/svg><\/span><\/span><\/span><\/a><\/span><\/div>\n<nav><ul class='ez-toc-list ez-toc-list-level-1 ' ><li class='ez-toc-page-1 ez-toc-heading-level-2'><a class=\"ez-toc-link ez-toc-heading-1\" href=\"https:\/\/www.netz-barrierefrei.de\/wordpress\/barrierefreies-internet\/barrierefreie-redaktion\/texte\/inklusive-diskriminierungsfreie-sprache\/#Techniken_zum_finden_von_klischees\" >Techniken zum finden von klischees<\/a><\/li><li class='ez-toc-page-1 ez-toc-heading-level-2'><a class=\"ez-toc-link ez-toc-heading-2\" href=\"https:\/\/www.netz-barrierefrei.de\/wordpress\/barrierefreies-internet\/barrierefreie-redaktion\/texte\/inklusive-diskriminierungsfreie-sprache\/#Was_ist_eigentlich_ein_Klischee\" >Was ist eigentlich ein Klischee<\/a><\/li><li class='ez-toc-page-1 ez-toc-heading-level-2'><a class=\"ez-toc-link ez-toc-heading-3\" href=\"https:\/\/www.netz-barrierefrei.de\/wordpress\/barrierefreies-internet\/barrierefreie-redaktion\/texte\/inklusive-diskriminierungsfreie-sprache\/#Lektuereempfehlungen\" >Lekt\u00fcreempfehlungen<\/a><\/li><\/ul><\/nav><\/div>\n<h2><span class=\"ez-toc-section\" id=\"Techniken_zum_finden_von_klischees\"><\/span>Techniken zum finden von klischees<span class=\"ez-toc-section-end\"><\/span><\/h2>\n<p>An den Rollstuhl gefesselt fliesst einem locker aus der Tastatur, aber wenn tats\u00e4chlich jemand am Rollstuhl gefesselt w\u00e4re, w\u00fcrde man die Polizei rufen. Blinde k\u00f6nnen meistens nicht besser h\u00f6ren als Sehende, sie trainieren ihr Geh\u00f6r nur zwangsl\u00e4ufig besser. Geh\u00f6rlose Menschen sind nicht ubedingt taubstumm und Autisten sind auch nicht unbedingt so wie der Typ aus Rainman.<br \/>\nIm Grunde gibt es nur eine Technik, solche Klischees aus seinem sprachlichen Werkzeugkasten zu verbannen: der Giftschrank. Viele &#8211; wenn nicht alle &#8211; Zeitungsredaktionen haben eine Art schwarze Liste von W\u00f6rtern und Phrasen, die nicht eingesetzt werden sollen. Das Corporate Wording in Unternehmen ist sozusagen das Gegenst\u00fcck dazu, eine Liste von Begriffen, die durchgehend eingesetzt werden sollen.<br \/>\nEs ist selten b\u00f6se Absicht, wenn solche Klischees zum Einsatz kommen. Deshalb muss man sich in erster Linie dar\u00fcber bewusst werden, dass man solche Klischees mit sich herum tr\u00e4gt. <\/p>\n<p>Klischees werden auch im Bezug auf andere Gruppen ge\u00e4u\u00dfert: Die klauenden Zigeuner, die Alkoholiker-Obdachlosen, die faulen Arbeitslosengeld-Empf\u00e4nger. Diese Klischees bestimmen oftmals auch unser Verhalten gegen\u00fcber diesen Gruppen. Es ist daher ein Zeichen von Humanismus, wenn wir sie aufgeben und unsere Texte entsprechend gestalten. <\/p>\n<h2><span class=\"ez-toc-section\" id=\"Was_ist_eigentlich_ein_Klischee\"><\/span>Was ist eigentlich ein Klischee<span class=\"ez-toc-section-end\"><\/span><\/h2>\n<p>Manchmal ist es schwierig, Klischees zu entdecken. F\u00fcr mich ist es eigentlich schon ein Klischee, wenn Behinderte als Opfer dargestellt werden. Tats\u00e4chlich sind sie oft Opfer. Aber sie sind auch handelnde Subjekte und die Darstellungen sollten sich auch irgendwie die Waage halten. Fast ebenso nervend sind Geschichten, die mit dem Satz beginnen k\u00f6nnten: &#8222;Trotz seiner Behinderung hat er&#8230;&#8220;.<br \/>\nDas andauernde Leiden ist sicher ein Klischee. Nat\u00fcrlich leidet jeder ab und zu unter einer Behinderung, aber er leidet auch an der Bl\u00f6dheit des Journalisten, der ihn als Dauerleidenden stilisiert. Die richtige Einstellung hei\u00dft: &#8222;Ich bin behindert &#8211; na und?&#8220;.<br \/>\nDu solltest dir also antrainieren, s\u00e4mtliche sprachlichen Metaphern, die du niederschreibst auf ihre Glaubw\u00fcrdigkeit hin zu analysieren. Lass alles weg, was negative Assoziationen weckt und achte insbesondere auf Adjektive wie leidend, gefesselt&#8230; Stelle den Behinderten nicht als ein Objekt dar. Vermeide kollektive Zuschreibungen. Falls in deinem Kopf ein Gedanke aufblitzt wie &#8222;Alle Blinden sind&#8230; also ist dieser blinde auch &#8230;&#8220;, sollten bei dir s\u00e4mtliche Alarmglocken l\u00e4uten. Normalerweise beschreibt man eine bestimmte Person in einer bestimmten Situation, also sollte man sich auf diese Umst\u00e4nde beschr\u00e4nken und jede Art \u00fcberfl\u00fcssiger Zuschreibung vermeiden. <\/p>\n<h2><span class=\"ez-toc-section\" id=\"Lektuereempfehlungen\"><\/span>Lekt\u00fcreempfehlungen<span class=\"ez-toc-section-end\"><\/span><\/h2>\n<ul>\n<li><a href=\"https:\/\/www.netz-barrierefrei.de\/wordpress\/gender-gerechte-sprache-und-barrierefreiheit\/\">Gender-gerechte Sprache &#8211; ist sie barrierefrei<\/a><\/li>\n<li><a href=\"https:\/\/www.netz-barrierefrei.de\/seite\/einfache-sprache-politisch-korrekt.html\">Politisch korrekte Sprache und einfache Sprache<\/a><\/li>\n<li><a href=\"https:\/\/netz-barrierefrei.de\/seite\/behinderte-schreiben.html\">\u00dcber Behinderte schreiben<\/a><\/li>\n<\/ul>\n","protected":false},"excerpt":{"rendered":"<p>Sprache formt zumindest in gewissem Ma\u00dfe das Denken. Au\u00dferdem dr\u00fcckt sich in der Sprache immer auch das Verh\u00e4ltnis von Schreiber und Leser aus. Man kann&#8230;<\/p>\n<div class=\"more-link-wrapper\"><a class=\"more-link\" href=\"https:\/\/www.netz-barrierefrei.de\/wordpress\/barrierefreies-internet\/barrierefreie-redaktion\/texte\/inklusive-diskriminierungsfreie-sprache\/\">Weiterlesen<span class=\"screen-reader-text\">Inklusive\/diskriminierungsfreie Sprache<\/span><\/a><\/div>\n","protected":false},"author":1,"featured_media":0,"parent":577,"menu_order":0,"comment_status":"closed","ping_status":"closed","template":"","meta":{"footnotes":""},"class_list":["post-583","page","type-page","status-publish","hentry","entry"],"_links":{"self":[{"href":"https:\/\/www.netz-barrierefrei.de\/wordpress\/wp-json\/wp\/v2\/pages\/583","targetHints":{"allow":["GET"]}}],"collection":[{"href":"https:\/\/www.netz-barrierefrei.de\/wordpress\/wp-json\/wp\/v2\/pages"}],"about":[{"href":"https:\/\/www.netz-barrierefrei.de\/wordpress\/wp-json\/wp\/v2\/types\/page"}],"author":[{"embeddable":true,"href":"https:\/\/www.netz-barrierefrei.de\/wordpress\/wp-json\/wp\/v2\/users\/1"}],"replies":[{"embeddable":true,"href":"https:\/\/www.netz-barrierefrei.de\/wordpress\/wp-json\/wp\/v2\/comments?post=583"}],"version-history":[{"count":13,"href":"https:\/\/www.netz-barrierefrei.de\/wordpress\/wp-json\/wp\/v2\/pages\/583\/revisions"}],"predecessor-version":[{"id":9019,"href":"https:\/\/www.netz-barrierefrei.de\/wordpress\/wp-json\/wp\/v2\/pages\/583\/revisions\/9019"}],"up":[{"embeddable":true,"href":"https:\/\/www.netz-barrierefrei.de\/wordpress\/wp-json\/wp\/v2\/pages\/577"}],"wp:attachment":[{"href":"https:\/\/www.netz-barrierefrei.de\/wordpress\/wp-json\/wp\/v2\/media?parent=583"}],"curies":[{"name":"wp","href":"https:\/\/api.w.org\/{rel}","templated":true}]}}