{"id":603,"date":"2018-03-21T19:49:38","date_gmt":"2018-03-21T17:49:38","guid":{"rendered":"http:\/\/www.netz-barrierefrei.de\/wordpress\/?page_id=603"},"modified":"2023-08-05T15:17:35","modified_gmt":"2023-08-05T13:17:35","slug":"informationsarchitektur-von-texten","status":"publish","type":"page","link":"https:\/\/www.netz-barrierefrei.de\/wordpress\/barrierefreies-internet\/barrierefreie-redaktion\/texte\/informationsarchitektur-von-texten\/","title":{"rendered":"Informationsarchitektur von Texten"},"content":{"rendered":"<p>Nicht nur Webseiten, auch Texte k\u00f6nnen unter dem Aspekt der Informationsarchitektur betrachtet werden. Wer einfach drauf los schreibt und das Geschriebene unredigiert ver\u00f6ffentlichen kann, ist entweder ein Naturtalent oder wird nichts au\u00dfer verwirrten Blicken ernten.<\/p>\n<div id=\"ez-toc-container\" class=\"ez-toc-v2_0_82_2 counter-hierarchy ez-toc-counter ez-toc-white ez-toc-container-direction\">\n<div class=\"ez-toc-title-container\">\n<p class=\"ez-toc-title\" style=\"cursor:inherit\">Inhalt<\/p>\n<span class=\"ez-toc-title-toggle\"><a href=\"#\" class=\"ez-toc-pull-right ez-toc-btn ez-toc-btn-xs ez-toc-btn-default ez-toc-toggle\" aria-label=\"Toggle Table of Content\"><span class=\"ez-toc-js-icon-con\"><span class=\"\"><span class=\"eztoc-hide\" style=\"display:none;\">Toggle<\/span><span class=\"ez-toc-icon-toggle-span\"><svg style=\"fill: #999;color:#999\" xmlns=\"http:\/\/www.w3.org\/2000\/svg\" class=\"list-377408\" width=\"20px\" height=\"20px\" viewBox=\"0 0 24 24\" fill=\"none\"><path d=\"M6 6H4v2h2V6zm14 0H8v2h12V6zM4 11h2v2H4v-2zm16 0H8v2h12v-2zM4 16h2v2H4v-2zm16 0H8v2h12v-2z\" fill=\"currentColor\"><\/path><\/svg><svg style=\"fill: #999;color:#999\" class=\"arrow-unsorted-368013\" xmlns=\"http:\/\/www.w3.org\/2000\/svg\" width=\"10px\" height=\"10px\" viewBox=\"0 0 24 24\" version=\"1.2\" baseProfile=\"tiny\"><path d=\"M18.2 9.3l-6.2-6.3-6.2 6.3c-.2.2-.3.4-.3.7s.1.5.3.7c.2.2.4.3.7.3h11c.3 0 .5-.1.7-.3.2-.2.3-.5.3-.7s-.1-.5-.3-.7zM5.8 14.7l6.2 6.3 6.2-6.3c.2-.2.3-.5.3-.7s-.1-.5-.3-.7c-.2-.2-.4-.3-.7-.3h-11c-.3 0-.5.1-.7.3-.2.2-.3.5-.3.7s.1.5.3.7z\"\/><\/svg><\/span><\/span><\/span><\/a><\/span><\/div>\n<nav><ul class='ez-toc-list ez-toc-list-level-1 ' ><li class='ez-toc-page-1 ez-toc-heading-level-2'><a class=\"ez-toc-link ez-toc-heading-1\" href=\"https:\/\/www.netz-barrierefrei.de\/wordpress\/barrierefreies-internet\/barrierefreie-redaktion\/texte\/informationsarchitektur-von-texten\/#Informationshierarchie\" >Informationshierarchie<\/a><\/li><li class='ez-toc-page-1 ez-toc-heading-level-2'><a class=\"ez-toc-link ez-toc-heading-2\" href=\"https:\/\/www.netz-barrierefrei.de\/wordpress\/barrierefreies-internet\/barrierefreie-redaktion\/texte\/informationsarchitektur-von-texten\/#Farben_und_Zeichen\" >Farben und Zeichen<\/a><\/li><li class='ez-toc-page-1 ez-toc-heading-level-2'><a class=\"ez-toc-link ez-toc-heading-3\" href=\"https:\/\/www.netz-barrierefrei.de\/wordpress\/barrierefreies-internet\/barrierefreie-redaktion\/texte\/informationsarchitektur-von-texten\/#Erklaerungen_am_Rande\" >Erkl\u00e4rungen am Rande<\/a><\/li><li class='ez-toc-page-1 ez-toc-heading-level-2'><a class=\"ez-toc-link ez-toc-heading-4\" href=\"https:\/\/www.netz-barrierefrei.de\/wordpress\/barrierefreies-internet\/barrierefreie-redaktion\/texte\/informationsarchitektur-von-texten\/#Die_Zukunft_des_Textes\" >Die Zukunft des Textes<\/a><\/li><li class='ez-toc-page-1 ez-toc-heading-level-2'><a class=\"ez-toc-link ez-toc-heading-5\" href=\"https:\/\/www.netz-barrierefrei.de\/wordpress\/barrierefreies-internet\/barrierefreie-redaktion\/texte\/informationsarchitektur-von-texten\/#Weiterlesen\" >Weiterlesen<\/a><\/li><\/ul><\/nav><\/div>\n<h2><span class=\"ez-toc-section\" id=\"Informationshierarchie\"><\/span>Informationshierarchie<span class=\"ez-toc-section-end\"><\/span><\/h2>\n<p>Ein Text im Internet sollte nach der klassischen journalistischen Pyramide aufgebaut sein: das wichtigste steht oben, in der Tiefe wird es spezieller. In keinem Fall m\u00fcssen wir einen Text zu Ende lesen, um die Pointe zu erfahren, es sei denn, es handelt sich um einen Unterhaltungstext.<br \/>\nWissenschaftliche Texte und viele Blog-Beitr\u00e4ge sind im Prinzip \u00e4hnlich aufgebaut. Am Anfang steht die These oder die Kernaussage, der ganze Rest ist die Herleitung.<br \/>\nIn bestimmten Bereichen hat sich die Management Summary etabliert, eine Zusammenfassung, die aber am Beginn und nicht am Ende des Textes steht, obwohl sie als letztes geschrieben wird. Ich vermute, sie dient als Zusammenfassung, wobei der Leser nur die Teile des restlichen Textes lesen muss, die ihm interessant erscheinen.<br \/>\nDie meisten Informationstexte sind nach dem Tannenbaum-Prinzip aufgebaut. Es wird ein Argumentationsstrang nach dem n\u00e4chsten ausgerollt, wobei die einzelnen Str\u00e4nge mal mehr, mal weniger zusammenh\u00e4ngen. <\/p>\n<h2><span class=\"ez-toc-section\" id=\"Farben_und_Zeichen\"><\/span>Farben und Zeichen<span class=\"ez-toc-section-end\"><\/span><\/h2>\n<p>Bei einigen B\u00fcchern wird ein Informationscode verwendet, um unterschiedliche Informationskategorien deutlich zu machen. Informationsk\u00e4sten, die aus dem Flie\u00dftext herausfallen, werden eingerahmt oder farbig unterlegt, um sie vom Flie\u00dftext abzuheben. Manchmal findet man auch Zeichen am Rande, die dem Leser singalisieren, dass es sich hier um eine Randbemerkung, eine Aufgabe in einem Lehrbuch oder um einen kleinen Exkurs handelt. Der Vorteil besteht darin, dass der Leser diese Bl\u00f6cke gezielt aufsuchen oder \u00fcberspringen kann. <\/p>\n<h2><span class=\"ez-toc-section\" id=\"Erklaerungen_am_Rande\"><\/span>Erkl\u00e4rungen am Rande<span class=\"ez-toc-section-end\"><\/span><\/h2>\n<p>Bei den Springer-Lehrb\u00fcchern wird bei vielen Abs\u00e4tzen am Au\u00dfenrand der Seite die Kernaussage des Absatzes zusammengefasst.<br \/>\nIch halte das f\u00fcr eine recht gute L\u00f6sung. Manchmal sucht man gezielt nach einer bestimmten Information, die man in diesem Text vermutet. Diese Kurzzusammenfassungen zu scannen ist immer noch einfacher, als den Text selbst durchzugehen. Die meisten Autoren unterliegen dem Irrtum, sie w\u00fcrden gelesen, weil ihr Text so nett geschrieben ist. Tats\u00e4chlich werden die meisten Texte im Internet nur \u00fcberflogen, was man h\u00e4ufig an den unzul\u00e4nglichen Kommentaren merkt. Anders ist die Informationsflut kaum zu bew\u00e4ltigen. Blinde d\u00fcrften \u00fcbrigens zu den wenigen geh\u00f6ren, die einen Text tats\u00e4chlich von vorne bis hinten durchlesen, zumindest wenn sie daf\u00fcr nicht bl\u00e4ttern m\u00fcssen. Da der Screenreader ohnehin alles vorliest &#8211; zudem in einem hohen Tempo &#8211; w\u00fcrde <span class=\"removed_link\" title=\"http:\/\/www.oliveira-online.net\/wordpress\/?p=1116\">das Scannen<\/span> nicht viel Zeit sparen.<br \/>\nIn der Wissenschaft ist es auch nicht anders: nur die Erstsemester kommen auf die Idee, ein Lehrbuch durchzulesen. Der Gedanke ist absonderlich. F\u00fcr eine Diplomarbeit m\u00fcsste man mehrere tausend Seiten in wenigen Wochen lesen. Tats\u00e4chlich liest man von dem 400-Seiten-Buch ungef\u00e4hr zehn Seiten oder weniger.<br \/>\nWenn man den Grundgedanken vom Jagen und Sammeln aufs Web anwendet, so suchen wir vor allem nach Ideen oder Aspekten, die uns bisher noch nicht untergekommen sind. 99 Prozent aller Texte sind Zusammenstellungen von altbekanntem,  so dass wir nach dem einen kreativen Gedanken, dem neuen Aspekt, neuem Blickwinkle oder der neuen <span class=\"removed_link\" title=\"http:\/\/www.oliveira-online.net\/wordpress\/?p=1806\">Idee suchen<\/span>, die uns bisher noch nicht aufgefallen ist. Oft genug werden wir entt\u00e4uscht.<br \/>\nDeswegen ist eine vern\u00fcnftige Informationsarchitektur wichtig. Wie ordnen wir Informationen so, dass der Nutzer m\u00f6glichst schnell m\u00f6glichst m\u00fchelos das findet, was er gesucht hat?<br \/>\nDie Informationsarchitektur geht daher \u00fcber die Typographie, Textstrukturierung und \u00e4sthetische Aspekte hinaus. <\/p>\n<h2><span class=\"ez-toc-section\" id=\"Die_Zukunft_des_Textes\"><\/span>Die Zukunft des Textes<span class=\"ez-toc-section-end\"><\/span><\/h2>\n<p>Ich bin mir ziemlich sicher, das sich auch im journalistischen Bereich die Infografik etablieren wird. Ein Zusammenhang ist sehr viel schneller in einem Diagramm zu erfassen als in zwei, drei Textabs\u00e4tzen. Mit CSS3 und HTML5 lassen sich da sehr spannende Dinge nur mit Webstandards bauen, vor allem Canvas verspricht spannende Anwendungen.<br \/>\nInteressant w\u00e4re auch die Frage, ob die Linearit\u00e4t von Texten irgendwann einmal aufgehoben wird. Im Grunde verwenden wir das Internet immer noch wie ein Buch. Wir lesen einen Text von vorne bis hinten durch. Wenn wir zu einem bestimmten Abschnitt tiefere oder allgemeinere Informationen haben wollen, m\u00fcssen wir eine neue Seite \u00f6ffenen. Wie w\u00e4re es denn, wenn wir zu jeder Information einfach einen Block aufklappen k\u00f6nnten, der uns passende weitere Informationen aus der Wikipedia liefert? Und warum muss man eigentlich einen ganzen Artikel kommentieren, wenn man einen bestimmten Abschnitt kommentieren m\u00f6chte? Warum kann man sich nicht die Kommentare zu einem bestimmten Abschnitt anzeigen lassen?<br \/>\nEs ist einiges vorstellbar, wobei die heutigen Autoren nicht sehr experimentierfreudig zu sein scheinen. Meistens wird argumentiert, die Leute seien noch nicht soweit, mit nichtlinearem Hypertext umzugehen. Ich denke aber, es ist mehr eine Frage der Umsetzung und der Gew\u00f6hnung.<br \/>\nVorstellbar ist zum Beispiel, dass man einen Text gleichzeitig f\u00fcr Laien und Experten schreibt. Normalerweise muss man sich entscheiden, ob man den Laien \u00fcberfordern oder den Experten unterfordern m\u00f6chte. Dabei w\u00e4re die L\u00f6sung ganz einfach: der Laie kriegt bestimmte erl\u00e4uternde Abs\u00e4tze zu sehen, die der Experte nur bei Bedarf einblendet.<br \/>\nTexte werden in Zukunft vielleicht mehr modular aufgebaut sein. Als Autor muss man sich sehr genau \u00fcberlegen, ob man im Text einen kleinen Exkurs oder ein Beispiel einbaut oder ob man den Leser damit nur langweilt. Der k\u00fcnftige Leser wird sich einfach entscheiden k\u00f6nnen, ob er die Information an dieser Stelle lesen m\u00f6chte oder nicht. <\/p>\n<h2><span class=\"ez-toc-section\" id=\"Weiterlesen\"><\/span>Weiterlesen<span class=\"ez-toc-section-end\"><\/span><\/h2>\n<p><a href=\"https:\/\/netz-barrierefrei.de\/en\/architecture.html\">Information Architecture of Texts<\/a><\/p>\n","protected":false},"excerpt":{"rendered":"<p>Nicht nur Webseiten, auch Texte k\u00f6nnen unter dem Aspekt der Informationsarchitektur betrachtet werden. Wer einfach drauf los schreibt und das Geschriebene unredigiert ver\u00f6ffentlichen kann, ist&#8230;<\/p>\n<div class=\"more-link-wrapper\"><a class=\"more-link\" href=\"https:\/\/www.netz-barrierefrei.de\/wordpress\/barrierefreies-internet\/barrierefreie-redaktion\/texte\/informationsarchitektur-von-texten\/\">Weiterlesen<span class=\"screen-reader-text\">Informationsarchitektur von Texten<\/span><\/a><\/div>\n","protected":false},"author":1,"featured_media":0,"parent":577,"menu_order":0,"comment_status":"closed","ping_status":"closed","template":"","meta":{"footnotes":""},"class_list":["post-603","page","type-page","status-publish","hentry","entry"],"_links":{"self":[{"href":"https:\/\/www.netz-barrierefrei.de\/wordpress\/wp-json\/wp\/v2\/pages\/603","targetHints":{"allow":["GET"]}}],"collection":[{"href":"https:\/\/www.netz-barrierefrei.de\/wordpress\/wp-json\/wp\/v2\/pages"}],"about":[{"href":"https:\/\/www.netz-barrierefrei.de\/wordpress\/wp-json\/wp\/v2\/types\/page"}],"author":[{"embeddable":true,"href":"https:\/\/www.netz-barrierefrei.de\/wordpress\/wp-json\/wp\/v2\/users\/1"}],"replies":[{"embeddable":true,"href":"https:\/\/www.netz-barrierefrei.de\/wordpress\/wp-json\/wp\/v2\/comments?post=603"}],"version-history":[{"count":7,"href":"https:\/\/www.netz-barrierefrei.de\/wordpress\/wp-json\/wp\/v2\/pages\/603\/revisions"}],"predecessor-version":[{"id":8193,"href":"https:\/\/www.netz-barrierefrei.de\/wordpress\/wp-json\/wp\/v2\/pages\/603\/revisions\/8193"}],"up":[{"embeddable":true,"href":"https:\/\/www.netz-barrierefrei.de\/wordpress\/wp-json\/wp\/v2\/pages\/577"}],"wp:attachment":[{"href":"https:\/\/www.netz-barrierefrei.de\/wordpress\/wp-json\/wp\/v2\/media?parent=603"}],"curies":[{"name":"wp","href":"https:\/\/api.w.org\/{rel}","templated":true}]}}