{"id":6135,"date":"2021-12-01T13:34:49","date_gmt":"2021-12-01T11:34:49","guid":{"rendered":"https:\/\/www.netz-barrierefrei.de\/wordpress\/?page_id=6135"},"modified":"2021-12-02T17:32:18","modified_gmt":"2021-12-02T15:32:18","slug":"eine-welt-ohne-farben-neues-zur-barrierefreiheit-12-2021","status":"publish","type":"page","link":"https:\/\/www.netz-barrierefrei.de\/wordpress\/newsletter-digitale-barrierefreiheit\/eine-welt-ohne-farben-neues-zur-barrierefreiheit-12-2021\/","title":{"rendered":"Ein Web ohne Farben &#8211; Neues zur Barrierefreiheit 12\/2021"},"content":{"rendered":"<p><img loading=\"lazy\" decoding=\"async\" src=\"https:\/\/www.netz-barrierefrei.de\/wordpress\/wp-content\/uploads\/farben.webp\" alt=\"Farbkreis\" width=\"1280\" height=\"1280\" class=\"alignleft size-full wp-image-6085\" srcset=\"https:\/\/www.netz-barrierefrei.de\/wordpress\/wp-content\/uploads\/farben.webp 1280w, https:\/\/www.netz-barrierefrei.de\/wordpress\/wp-content\/uploads\/farben-300x300.webp 300w, https:\/\/www.netz-barrierefrei.de\/wordpress\/wp-content\/uploads\/farben-1024x1024.webp 1024w, https:\/\/www.netz-barrierefrei.de\/wordpress\/wp-content\/uploads\/farben-150x150.webp 150w, https:\/\/www.netz-barrierefrei.de\/wordpress\/wp-content\/uploads\/farben-768x768.webp 768w\" sizes=\"auto, (max-width: 1280px) 100vw, 1280px\" \/>Aller Voraussicht nach werden wir in wenigen Tagen eine neue Bundesregierung haben. Was sich die Koalition in Sachen Barrierefreiheit vorgenommen hat, wurde beim Portal barrierefreiheitsgesetz zusammengefasst.<br \/>\nVor kurzem ist das Buch &#8222;Handbuch Digitale Teilhabe und Barrierefreiheit &#8220; erschienen, unter anderem herausgegeben von Ulrike Peter, Mitarbeiterin der Fachstelle f\u00fcr Barrierefreiheit des Landes Bremen. Es bietet Informationen dazu, wie die Barrierefreiheit in der digitalen Verwaltung umgesetzt werden kann, also Pflicht-Lekt\u00fcre f\u00fcr unsere neue Regierung. <a href=\"https:\/\/www.beck-shop.de\/peter-luehr-handbuch-digitale-teilhabe-barrierefreiheit\/product\/32655751\">Weiter zur Verlagsseite des Buches<\/a>. Die Bremer bieten aktuell auch einen Adventskalender mit regelm\u00e4\u00dfigen Tipps zur digitalen Barrierefreiheit. Auch selfHTML hat einen Adventskalender zur Barrierefreiheit.<br \/>\nDas Verkehrsministerium will verst\u00e4rkt Computerspiele f\u00f6rdern, in denen auf Barrierefreiheit geachtet wird. Warum das Verkehrsministerium f\u00fcr Computerspiele zust\u00e4ndig ist, bleibt unserer Phantasie \u00fcberlassen.<br \/>\n<a href=\"https:\/\/www.gamepro.de\/artikel\/bundesverkehrsministerium-accessibility-foerdern,3375588.html\">GamesPro: Das Bundesverkehrsministerium will verst\u00e4rkt Barrierefreiheit in Spielen f\u00f6rdern<\/a><br \/>\nDomingos ist ein Fan einfacher Tools, um f\u00fcr Barrierefreiheit zu sensibilisieren. Wie w\u00e4re es zum Beispiel, ein paar Stunden die Woche den Bildschirm in einen Graustufen-Modus zu schalten? Blinde, stark Sehbehinderte und nat\u00fcrlich Farbenblinde k\u00f6nnen Farben nicht oder eingeschr\u00e4nkt wahrnehmen. Diese kleine \u00dcbung soll zeigen, wie viele Informationen ausschlie\u00dflich visuell, in diesem Fall \u00fcber Farbe, kommuniziert werden. Es werden keine Zusatz-Tools daf\u00fcr ben\u00f6tigt. Wie es geht, <a href=\"https:\/\/www.netz-barrierefrei.de\/wordpress\/accessibility-challenge-werden-sie-grau\/\">erfahren Sie im Blog<\/A>.<br \/>\nWeiterhin m\u00f6chten wir auf unser <a href=\"https:\/\/www.netz-barrierefrei.de\/wordpress\/newsletter-digitale-barrierefreiheit\/podcast-videocast-digitale-barrierefreiheit\/\">Accessibility Briefing hinweisen<\/a>. Am 14.12. geht es um kognitive Barrierefreiheit.<br \/>\nWeiter gehts auf Englisch. Deque hat Barrierefreiheits-Profis gefragt, wie Covid die Barrierefreiheit beeinflusst hat. Nach meiner, auf Deutschland bezogenen, Einsch\u00e4tzung hat Covid keinen gro\u00dfen Einfluss auf die Barrierefreiheit gehabt. Gewiss hat die Digitalisierung vor allem am Anfang einen Schub bekommen und davon haben viele behinderte Menschen profitiert. Seitdem ist aber nicht mehr so viel passiert.<br \/>\n<a href=\"https:\/\/www.deque.com\/covid-19-digital-accessibility-report\/\">How is COVID-19 Impacting Digital Accessibility?<\/a><br \/>\nDomingos outet sich einmal als Nicht-Fan von zus\u00e4tzlichen Audiodeskriptionen. Audiodeskriptionen sind Filmbeschreibungen f\u00fcr Blinde. Ein Ansatz, mit dem er sich eher anfreunden kann sind integrierte Audiodeskriptionen. Wie immer gilt bei der Barrierefreiheit, dass sie von Anfang an mitgedacht und mitgemacht werden soll, warum sollte das bei Filmen anders sein?<br \/>\n<a href=\"https:\/\/www.ami.ca\/idv\">Integrated Described Video (IDV) <\/a><br \/>\nDer Begriff Compliance wird in Deutschland selten im Kontext mit Barrierefreiheit verwendet. Es gibt einen Unterschied zwischen Konformit\u00e4t (Conformance) und Compliance, was die Barrierefreiheit angeht. Das wird in einem Beitrag des Bureau of Internet Accessibility verdeutlicht.<br \/>\n<a href=\"https:\/\/www.boia.org\/blog\/the-difference-between-accessibility-compliance-and-accessibility-conformance\">The Difference Between Accessibility Compliance and Accessibility Conformance<\/a><br \/>\nIn Microsoft Teams soll es m\u00f6glich werden, Pr\u00e4sentationen nicht nur als Bild, sondern f\u00fcr Blinde lesbar zu \u00fcbertragen. Die Funktion hei\u00dft PowerPoint Live, bei uns ist sie bislang allerdings nicht aufgetaucht. Eine solche Funktion w\u00fcrde die Zug\u00e4nglichkeit von Text-Pr\u00e4sentationen in virtuellen Meetings f\u00fcr Blinde und einige Sehbehinderte deutlich steigern.<br \/>\nIntroducing PowerPoint Live in Microsoft Teams<br \/>\nZwei Dinge, \u00fcber die wir im Newsletter \u00f6fter berichtet haben, kommen jetzt zusammen. Die steigende Zahl an Gerichtsprozessen in den USA wegen M\u00e4ngeln in der Barrierefreiheit von Websites und die uns\u00e4glichen Accessibility Overlays, die versprechen, Barrierefreiheit automatisch umzusetzen. Betroffen ist hier einer der lautesten Overlay-Anbieter, AccessiBe, dar\u00fcber berichtet Wired.<br \/>\n<a href=\"https:\/\/www.wired.com\/story\/company-tapped-ai-website-landed-court\/\">This Company Tapped AI for Its Website\u2014and Landed in Court<\/a><br \/>\nDer Schl\u00fcssel zum Erfolg ist auch bei Barrierefreiheit eine gute Planung sowie ein commitment im Team dar\u00fcber, was eigentlich erreicht werden soll. Bei Deque wird ein Ansatz dazu vorgestellt.<br \/>\n<a href=\"https:\/\/www.deque.com\/blog\/collaborative-planning-the-forgotten-step-of-accessible-development\/\">Collaborative planning, the forgotten step of accessible development <\/a><br \/>\nUnd das Zitat des Monats:<br \/>\n&#8222;Accessibility is not necessarily about doing more work, it&#8217;s often about making better decisions.&#8220;<br \/>\nGigi Etienne. <a href=\"https:\/\/www.linkedin.com\/pulse\/accessibility-strategy-gigi-etienne\/\">An accessibility strategy<\/a><\/p>\n<div id=\"ez-toc-container\" class=\"ez-toc-v2_0_82_2 counter-hierarchy ez-toc-counter ez-toc-white ez-toc-container-direction\">\n<div class=\"ez-toc-title-container\">\n<p class=\"ez-toc-title\" style=\"cursor:inherit\">Inhalt<\/p>\n<span class=\"ez-toc-title-toggle\"><a href=\"#\" class=\"ez-toc-pull-right ez-toc-btn ez-toc-btn-xs ez-toc-btn-default ez-toc-toggle\" aria-label=\"Toggle Table of Content\"><span class=\"ez-toc-js-icon-con\"><span class=\"\"><span class=\"eztoc-hide\" style=\"display:none;\">Toggle<\/span><span class=\"ez-toc-icon-toggle-span\"><svg style=\"fill: #999;color:#999\" xmlns=\"http:\/\/www.w3.org\/2000\/svg\" class=\"list-377408\" width=\"20px\" height=\"20px\" viewBox=\"0 0 24 24\" fill=\"none\"><path d=\"M6 6H4v2h2V6zm14 0H8v2h12V6zM4 11h2v2H4v-2zm16 0H8v2h12v-2zM4 16h2v2H4v-2zm16 0H8v2h12v-2z\" fill=\"currentColor\"><\/path><\/svg><svg style=\"fill: #999;color:#999\" class=\"arrow-unsorted-368013\" xmlns=\"http:\/\/www.w3.org\/2000\/svg\" width=\"10px\" height=\"10px\" viewBox=\"0 0 24 24\" version=\"1.2\" baseProfile=\"tiny\"><path d=\"M18.2 9.3l-6.2-6.3-6.2 6.3c-.2.2-.3.4-.3.7s.1.5.3.7c.2.2.4.3.7.3h11c.3 0 .5-.1.7-.3.2-.2.3-.5.3-.7s-.1-.5-.3-.7zM5.8 14.7l6.2 6.3 6.2-6.3c.2-.2.3-.5.3-.7s-.1-.5-.3-.7c-.2-.2-.4-.3-.7-.3h-11c-.3 0-.5.1-.7.3-.2.2-.3.5-.3.7s.1.5.3.7z\"\/><\/svg><\/span><\/span><\/span><\/a><\/span><\/div>\n<nav><ul class='ez-toc-list ez-toc-list-level-1 ' ><li class='ez-toc-page-1 ez-toc-heading-level-2'><a class=\"ez-toc-link ez-toc-heading-1\" href=\"https:\/\/www.netz-barrierefrei.de\/wordpress\/newsletter-digitale-barrierefreiheit\/eine-welt-ohne-farben-neues-zur-barrierefreiheit-12-2021\/#Schulungen_und_Veranstaltungen\" >Schulungen und Veranstaltungen<\/a><\/li><li class='ez-toc-page-1 ez-toc-heading-level-2'><a class=\"ez-toc-link ez-toc-heading-2\" href=\"https:\/\/www.netz-barrierefrei.de\/wordpress\/newsletter-digitale-barrierefreiheit\/eine-welt-ohne-farben-neues-zur-barrierefreiheit-12-2021\/#Newsletter_abonnieren\" >Newsletter abonnieren<\/a><\/li><\/ul><\/nav><\/div>\n<h2><span class=\"ez-toc-section\" id=\"Schulungen_und_Veranstaltungen\"><\/span>Schulungen und Veranstaltungen<span class=\"ez-toc-section-end\"><\/span><\/h2>\n<p>Mit unseren Schulungen gehen wir in eine Winterpause. Wir legen dann voraussichtlich ab Ende Januar wieder los.<br \/>\nAktuell gibt es wenige interessante Veranstaltungen zur Barrierefreiheit. Deswegen verzichten wir an dieser Stelle auf die \u00fcblichen Hinweise und hoffen, dass es n\u00e4chstes Jahr wieder anzieht. <\/p>\n<h2><span class=\"ez-toc-section\" id=\"Newsletter_abonnieren\"><\/span>Newsletter abonnieren<span class=\"ez-toc-section-end\"><\/span><\/h2>\n<p>Wenn Sie den Newsletter bisher nicht abonniert haben, k\u00f6nnen Sie das hier nachholen.<br \/>\n[newsletter2go]<\/p>\n","protected":false},"excerpt":{"rendered":"<p>Aller Voraussicht nach werden wir in wenigen Tagen eine neue Bundesregierung haben. Was sich die Koalition in Sachen Barrierefreiheit vorgenommen hat, wurde beim Portal barrierefreiheitsgesetz&#8230;<\/p>\n<div class=\"more-link-wrapper\"><a class=\"more-link\" href=\"https:\/\/www.netz-barrierefrei.de\/wordpress\/newsletter-digitale-barrierefreiheit\/eine-welt-ohne-farben-neues-zur-barrierefreiheit-12-2021\/\">Weiterlesen<span class=\"screen-reader-text\">Ein Web ohne Farben &#8211; Neues zur Barrierefreiheit 12\/2021<\/span><\/a><\/div>\n","protected":false},"author":1,"featured_media":0,"parent":1450,"menu_order":0,"comment_status":"closed","ping_status":"closed","template":"","meta":{"footnotes":""},"class_list":["post-6135","page","type-page","status-publish","hentry","entry"],"_links":{"self":[{"href":"https:\/\/www.netz-barrierefrei.de\/wordpress\/wp-json\/wp\/v2\/pages\/6135","targetHints":{"allow":["GET"]}}],"collection":[{"href":"https:\/\/www.netz-barrierefrei.de\/wordpress\/wp-json\/wp\/v2\/pages"}],"about":[{"href":"https:\/\/www.netz-barrierefrei.de\/wordpress\/wp-json\/wp\/v2\/types\/page"}],"author":[{"embeddable":true,"href":"https:\/\/www.netz-barrierefrei.de\/wordpress\/wp-json\/wp\/v2\/users\/1"}],"replies":[{"embeddable":true,"href":"https:\/\/www.netz-barrierefrei.de\/wordpress\/wp-json\/wp\/v2\/comments?post=6135"}],"version-history":[{"count":12,"href":"https:\/\/www.netz-barrierefrei.de\/wordpress\/wp-json\/wp\/v2\/pages\/6135\/revisions"}],"predecessor-version":[{"id":9595,"href":"https:\/\/www.netz-barrierefrei.de\/wordpress\/wp-json\/wp\/v2\/pages\/6135\/revisions\/9595"}],"up":[{"embeddable":true,"href":"https:\/\/www.netz-barrierefrei.de\/wordpress\/wp-json\/wp\/v2\/pages\/1450"}],"wp:attachment":[{"href":"https:\/\/www.netz-barrierefrei.de\/wordpress\/wp-json\/wp\/v2\/media?parent=6135"}],"curies":[{"name":"wp","href":"https:\/\/api.w.org\/{rel}","templated":true}]}}