{"id":6246,"date":"2022-01-07T17:34:22","date_gmt":"2022-01-07T15:34:22","guid":{"rendered":"https:\/\/www.netz-barrierefrei.de\/wordpress\/?page_id=6246"},"modified":"2023-12-07T10:28:38","modified_gmt":"2023-12-07T08:28:38","slug":"online-schulung-digitale-barrierefreiheit-fuer-projektmanager","status":"publish","type":"page","link":"https:\/\/www.netz-barrierefrei.de\/wordpress\/barrierefreiheits-workshops\/online-schulung-digitale-barrierefreiheit-fuer-projektmanager\/","title":{"rendered":"Online-Schulung: Digitale Barrierefreiheit f\u00fcr Projektmanager"},"content":{"rendered":"<p><img loading=\"lazy\" decoding=\"async\" src=\"https:\/\/www.netz-barrierefrei.de\/wordpress\/wp-content\/uploads\/mookup.jpg\" alt=\"Mookup zur Digitalisierung\" width=\"960\" height=\"319\" class=\"alignleft size-full wp-image-4041\" srcset=\"https:\/\/www.netz-barrierefrei.de\/wordpress\/wp-content\/uploads\/mookup.jpg 960w, https:\/\/www.netz-barrierefrei.de\/wordpress\/wp-content\/uploads\/mookup-300x100.jpg 300w, https:\/\/www.netz-barrierefrei.de\/wordpress\/wp-content\/uploads\/mookup-768x255.jpg 768w\" sizes=\"auto, (max-width: 960px) 100vw, 960px\" \/>Sie sind Projekt-Verantwortliche f\u00fcr Webseiten, Apps oder andere digitale Inhalte und m\u00fcssen sich um Barrierefreiheit k\u00fcmmern? Dann k\u00f6nnte diese Schulung f\u00fcr Sie interessant sein. Fragen Sie gerne bei <a href=\"https:\/\/www.silta.ai\/schulungen\">Silta nach einer Schulung<\/a>.<\/p>\n<div id=\"ez-toc-container\" class=\"ez-toc-v2_0_83 counter-hierarchy ez-toc-counter ez-toc-white ez-toc-container-direction\">\n<div class=\"ez-toc-title-container\">\n<p class=\"ez-toc-title\" style=\"cursor:inherit\">Inhalt<\/p>\n<span class=\"ez-toc-title-toggle\"><a href=\"#\" class=\"ez-toc-pull-right ez-toc-btn ez-toc-btn-xs ez-toc-btn-default ez-toc-toggle\" aria-label=\"Toggle Table of Content\"><span class=\"ez-toc-js-icon-con\"><span class=\"\"><span class=\"eztoc-hide\" style=\"display:none;\">Toggle<\/span><span class=\"ez-toc-icon-toggle-span\"><svg style=\"fill: #999;color:#999\" xmlns=\"http:\/\/www.w3.org\/2000\/svg\" class=\"list-377408\" width=\"20px\" height=\"20px\" viewBox=\"0 0 24 24\" fill=\"none\"><path d=\"M6 6H4v2h2V6zm14 0H8v2h12V6zM4 11h2v2H4v-2zm16 0H8v2h12v-2zM4 16h2v2H4v-2zm16 0H8v2h12v-2z\" fill=\"currentColor\"><\/path><\/svg><svg style=\"fill: #999;color:#999\" class=\"arrow-unsorted-368013\" xmlns=\"http:\/\/www.w3.org\/2000\/svg\" width=\"10px\" height=\"10px\" viewBox=\"0 0 24 24\" version=\"1.2\" baseProfile=\"tiny\"><path d=\"M18.2 9.3l-6.2-6.3-6.2 6.3c-.2.2-.3.4-.3.7s.1.5.3.7c.2.2.4.3.7.3h11c.3 0 .5-.1.7-.3.2-.2.3-.5.3-.7s-.1-.5-.3-.7zM5.8 14.7l6.2 6.3 6.2-6.3c.2-.2.3-.5.3-.7s-.1-.5-.3-.7c-.2-.2-.4-.3-.7-.3h-11c-.3 0-.5.1-.7.3-.2.2-.3.5-.3.7s.1.5.3.7z\"\/><\/svg><\/span><\/span><\/span><\/a><\/span><\/div>\n<nav><ul class='ez-toc-list ez-toc-list-level-1 ' ><li class='ez-toc-page-1 ez-toc-heading-level-2'><a class=\"ez-toc-link ez-toc-heading-1\" href=\"https:\/\/www.netz-barrierefrei.de\/wordpress\/barrierefreiheits-workshops\/online-schulung-digitale-barrierefreiheit-fuer-projektmanager\/#Inhalte_der_Schulung\" >Inhalte der Schulung<\/a><\/li><li class='ez-toc-page-1 ez-toc-heading-level-2'><a class=\"ez-toc-link ez-toc-heading-2\" href=\"https:\/\/www.netz-barrierefrei.de\/wordpress\/barrierefreiheits-workshops\/online-schulung-digitale-barrierefreiheit-fuer-projektmanager\/#Der_Dozent\" >Der Dozent<\/a><\/li><\/ul><\/nav><\/div>\n<h2><span class=\"ez-toc-section\" id=\"Inhalte_der_Schulung\"><\/span>Inhalte der Schulung<span class=\"ez-toc-section-end\"><\/span><\/h2>\n<p>Als Projektmanager:In \u00fcbernehmen Sie vor allem Schnittstellen-Funktionen: In Agenturen m\u00fcssen Sie die W\u00fcnsche des Kunden entgegennehmen und einordnen, ggf. auch den Kunden beraten, was wie schnell umgesetzt werden muss. Mit den Entwickler:Innen m\u00fcssen Sie technische Anforderungen im Detail kl\u00e4ren und priorisieren.<br \/>\nAls Inhouse-Verantwortliche f\u00fcr Barrierefreiheit m\u00fcssen Sie interne Personen oder Dienstleister:Innen steuern oder die Qualit\u00e4ttssicherung verantworten.<br \/>\nDie folgenden Themen werden wir behandeln:<\/p>\n<ul>\n<li>kurze Einf\u00fchrung in Richtlinien und Gesetze<\/h2>\n<li>kurze Einf\u00fchrung in die Basis-Anforderungen der digitalen Barrierefreiheit<\/li>\n<li>Rollenverteilung im Projekt<\/li>\n<li>Anforderungen erheben und dokumentieren<\/li>\n<li>Barrierefreiheit in der Unternehmenskultur verankern<\/li>\n<\/ul>\n<p>Ich gehe davon aus, dass Sie bisher noch keine Ber\u00fchrungspunkte mit Barrierefreiheit hatten und vermittel Ihnen daher Basis-Informationen zu diesem Thema. Nat\u00fcrlich kann man das Thema nicht in 2 Zeitstunden ersch\u00f6pfend behandeln. Sie sollten also bereit sein, sich bei Notwendigkeit tiefer einzuarbeiten bzw. eine vertiefende Schulung zu besuchen.<br \/>\nDer Schulung liegt kein bestimmtes Paradigma des Projektmanagements zugrunde. Ob klassisch oder agil, Barrierefreiheit kann immer integriert werden.<\/p>\n<h2><span class=\"ez-toc-section\" id=\"Der_Dozent\"><\/span>Der Dozent<span class=\"ez-toc-section-end\"><\/span><\/h2>\n<p>Domingos de Oliveira arbeitet seit dem Jahr 2010 als freier Berater f\u00fcr barrierefreies Internet und als Online-Redakteur. Er hat unter anderem die B\u00fccher \u201eBarrierefreiheit im Internet\u201c und \u201eBarrierefreiheit umsetzen\u201c verfasst und zahlreiche Webprojekte zur Barrierefreiheit begleitet: Darunter die Deutsche Forschungsgemeinschaft oder die Aktion Mensch.<\/p>\n","protected":false},"excerpt":{"rendered":"<p>Sie sind Projekt-Verantwortliche f\u00fcr Webseiten, Apps oder andere digitale Inhalte und m\u00fcssen sich um Barrierefreiheit k\u00fcmmern? Dann k\u00f6nnte diese Schulung f\u00fcr Sie interessant sein. Fragen&#8230;<\/p>\n<div class=\"more-link-wrapper\"><a class=\"more-link\" href=\"https:\/\/www.netz-barrierefrei.de\/wordpress\/barrierefreiheits-workshops\/online-schulung-digitale-barrierefreiheit-fuer-projektmanager\/\">Weiterlesen<span class=\"screen-reader-text\">Online-Schulung: Digitale Barrierefreiheit f\u00fcr Projektmanager<\/span><\/a><\/div>\n","protected":false},"author":1,"featured_media":0,"parent":352,"menu_order":0,"comment_status":"closed","ping_status":"closed","template":"","meta":{"footnotes":""},"class_list":["post-6246","page","type-page","status-publish","hentry","entry"],"_links":{"self":[{"href":"https:\/\/www.netz-barrierefrei.de\/wordpress\/wp-json\/wp\/v2\/pages\/6246","targetHints":{"allow":["GET"]}}],"collection":[{"href":"https:\/\/www.netz-barrierefrei.de\/wordpress\/wp-json\/wp\/v2\/pages"}],"about":[{"href":"https:\/\/www.netz-barrierefrei.de\/wordpress\/wp-json\/wp\/v2\/types\/page"}],"author":[{"embeddable":true,"href":"https:\/\/www.netz-barrierefrei.de\/wordpress\/wp-json\/wp\/v2\/users\/1"}],"replies":[{"embeddable":true,"href":"https:\/\/www.netz-barrierefrei.de\/wordpress\/wp-json\/wp\/v2\/comments?post=6246"}],"version-history":[{"count":14,"href":"https:\/\/www.netz-barrierefrei.de\/wordpress\/wp-json\/wp\/v2\/pages\/6246\/revisions"}],"predecessor-version":[{"id":8723,"href":"https:\/\/www.netz-barrierefrei.de\/wordpress\/wp-json\/wp\/v2\/pages\/6246\/revisions\/8723"}],"up":[{"embeddable":true,"href":"https:\/\/www.netz-barrierefrei.de\/wordpress\/wp-json\/wp\/v2\/pages\/352"}],"wp:attachment":[{"href":"https:\/\/www.netz-barrierefrei.de\/wordpress\/wp-json\/wp\/v2\/media?parent=6246"}],"curies":[{"name":"wp","href":"https:\/\/api.w.org\/{rel}","templated":true}]}}