{"id":665,"date":"2018-03-22T15:55:50","date_gmt":"2018-03-22T13:55:50","guid":{"rendered":"http:\/\/www.netz-barrierefrei.de\/wordpress\/?page_id=665"},"modified":"2019-08-14T20:52:47","modified_gmt":"2019-08-14T18:52:47","slug":"barrierefreies-impressum","status":"publish","type":"page","link":"https:\/\/www.netz-barrierefrei.de\/wordpress\/barrierefreies-internet\/entwicklung-und-design\/barrierefreies-impressum\/","title":{"rendered":"Barrierefreies Impressum"},"content":{"rendered":"<p><img loading=\"lazy\" decoding=\"async\" src=\"https:\/\/www.netz-barrierefrei.de\/wordpress\/wp-content\/uploads\/radio-297183__480-300x223.png\" alt=\"Stilisierte Radiowellen stralen nach links und rechts\" width=\"300\" height=\"223\" class=\"alignleft size-medium wp-image-1412\" srcset=\"https:\/\/www.netz-barrierefrei.de\/wordpress\/wp-content\/uploads\/radio-297183__480-300x223.png 300w, https:\/\/www.netz-barrierefrei.de\/wordpress\/wp-content\/uploads\/radio-297183__480.png 647w\" sizes=\"auto, (max-width: 300px) 100vw, 300px\" \/>Muss ein Impressum eigentlich barrierefrei sein? Aus ethischer Sicht w\u00fcrde man sofort ja sagen, denn warum sollten diese Daten nicht allen zug\u00e4nglich sein? Vor allem kleinere Seitenbetreiber verstecken Kontaktdaten wie Mailadressen in Rastergrafiken, so dass sie von Bots nicht ausgelesen werden k\u00f6nnen. Die Strukturen von Adressen sind sehr leicht automatisiert zu erkennen, so dass Adressensammler im Internet sehr schnell ihre Speicher f\u00fcllen k\u00f6nnen. Ein weiteres Problem ist nat\u00fcrlich Stalking, was sehr viel einfacher wird, wenn man Telefonnummer und Adresse einer Person hat. <\/p>\n<div id=\"ez-toc-container\" class=\"ez-toc-v2_0_82_2 counter-hierarchy ez-toc-counter ez-toc-white ez-toc-container-direction\">\n<div class=\"ez-toc-title-container\">\n<p class=\"ez-toc-title\" style=\"cursor:inherit\">Inhalt<\/p>\n<span class=\"ez-toc-title-toggle\"><a href=\"#\" class=\"ez-toc-pull-right ez-toc-btn ez-toc-btn-xs ez-toc-btn-default ez-toc-toggle\" aria-label=\"Toggle Table of Content\"><span class=\"ez-toc-js-icon-con\"><span class=\"\"><span class=\"eztoc-hide\" style=\"display:none;\">Toggle<\/span><span class=\"ez-toc-icon-toggle-span\"><svg style=\"fill: #999;color:#999\" xmlns=\"http:\/\/www.w3.org\/2000\/svg\" class=\"list-377408\" width=\"20px\" height=\"20px\" viewBox=\"0 0 24 24\" fill=\"none\"><path d=\"M6 6H4v2h2V6zm14 0H8v2h12V6zM4 11h2v2H4v-2zm16 0H8v2h12v-2zM4 16h2v2H4v-2zm16 0H8v2h12v-2z\" fill=\"currentColor\"><\/path><\/svg><svg style=\"fill: #999;color:#999\" class=\"arrow-unsorted-368013\" xmlns=\"http:\/\/www.w3.org\/2000\/svg\" width=\"10px\" height=\"10px\" viewBox=\"0 0 24 24\" version=\"1.2\" baseProfile=\"tiny\"><path d=\"M18.2 9.3l-6.2-6.3-6.2 6.3c-.2.2-.3.4-.3.7s.1.5.3.7c.2.2.4.3.7.3h11c.3 0 .5-.1.7-.3.2-.2.3-.5.3-.7s-.1-.5-.3-.7zM5.8 14.7l6.2 6.3 6.2-6.3c.2-.2.3-.5.3-.7s-.1-.5-.3-.7c-.2-.2-.4-.3-.7-.3h-11c-.3 0-.5.1-.7.3-.2.2-.3.5-.3.7s.1.5.3.7z\"\/><\/svg><\/span><\/span><\/span><\/a><\/span><\/div>\n<nav><ul class='ez-toc-list ez-toc-list-level-1 ' ><li class='ez-toc-page-1 ez-toc-heading-level-2'><a class=\"ez-toc-link ez-toc-heading-1\" href=\"https:\/\/www.netz-barrierefrei.de\/wordpress\/barrierefreies-internet\/entwicklung-und-design\/barrierefreies-impressum\/#Ein_ordentliches_Impressum_schafft_Vertrauen\" >Ein ordentliches Impressum schafft Vertrauen<\/a><\/li><li class='ez-toc-page-1 ez-toc-heading-level-2'><a class=\"ez-toc-link ez-toc-heading-2\" href=\"https:\/\/www.netz-barrierefrei.de\/wordpress\/barrierefreies-internet\/entwicklung-und-design\/barrierefreies-impressum\/#Die_rechtliche_Seite\" >Die rechtliche Seite<\/a><\/li><li class='ez-toc-page-1 ez-toc-heading-level-2'><a class=\"ez-toc-link ez-toc-heading-3\" href=\"https:\/\/www.netz-barrierefrei.de\/wordpress\/barrierefreies-internet\/entwicklung-und-design\/barrierefreies-impressum\/#Das_uebertriebene_Spamproblem\" >Das \u00fcbertriebene Spamproblem<\/a><\/li><\/ul><\/nav><\/div>\n<h2><span class=\"ez-toc-section\" id=\"Ein_ordentliches_Impressum_schafft_Vertrauen\"><\/span>Ein ordentliches Impressum schafft Vertrauen<span class=\"ez-toc-section-end\"><\/span><\/h2>\n<p>Privatpersonen sind nicht impressumspflichtig, wenn sie auch keine Werbung auf ihrer Seite schalten. Jede Textanzeige und jeder Affiliate Link und verkaufte Link gilt als Werbung und macht die Seite damit impressumspflichtig.<br \/>\nW\u00e4hrend es bei einer privaten Seite oder einem Blog relativ egal ist, wer da was schreibt, wird es schon bei Soloselbstst\u00e4ndigen anders. Wer hier eine Dienstleistung beauftragen m\u00f6chte, wird zuerst auf das Impressum schauen, zumal hier zumeist auch die Kontaktdaten stehen. Enth\u00e4lt das Impressum nicht die obligatorischen Angaben wie die Umsatz-Steuer-ID oder sind die Kontaktdaten nicht lesbar, scheidet dieser Anbieter aus. Das gilt nat\u00fcrlich erst recht f\u00fcr Agenturen, Shops oder Unternehmen. <\/p>\n<h2><span class=\"ez-toc-section\" id=\"Die_rechtliche_Seite\"><\/span>Die rechtliche Seite<span class=\"ez-toc-section-end\"><\/span><\/h2>\n<p>Die Rechtsprechung scheint noch nicht so eindeutig zu sein. \u00dcber diesen Post bin ich darauf gesto\u00dfen, dass es relativ neue Urteile dazu gibt. In einem anderen Beitrag wird das n\u00e4her ausgef\u00fchrt:<\/p>\n<blockquote><p>Grundlage f\u00fcr das Bereithalten einer Anbieterkennzeichnung ist \u00a7 5 TMG. Darin festgehalten ist, dass die Anbieterkennzeichnung &#8222;leicht erkennbar, unmittelbar erreichbar und st\u00e4ndig verf\u00fcgbar&#8220; zu halten ist.<a href=\"https:\/\/shopbetreiber-blog.de\/2011\/02\/24\/abmahnung-impressum-grafik\">Abmahngefahr: Impressum als Grafik \u00bb shopbetreiber-blog.de<\/a><\/p><\/blockquote>\n<p>Ich denke, das ist sehr eindeutig. Leicht erkennbar hei\u00dft f\u00fcr alle erkennbar. Theoretisch also auch f\u00fcr die Nutzer von Textbrowsern, Smartphones mit Winz-Displays oder Screenreader-Nutzer. \u00dcbrigens w\u00fcrde ich nie im Leben in einem Shop kaufen, dessen E-Mail nicht lesbar ist.<br \/>\nOb man &#8211; wie der oben zitierte Artikel &#8211; auf das Gleichstellungsgebot aus dem Grundgesetz Bezug nehmen m\u00f6chte, lasse ich mal dahin gestellt sein. Die Grundrechte beziehen sich auf die Rechte des B\u00fcrgers gegen den Staat, man m\u00fcsste hier also eher das B\u00fcrgerliche Besetzbuch heranziehen. Leider habe ich auch keine Urteile gefunden, die ein barrierefreies Impressum als verpflichtend ansehen, falls einer meiner Leser eines kennt, freue ich mich \u00fcber einen Hinweis.<br \/>\nAuch wenn es noch keine eindeutigen Urteile geben sollte, kann ich nicht dem <span class=\"removed_link\" title=\"http:\/\/consultdomain.de\/forum\/domainrecht-internet-und-onlinerecht\/50748-abmahnung-impressum-als-grafik.html\">Eiertanz in diesem Forum<\/span>nicht  anschlie\u00dfen. Das Telemediengesetz scheint mir sehr eindeutig zu sein und zumindest genug Masse f\u00fcr die allseits geliebten wettbewerbsrechtlichen Abmahnungen zu lifern. Die Anbieter sollten von sich aus auf barrierefreie impressen setzen und nicht auf Abmahnungen, Gerichte oder den Gesetzgeber warten.  <\/p>\n<h2><span class=\"ez-toc-section\" id=\"Das_uebertriebene_Spamproblem\"><\/span>Das \u00fcbertriebene Spamproblem<span class=\"ez-toc-section-end\"><\/span><\/h2>\n<p>Noch ein Wort zu Spam. Ja, es gibt massig davon, aber tats\u00e4chlich ist er recht gut in den Griff zu bekommen. Die gro\u00dfen amerikanischen Anbieter von Mailadressen wie Google, Yahoo oder Microsoft haben Spam sehr gut im Griff. Ich habe mir einfach eine Googlemail-Adresse nur f\u00fcr die Website hier zugelegt. Die Zahl der Spammails ist \u00fcberschaubar im Gegensatz zu meinem GMX-Account, wo der Spamfilter auch nach zehn Jahren Training unbrauchbar ist und diese GMX-Adresse hat noch nie im Internet gestanden. <\/p>\n","protected":false},"excerpt":{"rendered":"<p>Muss ein Impressum eigentlich barrierefrei sein? Aus ethischer Sicht w\u00fcrde man sofort ja sagen, denn warum sollten diese Daten nicht allen zug\u00e4nglich sein? Vor allem&#8230;<\/p>\n<div class=\"more-link-wrapper\"><a class=\"more-link\" href=\"https:\/\/www.netz-barrierefrei.de\/wordpress\/barrierefreies-internet\/entwicklung-und-design\/barrierefreies-impressum\/\">Weiterlesen<span class=\"screen-reader-text\">Barrierefreies Impressum<\/span><\/a><\/div>\n","protected":false},"author":1,"featured_media":0,"parent":663,"menu_order":0,"comment_status":"closed","ping_status":"closed","template":"","meta":{"footnotes":""},"class_list":["post-665","page","type-page","status-publish","hentry","entry"],"_links":{"self":[{"href":"https:\/\/www.netz-barrierefrei.de\/wordpress\/wp-json\/wp\/v2\/pages\/665","targetHints":{"allow":["GET"]}}],"collection":[{"href":"https:\/\/www.netz-barrierefrei.de\/wordpress\/wp-json\/wp\/v2\/pages"}],"about":[{"href":"https:\/\/www.netz-barrierefrei.de\/wordpress\/wp-json\/wp\/v2\/types\/page"}],"author":[{"embeddable":true,"href":"https:\/\/www.netz-barrierefrei.de\/wordpress\/wp-json\/wp\/v2\/users\/1"}],"replies":[{"embeddable":true,"href":"https:\/\/www.netz-barrierefrei.de\/wordpress\/wp-json\/wp\/v2\/comments?post=665"}],"version-history":[{"count":8,"href":"https:\/\/www.netz-barrierefrei.de\/wordpress\/wp-json\/wp\/v2\/pages\/665\/revisions"}],"predecessor-version":[{"id":9177,"href":"https:\/\/www.netz-barrierefrei.de\/wordpress\/wp-json\/wp\/v2\/pages\/665\/revisions\/9177"}],"up":[{"embeddable":true,"href":"https:\/\/www.netz-barrierefrei.de\/wordpress\/wp-json\/wp\/v2\/pages\/663"}],"wp:attachment":[{"href":"https:\/\/www.netz-barrierefrei.de\/wordpress\/wp-json\/wp\/v2\/media?parent=665"}],"curies":[{"name":"wp","href":"https:\/\/api.w.org\/{rel}","templated":true}]}}