{"id":6713,"date":"2022-06-24T14:09:40","date_gmt":"2022-06-24T12:09:40","guid":{"rendered":"https:\/\/www.netz-barrierefrei.de\/wordpress\/?page_id=6713"},"modified":"2022-07-22T15:00:00","modified_gmt":"2022-07-22T13:00:00","slug":"wie-funktioniert-die-wcag-web-content-accessibility-guidlines","status":"publish","type":"page","link":"https:\/\/www.netz-barrierefrei.de\/wordpress\/wirtschaft-gesellschaft\/regeln-richtlinien-und-gesetze-zur-barrierefreiheit\/wie-funktioniert-die-wcag-web-content-accessibility-guidlines\/","title":{"rendered":"WCAG verst\u00e4ndlich erkl\u00e4rt"},"content":{"rendered":"<p>Die WCAG basiert auf vier Prinzipien (Principles): <\/p>\n<li>wahrnehmbar &#8211; perceivable<\/li>\n<li>bedienbar &#8211; operable<\/li>\n<li>verst\u00e4ndlich &#8211; understandable ) <\/li>\n<li>robust &#8211; robust <\/li>\n<\/ul>\n<p>Robust bezieht sich darauf, dass eine Website mit m\u00f6glichst vielen Hilfstechnologien funktionieren soll.<br \/>\nDie vier Prinzipien teilen sich in 13 Richtlinien auf. Diese Richtlinien formulieren allgemeine Anforderungen. Spezifische Anforderungen schlie\u00dflich stehen in den 78 Erfolgskriterien, welche sich auf die 13 Richtlinien verteilen. In der Praxis ist diese Aufteilung tats\u00e4chlich weniger wichtig, es geht eher darum, den Gebrauch der Begriffe Prinzipien, Richtlinien und Erfolgskriterien zu verstehen. <\/p>\n<h2>Hilfreiche Dokumente<\/h2>\n<p>Im Internet gibt es zahlreiche Dokumente und Anleitungen, um Web-Barrierefreiheit umzusetzen.<br \/>\nBitte achten Sie stets auf das Datum des Beitrags oder auf den Bezugsrahmen: Viele Dokumente beziehen sich auf die WCAG 2.0, einige aber auch auf die veraltete BITV 2.0 2011. Sie sind deswegen nicht falsch, sollten aber kritisch auf Aktualit\u00e4t gepr\u00fcft werden. Die technischen Standards wie HTML und CSS, aber auch die Hilfstechnologien entwickeln sich sehr schnell weiter.<br \/>\nDokumente der WAI<br \/>\nDie Web Accessibility Initiative  (WAI) unterscheidet zwischen normativen und informativen Dokumenten. Normativ hei\u00dft, dass die Inhalte kanonisch sind. Sie haben einen langwierigen Prozess der Abstimmung durchlaufen und werden selten ge\u00e4ndert. Informative Texte werden dynamisch angepasst. Sie sind nicht verpflichtend zur Erreichung von Barrierefreiheit. So gibt es den Text &#8222;How to meet WCAG 2.0&#8220;. Er zeigt Techniken auf, wie einzelne Richtlinien der WCAG erf\u00fcllt werden k\u00f6nnen. Die Techniken sind aber nicht verpflichtend, um die WCAG zu erf\u00fcllen.  Andererseits gilt eine Webseite nicht nur deshalb als konform, weil die WAI Techniken eingesetzt wurden.<br \/>\nDie meisten Dokumente des WAI sind Referenzen, das hei\u00dft, sie werden nicht von vorne bis hinten durchgelesen, sondern konsultiert, wenn spezifische Fragen beantwortet werden m\u00fcssen.<br \/>\nDas bekannteste Dokument ist die WCAG selbst, sie ist normativ. Die letzte gro\u00dfe \u00c4nderung fand 2018 mit der Verabschiedung der WCAG 2.1 statt. Die WCAG 3.0 ist in Arbeit, es wird aber einige Jahre dauern, bis sie verabschiedet wird. Es wird voraussichtlich zumindest eine WCAG 2.2 geben.<br \/>\nDas Dokument Understanding WCAG 2.0 ist informativ. Es soll dabei helfen, die einzelnen Kriterien der WCAG zu verstehen. In Verbindung mit der WCAG ist es hilfreich, um die Hintergr\u00fcnde der Erfolgskriterien besser zu verstehen und die WCAG praktisch umzusetzen. Es wird zum Beispiel dargestellt, wie ein bestimmtes Kriterium aus der WCAG spezifisch zur Barrierefreiheit beitr\u00e4gt. Interessant ist dabei auch der Unterpunkt \u201eCommon Failures\u201c, in welchem h\u00e4ufige Fehler des jeweiligen Kriteriums dargestellt werden.<br \/>\nDas Dokument Techniques for WCAG 2.1 ist ebenfalls informativ. Es zeigt Techniken auf, mit denen die Erfolgskriterien der WCAG erf\u00fcllt werden k\u00f6nnen.<br \/>\nJedes Kriterium der WCAG ist jeweils mit den informativen Dokumenten \u201eUnderstanding\u2026\u201c und \u201eHow to meet\u2026\u201c Verkn\u00fcpft. Das hei\u00dft, Sie k\u00f6nnen zwischen den einzelnen Punkten problemlos hin- und herwechseln.<br \/>\nHaben Sie mit einem Dienstleister zu tun, der noch keine Erfahrung mit Barrierefreiheit hat, empfehlen Sie ihm neben der Lekt\u00fcre der WCAG auch die Techniques und die Understanding-Dokumente zur Einarbeitung. Die Dokumente m\u00fcssen nat\u00fcrlich nicht vollst\u00e4ndig gelesen werden, sondern nur bei den Punkten, die nichtselbsterkl\u00e4rend sind.<br \/>\nRelevant ist f\u00fcr die Praxis der barrierefreien Web-Gestaltung F\u00fcr Sie oder Ihre Dienstleister zun\u00e4chst vor allem die aktuelle WCAG.<br \/>\nEs gibt eine ganze Reihe weiterer Dokumente und Richtlinien des WAI: Darin geht es etwa um Browser, Redaktionssysteme oder assistive Technologien. Sie sind in unserem Zusammenhang allerdings nicht relevant und k\u00f6nnen deshalb erst einmal ignoriert werden. <\/p>\n","protected":false},"excerpt":{"rendered":"<p>Die WCAG basiert auf vier Prinzipien (Principles): wahrnehmbar &#8211; perceivable bedienbar &#8211; operable verst\u00e4ndlich &#8211; understandable ) robust &#8211; robust Robust bezieht sich darauf, dass&#8230;<\/p>\n<div class=\"more-link-wrapper\"><a class=\"more-link\" href=\"https:\/\/www.netz-barrierefrei.de\/wordpress\/wirtschaft-gesellschaft\/regeln-richtlinien-und-gesetze-zur-barrierefreiheit\/wie-funktioniert-die-wcag-web-content-accessibility-guidlines\/\">Weiterlesen<span class=\"screen-reader-text\">WCAG verst\u00e4ndlich erkl\u00e4rt<\/span><\/a><\/div>\n","protected":false},"author":1,"featured_media":0,"parent":775,"menu_order":0,"comment_status":"closed","ping_status":"closed","template":"","meta":{"footnotes":""},"class_list":["post-6713","page","type-page","status-publish","hentry","entry"],"_links":{"self":[{"href":"https:\/\/www.netz-barrierefrei.de\/wordpress\/wp-json\/wp\/v2\/pages\/6713","targetHints":{"allow":["GET"]}}],"collection":[{"href":"https:\/\/www.netz-barrierefrei.de\/wordpress\/wp-json\/wp\/v2\/pages"}],"about":[{"href":"https:\/\/www.netz-barrierefrei.de\/wordpress\/wp-json\/wp\/v2\/types\/page"}],"author":[{"embeddable":true,"href":"https:\/\/www.netz-barrierefrei.de\/wordpress\/wp-json\/wp\/v2\/users\/1"}],"replies":[{"embeddable":true,"href":"https:\/\/www.netz-barrierefrei.de\/wordpress\/wp-json\/wp\/v2\/comments?post=6713"}],"version-history":[{"count":2,"href":"https:\/\/www.netz-barrierefrei.de\/wordpress\/wp-json\/wp\/v2\/pages\/6713\/revisions"}],"predecessor-version":[{"id":6791,"href":"https:\/\/www.netz-barrierefrei.de\/wordpress\/wp-json\/wp\/v2\/pages\/6713\/revisions\/6791"}],"up":[{"embeddable":true,"href":"https:\/\/www.netz-barrierefrei.de\/wordpress\/wp-json\/wp\/v2\/pages\/775"}],"wp:attachment":[{"href":"https:\/\/www.netz-barrierefrei.de\/wordpress\/wp-json\/wp\/v2\/media?parent=6713"}],"curies":[{"name":"wp","href":"https:\/\/api.w.org\/{rel}","templated":true}]}}