{"id":674,"date":"2018-03-22T16:04:32","date_gmt":"2018-03-22T14:04:32","guid":{"rendered":"http:\/\/www.netz-barrierefrei.de\/wordpress\/?page_id=674"},"modified":"2019-07-18T13:49:38","modified_gmt":"2019-07-18T11:49:38","slug":"rechtliches","status":"publish","type":"page","link":"https:\/\/www.netz-barrierefrei.de\/wordpress\/barrierefreies-internet\/entwicklung-und-design\/rechtliches\/","title":{"rendered":"Rechtliches"},"content":{"rendered":"<p>In Deutschland gibt es nur wenige Richtlinien und Gesetze zur Barrierefreiheit, zumindest was digitale Technik angeht. Zu nennen sind Verordnungen zur Ergonomie des Arbeitsplatzes oder die Bildschirm-Technik-Verordnung, die aber nur eingeschr\u00e4nkt mit Barrierefreiheit zu tun haben. <\/p>\n<div id=\"ez-toc-container\" class=\"ez-toc-v2_0_82_2 counter-hierarchy ez-toc-counter ez-toc-white ez-toc-container-direction\">\n<div class=\"ez-toc-title-container\">\n<p class=\"ez-toc-title\" style=\"cursor:inherit\">Inhalt<\/p>\n<span class=\"ez-toc-title-toggle\"><a href=\"#\" class=\"ez-toc-pull-right ez-toc-btn ez-toc-btn-xs ez-toc-btn-default ez-toc-toggle\" aria-label=\"Toggle Table of Content\"><span class=\"ez-toc-js-icon-con\"><span class=\"\"><span class=\"eztoc-hide\" style=\"display:none;\">Toggle<\/span><span class=\"ez-toc-icon-toggle-span\"><svg style=\"fill: #999;color:#999\" xmlns=\"http:\/\/www.w3.org\/2000\/svg\" class=\"list-377408\" width=\"20px\" height=\"20px\" viewBox=\"0 0 24 24\" fill=\"none\"><path d=\"M6 6H4v2h2V6zm14 0H8v2h12V6zM4 11h2v2H4v-2zm16 0H8v2h12v-2zM4 16h2v2H4v-2zm16 0H8v2h12v-2z\" fill=\"currentColor\"><\/path><\/svg><svg style=\"fill: #999;color:#999\" class=\"arrow-unsorted-368013\" xmlns=\"http:\/\/www.w3.org\/2000\/svg\" width=\"10px\" height=\"10px\" viewBox=\"0 0 24 24\" version=\"1.2\" baseProfile=\"tiny\"><path d=\"M18.2 9.3l-6.2-6.3-6.2 6.3c-.2.2-.3.4-.3.7s.1.5.3.7c.2.2.4.3.7.3h11c.3 0 .5-.1.7-.3.2-.2.3-.5.3-.7s-.1-.5-.3-.7zM5.8 14.7l6.2 6.3 6.2-6.3c.2-.2.3-.5.3-.7s-.1-.5-.3-.7c-.2-.2-.4-.3-.7-.3h-11c-.3 0-.5.1-.7.3-.2.2-.3.5-.3.7s.1.5.3.7z\"\/><\/svg><\/span><\/span><\/span><\/a><\/span><\/div>\n<nav><ul class='ez-toc-list ez-toc-list-level-1 ' ><li class='ez-toc-page-1 ez-toc-heading-level-2'><a class=\"ez-toc-link ez-toc-heading-1\" href=\"https:\/\/www.netz-barrierefrei.de\/wordpress\/barrierefreies-internet\/entwicklung-und-design\/rechtliches\/#Die_WCAG_und_die_BITV\" >Die WCAG und die BITV<\/a><\/li><li class='ez-toc-page-1 ez-toc-heading-level-2'><a class=\"ez-toc-link ez-toc-heading-2\" href=\"https:\/\/www.netz-barrierefrei.de\/wordpress\/barrierefreies-internet\/entwicklung-und-design\/rechtliches\/#Das_Allgemeine_Gleichstellungsgesetz\" >Das Allgemeine Gleichstellungsgesetz<\/a><\/li><li class='ez-toc-page-1 ez-toc-heading-level-2'><a class=\"ez-toc-link ez-toc-heading-3\" href=\"https:\/\/www.netz-barrierefrei.de\/wordpress\/barrierefreies-internet\/entwicklung-und-design\/rechtliches\/#Internationale_Kontrakte\" >Internationale Kontrakte<\/a><\/li><\/ul><\/nav><\/div>\n<h2><span class=\"ez-toc-section\" id=\"Die_WCAG_und_die_BITV\"><\/span>Die WCAG und die BITV<span class=\"ez-toc-section-end\"><\/span><\/h2>\n<p>Die Web Content Accessibility Guidelines des Standardisierungsgremiums W3C gelten als inoffizieller Standard f\u00fcr technische Systeme, sind aber vor allem auf Webseiten gem\u00fcnzt. Ihre deutsche Ableitung finden sie in der BITV, der Barrierefreie-Informationstechnik-Verordnung, die in Deutschland geltendes Recht ist. <\/p>\n<p>Die BITV gilt f\u00fcr \u00f6ffentliche Einrichtungen vor allem auf Bundesebene und f\u00fcr \u00fcber\u00f6rtliche Krankenkassen. Die Bundesl\u00e4nder k\u00f6nnen ihre eigenen Richtlinien erlassen, die aber auf der aktuellen BITV basieren. Man kann also sagen, dass die BITV f\u00fcr alle \u00f6ffentlichen Einrichtungen gilt. <\/p>\n<p>Die BITV gilt nicht f\u00fcr private Unternehmen oder Nicht-Regierungsorganisationen. <\/p>\n<h2><span class=\"ez-toc-section\" id=\"Das_Allgemeine_Gleichstellungsgesetz\"><\/span>Das Allgemeine Gleichstellungsgesetz<span class=\"ez-toc-section-end\"><\/span><\/h2>\n<p>Im Allgemeinen Gleichstellungsgesetz ist ein Diskriminierungsverbot verankert. Dieses Verbot kann in vielen F\u00e4llen als Hebel benutzt werden, um private Unternehmen zu mehr Barrierefreiheit zu veranlassen. So kann zum Beispiel die mangelnde Barrierefreiheit einer Website so ausgelegt werden, dass es einem Behinderten nicht m\u00f6glich ist, sich dort zu bewerben. <\/p>\n<p>Ob das in der Praxis so funktioniert, ist fraglich. In den meisten F\u00e4llen d\u00fcrfte eine Klage notwendig sein, wobei keineswegs feststeht, ob der Kl\u00e4ger Recht bekommt. Das Problem besteht hier darin, dass viele Behinderte nat\u00fcrlich andere Kommunikationskan\u00e4le haben und nicht unbedingt \u00fcber die Website gehen m\u00fcssen. <\/p>\n<h2><span class=\"ez-toc-section\" id=\"Internationale_Kontrakte\"><\/span>Internationale Kontrakte <span class=\"ez-toc-section-end\"><\/span><\/h2>\n<p>H\u00e4ufig wird auch die UN-Konvention \u00fcber die Rechte von Menschen mit Behinderung angef\u00fchrt. Sie greift hier allerdings nicht. Nur, was im deutschen Recht verankert ist, ist auch geltendes Recht. <\/p>\n<p>Richtig ist, dass deutsche Gesetze nicht gegen die UN-BRK versto\u00dfen d\u00fcrfen. Allerdings m\u00fcssen solche Entscheidungen von einem Gericht oder vom Gesetzgeber gef\u00e4llt werden, wo kein Kl\u00e4ger, da keine Rechtssprechung. Die Hintergr\u00fcnde zu den einzelnen Bereichen habe ich in <a href=\"https:\/\/www.netz-barrierefrei.de\/wordpress\/barrierefreies-internet\/entwicklung-und-design\/rechtliches\/\">einem Blogbeitrag ausf\u00fchrlich behandelt<\/a>. <\/p>\n","protected":false},"excerpt":{"rendered":"<p>In Deutschland gibt es nur wenige Richtlinien und Gesetze zur Barrierefreiheit, zumindest was digitale Technik angeht. Zu nennen sind Verordnungen zur Ergonomie des Arbeitsplatzes oder&#8230;<\/p>\n<div class=\"more-link-wrapper\"><a class=\"more-link\" href=\"https:\/\/www.netz-barrierefrei.de\/wordpress\/barrierefreies-internet\/entwicklung-und-design\/rechtliches\/\">Weiterlesen<span class=\"screen-reader-text\">Rechtliches<\/span><\/a><\/div>\n","protected":false},"author":1,"featured_media":0,"parent":663,"menu_order":0,"comment_status":"closed","ping_status":"closed","template":"","meta":{"footnotes":""},"class_list":["post-674","page","type-page","status-publish","hentry","entry"],"_links":{"self":[{"href":"https:\/\/www.netz-barrierefrei.de\/wordpress\/wp-json\/wp\/v2\/pages\/674","targetHints":{"allow":["GET"]}}],"collection":[{"href":"https:\/\/www.netz-barrierefrei.de\/wordpress\/wp-json\/wp\/v2\/pages"}],"about":[{"href":"https:\/\/www.netz-barrierefrei.de\/wordpress\/wp-json\/wp\/v2\/types\/page"}],"author":[{"embeddable":true,"href":"https:\/\/www.netz-barrierefrei.de\/wordpress\/wp-json\/wp\/v2\/users\/1"}],"replies":[{"embeddable":true,"href":"https:\/\/www.netz-barrierefrei.de\/wordpress\/wp-json\/wp\/v2\/comments?post=674"}],"version-history":[{"count":3,"href":"https:\/\/www.netz-barrierefrei.de\/wordpress\/wp-json\/wp\/v2\/pages\/674\/revisions"}],"predecessor-version":[{"id":2677,"href":"https:\/\/www.netz-barrierefrei.de\/wordpress\/wp-json\/wp\/v2\/pages\/674\/revisions\/2677"}],"up":[{"embeddable":true,"href":"https:\/\/www.netz-barrierefrei.de\/wordpress\/wp-json\/wp\/v2\/pages\/663"}],"wp:attachment":[{"href":"https:\/\/www.netz-barrierefrei.de\/wordpress\/wp-json\/wp\/v2\/media?parent=674"}],"curies":[{"name":"wp","href":"https:\/\/api.w.org\/{rel}","templated":true}]}}