{"id":676,"date":"2018-03-22T16:05:37","date_gmt":"2018-03-22T14:05:37","guid":{"rendered":"http:\/\/www.netz-barrierefrei.de\/wordpress\/?page_id=676"},"modified":"2019-08-14T15:10:11","modified_gmt":"2019-08-14T13:10:11","slug":"erklaerung-zur-barrierefreiheit","status":"publish","type":"page","link":"https:\/\/www.netz-barrierefrei.de\/wordpress\/barrierefreies-internet\/entwicklung-und-design\/erklaerung-zur-barrierefreiheit\/","title":{"rendered":"Erkl\u00e4rung zur Barrierefreiheit gem\u00e4\u00df der EU-Richtlinie 2102"},"content":{"rendered":"<p>Die <a href=\"https:\/\/www.netz-barrierefrei.de\/wordpress\/wirtschaft-gesellschaft\/regeln-richtlinien-und-gesetze-zur-barrierefreiheit\/was-aendert-sich-durch-die-richtlinie-eu-2016-2102-fuer-barrierefreie-webseiten\/\">EU-Richtlinie 2102 f\u00fcr barrierefreie Webseiten<\/a> fordert, dass eine Erkl\u00e4rung zur Barrierefreiheit auf der Webseite ver\u00f6ffentlicht wird.<br \/>\nFolgende Informationen sollten in der Erkl\u00e4rung enthalten sein:<\/p>\n<ul>\n<li>Welche Konformit\u00e4tsstufe wird durch die Website erf\u00fcllt? Welche BITV wird als Grundlage genommen?<\/li>\n<li>Sind einzelne Bereiche der Website wie etwa PDFs ausgenommen? Wenn ja, warum? Und gibt es Pl\u00e4ne, diese Ausnahmen in absehbarer Zeit zu besitigen?<\/li>\n<li>Wer ist der Ansprechpartner bez\u00fcglich der Barrierefreiheit der Webseiten?<\/li>\n<li>Welche speziellen Angebote gibt es zur Barrierefreiheit, zum Beispiel Leichte Sprache oder Geb\u00e4rdensprache und wo sind diese zu finden?<\/li>\n<\/ul>\n<p>Prinzipiell sollten alle Aussagen nat\u00fcrlich korrekt und \u00fcberpr\u00fcfbar sein. Die Erkl\u00e4rung sollte mit h\u00f6chstens zwei Klicks von der Startseite erreichbar sein. Sie kann etwa in der Fu\u00dfzeile neben der Datenschutz-Erkl\u00e4rung untergebracht werden. <\/p>\n","protected":false},"excerpt":{"rendered":"<p>Die EU-Richtlinie 2102 f\u00fcr barrierefreie Webseiten fordert, dass eine Erkl\u00e4rung zur Barrierefreiheit auf der Webseite ver\u00f6ffentlicht wird. Folgende Informationen sollten in der Erkl\u00e4rung enthalten sein:&#8230;<\/p>\n<div class=\"more-link-wrapper\"><a class=\"more-link\" href=\"https:\/\/www.netz-barrierefrei.de\/wordpress\/barrierefreies-internet\/entwicklung-und-design\/erklaerung-zur-barrierefreiheit\/\">Weiterlesen<span class=\"screen-reader-text\">Erkl\u00e4rung zur Barrierefreiheit gem\u00e4\u00df der EU-Richtlinie 2102<\/span><\/a><\/div>\n","protected":false},"author":1,"featured_media":0,"parent":663,"menu_order":0,"comment_status":"closed","ping_status":"closed","template":"","meta":{"footnotes":""},"class_list":["post-676","page","type-page","status-publish","hentry","entry"],"_links":{"self":[{"href":"https:\/\/www.netz-barrierefrei.de\/wordpress\/wp-json\/wp\/v2\/pages\/676","targetHints":{"allow":["GET"]}}],"collection":[{"href":"https:\/\/www.netz-barrierefrei.de\/wordpress\/wp-json\/wp\/v2\/pages"}],"about":[{"href":"https:\/\/www.netz-barrierefrei.de\/wordpress\/wp-json\/wp\/v2\/types\/page"}],"author":[{"embeddable":true,"href":"https:\/\/www.netz-barrierefrei.de\/wordpress\/wp-json\/wp\/v2\/users\/1"}],"replies":[{"embeddable":true,"href":"https:\/\/www.netz-barrierefrei.de\/wordpress\/wp-json\/wp\/v2\/comments?post=676"}],"version-history":[{"count":3,"href":"https:\/\/www.netz-barrierefrei.de\/wordpress\/wp-json\/wp\/v2\/pages\/676\/revisions"}],"predecessor-version":[{"id":3119,"href":"https:\/\/www.netz-barrierefrei.de\/wordpress\/wp-json\/wp\/v2\/pages\/676\/revisions\/3119"}],"up":[{"embeddable":true,"href":"https:\/\/www.netz-barrierefrei.de\/wordpress\/wp-json\/wp\/v2\/pages\/663"}],"wp:attachment":[{"href":"https:\/\/www.netz-barrierefrei.de\/wordpress\/wp-json\/wp\/v2\/media?parent=676"}],"curies":[{"name":"wp","href":"https:\/\/api.w.org\/{rel}","templated":true}]}}