{"id":687,"date":"2018-03-22T16:11:05","date_gmt":"2018-03-22T14:11:05","guid":{"rendered":"http:\/\/www.netz-barrierefrei.de\/wordpress\/?page_id=687"},"modified":"2019-06-02T16:19:40","modified_gmt":"2019-06-02T14:19:40","slug":"kostenlose-lupenprogramme","status":"publish","type":"page","link":"https:\/\/www.netz-barrierefrei.de\/wordpress\/barrierefreies-internet\/entwicklung-und-design\/kostenlose-lupenprogramme\/","title":{"rendered":"Kostenlose Lupenprogramme"},"content":{"rendered":"<p>Mittlerweile gibt es eine ganze Reihe von kostenlosen Programmen, mit deren Hilfe sich der Inhalt des Bildschirms teilweise vergr\u00f6\u00dfern l\u00e4sst. <\/p>\n<p>Ab Windows 7 geh\u00f6rt die Bildschirm-Lupe zum Standard. In Windows 7 funktioniert sie nur mit der Aero-Oberfl\u00e4chen, ab Windows 8 auch mit anderen Designs. Die Bildschirm-Lupe erlaubt ordentliche Vergr\u00f6\u00dferungsgrade, ist ressourcensparend und d\u00fcrfte in vielen F\u00e4llen als Ersatz f\u00fcr Zoomtext und \u00e4hniche Programme ausreichend sein. <\/p>\n<p>Ein Programm namens <span class=\"removed_link\" title=\"http:\/\/www.computerbild.de\/download\/DesktopZoom-1869968.html\">Desktop Zoom<\/span> erlaubt die Bildschirmvergr\u00f6\u00dferung, wobei der vergr\u00f6\u00dferte Ausschnitt mit dem Mauscursor verschoben wird. Das Programm funktioniert \u00e4hnlich wie die Bildschirm-Lupe in Windows XP. <\/p>\n<p>Das Programm <span class=\"removed_link\" title=\"http:\/\/www.chip.de\/downloads\/AeroZoom_42640555.html\">Aerozoom<\/span> vergr\u00f6\u00dfert \u00e4hnlich wie Desktop Zoom den Auschnitt unter der Maus. \u00c4hnliches leistet auch Zoom it. <\/p>\n<p>Das Programm Zoomtext Express ist zwar nicht kostenlos, aber mit 60 US-Dollar wesentlich g\u00fcnstiger als der gro\u00dfe Bruder Zoomtext, der mit 600 Dollar zu Buche schl\u00e4gt. Daf\u00fcr muss man nat\u00fcrlich mit einigen Einschr\u00e4nkungen leben. <\/p>\n<ul>\n<li>Infos zum Thema Sehen<\/li>\n<li>Kostenlose Screenreader<\/li>\n<\/ul>\n","protected":false},"excerpt":{"rendered":"<p>Mittlerweile gibt es eine ganze Reihe von kostenlosen Programmen, mit deren Hilfe sich der Inhalt des Bildschirms teilweise vergr\u00f6\u00dfern l\u00e4sst. Ab Windows 7 geh\u00f6rt die&#8230;<\/p>\n<div class=\"more-link-wrapper\"><a class=\"more-link\" href=\"https:\/\/www.netz-barrierefrei.de\/wordpress\/barrierefreies-internet\/entwicklung-und-design\/kostenlose-lupenprogramme\/\">Weiterlesen<span class=\"screen-reader-text\">Kostenlose Lupenprogramme<\/span><\/a><\/div>\n","protected":false},"author":1,"featured_media":0,"parent":663,"menu_order":0,"comment_status":"closed","ping_status":"closed","template":"","meta":{"footnotes":""},"class_list":["post-687","page","type-page","status-publish","hentry","entry"],"_links":{"self":[{"href":"https:\/\/www.netz-barrierefrei.de\/wordpress\/wp-json\/wp\/v2\/pages\/687","targetHints":{"allow":["GET"]}}],"collection":[{"href":"https:\/\/www.netz-barrierefrei.de\/wordpress\/wp-json\/wp\/v2\/pages"}],"about":[{"href":"https:\/\/www.netz-barrierefrei.de\/wordpress\/wp-json\/wp\/v2\/types\/page"}],"author":[{"embeddable":true,"href":"https:\/\/www.netz-barrierefrei.de\/wordpress\/wp-json\/wp\/v2\/users\/1"}],"replies":[{"embeddable":true,"href":"https:\/\/www.netz-barrierefrei.de\/wordpress\/wp-json\/wp\/v2\/comments?post=687"}],"version-history":[{"count":6,"href":"https:\/\/www.netz-barrierefrei.de\/wordpress\/wp-json\/wp\/v2\/pages\/687\/revisions"}],"predecessor-version":[{"id":2226,"href":"https:\/\/www.netz-barrierefrei.de\/wordpress\/wp-json\/wp\/v2\/pages\/687\/revisions\/2226"}],"up":[{"embeddable":true,"href":"https:\/\/www.netz-barrierefrei.de\/wordpress\/wp-json\/wp\/v2\/pages\/663"}],"wp:attachment":[{"href":"https:\/\/www.netz-barrierefrei.de\/wordpress\/wp-json\/wp\/v2\/media?parent=687"}],"curies":[{"name":"wp","href":"https:\/\/api.w.org\/{rel}","templated":true}]}}