{"id":702,"date":"2018-03-22T18:10:24","date_gmt":"2018-03-22T16:10:24","guid":{"rendered":"http:\/\/www.netz-barrierefrei.de\/wordpress\/?page_id=702"},"modified":"2019-06-01T18:32:07","modified_gmt":"2019-06-01T16:32:07","slug":"jenseits-von-maus-und-tastatur","status":"publish","type":"page","link":"https:\/\/www.netz-barrierefrei.de\/wordpress\/hilfstechnik-und-mensch-maschine-interaktion\/jenseits-von-maus-und-tastatur\/","title":{"rendered":"Jenseits von Maus und Tastatur"},"content":{"rendered":"<p>Auch wenn einige Hardcore-Nutzer heute noch auf die Eingabe-Shell schw\u00f6ren werden die klassischen Eingabeger\u00e4te bald nur noch eine von vielen Bedienungsm\u00f6glichkeiten sein.<br \/>\nDie heutigen Tastaturen sind ein Nachfahre der alten Schreibmaschinen. Das QWERTZ-Layout bzw. QWERTY-Layout geht darauf zur\u00fcck, dass sich die Drucktypen beim schnellen Tippen nicht verhaken sollten. Da jede Generation aufs Neue das Zehn-Finger-System auf diesen Tastaturen lernt ist es uns bis heute erhalten geblieben, sogar auf den Bildschirm-Tastaturen, wo kaum jemand mit zehn Fingern schreiben d\u00fcrfte.<br \/>\nDie Maus als Zeigeger\u00e4t kam erst mit den grafischen Benutzeroberfl\u00e4chen in Mode. Sie wurde schon in den 60er Jahren entwickelt, allerdings gab es lange Zeit kaum grafische Bedienoberfl\u00e4chen, so dass sie erst in den 80ern weite Verbreitung fand.<br \/>\nBeide \u2013 Maus und Tastatur \u2013 sind in gewisser Weise Abstraktionen. Wir haben uns so sehr daran gew\u00f6hnt, dass es uns gar nicht auff\u00e4llt, aber das Arbeiten mit einem externen Ger\u00e4t, um ein Element auf einem Bildschirm zu steuern oder Eingaben zu machen ist durchaus gew\u00f6hnungsbed\u00fcrftig. In Star Trek IV reist die Crew der Enterprise in unsere Gegenwart und der Chefingenieur Scotty sieht sich mit einem Computer alter art konfrontiert. Zun\u00e4chst versucht er mit ihm zu sprechen, Als ihm jemand eine Maus hinstellt versucht er in die Maus zu sprechen. Wenn man noch nie mit einem Computer zu tun hat w\u00fcrde man spontan eher auf dem Bildschirm rumtatschen bevor man die Maus zur Hand nimmt. <\/p>\n<div id=\"ez-toc-container\" class=\"ez-toc-v2_0_82_2 counter-hierarchy ez-toc-counter ez-toc-white ez-toc-container-direction\">\n<div class=\"ez-toc-title-container\">\n<p class=\"ez-toc-title\" style=\"cursor:inherit\">Inhalt<\/p>\n<span class=\"ez-toc-title-toggle\"><a href=\"#\" class=\"ez-toc-pull-right ez-toc-btn ez-toc-btn-xs ez-toc-btn-default ez-toc-toggle\" aria-label=\"Toggle Table of Content\"><span class=\"ez-toc-js-icon-con\"><span class=\"\"><span class=\"eztoc-hide\" style=\"display:none;\">Toggle<\/span><span class=\"ez-toc-icon-toggle-span\"><svg style=\"fill: #999;color:#999\" xmlns=\"http:\/\/www.w3.org\/2000\/svg\" class=\"list-377408\" width=\"20px\" height=\"20px\" viewBox=\"0 0 24 24\" fill=\"none\"><path d=\"M6 6H4v2h2V6zm14 0H8v2h12V6zM4 11h2v2H4v-2zm16 0H8v2h12v-2zM4 16h2v2H4v-2zm16 0H8v2h12v-2z\" fill=\"currentColor\"><\/path><\/svg><svg style=\"fill: #999;color:#999\" class=\"arrow-unsorted-368013\" xmlns=\"http:\/\/www.w3.org\/2000\/svg\" width=\"10px\" height=\"10px\" viewBox=\"0 0 24 24\" version=\"1.2\" baseProfile=\"tiny\"><path d=\"M18.2 9.3l-6.2-6.3-6.2 6.3c-.2.2-.3.4-.3.7s.1.5.3.7c.2.2.4.3.7.3h11c.3 0 .5-.1.7-.3.2-.2.3-.5.3-.7s-.1-.5-.3-.7zM5.8 14.7l6.2 6.3 6.2-6.3c.2-.2.3-.5.3-.7s-.1-.5-.3-.7c-.2-.2-.4-.3-.7-.3h-11c-.3 0-.5.1-.7.3-.2.2-.3.5-.3.7s.1.5.3.7z\"\/><\/svg><\/span><\/span><\/span><\/a><\/span><\/div>\n<nav><ul class='ez-toc-list ez-toc-list-level-1 ' ><li class='ez-toc-page-1 ez-toc-heading-level-2'><a class=\"ez-toc-link ez-toc-heading-1\" href=\"https:\/\/www.netz-barrierefrei.de\/wordpress\/hilfstechnik-und-mensch-maschine-interaktion\/jenseits-von-maus-und-tastatur\/#Neue_Bedienkonzepte\" >Neue Bedienkonzepte<\/a><\/li><li class='ez-toc-page-1 ez-toc-heading-level-2'><a class=\"ez-toc-link ez-toc-heading-2\" href=\"https:\/\/www.netz-barrierefrei.de\/wordpress\/hilfstechnik-und-mensch-maschine-interaktion\/jenseits-von-maus-und-tastatur\/#Noch_neuere_Bedienkonzepte\" >Noch neuere Bedienkonzepte<\/a><\/li><li class='ez-toc-page-1 ez-toc-heading-level-2'><a class=\"ez-toc-link ez-toc-heading-3\" href=\"https:\/\/www.netz-barrierefrei.de\/wordpress\/hilfstechnik-und-mensch-maschine-interaktion\/jenseits-von-maus-und-tastatur\/#Behinderte_als_Vorreiter\" >Behinderte als Vorreiter<\/a><\/li><li class='ez-toc-page-1 ez-toc-heading-level-2'><a class=\"ez-toc-link ez-toc-heading-4\" href=\"https:\/\/www.netz-barrierefrei.de\/wordpress\/hilfstechnik-und-mensch-maschine-interaktion\/jenseits-von-maus-und-tastatur\/#Neues_Design_wird_erforderlich\" >Neues Design wird erforderlich<\/a><\/li><li class='ez-toc-page-1 ez-toc-heading-level-2'><a class=\"ez-toc-link ez-toc-heading-5\" href=\"https:\/\/www.netz-barrierefrei.de\/wordpress\/hilfstechnik-und-mensch-maschine-interaktion\/jenseits-von-maus-und-tastatur\/#Was_noch_zu_erwarten_ist\" >Was noch zu erwarten ist<\/a><\/li><\/ul><\/nav><\/div>\n<h2><span class=\"ez-toc-section\" id=\"Neue_Bedienkonzepte\"><\/span>Neue Bedienkonzepte<span class=\"ez-toc-section-end\"><\/span><\/h2>\n<p>Die Touchscreens hatten mit dem Aufkommen der Smartphones ihren gro\u00dfen Durchbruch. Auch Navis und einige Organizer hatten Touch-Screens, die mit dem Finger oder mit einem Stift bedient werden konnten. Aber erst die Erkennung von mehreren Fingern und die Touch-Gesten haben das Ganze f\u00fcr den Massenmarkt attraktiv gemacht.<br \/>\nAuch die Spracheingabe ist schon betagt, die Software Dragon Naturally Speaking erlaubt schon seit langem das Diktieren und teilweise steuern des PCs. Den Massenmarkt hat sie kaum durchdrungen, immerhin muss sie eine Zeit lang durch das Vorlesen von Texten trainiert werden, um einigerma\u00dfen zuverl\u00e4ssig zu arbeiten. Ein wichtiger Grund f\u00fcr ihre geringe Verbreitung d\u00fcrfte aber auch darin bestehen, dass es noch immer ungew\u00f6hnlich ist, den PC vollzuquatschen und bevor man fl\u00fcssig arbeiten kann muss man die Steuerungsbefehle auswendig lernen.<br \/>\nErst mit Siri und \u00e4hnlichen Systemen ist die Spracheingabe wirklich massentauglich geworden: es m\u00fcssen keine festen Befehle mehr auswendig gelernt werden und auch das Training der Spracherkennung ist weggefallen. <\/p>\n<h2><span class=\"ez-toc-section\" id=\"Noch_neuere_Bedienkonzepte\"><\/span>Noch neuere Bedienkonzepte<span class=\"ez-toc-section-end\"><\/span><\/h2>\n<p>Das n\u00e4chste gro\u00dfe Ding d\u00fcrften aber Systeme mit Augen- oder Bewegungssteuerung werden. Bei letzterem haben Nintendo mit der WII und Microsofts Kinect den Weg in den Massenmarkt geebnet. Leider hat Microsoft es nicht so mit innovativen Neuerungen, ansonsten h\u00e4tten sie die Gestensteuerung konsequent in ihre Betriebssysteme integriert. Das wollen sie offenbar anderen \u00fcberlassen.<br \/>\nAuch g\u00fcnstige Augensteuerungssysteme sind im Anmarsch. Angeblich will Samsung in seinem neuen Flagschiff S 4 bereits eine Augensteuerung verbauen, schauen wir mal)<\/p>\n<h2><span class=\"ez-toc-section\" id=\"Behinderte_als_Vorreiter\"><\/span>Behinderte als Vorreiter<span class=\"ez-toc-section-end\"><\/span><\/h2>\n<p>Nat\u00fcrlich profitieren auch Behinderte von solchen Systemen. Menschen mit motorischen St\u00f6rungen setzen schon seit langer Zeit Spracheingabe und Augensteuerung zur Steuerung des PCs ein, so dass sie als Vorreiter solcher Systeme gelten d\u00fcrfen. Wir dachten immer, Braillezeilen w\u00e4ren teuer, aber so ein Eye-Tracking-System speziell f\u00fcr Behinderte ist wirklich, wirklich teuer, es kostet zwischen 20.000 und 30.000 Euro.<br \/>\nInsofern d\u00fcrfen wir uns dar\u00fcber freuen, dass diese Systeme f\u00fcr einen Spottpreis in den Massenmarkt einziehen. Apple hat es geschafft, Touchscreens f\u00fcr Blinde zug\u00e4nglich zu machen, die Gestensteuerung d\u00fcrfte also auch nutzbar sein. Nat\u00fcrlich brauchen das andere dringender als wir Blinde. Ansonsten ist es eine phantastische Idee, sein Smartphone mit dem Auge zu steuern, wenn man seine H\u00e4nde nicht benutzen kann. Und jede Gestensteuerung d\u00fcrfte intuitiver sein als die Bedienung mit der Maus. Stell dir vor, du m\u00fcsstest nur den arm nach rechts oder unten ziehen, um eine Seite zu scrollen statt am Mausrad zu drehen oder gar einen Scrollbalken zu bewegen.<br \/>\nZu hoffen bleibt, dass die Innovationen von mobil den Weg in den PC finden. Ich pers\u00f6nlich glaube nicht, dass wir ihn bald abschreiben m\u00fcssen. Nat\u00fcrlich muss man nicht f\u00fcr jeden Tweet den PC hochfahren, aber f\u00fcr viele Bereiche bietet er nach wie vor Vorteile. Ich tippe darauf, dass der Desktop-PC vom Notebook verdr\u00e4ngt wird, das ebenso leistungsf\u00e4hig, aber eben mobil ist. Hier kommt es darauf an, die Technik in das Ger\u00e4t zu integrieren und es nicht wie fr\u00fcher mit anzuschlie\u00dfender Peripherie aufzuplustern. Es ist einfach unsinnig, wenn ein kleines Smartphone mehr technische M\u00f6glichkeiten hat als ein Notebook. Der Vorteil f\u00fcr uns Behinderte w\u00e4re die freie Wahl, wie wir unseren PC steuern und f\u00fcr jeden Zweck die passende Eingabemethode w\u00e4hlen zu k\u00f6nnen. Eine solche Entwicklung k\u00f6nnte auch Menschen an den Computer und an das Internet heranf\u00fchren, f\u00fcr die Maus und Tastatur zu kompliziert und zu abstrakt sind. Wenn die Technik erst einmal in die Ger\u00e4te integriert ist werden sich bald auch L\u00e4ute finden, die behindertengerechte Einsatzm\u00f6glichkeiten entwickeln. <\/p>\n<h2><span class=\"ez-toc-section\" id=\"Neues_Design_wird_erforderlich\"><\/span>Neues Design wird erforderlich<span class=\"ez-toc-section-end\"><\/span><\/h2>\n<p>Es wird sich nicht nur die Art ver\u00e4ndern, wie wir mit Computern interagieren, auch das Design von Webseiten und Anwendungen wird sich \u00e4ndern m\u00fcssen. Die Ausklappmen\u00fcs zum Beispiel werden wesentlich besser werden m\u00fcssen, damit sie auch mit weniger feinmotorischen Bewegungen bedient werden k\u00f6nnen. Formulare mit viel Tipparbeit lassen sich schon heute schlecht mit Touchscreen-Tastaturen vereinbaren. Winzige Schaltfl\u00e4chen werden hoffentlich der Vergangenheit angeh\u00f6ren. Da die Leute auch weiter weg vom Bildschirm sitzen und eventuell nicht optimale Licht-Verh\u00e4ltnisse herrschen wird man stark an der Erkennbarkeit arbeiten m\u00fcssen. Alles in allem d\u00fcrfte das auch der allgemeinen Benutzerfreundlichkeit und Barrierefreiheit zugute kommen. <\/p>\n<h2><span class=\"ez-toc-section\" id=\"Was_noch_zu_erwarten_ist\"><\/span>Was noch zu erwarten ist<span class=\"ez-toc-section-end\"><\/span><\/h2>\n<p>Das Tempo der Entwicklungen hat sich enorm beschleunigt. Es hat noch einige Zeit gedauert, bis die Tastaturen von Maus und Joystick Gesellschaft bekamen. Touchscreens f\u00fcr den Konsumentenmarkt kamen erst in den 90ern auf. Eyetracking und Bewegungssteuerungen drangen erst vor wenigen Jahren auf die gro\u00dfen M\u00e4rkte vor und warten noch auf den allgemeinen Durchbruch. Und schon wird in den Laboren an der Steuerung via Gehirnwellen und dem <span class=\"removed_link\" title=\"http:\/\/www.netz-barrierefrei.de\/wordpress\/hilfstechnik-und-mensch-maschine-interaktion\/jenseits-von-maus-und-tastatur\/%E2%80%9Chttp:\/\/www.interaction-design.org\/encyclopedia\/affective_computing.html\">affective Computing<\/span> gearbeitet. <\/p>\n","protected":false},"excerpt":{"rendered":"<p>Auch wenn einige Hardcore-Nutzer heute noch auf die Eingabe-Shell schw\u00f6ren werden die klassischen Eingabeger\u00e4te bald nur noch eine von vielen Bedienungsm\u00f6glichkeiten sein. Die heutigen Tastaturen&#8230;<\/p>\n<div class=\"more-link-wrapper\"><a class=\"more-link\" href=\"https:\/\/www.netz-barrierefrei.de\/wordpress\/hilfstechnik-und-mensch-maschine-interaktion\/jenseits-von-maus-und-tastatur\/\">Weiterlesen<span class=\"screen-reader-text\">Jenseits von Maus und Tastatur<\/span><\/a><\/div>\n","protected":false},"author":1,"featured_media":0,"parent":700,"menu_order":0,"comment_status":"closed","ping_status":"closed","template":"","meta":{"footnotes":""},"class_list":["post-702","page","type-page","status-publish","hentry","entry"],"_links":{"self":[{"href":"https:\/\/www.netz-barrierefrei.de\/wordpress\/wp-json\/wp\/v2\/pages\/702","targetHints":{"allow":["GET"]}}],"collection":[{"href":"https:\/\/www.netz-barrierefrei.de\/wordpress\/wp-json\/wp\/v2\/pages"}],"about":[{"href":"https:\/\/www.netz-barrierefrei.de\/wordpress\/wp-json\/wp\/v2\/types\/page"}],"author":[{"embeddable":true,"href":"https:\/\/www.netz-barrierefrei.de\/wordpress\/wp-json\/wp\/v2\/users\/1"}],"replies":[{"embeddable":true,"href":"https:\/\/www.netz-barrierefrei.de\/wordpress\/wp-json\/wp\/v2\/comments?post=702"}],"version-history":[{"count":6,"href":"https:\/\/www.netz-barrierefrei.de\/wordpress\/wp-json\/wp\/v2\/pages\/702\/revisions"}],"predecessor-version":[{"id":2185,"href":"https:\/\/www.netz-barrierefrei.de\/wordpress\/wp-json\/wp\/v2\/pages\/702\/revisions\/2185"}],"up":[{"embeddable":true,"href":"https:\/\/www.netz-barrierefrei.de\/wordpress\/wp-json\/wp\/v2\/pages\/700"}],"wp:attachment":[{"href":"https:\/\/www.netz-barrierefrei.de\/wordpress\/wp-json\/wp\/v2\/media?parent=702"}],"curies":[{"name":"wp","href":"https:\/\/api.w.org\/{rel}","templated":true}]}}